{"id":8483,"date":"2023-06-01T15:33:21","date_gmt":"2023-06-01T12:33:21","guid":{"rendered":"https:\/\/econutri-project.eu\/descricao-do-projeto\/"},"modified":"2024-01-17T12:57:41","modified_gmt":"2024-01-17T10:57:41","slug":"descricao-do-projeto","status":"publish","type":"page","link":"https:\/\/econutri-project.eu\/pt-pt\/descricao-do-projeto\/","title":{"rendered":"Descri\u00e7\u00e3o do projeto"},"content":{"rendered":"<p><div class=\"fusion-fullwidth fullwidth-box fusion-builder-row-1 fusion-flex-container has-pattern-background has-mask-background nonhundred-percent-fullwidth non-hundred-percent-height-scrolling\" style=\"--awb-border-radius-top-left:0px;--awb-border-radius-top-right:0px;--awb-border-radius-bottom-right:0px;--awb-border-radius-bottom-left:0px;--awb-margin-bottom:120px;--awb-margin-bottom-medium:160px;--awb-margin-bottom-small:145px;--awb-flex-wrap:wrap;\" ><div class=\"fusion-builder-row fusion-row fusion-flex-align-items-flex-start fusion-flex-justify-content-center fusion-flex-content-wrap\" style=\"max-width:1310.4px;margin-left: calc(-4% \/ 2 );margin-right: calc(-4% \/ 2 );\"><div class=\"fusion-layout-column fusion_builder_column fusion-builder-column-0 fusion_builder_column_2_3 2_3 fusion-flex-column fusion-animated\" style=\"--awb-bg-size:cover;--awb-width-large:66.666666666667%;--awb-margin-top-large:0px;--awb-spacing-right-large:2.88%;--awb-margin-bottom-large:0px;--awb-spacing-left-large:2.88%;--awb-width-medium:75%;--awb-order-medium:0;--awb-spacing-right-medium:2.56%;--awb-spacing-left-medium:2.56%;--awb-width-small:100%;--awb-order-small:0;--awb-spacing-right-small:1.92%;--awb-spacing-left-small:1.92%;\" data-animationType=\"fadeInDown\" data-animationDuration=\"1.3\" data-animationOffset=\"top-into-view\"><div class=\"fusion-column-wrapper fusion-column-has-shadow fusion-flex-justify-content-center fusion-content-layout-column\"><div class=\"fusion-title title fusion-title-1 fusion-sep-none fusion-title-center fusion-title-text fusion-title-size-two\" style=\"--awb-margin-bottom:35px;\"><h2 class=\"fusion-title-heading title-heading-center\" style=\"margin:0;\">Descri\u00e7\u00e3o do projeto<\/h2><\/div><\/div><\/div><\/div><\/div><div class=\"fusion-fullwidth fullwidth-box fusion-builder-row-2 fusion-flex-container nonhundred-percent-fullwidth non-hundred-percent-height-scrolling\" style=\"--awb-border-radius-top-left:0px;--awb-border-radius-top-right:0px;--awb-border-radius-bottom-right:0px;--awb-border-radius-bottom-left:0px;--awb-flex-wrap:wrap;\" ><div class=\"fusion-builder-row fusion-row fusion-flex-align-items-flex-start fusion-flex-content-wrap\" style=\"max-width:1310.4px;margin-left: calc(-4% \/ 2 );margin-right: calc(-4% \/ 2 );\"><div class=\"fusion-layout-column fusion_builder_column fusion-builder-column-1 fusion_builder_column_1_1 1_1 fusion-flex-column\" style=\"--awb-bg-size:cover;--awb-width-large:100%;--awb-margin-top-large:0px;--awb-spacing-right-large:1.92%;--awb-margin-bottom-large:0px;--awb-spacing-left-large:1.92%;--awb-width-medium:100%;--awb-order-medium:0;--awb-spacing-right-medium:1.92%;--awb-spacing-left-medium:1.92%;--awb-width-small:100%;--awb-order-small:0;--awb-spacing-right-small:1.92%;--awb-spacing-left-small:1.92%;\"><div class=\"fusion-column-wrapper fusion-column-has-shadow fusion-flex-justify-content-flex-start fusion-content-layout-column\"><div class=\"fusion-section-separator section-separator big-half-circle fusion-section-separator-1\" style=\"--awb-spacer-height:150px;--awb-svg-margin-left:1.92%;--awb-svg-margin-right:1.92%;--awb-svg-margin-left-medium:1.92%;--awb-svg-margin-right-medium:1.92%;--awb-svg-margin-left-small:1.92%;--awb-svg-margin-right-small:1.92%;--awb-divider-height:150px;--awb-spacer-padding-top:inherit;--awb-sep-padding:0;--awb-svg-padding:0;\"><div class=\"fusion-section-separator-svg\"><svg class=\"fusion-big-half-circle-candy\" xmlns=\"http:\/\/www.w3.org\/2000\/svg\" version=\"1.1\" width=\"100%\" height=\"100\" viewBox=\"0 0 100 100\" preserveAspectRatio=\"none\" fill=\"rgba(48,181,95,0.05)\"><path d=\"M0 100 C40 0 60 0 100 100 Z\"><\/path><\/svg><\/div><div class=\"fusion-section-separator-spacer\"><div class=\"fusion-section-separator-spacer-height\"><\/div><\/div><\/div><\/div><\/div><\/div><\/div><div class=\"fusion-fullwidth fullwidth-box fusion-builder-row-3 fusion-flex-container has-pattern-background has-mask-background nonhundred-percent-fullwidth non-hundred-percent-height-scrolling\" style=\"--awb-border-radius-top-left:0px;--awb-border-radius-top-right:0px;--awb-border-radius-bottom-right:0px;--awb-border-radius-bottom-left:0px;--awb-padding-bottom:0px;--awb-padding-bottom-small:0px;--awb-margin-bottom-small:0px;--awb-background-image:linear-gradient(180deg, hsla(var(--awb-color5-h),var(--awb-color5-s),var(--awb-color5-l),calc( var(--awb-color5-a) - 95% )) 54%,var(--awb-color1) 100%);--awb-flex-wrap:wrap;\" ><div class=\"fusion-builder-row fusion-row fusion-flex-align-items-stretch fusion-flex-justify-content-center fusion-flex-content-wrap\" style=\"max-width:1310.4px;margin-left: calc(-4% \/ 2 );margin-right: calc(-4% \/ 2 );\"><div class=\"fusion-layout-column fusion_builder_column fusion-builder-column-2 fusion_builder_column_1_1 1_1 fusion-flex-column fusion-animated\" style=\"--awb-padding-top:45px;--awb-padding-right:55px;--awb-padding-bottom:35px;--awb-padding-left:55px;--awb-padding-top-small:40px;--awb-padding-right-small:30px;--awb-padding-bottom-small:40px;--awb-padding-left-small:30px;--awb-overflow:hidden;--awb-bg-color:var(--awb-color1);--awb-bg-color-hover:var(--awb-color1);--awb-bg-size:cover;--awb-box-shadow:0px 2px 6px 0px hsla(var(--awb-color8-h),var(--awb-color8-s),var(--awb-color8-l),calc( var(--awb-color8-a) - 89% ));;--awb-border-radius:12px 12px 12px 12px;--awb-width-large:100%;--awb-margin-top-large:-250px;--awb-spacing-right-large:1.92%;--awb-margin-bottom-large:20px;--awb-spacing-left-large:1.92%;--awb-width-medium:50%;--awb-order-medium:0;--awb-spacing-right-medium:3.84%;--awb-margin-bottom-medium:40px;--awb-spacing-left-medium:3.84%;--awb-width-small:100%;--awb-order-small:0;--awb-spacing-right-small:1.92%;--awb-spacing-left-small:1.92%;\" data-animationType=\"bounceInUp\" data-animationDuration=\"1.0\" data-animationOffset=\"top-into-view\"><div class=\"fusion-column-wrapper fusion-column-has-shadow fusion-flex-justify-content-flex-start fusion-content-layout-column\"><div class=\"fusion-title title fusion-title-2 fusion-sep-none fusion-title-text fusion-title-size-three\"><h3 class=\"fusion-title-heading title-heading-left\" style=\"margin:0;\">Conceitos e tecnologias inovadores para a gest\u00e3o ecologicamente sustent\u00e1vel dos nutrientes na agricultura, com o objetivo de prevenir, atenuar e eliminar a polui\u00e7\u00e3o dos solos, da \u00e1gua e do ar.<\/h3><\/div><div class=\"fusion-text fusion-text-1\"><p>O ECONUTRI \u00e9 um cons\u00f3rcio de peritos cient\u00edficos e investigadores de diferentes disciplinas, empresas privadas, associa\u00e7\u00f5es de agricultores e partes interessadas. A ECONUTRI est\u00e1 a estabelecer parcerias com seis institui\u00e7\u00f5es chinesas, quatro de investiga\u00e7\u00e3o p\u00fablica e duas da ind\u00fastria, para complementar as actividades e refor\u00e7ar a colabora\u00e7\u00e3o cient\u00edfica entre a Europa e a China.<\/p>\n<p>O projeto apoiar\u00e1 cientificamente o Pacto Ecol\u00f3gico da UE no seu objetivo de reduzir a utiliza\u00e7\u00e3o de fertilizantes em, pelo menos, 20% at\u00e9 2030, reduzindo assim em 50% as perdas de nutrientes associadas a impactos ambientais negativos.<\/p>\n<p>Mais especificamente, o ECONUTRI abordar\u00e1 a polui\u00e7\u00e3o da \u00e1gua causada pela lixivia\u00e7\u00e3o e escoamento de NO3 e P de solos cultivados, estrume\/chorume e res\u00edduos vegetais, bem como as emiss\u00f5es de gases com efeito de estufa (N2O, CO2, CH4) e NH3 de solos cultivados, celeiros e biomassa org\u00e2nica durante o armazenamento, compostagem e aplica\u00e7\u00e3o no solo.<\/p>\n<p>A ECONUTRI optimizar\u00e1, validar\u00e1 e demonstrar\u00e1 24 tecnologias inovadoras que t\u00eam atualmente um TRL de 4-6 e aumentar\u00e1 o seu TRL para 7-8. Estas tecnologias s\u00e3o partes integrantes de um conceito hol\u00edstico baseado na reciclagem de nutrientes e mat\u00e9ria org\u00e2nica, em novas m\u00e1quinas e fertilizantes, em novos sistemas de apoio \u00e0 decis\u00e3o (DSS) e em novos planos de gest\u00e3o de nutrientes que incorporam solu\u00e7\u00f5es baseadas na natureza para reduzir as perdas de nutrientes e aumentar a efici\u00eancia da sua utiliza\u00e7\u00e3o.<\/p>\n<p>Os resultados incluem algoritmos de an\u00e1lise hiperespectral, plataformas avan\u00e7adas de DSS em linha para desenvolver planos inteligentes de gest\u00e3o de nutrientes para culturas org\u00e2nicas e convencionais, protocolos para sistemas de culturas circulares em campo aberto e estufas, sistemas avan\u00e7ados de feedback de monitoriza\u00e7\u00e3o de emiss\u00f5es, novos espalhadores de estrume, tecnologias de taxa vari\u00e1vel para fertiliza\u00e7\u00e3o de precis\u00e3o, fertilizantes inteligentes e bioestimulantes que aumentam a efici\u00eancia da utiliza\u00e7\u00e3o de N.<\/p>\n<p>A ECONUTRI estabelecer\u00e1 oito s\u00edtios de demonstra\u00e7\u00e3o e desenvolver\u00e1 uma vasta gama de actividades de difus\u00e3o, comunica\u00e7\u00e3o e explora\u00e7\u00e3o para maximizar o impacto dos resultados e tecnologias esperados.<\/p>\n<p>O projeto \u00e9 coordenado pela AUA, representada pelo Prof. Dimitrios Savvas. O cons\u00f3rcio \u00e9 constitu\u00eddo por 24 parceiros europeus e 6 parceiros da China.<\/p>\n<p><strong>Dura\u00e7\u00e3o: novembro de 2022-abril de 2026<\/strong><\/p>\n<p><strong>Chamada:<\/strong> <strong>HORIZON-CL6-2022-ZEROPOLLUTION-01<\/strong><\/p>\n<p><strong>Regime de financiamento: Horizonte Europa &#8211; A\u00e7\u00e3o de Inova\u00e7\u00e3o<\/strong><\/p>\n<p><strong>Acordo de subven\u00e7\u00e3o N: 101081858<\/strong><\/p>\n<p><strong>Contribui\u00e7\u00e3o da UE: 5 560 916,25 euros<\/strong><\/p>\n<\/div><\/div><\/div><\/div><\/div><\/p>\n","protected":false},"excerpt":{"rendered":"","protected":false},"author":1,"featured_media":0,"parent":0,"menu_order":0,"comment_status":"closed","ping_status":"closed","template":"100-width.php","meta":{"footnotes":""},"class_list":["post-8483","page","type-page","status-publish","hentry"],"_links":{"self":[{"href":"https:\/\/econutri-project.eu\/pt-pt\/wp-json\/wp\/v2\/pages\/8483"}],"collection":[{"href":"https:\/\/econutri-project.eu\/pt-pt\/wp-json\/wp\/v2\/pages"}],"about":[{"href":"https:\/\/econutri-project.eu\/pt-pt\/wp-json\/wp\/v2\/types\/page"}],"author":[{"embeddable":true,"href":"https:\/\/econutri-project.eu\/pt-pt\/wp-json\/wp\/v2\/users\/1"}],"replies":[{"embeddable":true,"href":"https:\/\/econutri-project.eu\/pt-pt\/wp-json\/wp\/v2\/comments?post=8483"}],"version-history":[{"count":8,"href":"https:\/\/econutri-project.eu\/pt-pt\/wp-json\/wp\/v2\/pages\/8483\/revisions"}],"predecessor-version":[{"id":8678,"href":"https:\/\/econutri-project.eu\/pt-pt\/wp-json\/wp\/v2\/pages\/8483\/revisions\/8678"}],"wp:attachment":[{"href":"https:\/\/econutri-project.eu\/pt-pt\/wp-json\/wp\/v2\/media?parent=8483"}],"curies":[{"name":"wp","href":"https:\/\/api.w.org\/{rel}","templated":true}]}}