{"id":8048,"date":"2023-11-15T13:01:53","date_gmt":"2023-11-15T11:01:53","guid":{"rendered":"https:\/\/econutri-project.eu\/cetri\/"},"modified":"2024-01-17T12:51:52","modified_gmt":"2024-01-17T10:51:52","slug":"cetri","status":"publish","type":"page","link":"https:\/\/econutri-project.eu\/pt-pt\/cetri\/","title":{"rendered":"CETRI"},"content":{"rendered":"<p><div class=\"fusion-fullwidth fullwidth-box fusion-builder-row-1 fusion-flex-container has-pattern-background has-mask-background nonhundred-percent-fullwidth non-hundred-percent-height-scrolling\" style=\"--awb-border-radius-top-left:0px;--awb-border-radius-top-right:0px;--awb-border-radius-bottom-right:0px;--awb-border-radius-bottom-left:0px;--awb-margin-bottom:120px;--awb-margin-bottom-medium:160px;--awb-margin-bottom-small:145px;--awb-flex-wrap:wrap;\" ><div class=\"fusion-builder-row fusion-row fusion-flex-align-items-flex-start fusion-flex-justify-content-center fusion-flex-content-wrap\" style=\"max-width:1310.4px;margin-left: calc(-4% \/ 2 );margin-right: calc(-4% \/ 2 );\"><div class=\"fusion-layout-column fusion_builder_column fusion-builder-column-0 fusion_builder_column_2_3 2_3 fusion-flex-column fusion-animated\" style=\"--awb-bg-size:cover;--awb-width-large:66.666666666667%;--awb-margin-top-large:0px;--awb-spacing-right-large:2.88%;--awb-margin-bottom-large:0px;--awb-spacing-left-large:2.88%;--awb-width-medium:75%;--awb-order-medium:0;--awb-spacing-right-medium:2.56%;--awb-spacing-left-medium:2.56%;--awb-width-small:100%;--awb-order-small:0;--awb-spacing-right-small:1.92%;--awb-spacing-left-small:1.92%;\" data-animationType=\"fadeInDown\" data-animationDuration=\"1.3\" data-animationOffset=\"top-into-view\"><div class=\"fusion-column-wrapper fusion-column-has-shadow fusion-flex-justify-content-center fusion-content-layout-column\"><div class=\"fusion-title title fusion-title-1 fusion-sep-none fusion-title-center fusion-title-text fusion-title-size-two\" style=\"--awb-margin-bottom:35px;\"><h2 class=\"fusion-title-heading title-heading-center\" style=\"margin:0;\">Centro de Investiga\u00e7\u00e3o e Inova\u00e7\u00e3o Tecnol\u00f3gica (CETRI)<\/h2><\/div><\/div><\/div><\/div><\/div><div class=\"fusion-fullwidth fullwidth-box fusion-builder-row-2 fusion-flex-container nonhundred-percent-fullwidth non-hundred-percent-height-scrolling\" style=\"--awb-border-radius-top-left:0px;--awb-border-radius-top-right:0px;--awb-border-radius-bottom-right:0px;--awb-border-radius-bottom-left:0px;--awb-flex-wrap:wrap;\" ><div class=\"fusion-builder-row fusion-row fusion-flex-align-items-flex-start fusion-flex-content-wrap\" style=\"max-width:1310.4px;margin-left: calc(-4% \/ 2 );margin-right: calc(-4% \/ 2 );\"><div class=\"fusion-layout-column fusion_builder_column fusion-builder-column-1 fusion_builder_column_1_1 1_1 fusion-flex-column\" style=\"--awb-bg-size:cover;--awb-width-large:100%;--awb-margin-top-large:0px;--awb-spacing-right-large:1.92%;--awb-margin-bottom-large:0px;--awb-spacing-left-large:1.92%;--awb-width-medium:100%;--awb-order-medium:0;--awb-spacing-right-medium:1.92%;--awb-spacing-left-medium:1.92%;--awb-width-small:100%;--awb-order-small:0;--awb-spacing-right-small:1.92%;--awb-spacing-left-small:1.92%;\"><div class=\"fusion-column-wrapper fusion-column-has-shadow fusion-flex-justify-content-flex-start fusion-content-layout-column\"><div class=\"fusion-section-separator section-separator big-half-circle fusion-section-separator-1\" style=\"--awb-spacer-height:150px;--awb-svg-margin-left:1.92%;--awb-svg-margin-right:1.92%;--awb-svg-margin-left-medium:1.92%;--awb-svg-margin-right-medium:1.92%;--awb-svg-margin-left-small:1.92%;--awb-svg-margin-right-small:1.92%;--awb-divider-height:150px;--awb-spacer-padding-top:inherit;--awb-sep-padding:0;--awb-svg-padding:0;\"><div class=\"fusion-section-separator-svg\"><svg class=\"fusion-big-half-circle-candy\" xmlns=\"http:\/\/www.w3.org\/2000\/svg\" version=\"1.1\" width=\"100%\" height=\"100\" viewBox=\"0 0 100 100\" preserveAspectRatio=\"none\" fill=\"rgba(48,181,95,0.05)\"><path d=\"M0 100 C40 0 60 0 100 100 Z\"><\/path><\/svg><\/div><div class=\"fusion-section-separator-spacer\"><div class=\"fusion-section-separator-spacer-height\"><\/div><\/div><\/div><\/div><\/div><\/div><\/div><div class=\"fusion-fullwidth fullwidth-box fusion-builder-row-3 fusion-flex-container has-pattern-background has-mask-background nonhundred-percent-fullwidth non-hundred-percent-height-scrolling\" style=\"--awb-border-radius-top-left:0px;--awb-border-radius-top-right:0px;--awb-border-radius-bottom-right:0px;--awb-border-radius-bottom-left:0px;--awb-padding-bottom:0px;--awb-padding-bottom-small:0px;--awb-margin-bottom-small:0px;--awb-background-image:linear-gradient(180deg, hsla(var(--awb-color5-h),var(--awb-color5-s),var(--awb-color5-l),calc( var(--awb-color5-a) - 95% )) 54%,var(--awb-color1) 100%);--awb-flex-wrap:wrap;\" ><div class=\"fusion-builder-row fusion-row fusion-flex-align-items-stretch fusion-flex-justify-content-center fusion-flex-content-wrap\" style=\"max-width:1310.4px;margin-left: calc(-4% \/ 2 );margin-right: calc(-4% \/ 2 );\"><div class=\"fusion-layout-column fusion_builder_column fusion-builder-column-2 fusion_builder_column_1_1 1_1 fusion-flex-column fusion-animated\" style=\"--awb-padding-top:45px;--awb-padding-right:55px;--awb-padding-bottom:35px;--awb-padding-left:55px;--awb-padding-top-small:40px;--awb-padding-right-small:30px;--awb-padding-bottom-small:40px;--awb-padding-left-small:30px;--awb-overflow:hidden;--awb-bg-color:var(--awb-color1);--awb-bg-color-hover:var(--awb-color1);--awb-bg-size:cover;--awb-box-shadow:0px 2px 6px 0px hsla(var(--awb-color8-h),var(--awb-color8-s),var(--awb-color8-l),calc( var(--awb-color8-a) - 89% ));;--awb-border-radius:12px 12px 12px 12px;--awb-width-large:100%;--awb-margin-top-large:-250px;--awb-spacing-right-large:1.92%;--awb-margin-bottom-large:20px;--awb-spacing-left-large:1.92%;--awb-width-medium:50%;--awb-order-medium:0;--awb-spacing-right-medium:3.84%;--awb-margin-bottom-medium:40px;--awb-spacing-left-medium:3.84%;--awb-width-small:100%;--awb-order-small:0;--awb-spacing-right-small:1.92%;--awb-spacing-left-small:1.92%;\" data-animationType=\"bounceInUp\" data-animationDuration=\"1.0\" data-animationOffset=\"top-into-view\"><div class=\"fusion-column-wrapper fusion-column-has-shadow fusion-flex-justify-content-flex-start fusion-content-layout-column\"><div class=\"fusion-text fusion-text-1\"><p>O CETRI, uma PME privada, traz consigo uma vasta experi\u00eancia e uma rede cient\u00edfica e industrial bem estabelecida, resultante da sua participa\u00e7\u00e3o em 22 projectos de investiga\u00e7\u00e3o financiados pela UE. No \u00e2mbito do projeto Econutri, o CETRI assumir\u00e1 as seguintes responsabilidades principais<\/p>\n<ul>\n<li><strong>Dissemina\u00e7\u00e3o<\/strong>: O CETRI ir\u00e1 liderar a distribui\u00e7\u00e3o dos resultados do projeto a uma vasta audi\u00eancia que inclui a comunidade cient\u00edfica especializada na gest\u00e3o de nutrientes, agricultores, empresas do sector agroalimentar, decisores pol\u00edticos e autoridades relevantes.<\/li>\n<li><strong>Comunica\u00e7\u00e3o<\/strong>: O CETRI tamb\u00e9m gerir\u00e1 os esfor\u00e7os de comunica\u00e7\u00e3o do projeto, assegurando que o projeto, as suas realiza\u00e7\u00f5es e resultados sejam eficazmente transmitidos a m\u00faltiplas audi\u00eancias para al\u00e9m do c\u00edrculo imediato do projeto. Isto inclui o contacto com potenciais investidores, o envolvimento com os meios de comunica\u00e7\u00e3o social e a informa\u00e7\u00e3o do p\u00fablico em geral.<\/li>\n<li><strong>Estrat\u00e9gia de explora\u00e7\u00e3o<\/strong>: O CETRI liderar\u00e1 a estrat\u00e9gia de explora\u00e7\u00e3o do projeto, definindo a forma como cada parceiro do projeto, tanto individual como coletivamente, pretende utilizar os resultados do projeto para fins cient\u00edficos, sociais, econ\u00f3micos e de defini\u00e7\u00e3o de pol\u00edticas.<\/li>\n<li><strong>Actividades de agrup<\/strong>amento: Al\u00e9m disso, o CETRI, em colabora\u00e7\u00e3o com o parceiro SPI, conduzir\u00e1 as actividades de agrupamento do projeto, procurando ativamente liga\u00e7\u00f5es com outros projectos de investiga\u00e7\u00e3o em gest\u00e3o de nutrientes e agricultura sustent\u00e1vel. Os intervenientes ter\u00e3o a oportunidade de se conhecerem melhor, de identificarem preocupa\u00e7\u00f5es comuns, de trocarem boas pr\u00e1ticas e inova\u00e7\u00f5es digitais e de estudarem potenciais vias para uma futura colabora\u00e7\u00e3o e partilha de conhecimentos.<\/li>\n<\/ul>\n<\/div><\/div><\/div><\/div><\/div><\/p>\n","protected":false},"excerpt":{"rendered":"","protected":false},"author":1,"featured_media":0,"parent":0,"menu_order":0,"comment_status":"closed","ping_status":"closed","template":"100-width.php","meta":{"footnotes":""},"class_list":["post-8048","page","type-page","status-publish","hentry"],"_links":{"self":[{"href":"https:\/\/econutri-project.eu\/pt-pt\/wp-json\/wp\/v2\/pages\/8048"}],"collection":[{"href":"https:\/\/econutri-project.eu\/pt-pt\/wp-json\/wp\/v2\/pages"}],"about":[{"href":"https:\/\/econutri-project.eu\/pt-pt\/wp-json\/wp\/v2\/types\/page"}],"author":[{"embeddable":true,"href":"https:\/\/econutri-project.eu\/pt-pt\/wp-json\/wp\/v2\/users\/1"}],"replies":[{"embeddable":true,"href":"https:\/\/econutri-project.eu\/pt-pt\/wp-json\/wp\/v2\/comments?post=8048"}],"version-history":[{"count":2,"href":"https:\/\/econutri-project.eu\/pt-pt\/wp-json\/wp\/v2\/pages\/8048\/revisions"}],"predecessor-version":[{"id":8092,"href":"https:\/\/econutri-project.eu\/pt-pt\/wp-json\/wp\/v2\/pages\/8048\/revisions\/8092"}],"wp:attachment":[{"href":"https:\/\/econutri-project.eu\/pt-pt\/wp-json\/wp\/v2\/media?parent=8048"}],"curies":[{"name":"wp","href":"https:\/\/api.w.org\/{rel}","templated":true}]}}