{"id":25242,"date":"2025-10-02T13:38:07","date_gmt":"2025-10-02T10:38:07","guid":{"rendered":"https:\/\/econutri-project.eu\/cau-summer-school-report\/"},"modified":"2025-10-02T13:56:03","modified_gmt":"2025-10-02T10:56:03","slug":"cau-summer-school-report","status":"publish","type":"page","link":"https:\/\/econutri-project.eu\/pt-pt\/cau-summer-school-report\/","title":{"rendered":"CAU &#8211; Summer School Report"},"content":{"rendered":"<p><div class=\"fusion-fullwidth fullwidth-box fusion-builder-row-1 fusion-flex-container has-pattern-background has-mask-background nonhundred-percent-fullwidth non-hundred-percent-height-scrolling\" style=\"--awb-border-radius-top-left:0px;--awb-border-radius-top-right:0px;--awb-border-radius-bottom-right:0px;--awb-border-radius-bottom-left:0px;--awb-margin-bottom:120px;--awb-margin-bottom-medium:160px;--awb-margin-bottom-small:145px;--awb-flex-wrap:wrap;\" ><div class=\"fusion-builder-row fusion-row fusion-flex-align-items-flex-start fusion-flex-justify-content-center fusion-flex-content-wrap\" style=\"max-width:1310.4px;margin-left: calc(-4% \/ 2 );margin-right: calc(-4% \/ 2 );\"><div class=\"fusion-layout-column fusion_builder_column fusion-builder-column-0 fusion_builder_column_2_3 2_3 fusion-flex-column fusion-animated\" style=\"--awb-bg-size:cover;--awb-width-large:66.666666666667%;--awb-margin-top-large:0px;--awb-spacing-right-large:2.88%;--awb-margin-bottom-large:0px;--awb-spacing-left-large:2.88%;--awb-width-medium:75%;--awb-order-medium:0;--awb-spacing-right-medium:2.56%;--awb-spacing-left-medium:2.56%;--awb-width-small:100%;--awb-order-small:0;--awb-spacing-right-small:1.92%;--awb-spacing-left-small:1.92%;\" data-animationType=\"fadeInDown\" data-animationDuration=\"1.3\" data-animationOffset=\"top-into-view\"><div class=\"fusion-column-wrapper fusion-column-has-shadow fusion-flex-justify-content-center fusion-content-layout-column\"><div class=\"fusion-title title fusion-title-1 fusion-sep-none fusion-title-center fusion-title-text fusion-title-size-two\" style=\"--awb-margin-bottom:35px;\"><h2 class=\"fusion-title-heading title-heading-center\" style=\"margin:0;\">CAU &#8211; Summer School<\/h2><\/div><\/div><\/div><\/div><\/div><div class=\"fusion-fullwidth fullwidth-box fusion-builder-row-2 fusion-flex-container nonhundred-percent-fullwidth non-hundred-percent-height-scrolling\" style=\"--awb-border-radius-top-left:0px;--awb-border-radius-top-right:0px;--awb-border-radius-bottom-right:0px;--awb-border-radius-bottom-left:0px;--awb-flex-wrap:wrap;\" ><div class=\"fusion-builder-row fusion-row fusion-flex-align-items-flex-start fusion-flex-content-wrap\" style=\"max-width:1310.4px;margin-left: calc(-4% \/ 2 );margin-right: calc(-4% \/ 2 );\"><div class=\"fusion-layout-column fusion_builder_column fusion-builder-column-1 fusion_builder_column_1_1 1_1 fusion-flex-column\" style=\"--awb-bg-size:cover;--awb-width-large:100%;--awb-margin-top-large:0px;--awb-spacing-right-large:1.92%;--awb-margin-bottom-large:0px;--awb-spacing-left-large:1.92%;--awb-width-medium:100%;--awb-order-medium:0;--awb-spacing-right-medium:1.92%;--awb-spacing-left-medium:1.92%;--awb-width-small:100%;--awb-order-small:0;--awb-spacing-right-small:1.92%;--awb-spacing-left-small:1.92%;\"><div class=\"fusion-column-wrapper fusion-column-has-shadow fusion-flex-justify-content-flex-start fusion-content-layout-column\"><div class=\"fusion-section-separator section-separator big-half-circle fusion-section-separator-1\" style=\"--awb-spacer-height:150px;--awb-svg-margin-left:1.92%;--awb-svg-margin-right:1.92%;--awb-svg-margin-left-medium:1.92%;--awb-svg-margin-right-medium:1.92%;--awb-svg-margin-left-small:1.92%;--awb-svg-margin-right-small:1.92%;--awb-divider-height:150px;--awb-spacer-padding-top:inherit;--awb-sep-padding:0;--awb-svg-padding:0;\"><div class=\"fusion-section-separator-svg\"><svg class=\"fusion-big-half-circle-candy\" xmlns=\"http:\/\/www.w3.org\/2000\/svg\" version=\"1.1\" width=\"100%\" height=\"100\" viewBox=\"0 0 100 100\" preserveAspectRatio=\"none\" fill=\"rgba(48,181,95,0.05)\"><path d=\"M0 100 C40 0 60 0 100 100 Z\"><\/path><\/svg><\/div><div class=\"fusion-section-separator-spacer\"><div class=\"fusion-section-separator-spacer-height\"><\/div><\/div><\/div><\/div><\/div><\/div><\/div><div id=\"1-UK-Edinburgh-JHI-P30\" class=\"fusion-container-anchor\"><div class=\"fusion-fullwidth fullwidth-box fusion-builder-row-3 fusion-flex-container has-pattern-background has-mask-background nonhundred-percent-fullwidth non-hundred-percent-height-scrolling\" style=\"--awb-border-radius-top-left:0px;--awb-border-radius-top-right:0px;--awb-border-radius-bottom-right:0px;--awb-border-radius-bottom-left:0px;--awb-padding-bottom:0px;--awb-padding-bottom-small:0px;--awb-margin-bottom-small:0px;--awb-background-image:linear-gradient(180deg, hsla(var(--awb-color5-h),var(--awb-color5-s),var(--awb-color5-l),calc(var(--awb-color5-a) - 95%)) 54%,var(--awb-color1) 100%);--awb-flex-wrap:wrap;\" ><div class=\"fusion-builder-row fusion-row fusion-flex-align-items-stretch fusion-flex-justify-content-center fusion-flex-content-wrap\" style=\"max-width:1310.4px;margin-left: calc(-4% \/ 2 );margin-right: calc(-4% \/ 2 );\"><div class=\"fusion-layout-column fusion_builder_column fusion-builder-column-2 fusion_builder_column_1_1 1_1 fusion-flex-column fusion-animated\" style=\"--awb-padding-top:45px;--awb-padding-right:115px;--awb-padding-bottom:35px;--awb-padding-left:115px;--awb-padding-top-small:40px;--awb-padding-right-small:30px;--awb-padding-bottom-small:40px;--awb-padding-left-small:30px;--awb-overflow:hidden;--awb-bg-color:var(--awb-color1);--awb-bg-color-hover:var(--awb-color1);--awb-bg-size:cover;--awb-box-shadow:0px 2px 6px 0px hsla(var(--awb-color8-h),var(--awb-color8-s),var(--awb-color8-l),calc( var(--awb-color8-a) - 89% ));;--awb-border-radius:12px 12px 12px 12px;--awb-width-large:100%;--awb-margin-top-large:-250px;--awb-spacing-right-large:1.92%;--awb-margin-bottom-large:20px;--awb-spacing-left-large:1.92%;--awb-width-medium:50%;--awb-order-medium:0;--awb-spacing-right-medium:3.84%;--awb-margin-bottom-medium:40px;--awb-spacing-left-medium:3.84%;--awb-width-small:100%;--awb-order-small:0;--awb-spacing-right-small:1.92%;--awb-spacing-left-small:1.92%;\" data-animationType=\"bounceInUp\" data-animationDuration=\"1.0\" data-animationOffset=\"top-into-view\" data-scroll-devices=\"small-visibility,medium-visibility,large-visibility\"><div class=\"fusion-column-wrapper fusion-column-has-shadow fusion-flex-justify-content-flex-start fusion-content-layout-column\"><div class=\"fusion-title title fusion-title-2 fusion-sep-none fusion-title-text fusion-title-size-two\"><h2 class=\"fusion-title-heading title-heading-left\" style=\"margin:0;\"><p style=\"text-align: center;\">Relat\u00f3rio<\/p><\/h2><\/div><div class=\"fusion-text fusion-text-1\"><p>De 17 a 21 de maio de 2025, a Universidade Agr\u00edcola da China (CAU), em parceria com o Projeto ECONUTRI e a Ruifeng Ecological, organizou a primeira Escola de Ver\u00e3o Executiva de Investiga\u00e7\u00e3o Agr\u00edcola para a Agricultura Ecol\u00f3gica. O evento reuniu 49 executivos seniores das principais empresas de insumos agr\u00edcolas e redes de distribui\u00e7\u00e3o em toda a China. O programa combinou excel\u00eancia acad\u00e9mica, di\u00e1logo pol\u00edtico e forma\u00e7\u00e3o pr\u00e1tica para abordar o futuro da agricultura sustent\u00e1vel.  <\/p>\n<p><strong>Oradores principais<\/strong><\/p>\n<ul>\n<li>Prof. Gu Zheng (Centro de Educa\u00e7\u00e3o MBA da CAU): Discutiu a import\u00e2ncia da diferencia\u00e7\u00e3o orientada para o mercado e alertou contra atualiza\u00e7\u00f5es tecnol\u00f3gicas cegas sem foco no consumidor.<\/li>\n<li>Prof. Chen Honghua (Faculdade de Economia e Gest\u00e3o da CAU): Apresentou estrat\u00e9gias nacionais como \u00abArmazenamento de Gr\u00e3os na Terra\u00bb, agricultura de carbono e revitaliza\u00e7\u00e3o rural, destacando oportunidades para empresas de insumos agr\u00edcolas.<\/li>\n<li>Prof. Associado Mu Kanggou (CAU, L\u00edder da Tarefa ECONUTRI): Explicou os sinergistas de fertilizantes e o seu papel na melhoria da efici\u00eancia dos nutrientes, reduzindo simultaneamente as perdas. <\/li>\n<li>Wang Wen (Secret\u00e1rio do Partido, Faculdade de Recursos e Ci\u00eancias Ambientais da CAU): Enfatizou o papel estrat\u00e9gico da escola de ver\u00e3o no avan\u00e7o da transi\u00e7\u00e3o agr\u00edcola verde da China.<\/li>\n<\/ul>\n<p><strong>Impacto<\/strong><\/p>\n<p>A escola de ver\u00e3o terminou com uma cerim\u00f3nia de formatura sob o lema \u00abSinergia \u00b7 Coexist\u00eancia \u00b7 Futuro\u00bb. Os participantes receberam certificados e j\u00e1 come\u00e7aram a iniciar novos projetos, explorando estrat\u00e9gias de marketing digital e aplicando os conhecimentos adquiridos nas sess\u00f5es. O evento destacou o poder da colabora\u00e7\u00e3o entre a UE e a China no refor\u00e7o das capacidades para uma agricultura sustent\u00e1vel.  <\/p>\n<\/div><\/div><\/div><\/div><\/div><\/div><\/p>\n","protected":false},"excerpt":{"rendered":"","protected":false},"author":1,"featured_media":0,"parent":0,"menu_order":0,"comment_status":"closed","ping_status":"closed","template":"100-width.php","meta":{"footnotes":""},"class_list":["post-25242","page","type-page","status-publish","hentry"],"_links":{"self":[{"href":"https:\/\/econutri-project.eu\/pt-pt\/wp-json\/wp\/v2\/pages\/25242"}],"collection":[{"href":"https:\/\/econutri-project.eu\/pt-pt\/wp-json\/wp\/v2\/pages"}],"about":[{"href":"https:\/\/econutri-project.eu\/pt-pt\/wp-json\/wp\/v2\/types\/page"}],"author":[{"embeddable":true,"href":"https:\/\/econutri-project.eu\/pt-pt\/wp-json\/wp\/v2\/users\/1"}],"replies":[{"embeddable":true,"href":"https:\/\/econutri-project.eu\/pt-pt\/wp-json\/wp\/v2\/comments?post=25242"}],"version-history":[{"count":3,"href":"https:\/\/econutri-project.eu\/pt-pt\/wp-json\/wp\/v2\/pages\/25242\/revisions"}],"predecessor-version":[{"id":25335,"href":"https:\/\/econutri-project.eu\/pt-pt\/wp-json\/wp\/v2\/pages\/25242\/revisions\/25335"}],"wp:attachment":[{"href":"https:\/\/econutri-project.eu\/pt-pt\/wp-json\/wp\/v2\/media?parent=25242"}],"curies":[{"name":"wp","href":"https:\/\/api.w.org\/{rel}","templated":true}]}}