{"id":15628,"date":"2024-07-05T13:06:06","date_gmt":"2024-07-05T10:06:06","guid":{"rendered":"https:\/\/econutri-project.eu\/nutrisense-pc-uma-empresa-spin-off-fundada-pela-equipa-aua\/"},"modified":"2024-07-11T19:02:02","modified_gmt":"2024-07-11T16:02:02","slug":"nutrisense-pc-uma-empresa-spin-off-fundada-pela-equipa-aua","status":"publish","type":"page","link":"https:\/\/econutri-project.eu\/pt-pt\/nutrisense-pc-uma-empresa-spin-off-fundada-pela-equipa-aua\/","title":{"rendered":"NUTRISENSE PC: Uma empresa spin-off fundada pela equipa AUA"},"content":{"rendered":"<p><div class=\"fusion-fullwidth fullwidth-box fusion-builder-row-1 fusion-flex-container has-pattern-background has-mask-background nonhundred-percent-fullwidth non-hundred-percent-height-scrolling\" style=\"--awb-border-radius-top-left:0px;--awb-border-radius-top-right:0px;--awb-border-radius-bottom-right:0px;--awb-border-radius-bottom-left:0px;--awb-margin-bottom:120px;--awb-margin-bottom-medium:160px;--awb-margin-bottom-small:145px;--awb-flex-wrap:wrap;\" ><div class=\"fusion-builder-row fusion-row fusion-flex-align-items-flex-start fusion-flex-justify-content-center fusion-flex-content-wrap\" style=\"max-width:1310.4px;margin-left: calc(-4% \/ 2 );margin-right: calc(-4% \/ 2 );\"><div class=\"fusion-layout-column fusion_builder_column fusion-builder-column-0 fusion_builder_column_2_3 2_3 fusion-flex-column fusion-animated\" style=\"--awb-bg-size:cover;--awb-width-large:66.666666666667%;--awb-margin-top-large:0px;--awb-spacing-right-large:2.88%;--awb-margin-bottom-large:0px;--awb-spacing-left-large:2.88%;--awb-width-medium:75%;--awb-order-medium:0;--awb-spacing-right-medium:2.56%;--awb-spacing-left-medium:2.56%;--awb-width-small:100%;--awb-order-small:0;--awb-spacing-right-small:1.92%;--awb-spacing-left-small:1.92%;\" data-animationType=\"fadeInDown\" data-animationDuration=\"1.3\" data-animationOffset=\"top-into-view\"><div class=\"fusion-column-wrapper fusion-column-has-shadow fusion-flex-justify-content-center fusion-content-layout-column\"><div class=\"fusion-title title fusion-title-1 fusion-sep-none fusion-title-center fusion-title-text fusion-title-size-two\" style=\"--awb-margin-bottom:35px;\"><h2 class=\"fusion-title-heading title-heading-center\" style=\"margin:0;\">NUTRISENSE PC: Uma empresa spin-off fundada pela equipa AUA<\/h2><\/div><\/div><\/div><\/div><\/div><div class=\"fusion-fullwidth fullwidth-box fusion-builder-row-2 fusion-flex-container has-pattern-background has-mask-background nonhundred-percent-fullwidth non-hundred-percent-height-scrolling\" style=\"--awb-border-radius-top-left:0px;--awb-border-radius-top-right:0px;--awb-border-radius-bottom-right:0px;--awb-border-radius-bottom-left:0px;--awb-flex-wrap:wrap;\" ><div class=\"fusion-builder-row fusion-row fusion-flex-align-items-flex-start fusion-flex-content-wrap\" style=\"max-width:1310.4px;margin-left: calc(-4% \/ 2 );margin-right: calc(-4% \/ 2 );\"><div class=\"fusion-layout-column fusion_builder_column fusion-builder-column-1 fusion_builder_column_1_1 1_1 fusion-flex-column\" style=\"--awb-bg-size:cover;--awb-width-large:100%;--awb-margin-top-large:0px;--awb-spacing-right-large:1.92%;--awb-margin-bottom-large:0px;--awb-spacing-left-large:1.92%;--awb-width-medium:100%;--awb-order-medium:0;--awb-spacing-right-medium:1.92%;--awb-spacing-left-medium:1.92%;--awb-width-small:100%;--awb-order-small:0;--awb-spacing-right-small:1.92%;--awb-spacing-left-small:1.92%;\"><div class=\"fusion-column-wrapper fusion-column-has-shadow fusion-flex-justify-content-flex-start fusion-content-layout-column\"><div class=\"fusion-section-separator section-separator big-half-circle fusion-section-separator-1\" style=\"--awb-spacer-height:150px;--awb-svg-margin-left:1.92%;--awb-svg-margin-right:1.92%;--awb-svg-margin-left-medium:1.92%;--awb-svg-margin-right-medium:1.92%;--awb-svg-margin-left-small:1.92%;--awb-svg-margin-right-small:1.92%;--awb-divider-height:150px;--awb-spacer-padding-top:inherit;--awb-sep-padding:0;--awb-svg-padding:0;\"><div class=\"fusion-section-separator-svg\"><svg class=\"fusion-big-half-circle-candy\" xmlns=\"http:\/\/www.w3.org\/2000\/svg\" version=\"1.1\" width=\"100%\" height=\"100\" viewBox=\"0 0 100 100\" preserveAspectRatio=\"none\" fill=\"rgba(48,181,95,0.05)\"><path d=\"M0 100 C40 0 60 0 100 100 Z\"><\/path><\/svg><\/div><div class=\"fusion-section-separator-spacer\"><div class=\"fusion-section-separator-spacer-height\"><\/div><\/div><\/div><\/div><\/div><\/div><\/div><div class=\"fusion-fullwidth fullwidth-box fusion-builder-row-3 fusion-flex-container has-pattern-background has-mask-background nonhundred-percent-fullwidth non-hundred-percent-height-scrolling\" style=\"--awb-border-radius-top-left:0px;--awb-border-radius-top-right:0px;--awb-border-radius-bottom-right:0px;--awb-border-radius-bottom-left:0px;--awb-padding-bottom:0px;--awb-padding-bottom-small:0px;--awb-margin-bottom-small:0px;--awb-background-color:hsla(var(--awb-color5-h),var(--awb-color5-s),var(--awb-color5-l),calc(var(--awb-color5-a) - 95%));--awb-flex-wrap:wrap;\" ><div class=\"fusion-builder-row fusion-row fusion-flex-align-items-stretch fusion-flex-justify-content-center fusion-flex-content-wrap\" style=\"max-width:1310.4px;margin-left: calc(-4% \/ 2 );margin-right: calc(-4% \/ 2 );\"><div class=\"fusion-layout-column fusion_builder_column fusion-builder-column-2 fusion_builder_column_1_1 1_1 fusion-flex-column fusion-animated\" style=\"--awb-padding-top:45px;--awb-padding-right:55px;--awb-padding-bottom:35px;--awb-padding-left:55px;--awb-padding-top-small:40px;--awb-padding-right-small:30px;--awb-padding-bottom-small:40px;--awb-padding-left-small:30px;--awb-overflow:hidden;--awb-bg-color:var(--awb-color1);--awb-bg-color-hover:var(--awb-color1);--awb-bg-size:cover;--awb-box-shadow:0px 2px 6px 0px hsla(var(--awb-color8-h),var(--awb-color8-s),var(--awb-color8-l),calc( var(--awb-color8-a) - 89% ));;--awb-border-radius:12px 12px 12px 12px;--awb-width-large:100%;--awb-margin-top-large:-250px;--awb-spacing-right-large:1.92%;--awb-margin-bottom-large:20px;--awb-spacing-left-large:1.92%;--awb-width-medium:50%;--awb-order-medium:0;--awb-spacing-right-medium:3.84%;--awb-margin-bottom-medium:40px;--awb-spacing-left-medium:3.84%;--awb-width-small:100%;--awb-order-small:0;--awb-spacing-right-small:1.92%;--awb-spacing-left-small:1.92%;\" data-animationType=\"bounceInUp\" data-animationDuration=\"1.0\" data-animationOffset=\"top-into-view\"><div class=\"fusion-column-wrapper fusion-column-has-shadow fusion-flex-justify-content-flex-start fusion-content-layout-column\"><div class=\"fusion-text fusion-text-1\"><p>Com o apoio do ECONUTRI e de projectos de investiga\u00e7\u00e3o anteriores, a equipa da AUA desenvolveu um sistema de apoio \u00e0 decis\u00e3o (DSS) denominado NUTRISENSE para apoiar a fertiliza\u00e7\u00e3o sustent\u00e1vel, contribuindo assim para a redu\u00e7\u00e3o das perdas de nutrientes e do consumo de fertilizantes nas culturas hort\u00edcolas, bem como para uma gest\u00e3o mais sustent\u00e1vel dos recursos h\u00eddricos.<\/p>\n<p>Este DSS foi desenvolvido utilizando dois resultados explor\u00e1veis chave (KERs) do projeto ECONUTRI. Estes KER, de acordo com a AG, s\u00e3o os seguintes<\/p>\n<ul>\n<li>NUTRISENSE: vers\u00e3o avan\u00e7ada dispon\u00edvel em linha por assinatura para otimizar a fertirriga\u00e7\u00e3o (KER2),<\/li>\n<li>Algoritmos de an\u00e1lise hiperespectral para estimar as necessidades de nutrientes (KER3).<\/li>\n<\/ul>\n<p>Para explorar comercialmente o NUTRISENSE como DDS profissional, a equipa AUA do ECONUTRI fundou uma empresa derivada denominada NUTRISENSE PC (<a href=\"https:\/\/nutrisense.online\">https:\/\/nutrisense.online<\/a>). A NUTRISENSE PC foi fundada em janeiro de 2024. Atualmente, os servi\u00e7os profissionais do DSS NUTRISENSE s\u00e3o fornecidos atrav\u00e9s da p\u00e1gina Web acima referida, mediante assinatura (atual TRL 8).<\/p>\n<\/div><div class=\"fusion-image-element awb-imageframe-style awb-imageframe-style-below awb-imageframe-style-1\" style=\"--awb-caption-text-size:14px;--awb-caption-margin-top:10px;--awb-caption-title-font-family:var(--h2_typography-font-family);--awb-caption-title-font-weight:var(--h2_typography-font-weight);--awb-caption-title-font-style:var(--h2_typography-font-style);--awb-caption-title-size:0px;--awb-caption-title-transform:var(--h2_typography-text-transform);--awb-caption-title-line-height:var(--h2_typography-line-height);--awb-caption-title-letter-spacing:var(--h2_typography-letter-spacing);\"><span class=\" fusion-imageframe imageframe-none imageframe-1 hover-type-none\"><img decoding=\"async\" width=\"1898\" height=\"920\" title=\"nutrisense-website\" src=\"https:\/\/econutri-project.eu\/wp-content\/uploads\/2024\/07\/nutrisense-website.jpg\" data-orig-src=\"https:\/\/econutri-project.eu\/wp-content\/uploads\/2024\/07\/nutrisense-website.jpg\" alt class=\"lazyload img-responsive wp-image-15999\" srcset=\"data:image\/svg+xml,%3Csvg%20xmlns%3D%27http%3A%2F%2Fwww.w3.org%2F2000%2Fsvg%27%20width%3D%271898%27%20height%3D%27920%27%20viewBox%3D%270%200%201898%20920%27%3E%3Crect%20width%3D%271898%27%20height%3D%27920%27%20fill-opacity%3D%220%22%2F%3E%3C%2Fsvg%3E\" data-srcset=\"https:\/\/econutri-project.eu\/wp-content\/uploads\/2024\/07\/nutrisense-website-200x97.jpg 200w, https:\/\/econutri-project.eu\/wp-content\/uploads\/2024\/07\/nutrisense-website-400x194.jpg 400w, https:\/\/econutri-project.eu\/wp-content\/uploads\/2024\/07\/nutrisense-website-600x291.jpg 600w, https:\/\/econutri-project.eu\/wp-content\/uploads\/2024\/07\/nutrisense-website-800x388.jpg 800w, https:\/\/econutri-project.eu\/wp-content\/uploads\/2024\/07\/nutrisense-website-1200x582.jpg 1200w, https:\/\/econutri-project.eu\/wp-content\/uploads\/2024\/07\/nutrisense-website.jpg 1898w\" data-sizes=\"auto\" data-orig-sizes=\"(max-width: 640px) 100vw, 1200px\" \/><\/span><div class=\"awb-imageframe-caption-container\" style=\"text-align:center;\"><div class=\"awb-imageframe-caption\"><h2 class=\"awb-imageframe-caption-title\">nutrisense-website<\/h2><p class=\"awb-imageframe-caption-text\">Fig. 1. A p\u00e1gina Web do NUTRISENSE PC.  <\/p><\/div><\/div><\/div><\/div><\/div><\/div><\/div><div class=\"fusion-fullwidth fullwidth-box fusion-builder-row-4 fusion-flex-container has-pattern-background has-mask-background nonhundred-percent-fullwidth non-hundred-percent-height-scrolling\" style=\"--awb-border-radius-top-left:0px;--awb-border-radius-top-right:0px;--awb-border-radius-bottom-right:0px;--awb-border-radius-bottom-left:0px;--awb-padding-bottom:0px;--awb-padding-bottom-small:0px;--awb-margin-bottom-small:0px;--awb-background-image:linear-gradient(180deg, hsla(var(--awb-color5-h),var(--awb-color5-s),var(--awb-color5-l),calc( var(--awb-color5-a) - 95% )) 54%,var(--awb-color1) 100%);--awb-flex-wrap:wrap;\" ><div class=\"fusion-builder-row fusion-row fusion-flex-align-items-stretch fusion-flex-justify-content-center fusion-flex-content-wrap\" style=\"max-width:1310.4px;margin-left: calc(-4% \/ 2 );margin-right: calc(-4% \/ 2 );\"><div class=\"fusion-layout-column fusion_builder_column fusion-builder-column-3 fusion_builder_column_1_1 1_1 fusion-flex-column fusion-animated\" style=\"--awb-padding-top:45px;--awb-padding-right:55px;--awb-padding-bottom:35px;--awb-padding-left:55px;--awb-padding-top-small:40px;--awb-padding-right-small:30px;--awb-padding-bottom-small:40px;--awb-padding-left-small:30px;--awb-overflow:hidden;--awb-bg-color:var(--awb-color1);--awb-bg-color-hover:var(--awb-color1);--awb-bg-size:cover;--awb-box-shadow:0px 2px 6px 0px hsla(var(--awb-color8-h),var(--awb-color8-s),var(--awb-color8-l),calc( var(--awb-color8-a) - 89% ));;--awb-border-radius:12px 12px 12px 12px;--awb-width-large:100%;--awb-margin-top-large:0px;--awb-spacing-right-large:1.92%;--awb-margin-bottom-large:20px;--awb-spacing-left-large:1.92%;--awb-width-medium:50%;--awb-order-medium:0;--awb-spacing-right-medium:3.84%;--awb-margin-bottom-medium:40px;--awb-spacing-left-medium:3.84%;--awb-width-small:100%;--awb-order-small:0;--awb-spacing-right-small:1.92%;--awb-spacing-left-small:1.92%;\" data-animationType=\"bounceInUp\" data-animationDuration=\"1.0\" data-animationOffset=\"top-into-view\"><div class=\"fusion-column-wrapper fusion-column-has-shadow fusion-flex-justify-content-flex-start fusion-content-layout-column\"><div class=\"fusion-text fusion-text-2\"><p>A empresa j\u00e1 tem mais de 50 utilizadores profissionais, principalmente da Gr\u00e9cia, mas tamb\u00e9m de outros pa\u00edses, incluindo a China, uma vez que est\u00e1 dispon\u00edvel em tr\u00eas l\u00ednguas, ou seja, ingl\u00eas, grego e chin\u00eas.<\/p>\n<p>O DSS NUTRISENSE compreende duas vers\u00f5es, uma para culturas no solo (SOIL NUTRISENSE), que est\u00e1 associada ao KER2, e outra para sistemas de cultivo sem solo (SOILLESS NUTRISENSE), que est\u00e1 associada ao KER3.<\/p>\n<\/div><div class=\"fusion-image-element awb-imageframe-style awb-imageframe-style-below awb-imageframe-style-2\" style=\"--awb-caption-text-size:14px;--awb-caption-margin-top:10px;--awb-caption-title-font-family:var(--h2_typography-font-family);--awb-caption-title-font-weight:var(--h2_typography-font-weight);--awb-caption-title-font-style:var(--h2_typography-font-style);--awb-caption-title-size:0px;--awb-caption-title-transform:var(--h2_typography-text-transform);--awb-caption-title-line-height:var(--h2_typography-line-height);--awb-caption-title-letter-spacing:var(--h2_typography-letter-spacing);\"><span class=\" fusion-imageframe imageframe-none imageframe-2 hover-type-none\"><img decoding=\"async\" width=\"1134\" height=\"525\" title=\"nutrisense-version\" src=\"https:\/\/econutri-project.eu\/wp-content\/uploads\/2024\/07\/nutrisense-version.jpg\" data-orig-src=\"https:\/\/econutri-project.eu\/wp-content\/uploads\/2024\/07\/nutrisense-version.jpg\" alt class=\"lazyload img-responsive wp-image-15555\" srcset=\"data:image\/svg+xml,%3Csvg%20xmlns%3D%27http%3A%2F%2Fwww.w3.org%2F2000%2Fsvg%27%20width%3D%271134%27%20height%3D%27525%27%20viewBox%3D%270%200%201134%20525%27%3E%3Crect%20width%3D%271134%27%20height%3D%27525%27%20fill-opacity%3D%220%22%2F%3E%3C%2Fsvg%3E\" data-srcset=\"https:\/\/econutri-project.eu\/wp-content\/uploads\/2024\/07\/nutrisense-version-200x93.jpg 200w, https:\/\/econutri-project.eu\/wp-content\/uploads\/2024\/07\/nutrisense-version-400x185.jpg 400w, https:\/\/econutri-project.eu\/wp-content\/uploads\/2024\/07\/nutrisense-version-600x278.jpg 600w, https:\/\/econutri-project.eu\/wp-content\/uploads\/2024\/07\/nutrisense-version-800x370.jpg 800w, https:\/\/econutri-project.eu\/wp-content\/uploads\/2024\/07\/nutrisense-version.jpg 1134w\" data-sizes=\"auto\" data-orig-sizes=\"(max-width: 640px) 100vw, 1134px\" \/><\/span><div class=\"awb-imageframe-caption-container\" style=\"text-align:center;\"><div class=\"awb-imageframe-caption\"><h2 class=\"awb-imageframe-caption-title\">nutrisense-version<\/h2><p class=\"awb-imageframe-caption-text\">Fig. 2. NUTRISENSE DSS. A interface utilizada pelos subscritores do NUTRISENSE DSS para selecionar entre SOIL NUTRISENSE e SOILLESS NUTRISENSE.   <\/p><\/div><\/div><\/div><\/div><\/div><div class=\"fusion-layout-column fusion_builder_column fusion-builder-column-4 fusion_builder_column_1_1 1_1 fusion-flex-column fusion-animated\" style=\"--awb-padding-top:45px;--awb-padding-right:55px;--awb-padding-bottom:35px;--awb-padding-left:55px;--awb-padding-top-small:40px;--awb-padding-right-small:30px;--awb-padding-bottom-small:40px;--awb-padding-left-small:30px;--awb-overflow:hidden;--awb-bg-color:var(--awb-color1);--awb-bg-color-hover:var(--awb-color1);--awb-bg-size:cover;--awb-box-shadow:0px 2px 6px 0px hsla(var(--awb-color8-h),var(--awb-color8-s),var(--awb-color8-l),calc( var(--awb-color8-a) - 89% ));;--awb-border-radius:12px 12px 12px 12px;--awb-width-large:100%;--awb-margin-top-large:0px;--awb-spacing-right-large:1.92%;--awb-margin-bottom-large:20px;--awb-spacing-left-large:1.92%;--awb-width-medium:50%;--awb-order-medium:0;--awb-spacing-right-medium:3.84%;--awb-margin-bottom-medium:40px;--awb-spacing-left-medium:3.84%;--awb-width-small:100%;--awb-order-small:0;--awb-spacing-right-small:1.92%;--awb-spacing-left-small:1.92%;\" data-animationType=\"bounceInUp\" data-animationDuration=\"1.0\" data-animationOffset=\"top-into-view\"><div class=\"fusion-column-wrapper fusion-column-has-shadow fusion-flex-justify-content-flex-start fusion-content-layout-column\"><div class=\"fusion-text fusion-text-3\"><p>SOIL NUTRISENSE pode ser utilizado para calcular f\u00f3rmulas de fertirriga\u00e7\u00e3o \u00f3ptimas para culturas cultivadas no solo, adaptadas \u00e0s necessidades das culturas, tendo em considera\u00e7\u00e3o uma an\u00e1lise do solo e a composi\u00e7\u00e3o mineral da \u00e1gua. Estas recomenda\u00e7\u00f5es de fertirriga\u00e7\u00e3o podem ser actualizadas sempre que estiver dispon\u00edvel uma nova an\u00e1lise do solo.<\/p>\n<p>SOIL NUTRISENSE as a DSS is an intellectual property of AUA developed within the framework of Task 3.2 of ECONUTRI (KER1). O NUTRISENSE DO SOLO continuar\u00e1 a ser melhorado e atualizado durante a execu\u00e7\u00e3o do ECONUTRI, com base nos novos resultados obtidos com o projeto.<\/p>\n<\/div><div class=\"fusion-image-element awb-imageframe-style awb-imageframe-style-below awb-imageframe-style-3\" style=\"--awb-caption-text-size:14px;--awb-caption-margin-top:10px;--awb-caption-title-font-family:var(--h2_typography-font-family);--awb-caption-title-font-weight:var(--h2_typography-font-weight);--awb-caption-title-font-style:var(--h2_typography-font-style);--awb-caption-title-size:0px;--awb-caption-title-transform:var(--h2_typography-text-transform);--awb-caption-title-line-height:var(--h2_typography-line-height);--awb-caption-title-letter-spacing:var(--h2_typography-letter-spacing);\"><span class=\" fusion-imageframe imageframe-none imageframe-3 hover-type-none\"><img decoding=\"async\" width=\"1134\" height=\"593\" title=\"soil-nutrisense\" src=\"https:\/\/econutri-project.eu\/wp-content\/uploads\/2024\/07\/soil-nutrisense.jpg\" data-orig-src=\"https:\/\/econutri-project.eu\/wp-content\/uploads\/2024\/07\/soil-nutrisense.jpg\" alt class=\"lazyload img-responsive wp-image-15579\" srcset=\"data:image\/svg+xml,%3Csvg%20xmlns%3D%27http%3A%2F%2Fwww.w3.org%2F2000%2Fsvg%27%20width%3D%271134%27%20height%3D%27593%27%20viewBox%3D%270%200%201134%20593%27%3E%3Crect%20width%3D%271134%27%20height%3D%27593%27%20fill-opacity%3D%220%22%2F%3E%3C%2Fsvg%3E\" data-srcset=\"https:\/\/econutri-project.eu\/wp-content\/uploads\/2024\/07\/soil-nutrisense-200x105.jpg 200w, https:\/\/econutri-project.eu\/wp-content\/uploads\/2024\/07\/soil-nutrisense-400x209.jpg 400w, https:\/\/econutri-project.eu\/wp-content\/uploads\/2024\/07\/soil-nutrisense-600x314.jpg 600w, https:\/\/econutri-project.eu\/wp-content\/uploads\/2024\/07\/soil-nutrisense-800x418.jpg 800w, https:\/\/econutri-project.eu\/wp-content\/uploads\/2024\/07\/soil-nutrisense.jpg 1134w\" data-sizes=\"auto\" data-orig-sizes=\"(max-width: 640px) 100vw, 1134px\" \/><\/span><div class=\"awb-imageframe-caption-container\" style=\"text-align:center;\"><div class=\"awb-imageframe-caption\"><h2 class=\"awb-imageframe-caption-title\">soil-nutrisense<\/h2><p class=\"awb-imageframe-caption-text\">Fig. 3. Interface do SOIL NUTRISENSE, separador para introdu\u00e7\u00e3o dos dados da an\u00e1lise do solo.  <\/p><\/div><\/div><\/div><\/div><\/div><div class=\"fusion-layout-column fusion_builder_column fusion-builder-column-5 fusion_builder_column_1_1 1_1 fusion-flex-column fusion-animated\" style=\"--awb-padding-top:45px;--awb-padding-right:55px;--awb-padding-bottom:35px;--awb-padding-left:55px;--awb-padding-top-small:40px;--awb-padding-right-small:30px;--awb-padding-bottom-small:40px;--awb-padding-left-small:30px;--awb-overflow:hidden;--awb-bg-color:var(--awb-color1);--awb-bg-color-hover:var(--awb-color1);--awb-bg-size:cover;--awb-box-shadow:0px 2px 6px 0px hsla(var(--awb-color8-h),var(--awb-color8-s),var(--awb-color8-l),calc( var(--awb-color8-a) - 89% ));;--awb-border-radius:12px 12px 12px 12px;--awb-width-large:100%;--awb-margin-top-large:0px;--awb-spacing-right-large:1.92%;--awb-margin-bottom-large:20px;--awb-spacing-left-large:1.92%;--awb-width-medium:50%;--awb-order-medium:0;--awb-spacing-right-medium:3.84%;--awb-margin-bottom-medium:40px;--awb-spacing-left-medium:3.84%;--awb-width-small:100%;--awb-order-small:0;--awb-spacing-right-small:1.92%;--awb-spacing-left-small:1.92%;\" data-animationType=\"bounceInUp\" data-animationDuration=\"1.0\" data-animationOffset=\"top-into-view\"><div class=\"fusion-column-wrapper fusion-column-has-shadow fusion-flex-justify-content-flex-start fusion-content-layout-column\"><div class=\"fusion-text fusion-text-4\"><p>O SOILLESS NUTRISENSE \u00e9 a vers\u00e3o do NUTRISENSE DSS que foi concebida para ser utilizada em sistemas de cultivo sem solo de ciclo aberto e fechado. Esta vers\u00e3o do NUTRISENSE existia antes do in\u00edcio do ECONUTRI (mas n\u00e3o era comercialmente explor\u00e1vel atrav\u00e9s da empresa privada NUTRISENSE PC) para calcular os NS com base nas caracter\u00edsticas desejadas dadas como valores-alvo e reajustar a sua composi\u00e7\u00e3o durante o per\u00edodo de cultivo ap\u00f3s an\u00e1lises qu\u00edmicas da solu\u00e7\u00e3o de drenagem (efluentes de fertirrega).<\/p>\n<p>Atualmente, est\u00e1 a ser desenvolvida uma op\u00e7\u00e3o avan\u00e7ada no \u00e2mbito do SOILLESS NUTRISENSE, no quadro da tarefa 3.3 do ECONUTRI, para reajustar automaticamente o fornecimento de nutrientes em sistemas de cultivo sem solo em circuito fechado, utilizando dados de el\u00e9ctrodos selectivos de i\u00f5es (ISE). Esta vers\u00e3o, que se baseia no KER3, ainda n\u00e3o est\u00e1 dispon\u00edvel comercialmente, mas o plano \u00e9 explor\u00e1-la comercialmente atrav\u00e9s do SOILLESS NUTRISENSE ap\u00f3s a conclus\u00e3o de testes-piloto destinados a valid\u00e1-la num ambiente relevante.<\/p>\n<\/div><div class=\"fusion-image-element awb-imageframe-style awb-imageframe-style-below awb-imageframe-style-4\" style=\"--awb-caption-text-size:14px;--awb-caption-margin-top:10px;--awb-caption-title-font-family:var(--h2_typography-font-family);--awb-caption-title-font-weight:var(--h2_typography-font-weight);--awb-caption-title-font-style:var(--h2_typography-font-style);--awb-caption-title-size:0px;--awb-caption-title-transform:var(--h2_typography-text-transform);--awb-caption-title-line-height:var(--h2_typography-line-height);--awb-caption-title-letter-spacing:var(--h2_typography-letter-spacing);\"><span class=\" fusion-imageframe imageframe-none imageframe-4 hover-type-none\"><img decoding=\"async\" width=\"1134\" height=\"608\" title=\"soilless-nutrisense\" src=\"https:\/\/econutri-project.eu\/wp-content\/uploads\/2024\/07\/soilless-nutrisense-1.jpg\" data-orig-src=\"https:\/\/econutri-project.eu\/wp-content\/uploads\/2024\/07\/soilless-nutrisense-1.jpg\" alt class=\"lazyload img-responsive wp-image-15590\" srcset=\"data:image\/svg+xml,%3Csvg%20xmlns%3D%27http%3A%2F%2Fwww.w3.org%2F2000%2Fsvg%27%20width%3D%271134%27%20height%3D%27608%27%20viewBox%3D%270%200%201134%20608%27%3E%3Crect%20width%3D%271134%27%20height%3D%27608%27%20fill-opacity%3D%220%22%2F%3E%3C%2Fsvg%3E\" data-srcset=\"https:\/\/econutri-project.eu\/wp-content\/uploads\/2024\/07\/soilless-nutrisense-1-200x107.jpg 200w, https:\/\/econutri-project.eu\/wp-content\/uploads\/2024\/07\/soilless-nutrisense-1-400x214.jpg 400w, https:\/\/econutri-project.eu\/wp-content\/uploads\/2024\/07\/soilless-nutrisense-1-600x322.jpg 600w, https:\/\/econutri-project.eu\/wp-content\/uploads\/2024\/07\/soilless-nutrisense-1-800x429.jpg 800w, https:\/\/econutri-project.eu\/wp-content\/uploads\/2024\/07\/soilless-nutrisense-1.jpg 1134w\" data-sizes=\"auto\" data-orig-sizes=\"(max-width: 640px) 100vw, 1134px\" \/><\/span><div class=\"awb-imageframe-caption-container\" style=\"text-align:center;\"><div class=\"awb-imageframe-caption\"><h2 class=\"awb-imageframe-caption-title\">soilless-nutrisense<\/h2><p class=\"awb-imageframe-caption-text\">Fig.4. A interface do SOILLESS NUTRISENSE, separador &quot;Op\u00e7\u00f5es gerais&quot;. Para trabalhar com a vers\u00e3o desenvolvida para utiliza\u00e7\u00e3o de el\u00e9ctrodos selectivos de i\u00f5es, o assinante tem de selecionar &quot;Sim&quot; na op\u00e7\u00e3o &quot;Trabalhar com ISE&quot;.  <\/p><\/div><\/div><\/div><div style=\"text-align:center;\"><a class=\"fusion-button button-flat button-xlarge button-custom fusion-button-default button-1 fusion-button-default-span fusion-button-default-type\" style=\"--button_accent_color:var(--awb-color1);--button_accent_hover_color:var(--awb-color1);--button_border_hover_color:var(--awb-color1);--button_gradient_top_color:var(--awb-color5);--button_gradient_bottom_color:var(--awb-color5);--button_gradient_top_color_hover:var(--awb-color3);--button_gradient_bottom_color_hover:var(--awb-color3);--button_margin-top:40px;\" target=\"_blank\" rel=\"noopener noreferrer\" href=\"https:\/\/nutrisense.online\/\"><span class=\"fusion-button-text awb-button__text awb-button__text--default\">VISITAR A P\u00c1GINA WEB DE NUTRISENSE<\/span><\/a><\/div><\/div><\/div><\/div><\/div><\/p>\n","protected":false},"excerpt":{"rendered":"","protected":false},"author":1,"featured_media":0,"parent":0,"menu_order":0,"comment_status":"closed","ping_status":"closed","template":"100-width.php","meta":{"footnotes":""},"class_list":["post-15628","page","type-page","status-publish","hentry"],"_links":{"self":[{"href":"https:\/\/econutri-project.eu\/pt-pt\/wp-json\/wp\/v2\/pages\/15628"}],"collection":[{"href":"https:\/\/econutri-project.eu\/pt-pt\/wp-json\/wp\/v2\/pages"}],"about":[{"href":"https:\/\/econutri-project.eu\/pt-pt\/wp-json\/wp\/v2\/types\/page"}],"author":[{"embeddable":true,"href":"https:\/\/econutri-project.eu\/pt-pt\/wp-json\/wp\/v2\/users\/1"}],"replies":[{"embeddable":true,"href":"https:\/\/econutri-project.eu\/pt-pt\/wp-json\/wp\/v2\/comments?post=15628"}],"version-history":[{"count":6,"href":"https:\/\/econutri-project.eu\/pt-pt\/wp-json\/wp\/v2\/pages\/15628\/revisions"}],"predecessor-version":[{"id":16035,"href":"https:\/\/econutri-project.eu\/pt-pt\/wp-json\/wp\/v2\/pages\/15628\/revisions\/16035"}],"wp:attachment":[{"href":"https:\/\/econutri-project.eu\/pt-pt\/wp-json\/wp\/v2\/media?parent=15628"}],"curies":[{"name":"wp","href":"https:\/\/api.w.org\/{rel}","templated":true}]}}