{"id":10607,"date":"2024-01-25T16:09:43","date_gmt":"2024-01-25T14:09:43","guid":{"rendered":"https:\/\/econutri-project.eu\/?page_id=10607"},"modified":"2024-02-07T12:55:56","modified_gmt":"2024-02-07T10:55:56","slug":"universidade-agricola-de-atenas-2","status":"publish","type":"page","link":"https:\/\/econutri-project.eu\/pt-pt\/universidade-agricola-de-atenas-2\/","title":{"rendered":"SPI"},"content":{"rendered":"<p><div class=\"fusion-fullwidth fullwidth-box fusion-builder-row-1 fusion-flex-container has-pattern-background has-mask-background nonhundred-percent-fullwidth non-hundred-percent-height-scrolling\" style=\"--awb-border-radius-top-left:0px;--awb-border-radius-top-right:0px;--awb-border-radius-bottom-right:0px;--awb-border-radius-bottom-left:0px;--awb-margin-bottom:120px;--awb-margin-bottom-medium:160px;--awb-margin-bottom-small:145px;--awb-flex-wrap:wrap;\" ><div class=\"fusion-builder-row fusion-row fusion-flex-align-items-flex-start fusion-flex-justify-content-center fusion-flex-content-wrap\" style=\"max-width:1310.4px;margin-left: calc(-4% \/ 2 );margin-right: calc(-4% \/ 2 );\"><div class=\"fusion-layout-column fusion_builder_column fusion-builder-column-0 fusion_builder_column_2_3 2_3 fusion-flex-column fusion-animated\" style=\"--awb-bg-size:cover;--awb-width-large:66.666666666667%;--awb-margin-top-large:0px;--awb-spacing-right-large:2.88%;--awb-margin-bottom-large:0px;--awb-spacing-left-large:2.88%;--awb-width-medium:75%;--awb-order-medium:0;--awb-spacing-right-medium:2.56%;--awb-spacing-left-medium:2.56%;--awb-width-small:100%;--awb-order-small:0;--awb-spacing-right-small:1.92%;--awb-spacing-left-small:1.92%;\" data-animationType=\"fadeInDown\" data-animationDuration=\"1.3\" data-animationOffset=\"top-into-view\"><div class=\"fusion-column-wrapper fusion-column-has-shadow fusion-flex-justify-content-center fusion-content-layout-column\"><div class=\"fusion-title title fusion-title-1 fusion-sep-none fusion-title-center fusion-title-text fusion-title-size-two\" style=\"--awb-margin-bottom:35px;\"><h2 class=\"fusion-title-heading title-heading-center\" style=\"margin:0;\">SPI<\/h2><\/div><\/div><\/div><\/div><\/div><div class=\"fusion-fullwidth fullwidth-box fusion-builder-row-2 fusion-flex-container nonhundred-percent-fullwidth non-hundred-percent-height-scrolling\" style=\"--awb-border-radius-top-left:0px;--awb-border-radius-top-right:0px;--awb-border-radius-bottom-right:0px;--awb-border-radius-bottom-left:0px;--awb-flex-wrap:wrap;\" ><div class=\"fusion-builder-row fusion-row fusion-flex-align-items-flex-start fusion-flex-content-wrap\" style=\"max-width:1310.4px;margin-left: calc(-4% \/ 2 );margin-right: calc(-4% \/ 2 );\"><div class=\"fusion-layout-column fusion_builder_column fusion-builder-column-1 fusion_builder_column_1_1 1_1 fusion-flex-column\" style=\"--awb-bg-size:cover;--awb-width-large:100%;--awb-margin-top-large:0px;--awb-spacing-right-large:1.92%;--awb-margin-bottom-large:0px;--awb-spacing-left-large:1.92%;--awb-width-medium:100%;--awb-order-medium:0;--awb-spacing-right-medium:1.92%;--awb-spacing-left-medium:1.92%;--awb-width-small:100%;--awb-order-small:0;--awb-spacing-right-small:1.92%;--awb-spacing-left-small:1.92%;\"><div class=\"fusion-column-wrapper fusion-column-has-shadow fusion-flex-justify-content-flex-start fusion-content-layout-column\"><div class=\"fusion-section-separator section-separator big-half-circle fusion-section-separator-1\" style=\"--awb-spacer-height:150px;--awb-svg-margin-left:1.92%;--awb-svg-margin-right:1.92%;--awb-svg-margin-left-medium:1.92%;--awb-svg-margin-right-medium:1.92%;--awb-svg-margin-left-small:1.92%;--awb-svg-margin-right-small:1.92%;--awb-divider-height:150px;--awb-spacer-padding-top:inherit;--awb-sep-padding:0;--awb-svg-padding:0;\"><div class=\"fusion-section-separator-svg\"><svg class=\"fusion-big-half-circle-candy\" xmlns=\"http:\/\/www.w3.org\/2000\/svg\" version=\"1.1\" width=\"100%\" height=\"100\" viewBox=\"0 0 100 100\" preserveAspectRatio=\"none\" fill=\"rgba(48,181,95,0.05)\"><path d=\"M0 100 C40 0 60 0 100 100 Z\"><\/path><\/svg><\/div><div class=\"fusion-section-separator-spacer\"><div class=\"fusion-section-separator-spacer-height\"><\/div><\/div><\/div><\/div><\/div><\/div><\/div><div class=\"fusion-fullwidth fullwidth-box fusion-builder-row-3 fusion-flex-container has-pattern-background has-mask-background nonhundred-percent-fullwidth non-hundred-percent-height-scrolling\" style=\"--awb-border-radius-top-left:0px;--awb-border-radius-top-right:0px;--awb-border-radius-bottom-right:0px;--awb-border-radius-bottom-left:0px;--awb-padding-bottom:0px;--awb-padding-bottom-small:0px;--awb-margin-bottom-small:0px;--awb-background-image:linear-gradient(180deg, hsla(var(--awb-color5-h),var(--awb-color5-s),var(--awb-color5-l),calc( var(--awb-color5-a) - 95% )) 54%,var(--awb-color1) 100%);--awb-flex-wrap:wrap;\" ><div class=\"fusion-builder-row fusion-row fusion-flex-align-items-stretch fusion-flex-justify-content-center fusion-flex-content-wrap\" style=\"max-width:1310.4px;margin-left: calc(-4% \/ 2 );margin-right: calc(-4% \/ 2 );\"><div class=\"fusion-layout-column fusion_builder_column fusion-builder-column-2 fusion_builder_column_1_1 1_1 fusion-flex-column fusion-animated\" style=\"--awb-padding-top:45px;--awb-padding-right:55px;--awb-padding-bottom:35px;--awb-padding-left:55px;--awb-padding-top-small:40px;--awb-padding-right-small:30px;--awb-padding-bottom-small:40px;--awb-padding-left-small:30px;--awb-overflow:hidden;--awb-bg-color:var(--awb-color1);--awb-bg-color-hover:var(--awb-color1);--awb-bg-size:cover;--awb-box-shadow:0px 2px 6px 0px hsla(var(--awb-color8-h),var(--awb-color8-s),var(--awb-color8-l),calc( var(--awb-color8-a) - 89% ));;--awb-border-radius:12px 12px 12px 12px;--awb-width-large:100%;--awb-margin-top-large:-250px;--awb-spacing-right-large:1.92%;--awb-margin-bottom-large:20px;--awb-spacing-left-large:1.92%;--awb-width-medium:50%;--awb-order-medium:0;--awb-spacing-right-medium:3.84%;--awb-margin-bottom-medium:40px;--awb-spacing-left-medium:3.84%;--awb-width-small:100%;--awb-order-small:0;--awb-spacing-right-small:1.92%;--awb-spacing-left-small:1.92%;\" data-animationType=\"bounceInUp\" data-animationDuration=\"1.0\" data-animationOffset=\"top-into-view\"><div class=\"fusion-column-wrapper fusion-column-has-shadow fusion-flex-justify-content-flex-start fusion-content-layout-column\"><div class=\"fusion-title title fusion-title-2 fusion-sep-none fusion-title-text fusion-title-size-three\"><h3 class=\"fusion-title-heading title-heading-left\" style=\"margin:0;\">A SPI est\u00e1 a contribuir para o projeto ECONUTRI nos WP1 e WP6<\/h3><\/div><div class=\"fusion-text fusion-text-1\" style=\"--awb-margin-top:40px;\"><p>Na tarefa 1.4: Actividades de agrupamento e coopera\u00e7\u00e3o UE-China, a SPI assumir\u00e1 a lideran\u00e7a do projeto ECONUTRI. Isto implica o agrupamento com outros projectos financiados no \u00e2mbito do HORIZON-CL6-2022-ZEROPOLLUTION-01-03, bem como com projectos H2020\/HEU relevantes. O objetivo \u00e9 estabelecer uma comunidade din\u00e2mica para o interc\u00e2mbio, a transfer\u00eancia e a forma\u00e7\u00e3o de conhecimentos e melhores pr\u00e1ticas neste dom\u00ednio. Este esfor\u00e7o de colabora\u00e7\u00e3o contribui igualmente para a formula\u00e7\u00e3o de recomenda\u00e7\u00f5es pol\u00edticas espec\u00edficas.<\/p>\n<p>Para refor\u00e7ar a colabora\u00e7\u00e3o, a SPI participar\u00e1 na iniciativa &#8220;ENRICH in China&#8221;. O plano inclui a organiza\u00e7\u00e3o de um webinar conjunto envolvendo empresas agr\u00edcolas chinesas da rede &#8220;ENRICH in China&#8221;, juntamente com parceiros europeus. Este webinar servir\u00e1 de plataforma para a partilha de conhecimentos sobre as melhores pr\u00e1ticas de gest\u00e3o de nutrientes.<\/p>\n<p>Al\u00e9m disso, ser\u00e1 formado um Grupo de Partes Interessadas (GPA), composto por partes interessadas do meio acad\u00e9mico, da ind\u00fastria e da agricultura. Este grupo colaborar\u00e1 ativamente com os parceiros do projeto ao longo das fases de planeamento e implementa\u00e7\u00e3o do projeto, optimizando os resultados, a aceita\u00e7\u00e3o e o impacto. O GAA ser\u00e1 convidado a participar em duas confer\u00eancias organizadas durante as reuni\u00f5es do projeto e ser\u00e1 encorajado a contribuir ativamente para a divulga\u00e7\u00e3o e explora\u00e7\u00e3o dos resultados do projeto.<\/p>\n<p>A equipa da SPI est\u00e1 em comunica\u00e7\u00e3o ativa com os parceiros chineses do projeto, facilitando a troca de informa\u00e7\u00f5es relacionadas com o progresso do projeto, realiza\u00e7\u00f5es, actividades e not\u00edcias. Al\u00e9m disso, a equipa est\u00e1 a prestar apoio aos hom\u00f3logos chineses na publica\u00e7\u00e3o de not\u00edcias relacionadas com o projeto no s\u00edtio Web e nos canais das redes sociais, colmatando eficazmente o fosso entre a Europa e a China.<\/p>\n<\/div><\/div><\/div><div class=\"fusion-layout-column fusion_builder_column fusion-builder-column-3 fusion_builder_column_1_1 1_1 fusion-flex-column fusion-animated\" style=\"--awb-padding-top:45px;--awb-padding-right:55px;--awb-padding-bottom:35px;--awb-padding-left:55px;--awb-padding-top-small:40px;--awb-padding-right-small:30px;--awb-padding-bottom-small:40px;--awb-padding-left-small:30px;--awb-overflow:hidden;--awb-bg-color:var(--awb-color1);--awb-bg-color-hover:var(--awb-color1);--awb-bg-size:cover;--awb-box-shadow:0px 2px 6px 0px hsla(var(--awb-color8-h),var(--awb-color8-s),var(--awb-color8-l),calc( var(--awb-color8-a) - 89% ));;--awb-border-radius:12px 12px 12px 12px;--awb-width-large:100%;--awb-margin-top-large:0px;--awb-spacing-right-large:1.92%;--awb-margin-bottom-large:20px;--awb-spacing-left-large:1.92%;--awb-width-medium:50%;--awb-order-medium:0;--awb-spacing-right-medium:3.84%;--awb-margin-bottom-medium:40px;--awb-spacing-left-medium:3.84%;--awb-width-small:100%;--awb-order-small:0;--awb-spacing-right-small:1.92%;--awb-spacing-left-small:1.92%;\" data-animationType=\"bounceInUp\" data-animationDuration=\"1.0\" data-animationOffset=\"top-into-view\"><div class=\"fusion-column-wrapper fusion-column-has-shadow fusion-flex-justify-content-flex-start fusion-content-layout-column\"><div class=\"fusion-title title fusion-title-3 fusion-sep-none fusion-title-text fusion-title-size-three\"><h3 class=\"fusion-title-heading title-heading-left\" style=\"margin:0;\">WP6 Gest\u00e3o de dados e an\u00e1lise ao n\u00edvel do sistema<br \/>\nTarefa 6.3. Mapeamento de pol\u00edticas, conce\u00e7\u00e3o de c\u00f3digos e recomenda\u00e7\u00f5es<\/h3><\/div><div class=\"fusion-text fusion-text-2\"><p>Nesta tarefa espec\u00edfica, a nossa equipa da SPI assumiu a responsabilidade de preparar e desenvolver o mapeamento de pol\u00edticas com o objetivo de obter informa\u00e7\u00f5es sobre as Solu\u00e7\u00f5es Baseadas na Natureza (SbN) e as pol\u00edticas inovadoras relacionadas com a agricultura nos territ\u00f3rios europeu e chin\u00eas. Para dar o pontap\u00e9 de sa\u00edda desta iniciativa, estabelecemos uma parceria com o NIBIO para a cria\u00e7\u00e3o de um inqu\u00e9rito abrangente destinado a apoiar a an\u00e1lise sistem\u00e1tica das vias de implementa\u00e7\u00e3o e integra\u00e7\u00e3o do NBS (WP6.2). Al\u00e9m disso, este inqu\u00e9rito serve de base para o desenvolvimento de op\u00e7\u00f5es de governa\u00e7\u00e3o e de incentivos pol\u00edticos (WP6.3) destinados a promover o SNG na agricultura.<\/p>\n<p>O inqu\u00e9rito foi distribu\u00eddo a todos os parceiros do projeto com o objetivo principal de facilitar uma an\u00e1lise exaustiva da literatura espec\u00edfica de cada pa\u00eds sobre o NBS na agricultura para o WP6. O nosso objetivo \u00e9 incentivar a colabora\u00e7\u00e3o e a troca de conhecimentos, permitindo-nos verificar, validar e melhorar as informa\u00e7\u00f5es recolhidas. O inqu\u00e9rito abrange v\u00e1rios aspectos do SNG, com destaque para as pr\u00e1ticas relacionadas com a agricultura. Especificamente, estamos a explorar medidas destinadas a reduzir o azoto, o f\u00f3sforo, as perdas de sedimentos e as emiss\u00f5es de gases com efeito de estufa \u00e0 escala da paisagem e da bacia hidrogr\u00e1fica. Este inqu\u00e9rito abrange um amplo espetro, incluindo, mas n\u00e3o se limitando \u00e0 produ\u00e7\u00e3o agr\u00edcola, agron\u00f3mica, leiteira, av\u00edcola e pecu\u00e1ria.<\/p>\n<p>Estamos a alargar o mesmo inqu\u00e9rito aos nossos parceiros chineses, procurando obter os seus valiosos conhecimentos e perspectivas sobre o apoio ao sector agr\u00edcola nacional na sua regi\u00e3o. O esfor\u00e7o de colabora\u00e7\u00e3o neste inqu\u00e9rito lan\u00e7ar\u00e1 as bases para a an\u00e1lise eDelphi subsequente e para a formula\u00e7\u00e3o de futuras recomenda\u00e7\u00f5es pol\u00edticas.<\/p>\n<\/div><\/div><\/div><\/div><\/div><\/p>\n","protected":false},"excerpt":{"rendered":"","protected":false},"author":1,"featured_media":0,"parent":0,"menu_order":0,"comment_status":"closed","ping_status":"closed","template":"100-width.php","meta":{"footnotes":""},"class_list":["post-10607","page","type-page","status-publish","hentry"],"_links":{"self":[{"href":"https:\/\/econutri-project.eu\/pt-pt\/wp-json\/wp\/v2\/pages\/10607"}],"collection":[{"href":"https:\/\/econutri-project.eu\/pt-pt\/wp-json\/wp\/v2\/pages"}],"about":[{"href":"https:\/\/econutri-project.eu\/pt-pt\/wp-json\/wp\/v2\/types\/page"}],"author":[{"embeddable":true,"href":"https:\/\/econutri-project.eu\/pt-pt\/wp-json\/wp\/v2\/users\/1"}],"replies":[{"embeddable":true,"href":"https:\/\/econutri-project.eu\/pt-pt\/wp-json\/wp\/v2\/comments?post=10607"}],"version-history":[{"count":5,"href":"https:\/\/econutri-project.eu\/pt-pt\/wp-json\/wp\/v2\/pages\/10607\/revisions"}],"predecessor-version":[{"id":10961,"href":"https:\/\/econutri-project.eu\/pt-pt\/wp-json\/wp\/v2\/pages\/10607\/revisions\/10961"}],"wp:attachment":[{"href":"https:\/\/econutri-project.eu\/pt-pt\/wp-json\/wp\/v2\/media?parent=10607"}],"curies":[{"name":"wp","href":"https:\/\/api.w.org\/{rel}","templated":true}]}}