{"id":7975,"date":"2023-11-15T13:01:53","date_gmt":"2023-11-15T11:01:53","guid":{"rendered":"https:\/\/econutri-project.eu\/cetri\/"},"modified":"2024-01-17T12:51:52","modified_gmt":"2024-01-17T10:51:52","slug":"cetri","status":"publish","type":"page","link":"https:\/\/econutri-project.eu\/pl\/cetri\/","title":{"rendered":"CETRI"},"content":{"rendered":"<p><div class=\"fusion-fullwidth fullwidth-box fusion-builder-row-1 fusion-flex-container has-pattern-background has-mask-background nonhundred-percent-fullwidth non-hundred-percent-height-scrolling\" style=\"--awb-border-radius-top-left:0px;--awb-border-radius-top-right:0px;--awb-border-radius-bottom-right:0px;--awb-border-radius-bottom-left:0px;--awb-margin-bottom:120px;--awb-margin-bottom-medium:160px;--awb-margin-bottom-small:145px;--awb-flex-wrap:wrap;\" ><div class=\"fusion-builder-row fusion-row fusion-flex-align-items-flex-start fusion-flex-justify-content-center fusion-flex-content-wrap\" style=\"max-width:1310.4px;margin-left: calc(-4% \/ 2 );margin-right: calc(-4% \/ 2 );\"><div class=\"fusion-layout-column fusion_builder_column fusion-builder-column-0 fusion_builder_column_2_3 2_3 fusion-flex-column fusion-animated\" style=\"--awb-bg-size:cover;--awb-width-large:66.666666666667%;--awb-margin-top-large:0px;--awb-spacing-right-large:2.88%;--awb-margin-bottom-large:0px;--awb-spacing-left-large:2.88%;--awb-width-medium:75%;--awb-order-medium:0;--awb-spacing-right-medium:2.56%;--awb-spacing-left-medium:2.56%;--awb-width-small:100%;--awb-order-small:0;--awb-spacing-right-small:1.92%;--awb-spacing-left-small:1.92%;\" data-animationType=\"fadeInDown\" data-animationDuration=\"1.3\" data-animationOffset=\"top-into-view\"><div class=\"fusion-column-wrapper fusion-column-has-shadow fusion-flex-justify-content-center fusion-content-layout-column\"><div class=\"fusion-title title fusion-title-1 fusion-sep-none fusion-title-center fusion-title-text fusion-title-size-two\" style=\"--awb-margin-bottom:35px;\"><h2 class=\"fusion-title-heading title-heading-center\" style=\"margin:0;\">Centrum Bada\u0144 i Innowacji Technologicznych (CETRI)<\/h2><\/div><\/div><\/div><\/div><\/div><div class=\"fusion-fullwidth fullwidth-box fusion-builder-row-2 fusion-flex-container nonhundred-percent-fullwidth non-hundred-percent-height-scrolling\" style=\"--awb-border-radius-top-left:0px;--awb-border-radius-top-right:0px;--awb-border-radius-bottom-right:0px;--awb-border-radius-bottom-left:0px;--awb-flex-wrap:wrap;\" ><div class=\"fusion-builder-row fusion-row fusion-flex-align-items-flex-start fusion-flex-content-wrap\" style=\"max-width:1310.4px;margin-left: calc(-4% \/ 2 );margin-right: calc(-4% \/ 2 );\"><div class=\"fusion-layout-column fusion_builder_column fusion-builder-column-1 fusion_builder_column_1_1 1_1 fusion-flex-column\" style=\"--awb-bg-size:cover;--awb-width-large:100%;--awb-margin-top-large:0px;--awb-spacing-right-large:1.92%;--awb-margin-bottom-large:0px;--awb-spacing-left-large:1.92%;--awb-width-medium:100%;--awb-order-medium:0;--awb-spacing-right-medium:1.92%;--awb-spacing-left-medium:1.92%;--awb-width-small:100%;--awb-order-small:0;--awb-spacing-right-small:1.92%;--awb-spacing-left-small:1.92%;\"><div class=\"fusion-column-wrapper fusion-column-has-shadow fusion-flex-justify-content-flex-start fusion-content-layout-column\"><div class=\"fusion-section-separator section-separator big-half-circle fusion-section-separator-1\" style=\"--awb-spacer-height:150px;--awb-svg-margin-left:1.92%;--awb-svg-margin-right:1.92%;--awb-svg-margin-left-medium:1.92%;--awb-svg-margin-right-medium:1.92%;--awb-svg-margin-left-small:1.92%;--awb-svg-margin-right-small:1.92%;--awb-divider-height:150px;--awb-spacer-padding-top:inherit;--awb-sep-padding:0;--awb-svg-padding:0;\"><div class=\"fusion-section-separator-svg\"><svg class=\"fusion-big-half-circle-candy\" xmlns=\"http:\/\/www.w3.org\/2000\/svg\" version=\"1.1\" width=\"100%\" height=\"100\" viewBox=\"0 0 100 100\" preserveAspectRatio=\"none\" fill=\"rgba(48,181,95,0.05)\"><path d=\"M0 100 C40 0 60 0 100 100 Z\"><\/path><\/svg><\/div><div class=\"fusion-section-separator-spacer\"><div class=\"fusion-section-separator-spacer-height\"><\/div><\/div><\/div><\/div><\/div><\/div><\/div><div class=\"fusion-fullwidth fullwidth-box fusion-builder-row-3 fusion-flex-container has-pattern-background has-mask-background nonhundred-percent-fullwidth non-hundred-percent-height-scrolling\" style=\"--awb-border-radius-top-left:0px;--awb-border-radius-top-right:0px;--awb-border-radius-bottom-right:0px;--awb-border-radius-bottom-left:0px;--awb-padding-bottom:0px;--awb-padding-bottom-small:0px;--awb-margin-bottom-small:0px;--awb-background-image:linear-gradient(180deg, hsla(var(--awb-color5-h),var(--awb-color5-s),var(--awb-color5-l),calc( var(--awb-color5-a) - 95% )) 54%,var(--awb-color1) 100%);--awb-flex-wrap:wrap;\" ><div class=\"fusion-builder-row fusion-row fusion-flex-align-items-stretch fusion-flex-justify-content-center fusion-flex-content-wrap\" style=\"max-width:1310.4px;margin-left: calc(-4% \/ 2 );margin-right: calc(-4% \/ 2 );\"><div class=\"fusion-layout-column fusion_builder_column fusion-builder-column-2 fusion_builder_column_1_1 1_1 fusion-flex-column fusion-animated\" style=\"--awb-padding-top:45px;--awb-padding-right:55px;--awb-padding-bottom:35px;--awb-padding-left:55px;--awb-padding-top-small:40px;--awb-padding-right-small:30px;--awb-padding-bottom-small:40px;--awb-padding-left-small:30px;--awb-overflow:hidden;--awb-bg-color:var(--awb-color1);--awb-bg-color-hover:var(--awb-color1);--awb-bg-size:cover;--awb-box-shadow:0px 2px 6px 0px hsla(var(--awb-color8-h),var(--awb-color8-s),var(--awb-color8-l),calc( var(--awb-color8-a) - 89% ));;--awb-border-radius:12px 12px 12px 12px;--awb-width-large:100%;--awb-margin-top-large:-250px;--awb-spacing-right-large:1.92%;--awb-margin-bottom-large:20px;--awb-spacing-left-large:1.92%;--awb-width-medium:50%;--awb-order-medium:0;--awb-spacing-right-medium:3.84%;--awb-margin-bottom-medium:40px;--awb-spacing-left-medium:3.84%;--awb-width-small:100%;--awb-order-small:0;--awb-spacing-right-small:1.92%;--awb-spacing-left-small:1.92%;\" data-animationType=\"bounceInUp\" data-animationDuration=\"1.0\" data-animationOffset=\"top-into-view\"><div class=\"fusion-column-wrapper fusion-column-has-shadow fusion-flex-justify-content-flex-start fusion-content-layout-column\"><div class=\"fusion-text fusion-text-1\"><p>CETRI, prywatne M\u015aP, wnosi bogate do\u015bwiadczenie i ugruntowan\u0105 sie\u0107 naukow\u0105 i przemys\u0142ow\u0105 dzi\u0119ki zaanga\u017cowaniu w 22 projekty badawcze finansowane przez UE. W ramach projektu Econutri, CETRI podejmie si\u0119 nast\u0119puj\u0105cych kluczowych obowi\u0105zk\u00f3w:<\/p>\n<ul>\n<li><strong>Rozpowszechnianie<\/strong>: CETRI b\u0119dzie kierowa\u0107 dystrybucj\u0105 wynik\u00f3w projektu do szerokiego grona odbiorc\u00f3w, w tym spo\u0142eczno\u015bci naukowej specjalizuj\u0105cej si\u0119 w zarz\u0105dzaniu sk\u0142adnikami od\u017cywczymi, rolnik\u00f3w, firm z sektora rolno-spo\u017cywczego, decydent\u00f3w i odpowiednich w\u0142adz.<\/li>\n<li><strong>Komunikacja<\/strong>: CETRI b\u0119dzie r\u00f3wnie\u017c zarz\u0105dza\u0107 dzia\u0142aniami komunikacyjnymi projektu, zapewniaj\u0105c, \u017ce projekt, jego osi\u0105gni\u0119cia i ustalenia s\u0105 skutecznie przekazywane wielu odbiorcom spoza bezpo\u015bredniego kr\u0119gu projektu. Obejmuje to docieranie do potencjalnych inwestor\u00f3w, wsp\u00f3\u0142prac\u0119 z mediami i informowanie opinii publicznej.<\/li>\n<li><strong>Strategia<\/strong> eksploatacji: CETRI poprowadzi strategi\u0119 wykorzystania projektu, okre\u015blaj\u0105c, w jaki spos\u00f3b ka\u017cdy partner projektu, zar\u00f3wno indywidualnie, jak i zbiorowo, zamierza wykorzysta\u0107 wyniki projektu do cel\u00f3w naukowych, spo\u0142ecznych, ekonomicznych i politycznych.<\/li>\n<li><strong>Dzia\u0142ania<\/strong> klastrowe: Dodatkowo, CETRI wsp\u00f3\u0142pracuj\u0105c z partnerem SPI, b\u0119dzie prowadzi\u0107 dzia\u0142ania klastrowe projektu poprzez aktywne poszukiwanie powi\u0105za\u0144 z innymi projektami badawczymi w zakresie zarz\u0105dzania sk\u0142adnikami od\u017cywczymi i zr\u00f3wnowa\u017conego rolnictwa. Zaanga\u017cowane podmioty b\u0119d\u0105 mia\u0142y mo\u017cliwo\u015b\u0107 lepszego zrozumienia siebie nawzajem, zidentyfikowania wsp\u00f3lnych obaw, wymiany najlepszych praktyk i innowacji cyfrowych oraz zbadania potencjalnych mo\u017cliwo\u015bci przysz\u0142ej wsp\u00f3\u0142pracy i dzielenia si\u0119 wiedz\u0105.<\/li>\n<\/ul>\n<\/div><\/div><\/div><\/div><\/div><\/p>\n","protected":false},"excerpt":{"rendered":"","protected":false},"author":1,"featured_media":0,"parent":0,"menu_order":0,"comment_status":"closed","ping_status":"closed","template":"100-width.php","meta":{"footnotes":""},"class_list":["post-7975","page","type-page","status-publish","hentry"],"_links":{"self":[{"href":"https:\/\/econutri-project.eu\/pl\/wp-json\/wp\/v2\/pages\/7975"}],"collection":[{"href":"https:\/\/econutri-project.eu\/pl\/wp-json\/wp\/v2\/pages"}],"about":[{"href":"https:\/\/econutri-project.eu\/pl\/wp-json\/wp\/v2\/types\/page"}],"author":[{"embeddable":true,"href":"https:\/\/econutri-project.eu\/pl\/wp-json\/wp\/v2\/users\/1"}],"replies":[{"embeddable":true,"href":"https:\/\/econutri-project.eu\/pl\/wp-json\/wp\/v2\/comments?post=7975"}],"version-history":[{"count":4,"href":"https:\/\/econutri-project.eu\/pl\/wp-json\/wp\/v2\/pages\/7975\/revisions"}],"predecessor-version":[{"id":8091,"href":"https:\/\/econutri-project.eu\/pl\/wp-json\/wp\/v2\/pages\/7975\/revisions\/8091"}],"wp:attachment":[{"href":"https:\/\/econutri-project.eu\/pl\/wp-json\/wp\/v2\/media?parent=7975"}],"curies":[{"name":"wp","href":"https:\/\/api.w.org\/{rel}","templated":true}]}}