{"id":10606,"date":"2024-01-25T16:09:43","date_gmt":"2024-01-25T14:09:43","guid":{"rendered":"https:\/\/econutri-project.eu\/?page_id=10606"},"modified":"2024-02-07T12:55:55","modified_gmt":"2024-02-07T10:55:55","slug":"uniwersytet-rolniczy-w-atenach-2","status":"publish","type":"page","link":"https:\/\/econutri-project.eu\/pl\/uniwersytet-rolniczy-w-atenach-2\/","title":{"rendered":"SPI"},"content":{"rendered":"<p><div class=\"fusion-fullwidth fullwidth-box fusion-builder-row-1 fusion-flex-container has-pattern-background has-mask-background nonhundred-percent-fullwidth non-hundred-percent-height-scrolling\" style=\"--awb-border-radius-top-left:0px;--awb-border-radius-top-right:0px;--awb-border-radius-bottom-right:0px;--awb-border-radius-bottom-left:0px;--awb-margin-bottom:120px;--awb-margin-bottom-medium:160px;--awb-margin-bottom-small:145px;--awb-flex-wrap:wrap;\" ><div class=\"fusion-builder-row fusion-row fusion-flex-align-items-flex-start fusion-flex-justify-content-center fusion-flex-content-wrap\" style=\"max-width:1310.4px;margin-left: calc(-4% \/ 2 );margin-right: calc(-4% \/ 2 );\"><div class=\"fusion-layout-column fusion_builder_column fusion-builder-column-0 fusion_builder_column_2_3 2_3 fusion-flex-column fusion-animated\" style=\"--awb-bg-size:cover;--awb-width-large:66.666666666667%;--awb-margin-top-large:0px;--awb-spacing-right-large:2.88%;--awb-margin-bottom-large:0px;--awb-spacing-left-large:2.88%;--awb-width-medium:75%;--awb-order-medium:0;--awb-spacing-right-medium:2.56%;--awb-spacing-left-medium:2.56%;--awb-width-small:100%;--awb-order-small:0;--awb-spacing-right-small:1.92%;--awb-spacing-left-small:1.92%;\" data-animationType=\"fadeInDown\" data-animationDuration=\"1.3\" data-animationOffset=\"top-into-view\"><div class=\"fusion-column-wrapper fusion-column-has-shadow fusion-flex-justify-content-center fusion-content-layout-column\"><div class=\"fusion-title title fusion-title-1 fusion-sep-none fusion-title-center fusion-title-text fusion-title-size-two\" style=\"--awb-margin-bottom:35px;\"><h2 class=\"fusion-title-heading title-heading-center\" style=\"margin:0;\">SPI<\/h2><\/div><\/div><\/div><\/div><\/div><div class=\"fusion-fullwidth fullwidth-box fusion-builder-row-2 fusion-flex-container nonhundred-percent-fullwidth non-hundred-percent-height-scrolling\" style=\"--awb-border-radius-top-left:0px;--awb-border-radius-top-right:0px;--awb-border-radius-bottom-right:0px;--awb-border-radius-bottom-left:0px;--awb-flex-wrap:wrap;\" ><div class=\"fusion-builder-row fusion-row fusion-flex-align-items-flex-start fusion-flex-content-wrap\" style=\"max-width:1310.4px;margin-left: calc(-4% \/ 2 );margin-right: calc(-4% \/ 2 );\"><div class=\"fusion-layout-column fusion_builder_column fusion-builder-column-1 fusion_builder_column_1_1 1_1 fusion-flex-column\" style=\"--awb-bg-size:cover;--awb-width-large:100%;--awb-margin-top-large:0px;--awb-spacing-right-large:1.92%;--awb-margin-bottom-large:0px;--awb-spacing-left-large:1.92%;--awb-width-medium:100%;--awb-order-medium:0;--awb-spacing-right-medium:1.92%;--awb-spacing-left-medium:1.92%;--awb-width-small:100%;--awb-order-small:0;--awb-spacing-right-small:1.92%;--awb-spacing-left-small:1.92%;\"><div class=\"fusion-column-wrapper fusion-column-has-shadow fusion-flex-justify-content-flex-start fusion-content-layout-column\"><div class=\"fusion-section-separator section-separator big-half-circle fusion-section-separator-1\" style=\"--awb-spacer-height:150px;--awb-svg-margin-left:1.92%;--awb-svg-margin-right:1.92%;--awb-svg-margin-left-medium:1.92%;--awb-svg-margin-right-medium:1.92%;--awb-svg-margin-left-small:1.92%;--awb-svg-margin-right-small:1.92%;--awb-divider-height:150px;--awb-spacer-padding-top:inherit;--awb-sep-padding:0;--awb-svg-padding:0;\"><div class=\"fusion-section-separator-svg\"><svg class=\"fusion-big-half-circle-candy\" xmlns=\"http:\/\/www.w3.org\/2000\/svg\" version=\"1.1\" width=\"100%\" height=\"100\" viewBox=\"0 0 100 100\" preserveAspectRatio=\"none\" fill=\"rgba(48,181,95,0.05)\"><path d=\"M0 100 C40 0 60 0 100 100 Z\"><\/path><\/svg><\/div><div class=\"fusion-section-separator-spacer\"><div class=\"fusion-section-separator-spacer-height\"><\/div><\/div><\/div><\/div><\/div><\/div><\/div><div class=\"fusion-fullwidth fullwidth-box fusion-builder-row-3 fusion-flex-container has-pattern-background has-mask-background nonhundred-percent-fullwidth non-hundred-percent-height-scrolling\" style=\"--awb-border-radius-top-left:0px;--awb-border-radius-top-right:0px;--awb-border-radius-bottom-right:0px;--awb-border-radius-bottom-left:0px;--awb-padding-bottom:0px;--awb-padding-bottom-small:0px;--awb-margin-bottom-small:0px;--awb-background-image:linear-gradient(180deg, hsla(var(--awb-color5-h),var(--awb-color5-s),var(--awb-color5-l),calc( var(--awb-color5-a) - 95% )) 54%,var(--awb-color1) 100%);--awb-flex-wrap:wrap;\" ><div class=\"fusion-builder-row fusion-row fusion-flex-align-items-stretch fusion-flex-justify-content-center fusion-flex-content-wrap\" style=\"max-width:1310.4px;margin-left: calc(-4% \/ 2 );margin-right: calc(-4% \/ 2 );\"><div class=\"fusion-layout-column fusion_builder_column fusion-builder-column-2 fusion_builder_column_1_1 1_1 fusion-flex-column fusion-animated\" style=\"--awb-padding-top:45px;--awb-padding-right:55px;--awb-padding-bottom:35px;--awb-padding-left:55px;--awb-padding-top-small:40px;--awb-padding-right-small:30px;--awb-padding-bottom-small:40px;--awb-padding-left-small:30px;--awb-overflow:hidden;--awb-bg-color:var(--awb-color1);--awb-bg-color-hover:var(--awb-color1);--awb-bg-size:cover;--awb-box-shadow:0px 2px 6px 0px hsla(var(--awb-color8-h),var(--awb-color8-s),var(--awb-color8-l),calc( var(--awb-color8-a) - 89% ));;--awb-border-radius:12px 12px 12px 12px;--awb-width-large:100%;--awb-margin-top-large:-250px;--awb-spacing-right-large:1.92%;--awb-margin-bottom-large:20px;--awb-spacing-left-large:1.92%;--awb-width-medium:50%;--awb-order-medium:0;--awb-spacing-right-medium:3.84%;--awb-margin-bottom-medium:40px;--awb-spacing-left-medium:3.84%;--awb-width-small:100%;--awb-order-small:0;--awb-spacing-right-small:1.92%;--awb-spacing-left-small:1.92%;\" data-animationType=\"bounceInUp\" data-animationDuration=\"1.0\" data-animationOffset=\"top-into-view\"><div class=\"fusion-column-wrapper fusion-column-has-shadow fusion-flex-justify-content-flex-start fusion-content-layout-column\"><div class=\"fusion-title title fusion-title-2 fusion-sep-none fusion-title-text fusion-title-size-three\"><h3 class=\"fusion-title-heading title-heading-left\" style=\"margin:0;\">SPI wnosi wk\u0142ad do projektu ECONUTRI w WP1 i WP6.<\/h3><\/div><div class=\"fusion-text fusion-text-1\" style=\"--awb-margin-top:40px;\"><p>W Zadaniu 1.4: Dzia\u0142ania klastrowe i wsp\u00f3\u0142praca UE-Chiny, SPI przejmie wiod\u0105c\u0105 rol\u0119 w projekcie ECONUTRI. Obejmuje to grupowanie z innymi finansowanymi projektami w ramach HORIZON-CL6-2022-ZEROPOLLUTION-01-03, a tak\u017ce odpowiednimi projektami H2020\/HEU. Celem jest stworzenie t\u0119tni\u0105cej \u017cyciem spo\u0142eczno\u015bci zajmuj\u0105cej si\u0119 wymian\u0105, przekazywaniem i szkoleniem wiedzy i najlepszych praktyk w tej dziedzinie. Ten wsp\u00f3lny wysi\u0142ek przyczynia si\u0119 r\u00f3wnie\u017c do formu\u0142owania konkretnych zalece\u0144 politycznych.<\/p>\n<p>Aby zacie\u015bni\u0107 wsp\u00f3\u0142prac\u0119, SPI zaanga\u017cuje si\u0119 w inicjatyw\u0119 &#8222;ENRICH in China&#8221;. Plan obejmuje zorganizowanie wsp\u00f3lnego webinarium z udzia\u0142em chi\u0144skich firm rolniczych z sieci &#8222;ENRICH in China&#8221; oraz partner\u00f3w europejskich. To webinarium pos\u0142u\u017cy jako platforma do dzielenia si\u0119 wiedz\u0105 na temat najlepszych praktyk w zakresie zarz\u0105dzania sk\u0142adnikami od\u017cywczymi.<\/p>\n<p>Ponadto utworzona zostanie Grupa Interesariuszy (SHG), w sk\u0142ad kt\u00f3rej wejd\u0105 interesariusze ze \u015brodowisk akademickich, przemys\u0142u i rolnictwa. Grupa ta b\u0119dzie aktywnie wsp\u00f3\u0142pracowa\u0107 z partnerami projektu na wszystkich etapach planowania i wdra\u017cania projektu, optymalizuj\u0105c wyniki, absorpcj\u0119 i wp\u0142yw. SHG zostan\u0105 zaproszeni do udzia\u0142u w dw\u00f3ch konferencjach organizowanych podczas spotka\u0144 projektowych i b\u0119d\u0105 zach\u0119cani do aktywnego udzia\u0142u w rozpowszechnianiu i wykorzystywaniu wynik\u00f3w projektu.<\/p>\n<p>Zesp\u00f3\u0142 SPI aktywnie komunikuje si\u0119 z chi\u0144skimi partnerami projektu, u\u0142atwiaj\u0105c wymian\u0119 informacji zwi\u0105zanych z post\u0119pem projektu, osi\u0105gni\u0119ciami, dzia\u0142aniami i nowo\u015bciami. Ponadto zesp\u00f3\u0142 zapewnia wsparcie chi\u0144skim partnerom w publikowaniu wiadomo\u015bci zwi\u0105zanych z projektem na stronie internetowej i kana\u0142ach medi\u00f3w spo\u0142eczno\u015bciowych, skutecznie wype\u0142niaj\u0105c luk\u0119 mi\u0119dzy Europ\u0105 a Chinami.<\/p>\n<\/div><\/div><\/div><div class=\"fusion-layout-column fusion_builder_column fusion-builder-column-3 fusion_builder_column_1_1 1_1 fusion-flex-column fusion-animated\" style=\"--awb-padding-top:45px;--awb-padding-right:55px;--awb-padding-bottom:35px;--awb-padding-left:55px;--awb-padding-top-small:40px;--awb-padding-right-small:30px;--awb-padding-bottom-small:40px;--awb-padding-left-small:30px;--awb-overflow:hidden;--awb-bg-color:var(--awb-color1);--awb-bg-color-hover:var(--awb-color1);--awb-bg-size:cover;--awb-box-shadow:0px 2px 6px 0px hsla(var(--awb-color8-h),var(--awb-color8-s),var(--awb-color8-l),calc( var(--awb-color8-a) - 89% ));;--awb-border-radius:12px 12px 12px 12px;--awb-width-large:100%;--awb-margin-top-large:0px;--awb-spacing-right-large:1.92%;--awb-margin-bottom-large:20px;--awb-spacing-left-large:1.92%;--awb-width-medium:50%;--awb-order-medium:0;--awb-spacing-right-medium:3.84%;--awb-margin-bottom-medium:40px;--awb-spacing-left-medium:3.84%;--awb-width-small:100%;--awb-order-small:0;--awb-spacing-right-small:1.92%;--awb-spacing-left-small:1.92%;\" data-animationType=\"bounceInUp\" data-animationDuration=\"1.0\" data-animationOffset=\"top-into-view\"><div class=\"fusion-column-wrapper fusion-column-has-shadow fusion-flex-justify-content-flex-start fusion-content-layout-column\"><div class=\"fusion-title title fusion-title-3 fusion-sep-none fusion-title-text fusion-title-size-three\"><h3 class=\"fusion-title-heading title-heading-left\" style=\"margin:0;\">WP6 Zarz\u0105dzanie danymi i analiza na poziomie systemu<br \/>\nZadanie 6.3. Mapowanie polityki, projektowanie kodu i zalecenia<\/h3><\/div><div class=\"fusion-text fusion-text-2\"><p>W tym konkretnym zadaniu nasz zesp\u00f3\u0142 w SPI podj\u0105\u0142 si\u0119 przygotowania i opracowania map polityki maj\u0105cych na celu uzyskanie wgl\u0105du w rozwi\u0105zania oparte na przyrodzie (NBS) i innowacyjne polityki zwi\u0105zane z rolnictwem zar\u00f3wno na terytorium europejskim, jak i chi\u0144skim. Aby rozpocz\u0105\u0107 t\u0119 inicjatyw\u0119, nawi\u0105zali\u015bmy wsp\u00f3\u0142prac\u0119 z NIBIO w celu stworzenia kompleksowej ankiety zaprojektowanej w celu wsparcia systematycznego przegl\u0105du \u015bcie\u017cek wdra\u017cania i integracji NBS (WP6.2). Ponadto badanie to s\u0142u\u017cy jako podstawa do opracowania opcji zarz\u0105dzania i zach\u0119t politycznych (WP6.3) maj\u0105cych na celu promowanie NBS w rolnictwie.<\/p>\n<p>Ankieta zosta\u0142a rozes\u0142ana do wszystkich partner\u00f3w projektu, a jej g\u0142\u00f3wnym celem by\u0142o u\u0142atwienie szczeg\u00f3\u0142owego przegl\u0105du literatury dotycz\u0105cej NBS w rolnictwie dla WP6. Naszym celem jest zach\u0119canie do wsp\u00f3\u0142pracy i wymiany wiedzy, co pozwoli nam sprawdza\u0107, weryfikowa\u0107 i ulepsza\u0107 zebrane informacje. Badanie obejmuje r\u00f3\u017cne aspekty NBS, ze szczeg\u00f3lnym uwzgl\u0119dnieniem praktyk zwi\u0105zanych z rolnictwem. W szczeg\u00f3lno\u015bci badamy \u015brodki maj\u0105ce na celu zmniejszenie strat azotu, fosforu, osad\u00f3w i emisji gaz\u00f3w cieplarnianych w skali krajobrazu i zlewni. Zapytanie to obejmuje szerokie spektrum, w tym mi\u0119dzy innymi produkcj\u0119 roln\u0105, agronomiczn\u0105, mleczarsk\u0105, drobiarsk\u0105 i bydl\u0119c\u0105.<\/p>\n<p>Rozszerzamy t\u0119 sam\u0105 ankiet\u0119 na naszych chi\u0144skich partner\u00f3w, szukaj\u0105c ich cennych spostrze\u017ce\u0144 i perspektyw na NBS w rolnictwie w ich regionie. Wsp\u00f3lny wysi\u0142ek w\u0142o\u017cony w t\u0119 ankiet\u0119 po\u0142o\u017cy podwaliny pod p\u00f3\u017aniejsz\u0105 analiz\u0119 eDelphi i sformu\u0142owanie przysz\u0142ych zalece\u0144 politycznych.<\/p>\n<\/div><\/div><\/div><\/div><\/div><\/p>\n","protected":false},"excerpt":{"rendered":"","protected":false},"author":1,"featured_media":0,"parent":0,"menu_order":0,"comment_status":"closed","ping_status":"closed","template":"100-width.php","meta":{"footnotes":""},"class_list":["post-10606","page","type-page","status-publish","hentry"],"_links":{"self":[{"href":"https:\/\/econutri-project.eu\/pl\/wp-json\/wp\/v2\/pages\/10606"}],"collection":[{"href":"https:\/\/econutri-project.eu\/pl\/wp-json\/wp\/v2\/pages"}],"about":[{"href":"https:\/\/econutri-project.eu\/pl\/wp-json\/wp\/v2\/types\/page"}],"author":[{"embeddable":true,"href":"https:\/\/econutri-project.eu\/pl\/wp-json\/wp\/v2\/users\/1"}],"replies":[{"embeddable":true,"href":"https:\/\/econutri-project.eu\/pl\/wp-json\/wp\/v2\/comments?post=10606"}],"version-history":[{"count":5,"href":"https:\/\/econutri-project.eu\/pl\/wp-json\/wp\/v2\/pages\/10606\/revisions"}],"predecessor-version":[{"id":10928,"href":"https:\/\/econutri-project.eu\/pl\/wp-json\/wp\/v2\/pages\/10606\/revisions\/10928"}],"wp:attachment":[{"href":"https:\/\/econutri-project.eu\/pl\/wp-json\/wp\/v2\/media?parent=10606"}],"curies":[{"name":"wp","href":"https:\/\/api.w.org\/{rel}","templated":true}]}}