{"id":19174,"date":"2025-02-28T18:34:19","date_gmt":"2025-02-28T16:34:19","guid":{"rendered":"https:\/\/econutri-project.eu\/?page_id=19174"},"modified":"2025-02-28T18:39:15","modified_gmt":"2025-02-28T16:39:15","slug":"6-brandenburg-tyskland-atb-p16-2","status":"publish","type":"page","link":"https:\/\/econutri-project.eu\/no\/6-brandenburg-tyskland-atb-p16-2\/","title":{"rendered":"Brandenburg, Tyskland &#8211; ATB &#8211; P16"},"content":{"rendered":"<p><div class=\"fusion-fullwidth fullwidth-box fusion-builder-row-1 fusion-flex-container has-pattern-background has-mask-background nonhundred-percent-fullwidth non-hundred-percent-height-scrolling\" style=\"--awb-border-radius-top-left:0px;--awb-border-radius-top-right:0px;--awb-border-radius-bottom-right:0px;--awb-border-radius-bottom-left:0px;--awb-margin-bottom:120px;--awb-margin-bottom-medium:160px;--awb-margin-bottom-small:145px;--awb-flex-wrap:wrap;\" ><div class=\"fusion-builder-row fusion-row fusion-flex-align-items-flex-start fusion-flex-justify-content-center fusion-flex-content-wrap\" style=\"max-width:1310.4px;margin-left: calc(-4% \/ 2 );margin-right: calc(-4% \/ 2 );\"><div class=\"fusion-layout-column fusion_builder_column fusion-builder-column-0 fusion_builder_column_2_3 2_3 fusion-flex-column fusion-animated\" style=\"--awb-bg-size:cover;--awb-width-large:66.666666666667%;--awb-margin-top-large:0px;--awb-spacing-right-large:2.88%;--awb-margin-bottom-large:0px;--awb-spacing-left-large:2.88%;--awb-width-medium:75%;--awb-order-medium:0;--awb-spacing-right-medium:2.56%;--awb-spacing-left-medium:2.56%;--awb-width-small:100%;--awb-order-small:0;--awb-spacing-right-small:1.92%;--awb-spacing-left-small:1.92%;\" data-animationType=\"fadeInDown\" data-animationDuration=\"1.3\" data-animationOffset=\"top-into-view\"><div class=\"fusion-column-wrapper fusion-column-has-shadow fusion-flex-justify-content-center fusion-content-layout-column\"><div class=\"fusion-title title fusion-title-1 fusion-sep-none fusion-title-center fusion-title-text fusion-title-size-two\" style=\"--awb-margin-bottom:35px;\"><h2 class=\"fusion-title-heading title-heading-center\" style=\"margin:0;\">6. Brandenburg, Tyskland &#8211; ATB &#8211; P16<\/h2><\/div><\/div><\/div><\/div><\/div><div class=\"fusion-fullwidth fullwidth-box fusion-builder-row-2 fusion-flex-container has-pattern-background has-mask-background nonhundred-percent-fullwidth non-hundred-percent-height-scrolling\" style=\"--awb-border-radius-top-left:0px;--awb-border-radius-top-right:0px;--awb-border-radius-bottom-right:0px;--awb-border-radius-bottom-left:0px;--awb-padding-bottom:1px;--awb-flex-wrap:wrap;\" ><div class=\"fusion-builder-row fusion-row fusion-flex-align-items-flex-start fusion-flex-content-wrap\" style=\"max-width:1310.4px;margin-left: calc(-4% \/ 2 );margin-right: calc(-4% \/ 2 );\"><div class=\"fusion-layout-column fusion_builder_column fusion-builder-column-1 fusion_builder_column_1_1 1_1 fusion-flex-column\" style=\"--awb-bg-size:cover;--awb-width-large:100%;--awb-margin-top-large:0px;--awb-spacing-right-large:1.92%;--awb-margin-bottom-large:0px;--awb-spacing-left-large:1.92%;--awb-width-medium:100%;--awb-order-medium:0;--awb-spacing-right-medium:1.92%;--awb-spacing-left-medium:1.92%;--awb-width-small:100%;--awb-order-small:0;--awb-spacing-right-small:1.92%;--awb-spacing-left-small:1.92%;\"><div class=\"fusion-column-wrapper fusion-column-has-shadow fusion-flex-justify-content-flex-start fusion-content-layout-column\"><div class=\"fusion-section-separator section-separator big-half-circle fusion-section-separator-1\" style=\"--awb-spacer-height:150px;--awb-svg-margin-left:1.92%;--awb-svg-margin-right:1.92%;--awb-svg-margin-left-medium:1.92%;--awb-svg-margin-right-medium:1.92%;--awb-svg-margin-left-small:1.92%;--awb-svg-margin-right-small:1.92%;--awb-divider-height:150px;--awb-spacer-padding-top:inherit;--awb-sep-padding:0;--awb-svg-padding:0;\"><div class=\"fusion-section-separator-svg\"><svg class=\"fusion-big-half-circle-candy\" xmlns=\"http:\/\/www.w3.org\/2000\/svg\" version=\"1.1\" width=\"100%\" height=\"100\" viewBox=\"0 0 100 100\" preserveAspectRatio=\"none\" fill=\"rgba(48,181,95,0.05)\"><path d=\"M0 100 C40 0 60 0 100 100 Z\"><\/path><\/svg><\/div><div class=\"fusion-section-separator-spacer\"><div class=\"fusion-section-separator-spacer-height\"><\/div><\/div><\/div><\/div><\/div><\/div><\/div><div id=\"8-Shandong-Senter-\u00d8st-Kina-SVG-P25\" class=\"fusion-container-anchor\"><div class=\"fusion-fullwidth fullwidth-box fusion-builder-row-3 fusion-flex-container has-pattern-background has-mask-background nonhundred-percent-fullwidth non-hundred-percent-height-scrolling\" style=\"--awb-border-radius-top-left:0px;--awb-border-radius-top-right:0px;--awb-border-radius-bottom-right:0px;--awb-border-radius-bottom-left:0px;--awb-padding-bottom:0px;--awb-padding-bottom-small:0px;--awb-margin-bottom-small:0px;--awb-background-color:hsla(var(--awb-color5-h),var(--awb-color5-s),var(--awb-color5-l),calc(var(--awb-color5-a) - 95%));--awb-flex-wrap:wrap;\" ><div class=\"fusion-builder-row fusion-row fusion-flex-align-items-stretch fusion-flex-justify-content-center fusion-flex-content-wrap\" style=\"max-width:1310.4px;margin-left: calc(-4% \/ 2 );margin-right: calc(-4% \/ 2 );\"><div class=\"fusion-layout-column fusion_builder_column fusion-builder-column-2 fusion_builder_column_1_1 1_1 fusion-flex-column fusion-animated\" style=\"--awb-padding-top:45px;--awb-padding-right:55px;--awb-padding-bottom:35px;--awb-padding-left:55px;--awb-padding-top-small:40px;--awb-padding-right-small:30px;--awb-padding-bottom-small:40px;--awb-padding-left-small:30px;--awb-overflow:hidden;--awb-bg-color:var(--awb-color1);--awb-bg-color-hover:var(--awb-color1);--awb-bg-size:cover;--awb-box-shadow:0px 2px 6px 0px hsla(var(--awb-color8-h),var(--awb-color8-s),var(--awb-color8-l),calc( var(--awb-color8-a) - 89% ));;--awb-border-radius:12px 12px 12px 12px;--awb-width-large:100%;--awb-margin-top-large:-250px;--awb-spacing-right-large:1.92%;--awb-margin-bottom-large:20px;--awb-spacing-left-large:1.92%;--awb-width-medium:50%;--awb-order-medium:0;--awb-spacing-right-medium:3.84%;--awb-margin-bottom-medium:40px;--awb-spacing-left-medium:3.84%;--awb-width-small:100%;--awb-order-small:0;--awb-spacing-right-small:1.92%;--awb-spacing-left-small:1.92%;\" data-animationType=\"bounceInUp\" data-animationDuration=\"1.0\" data-animationOffset=\"top-into-view\"><div class=\"fusion-column-wrapper fusion-column-has-shadow fusion-flex-justify-content-flex-start fusion-content-layout-column\"><div class=\"fusion-title title fusion-title-2 fusion-sep-none fusion-title-center fusion-title-text fusion-title-size-three\"><h3 class=\"fusion-title-heading title-heading-center\" style=\"margin:0;\"><strong>Leibniz InnoFarm i Gro\u00df Kreutz, LVAT<\/strong><\/h3><\/div><div class=\"fusion-text fusion-text-1\"><p>Den naturlig ventilerte &laquo;velferdsl\u00e5ven&raquo; er en del av Leibniz Innovation Farm. Den huser 50 melkekyr, har lufteg\u00e5rd og er utstyrt med AMS. Gulvet er h\u00f8vlet, gj\u00f8dsel fjernes i det ene smuget med en automatisk skrape, i det andre smuget med en rengj\u00f8ringsrobot.<\/p>\n<p>Fj\u00f8set har mulighet for m\u00e5lrettet ventilasjon av oppholdssonen for dyrene. Ventilasjonsluften kan kj\u00f8les ned ved behov.<\/p>\n<p>I 2023 m\u00e5lte vi<\/p>\n<ul>\n<li>I sanntid den tidsmessige og romlige fordelingen av innend\u00f8rs luftkvalitetsparametere;<\/li>\n<li>utslippsniv\u00e5er av luftforurensende stoffer basert p\u00e5 overv\u00e5kingsnettverket (OTICE);<\/li>\n<li>stress og helseparametere for dyr<\/li>\n<\/ul>\n<p>I 2023 vil vi<\/p>\n<ul>\n<li>klargjort omr\u00e5det med omfattende instrumentering for m\u00e5ling av bakgrunnsgasskonsentrasjonene<\/li>\n<li>utf\u00f8rt omfattende innledende tester for kvalitetssikring av utslippsm\u00e5linger for referansesystemet for OTICE.<\/li>\n<li>var i forhandlinger med produsenten av ureasehemmeren og andre interessenter om anvendelsen av UI-ordningen.<\/li>\n<li>utviklet en eksperimentell plan for utslippsreduserende eksperimenter med brukergrensesnittet.<\/li>\n<\/ul>\n<p>Fj\u00f8set vil bli utstyrt med ytterligere instrumenter, slik at f\u00f8lgende oppsett vil kunne m\u00e5le kontinuerlig i slutten av 1. kvartal 2024:<\/p>\n<ul>\n<li>20 ultralyd<\/li>\n<li>2 CRDS-spektroskoper<\/li>\n<li>2 FTIR<\/li>\n<li>&gt;20 TH logger<\/li>\n<li>Vindmast med Ultrasonic Anemometer @10m, T, RH, p, Str\u00e5ling<\/li>\n<\/ul>\n<p>I 2024, eksperimenter vedr\u00f8rende<\/p>\n<p>Ureaseinhibitor og fjerning av husdyrgj\u00f8dsel vil finne sted.<\/p>\n<\/div><\/div><\/div><div class=\"fusion-layout-column fusion_builder_column fusion-builder-column-3 fusion_builder_column_1_1 1_1 fusion-flex-column fusion-animated\" style=\"--awb-padding-top:45px;--awb-padding-right:55px;--awb-padding-bottom:35px;--awb-padding-left:55px;--awb-padding-top-small:40px;--awb-padding-right-small:30px;--awb-padding-bottom-small:40px;--awb-padding-left-small:30px;--awb-overflow:hidden;--awb-bg-color:var(--awb-color1);--awb-bg-color-hover:var(--awb-color1);--awb-bg-size:cover;--awb-box-shadow:0px 2px 6px 0px hsla(var(--awb-color8-h),var(--awb-color8-s),var(--awb-color8-l),calc( var(--awb-color8-a) - 89% ));;--awb-border-radius:12px 12px 12px 12px;--awb-width-large:100%;--awb-margin-top-large:0px;--awb-spacing-right-large:1.92%;--awb-margin-bottom-large:20px;--awb-spacing-left-large:1.92%;--awb-width-medium:50%;--awb-order-medium:0;--awb-spacing-right-medium:3.84%;--awb-margin-bottom-medium:40px;--awb-spacing-left-medium:3.84%;--awb-width-small:100%;--awb-order-small:0;--awb-spacing-right-small:1.92%;--awb-spacing-left-small:1.92%;\" data-animationType=\"bounceInUp\" data-animationDuration=\"1.0\" data-animationOffset=\"top-into-view\"><div class=\"fusion-column-wrapper fusion-column-has-shadow fusion-flex-justify-content-flex-start fusion-content-layout-column\"><div class=\"fusion-title title fusion-title-3 fusion-sep-none fusion-title-center fusion-title-text fusion-title-size-three\"><h3 class=\"fusion-title-heading title-heading-center\" style=\"margin:0;\"><strong>Planl\u00f8sning og system for fjerning av gj\u00f8dsel<\/strong><\/h3><\/div><div class=\"fusion-text fusion-text-2\"><p>Figur 1 og 3 viser hver sin skisserte planl\u00f8sning av fj\u00f8set med lufteg\u00e5rd. Vedlagt er ogs\u00e5 en oppm\u00e5lt plantegning av fors\u00f8ksfj\u00f8set (uten lufteg\u00e5rd\/uteomr\u00e5de).<\/p>\n<p>I den \u00f8vre gangveien fjerner en Prinzing-gj\u00f8dselskrape gj\u00f8dsel som g\u00e5r langs hele fj\u00f8sveien. Den nedre gangveien rengj\u00f8res av en Lely Collector (kan tilsettes vann, vannstasjon tilgjengelig). Vi er fortsatt i forhandlinger om \u00e5 utstyre fj\u00f8set med to rengj\u00f8ringsroboter som automatisk bruker brukergrensesnittet.<\/p>\n<\/div><\/div><\/div><\/div><\/div><\/div><div id=\"8-Shandong-Senter-\u00d8st-Kina-SVG-P25\" class=\"fusion-container-anchor\"><div class=\"fusion-fullwidth fullwidth-box fusion-builder-row-4 fusion-flex-container has-pattern-background has-mask-background nonhundred-percent-fullwidth non-hundred-percent-height-scrolling\" style=\"--awb-border-radius-top-left:0px;--awb-border-radius-top-right:0px;--awb-border-radius-bottom-right:0px;--awb-border-radius-bottom-left:0px;--awb-padding-bottom:0px;--awb-padding-bottom-small:0px;--awb-margin-bottom-small:0px;--awb-background-image:linear-gradient(180deg, hsla(var(--awb-color5-h),var(--awb-color5-s),var(--awb-color5-l),calc( var(--awb-color5-a) - 95% )) 54%,var(--awb-color1) 100%);--awb-flex-wrap:wrap;\" ><div class=\"fusion-builder-row fusion-row fusion-flex-align-items-stretch fusion-flex-justify-content-center fusion-flex-content-wrap\" style=\"max-width:1310.4px;margin-left: calc(-4% \/ 2 );margin-right: calc(-4% \/ 2 );\"><div class=\"fusion-layout-column fusion_builder_column fusion-builder-column-4 fusion_builder_column_1_1 1_1 fusion-flex-column fusion-animated\" style=\"--awb-padding-top:45px;--awb-padding-right:55px;--awb-padding-bottom:35px;--awb-padding-left:55px;--awb-padding-top-small:40px;--awb-padding-right-small:30px;--awb-padding-bottom-small:40px;--awb-padding-left-small:30px;--awb-overflow:hidden;--awb-bg-color:var(--awb-color1);--awb-bg-color-hover:var(--awb-color1);--awb-bg-size:cover;--awb-box-shadow:0px 2px 6px 0px hsla(var(--awb-color8-h),var(--awb-color8-s),var(--awb-color8-l),calc( var(--awb-color8-a) - 89% ));;--awb-border-radius:12px 12px 12px 12px;--awb-width-large:100%;--awb-margin-top-large:0px;--awb-spacing-right-large:1.92%;--awb-margin-bottom-large:20px;--awb-spacing-left-large:1.92%;--awb-width-medium:50%;--awb-order-medium:0;--awb-spacing-right-medium:3.84%;--awb-margin-bottom-medium:40px;--awb-spacing-left-medium:3.84%;--awb-width-small:100%;--awb-order-small:0;--awb-spacing-right-small:1.92%;--awb-spacing-left-small:1.92%;\" data-animationType=\"bounceInUp\" data-animationDuration=\"1.0\" data-animationOffset=\"top-into-view\"><div class=\"fusion-column-wrapper fusion-column-has-shadow fusion-flex-justify-content-flex-start fusion-content-layout-column\"><div class=\"fusion-image-element awb-imageframe-style awb-imageframe-style-below awb-imageframe-style-1\" style=\"--awb-caption-text-size:14px;--awb-caption-margin-top:10px;--awb-caption-title-font-family:var(--h2_typography-font-family);--awb-caption-title-font-weight:var(--h2_typography-font-weight);--awb-caption-title-font-style:var(--h2_typography-font-style);--awb-caption-title-size:0px;--awb-caption-title-transform:var(--h2_typography-text-transform);--awb-caption-title-line-height:var(--h2_typography-line-height);--awb-caption-title-letter-spacing:var(--h2_typography-letter-spacing);\"><span class=\" fusion-imageframe imageframe-none imageframe-1 hover-type-none\"><img decoding=\"async\" width=\"1323\" height=\"566\" title=\"Demonstration_Site_ATB-1\" src=\"https:\/\/econutri-project.eu\/wp-content\/uploads\/2023\/11\/Demonstration_Site_ATB-1.jpg\" data-orig-src=\"https:\/\/econutri-project.eu\/wp-content\/uploads\/2023\/11\/Demonstration_Site_ATB-1.jpg\" alt class=\"lazyload img-responsive wp-image-5451\" srcset=\"data:image\/svg+xml,%3Csvg%20xmlns%3D%27http%3A%2F%2Fwww.w3.org%2F2000%2Fsvg%27%20width%3D%271323%27%20height%3D%27566%27%20viewBox%3D%270%200%201323%20566%27%3E%3Crect%20width%3D%271323%27%20height%3D%27566%27%20fill-opacity%3D%220%22%2F%3E%3C%2Fsvg%3E\" data-srcset=\"https:\/\/econutri-project.eu\/wp-content\/uploads\/2023\/11\/Demonstration_Site_ATB-1-200x86.jpg 200w, https:\/\/econutri-project.eu\/wp-content\/uploads\/2023\/11\/Demonstration_Site_ATB-1-400x171.jpg 400w, https:\/\/econutri-project.eu\/wp-content\/uploads\/2023\/11\/Demonstration_Site_ATB-1-600x257.jpg 600w, https:\/\/econutri-project.eu\/wp-content\/uploads\/2023\/11\/Demonstration_Site_ATB-1-800x342.jpg 800w, https:\/\/econutri-project.eu\/wp-content\/uploads\/2023\/11\/Demonstration_Site_ATB-1-1200x513.jpg 1200w, https:\/\/econutri-project.eu\/wp-content\/uploads\/2023\/11\/Demonstration_Site_ATB-1.jpg 1323w\" data-sizes=\"auto\" data-orig-sizes=\"(max-width: 640px) 100vw, 1200px\" \/><\/span><div class=\"awb-imageframe-caption-container\"><div class=\"awb-imageframe-caption\"><h2 class=\"awb-imageframe-caption-title\">Demonstration_Site_ATB-1<\/h2><p class=\"awb-imageframe-caption-text\">Figur 1: Skjematisk fremstilling av melkefj\u00f8set: funksjonsomr\u00e5der, ventilasjonssystem (gr\u00e5 rektangler med hvite ventilasjons\u00e5pninger) og gassoppsamlingslinjer (gule linjer med r\u00f8de kapill\u00e6r\u00e5pninger).<\/p><\/div><\/div><\/div><\/div><\/div><div class=\"fusion-layout-column fusion_builder_column fusion-builder-column-5 fusion_builder_column_1_1 1_1 fusion-flex-column fusion-animated\" style=\"--awb-padding-top:45px;--awb-padding-right:55px;--awb-padding-bottom:35px;--awb-padding-left:55px;--awb-padding-top-small:40px;--awb-padding-right-small:30px;--awb-padding-bottom-small:40px;--awb-padding-left-small:30px;--awb-overflow:hidden;--awb-bg-color:var(--awb-color1);--awb-bg-color-hover:var(--awb-color1);--awb-bg-size:cover;--awb-box-shadow:0px 2px 6px 0px hsla(var(--awb-color8-h),var(--awb-color8-s),var(--awb-color8-l),calc( var(--awb-color8-a) - 89% ));;--awb-border-radius:12px 12px 12px 12px;--awb-width-large:100%;--awb-margin-top-large:0px;--awb-spacing-right-large:1.92%;--awb-margin-bottom-large:20px;--awb-spacing-left-large:1.92%;--awb-width-medium:50%;--awb-order-medium:0;--awb-spacing-right-medium:3.84%;--awb-margin-bottom-medium:40px;--awb-spacing-left-medium:3.84%;--awb-width-small:100%;--awb-order-small:0;--awb-spacing-right-small:1.92%;--awb-spacing-left-small:1.92%;\" data-animationType=\"bounceInUp\" data-animationDuration=\"1.0\" data-animationOffset=\"top-into-view\"><div class=\"fusion-column-wrapper fusion-column-has-shadow fusion-flex-justify-content-flex-start fusion-content-layout-column\"><div class=\"fusion-image-element awb-imageframe-style awb-imageframe-style-below awb-imageframe-style-2\" style=\"--awb-caption-text-size:14px;--awb-caption-margin-top:10px;--awb-caption-title-font-family:var(--h2_typography-font-family);--awb-caption-title-font-weight:var(--h2_typography-font-weight);--awb-caption-title-font-style:var(--h2_typography-font-style);--awb-caption-title-size:0px;--awb-caption-title-transform:var(--h2_typography-text-transform);--awb-caption-title-line-height:var(--h2_typography-line-height);--awb-caption-title-letter-spacing:var(--h2_typography-letter-spacing);\"><span class=\" fusion-imageframe imageframe-none imageframe-2 hover-type-none\"><img decoding=\"async\" width=\"1134\" height=\"674\" title=\"Demonstration_Site_ATB-5\" src=\"https:\/\/econutri-project.eu\/wp-content\/uploads\/2023\/11\/Demonstration_Site_ATB-5.jpg\" data-orig-src=\"https:\/\/econutri-project.eu\/wp-content\/uploads\/2023\/11\/Demonstration_Site_ATB-5.jpg\" alt class=\"lazyload img-responsive wp-image-5461\" srcset=\"data:image\/svg+xml,%3Csvg%20xmlns%3D%27http%3A%2F%2Fwww.w3.org%2F2000%2Fsvg%27%20width%3D%271134%27%20height%3D%27674%27%20viewBox%3D%270%200%201134%20674%27%3E%3Crect%20width%3D%271134%27%20height%3D%27674%27%20fill-opacity%3D%220%22%2F%3E%3C%2Fsvg%3E\" data-srcset=\"https:\/\/econutri-project.eu\/wp-content\/uploads\/2023\/11\/Demonstration_Site_ATB-5-200x119.jpg 200w, https:\/\/econutri-project.eu\/wp-content\/uploads\/2023\/11\/Demonstration_Site_ATB-5-400x238.jpg 400w, https:\/\/econutri-project.eu\/wp-content\/uploads\/2023\/11\/Demonstration_Site_ATB-5-600x357.jpg 600w, https:\/\/econutri-project.eu\/wp-content\/uploads\/2023\/11\/Demonstration_Site_ATB-5-800x475.jpg 800w, https:\/\/econutri-project.eu\/wp-content\/uploads\/2023\/11\/Demonstration_Site_ATB-5.jpg 1134w\" data-sizes=\"auto\" data-orig-sizes=\"(max-width: 640px) 100vw, 1134px\" \/><\/span><div class=\"awb-imageframe-caption-container\" style=\"text-align:center;\"><div class=\"awb-imageframe-caption\"><h2 class=\"awb-imageframe-caption-title\">Demonstration_Site_ATB-5<\/h2><p class=\"awb-imageframe-caption-text\">Figur 2: Utvendig og innvendig visning av melkefj\u00f8set.<\/p><\/div><\/div><\/div><\/div><\/div><\/div><\/div><\/div><\/p>\n","protected":false},"excerpt":{"rendered":"","protected":false},"author":1,"featured_media":0,"parent":0,"menu_order":0,"comment_status":"closed","ping_status":"closed","template":"100-width.php","meta":{"footnotes":""},"class_list":["post-19174","page","type-page","status-publish","hentry"],"_links":{"self":[{"href":"https:\/\/econutri-project.eu\/no\/wp-json\/wp\/v2\/pages\/19174"}],"collection":[{"href":"https:\/\/econutri-project.eu\/no\/wp-json\/wp\/v2\/pages"}],"about":[{"href":"https:\/\/econutri-project.eu\/no\/wp-json\/wp\/v2\/types\/page"}],"author":[{"embeddable":true,"href":"https:\/\/econutri-project.eu\/no\/wp-json\/wp\/v2\/users\/1"}],"replies":[{"embeddable":true,"href":"https:\/\/econutri-project.eu\/no\/wp-json\/wp\/v2\/comments?post=19174"}],"version-history":[{"count":5,"href":"https:\/\/econutri-project.eu\/no\/wp-json\/wp\/v2\/pages\/19174\/revisions"}],"predecessor-version":[{"id":19218,"href":"https:\/\/econutri-project.eu\/no\/wp-json\/wp\/v2\/pages\/19174\/revisions\/19218"}],"wp:attachment":[{"href":"https:\/\/econutri-project.eu\/no\/wp-json\/wp\/v2\/media?parent=19174"}],"curies":[{"name":"wp","href":"https:\/\/api.w.org\/{rel}","templated":true}]}}