{"id":15622,"date":"2024-07-05T13:06:06","date_gmt":"2024-07-05T10:06:06","guid":{"rendered":"https:\/\/econutri-project.eu\/nutrisense-pc-et-spinoff-selskap-grunnlagt-av-aua-teamet\/"},"modified":"2024-07-11T18:58:00","modified_gmt":"2024-07-11T15:58:00","slug":"nutrisense-pc-et-spinoff-selskap-grunnlagt-av-aua-teamet","status":"publish","type":"page","link":"https:\/\/econutri-project.eu\/no\/nutrisense-pc-et-spinoff-selskap-grunnlagt-av-aua-teamet\/","title":{"rendered":"NUTRISENSE PC: Et spinoff-selskap grunnlagt av AUA-teamet"},"content":{"rendered":"<p><div class=\"fusion-fullwidth fullwidth-box fusion-builder-row-1 fusion-flex-container has-pattern-background has-mask-background nonhundred-percent-fullwidth non-hundred-percent-height-scrolling\" style=\"--awb-border-radius-top-left:0px;--awb-border-radius-top-right:0px;--awb-border-radius-bottom-right:0px;--awb-border-radius-bottom-left:0px;--awb-margin-bottom:120px;--awb-margin-bottom-medium:160px;--awb-margin-bottom-small:145px;--awb-flex-wrap:wrap;\" ><div class=\"fusion-builder-row fusion-row fusion-flex-align-items-flex-start fusion-flex-justify-content-center fusion-flex-content-wrap\" style=\"max-width:1310.4px;margin-left: calc(-4% \/ 2 );margin-right: calc(-4% \/ 2 );\"><div class=\"fusion-layout-column fusion_builder_column fusion-builder-column-0 fusion_builder_column_2_3 2_3 fusion-flex-column fusion-animated\" style=\"--awb-bg-size:cover;--awb-width-large:66.666666666667%;--awb-margin-top-large:0px;--awb-spacing-right-large:2.88%;--awb-margin-bottom-large:0px;--awb-spacing-left-large:2.88%;--awb-width-medium:75%;--awb-order-medium:0;--awb-spacing-right-medium:2.56%;--awb-spacing-left-medium:2.56%;--awb-width-small:100%;--awb-order-small:0;--awb-spacing-right-small:1.92%;--awb-spacing-left-small:1.92%;\" data-animationType=\"fadeInDown\" data-animationDuration=\"1.3\" data-animationOffset=\"top-into-view\"><div class=\"fusion-column-wrapper fusion-column-has-shadow fusion-flex-justify-content-center fusion-content-layout-column\"><div class=\"fusion-title title fusion-title-1 fusion-sep-none fusion-title-center fusion-title-text fusion-title-size-two\" style=\"--awb-margin-bottom:35px;\"><h2 class=\"fusion-title-heading title-heading-center\" style=\"margin:0;\">NUTRISENSE PC: Et spinoff-selskap grunnlagt av AUA-teamet<\/h2><\/div><\/div><\/div><\/div><\/div><div class=\"fusion-fullwidth fullwidth-box fusion-builder-row-2 fusion-flex-container has-pattern-background has-mask-background nonhundred-percent-fullwidth non-hundred-percent-height-scrolling\" style=\"--awb-border-radius-top-left:0px;--awb-border-radius-top-right:0px;--awb-border-radius-bottom-right:0px;--awb-border-radius-bottom-left:0px;--awb-flex-wrap:wrap;\" ><div class=\"fusion-builder-row fusion-row fusion-flex-align-items-flex-start fusion-flex-content-wrap\" style=\"max-width:1310.4px;margin-left: calc(-4% \/ 2 );margin-right: calc(-4% \/ 2 );\"><div class=\"fusion-layout-column fusion_builder_column fusion-builder-column-1 fusion_builder_column_1_1 1_1 fusion-flex-column\" style=\"--awb-bg-size:cover;--awb-width-large:100%;--awb-margin-top-large:0px;--awb-spacing-right-large:1.92%;--awb-margin-bottom-large:0px;--awb-spacing-left-large:1.92%;--awb-width-medium:100%;--awb-order-medium:0;--awb-spacing-right-medium:1.92%;--awb-spacing-left-medium:1.92%;--awb-width-small:100%;--awb-order-small:0;--awb-spacing-right-small:1.92%;--awb-spacing-left-small:1.92%;\"><div class=\"fusion-column-wrapper fusion-column-has-shadow fusion-flex-justify-content-flex-start fusion-content-layout-column\"><div class=\"fusion-section-separator section-separator big-half-circle fusion-section-separator-1\" style=\"--awb-spacer-height:150px;--awb-svg-margin-left:1.92%;--awb-svg-margin-right:1.92%;--awb-svg-margin-left-medium:1.92%;--awb-svg-margin-right-medium:1.92%;--awb-svg-margin-left-small:1.92%;--awb-svg-margin-right-small:1.92%;--awb-divider-height:150px;--awb-spacer-padding-top:inherit;--awb-sep-padding:0;--awb-svg-padding:0;\"><div class=\"fusion-section-separator-svg\"><svg class=\"fusion-big-half-circle-candy\" xmlns=\"http:\/\/www.w3.org\/2000\/svg\" version=\"1.1\" width=\"100%\" height=\"100\" viewBox=\"0 0 100 100\" preserveAspectRatio=\"none\" fill=\"rgba(48,181,95,0.05)\"><path d=\"M0 100 C40 0 60 0 100 100 Z\"><\/path><\/svg><\/div><div class=\"fusion-section-separator-spacer\"><div class=\"fusion-section-separator-spacer-height\"><\/div><\/div><\/div><\/div><\/div><\/div><\/div><div class=\"fusion-fullwidth fullwidth-box fusion-builder-row-3 fusion-flex-container has-pattern-background has-mask-background nonhundred-percent-fullwidth non-hundred-percent-height-scrolling\" style=\"--awb-border-radius-top-left:0px;--awb-border-radius-top-right:0px;--awb-border-radius-bottom-right:0px;--awb-border-radius-bottom-left:0px;--awb-padding-bottom:0px;--awb-padding-bottom-small:0px;--awb-margin-bottom-small:0px;--awb-background-color:hsla(var(--awb-color5-h),var(--awb-color5-s),var(--awb-color5-l),calc(var(--awb-color5-a) - 95%));--awb-flex-wrap:wrap;\" ><div class=\"fusion-builder-row fusion-row fusion-flex-align-items-stretch fusion-flex-justify-content-center fusion-flex-content-wrap\" style=\"max-width:1310.4px;margin-left: calc(-4% \/ 2 );margin-right: calc(-4% \/ 2 );\"><div class=\"fusion-layout-column fusion_builder_column fusion-builder-column-2 fusion_builder_column_1_1 1_1 fusion-flex-column fusion-animated\" style=\"--awb-padding-top:45px;--awb-padding-right:55px;--awb-padding-bottom:35px;--awb-padding-left:55px;--awb-padding-top-small:40px;--awb-padding-right-small:30px;--awb-padding-bottom-small:40px;--awb-padding-left-small:30px;--awb-overflow:hidden;--awb-bg-color:var(--awb-color1);--awb-bg-color-hover:var(--awb-color1);--awb-bg-size:cover;--awb-box-shadow:0px 2px 6px 0px hsla(var(--awb-color8-h),var(--awb-color8-s),var(--awb-color8-l),calc( var(--awb-color8-a) - 89% ));;--awb-border-radius:12px 12px 12px 12px;--awb-width-large:100%;--awb-margin-top-large:-250px;--awb-spacing-right-large:1.92%;--awb-margin-bottom-large:20px;--awb-spacing-left-large:1.92%;--awb-width-medium:50%;--awb-order-medium:0;--awb-spacing-right-medium:3.84%;--awb-margin-bottom-medium:40px;--awb-spacing-left-medium:3.84%;--awb-width-small:100%;--awb-order-small:0;--awb-spacing-right-small:1.92%;--awb-spacing-left-small:1.92%;\" data-animationType=\"bounceInUp\" data-animationDuration=\"1.0\" data-animationOffset=\"top-into-view\"><div class=\"fusion-column-wrapper fusion-column-has-shadow fusion-flex-justify-content-flex-start fusion-content-layout-column\"><div class=\"fusion-text fusion-text-1\"><p>Med st\u00f8tte fra ECONUTRI og tidligere forskningsprosjekter har AUA-teamet utviklet et beslutningsst\u00f8ttesystem (DSS) kalt NUTRISENSE for \u00e5 st\u00f8tte b\u00e6rekraftig gj\u00f8dsling, og dermed bidra til \u00e5 redusere n\u00e6ringstap og gj\u00f8dselforbruk i hagebruksvekster, samt til en mer b\u00e6rekraftig forvaltning av vannressurser.<\/p>\n<p>Dette DSS-et ble utviklet ved hjelp av to viktige resultater fra ECONUTRI-prosjektet. Disse KER-ene er i henhold til GA:<\/p>\n<ul>\n<li>NUTRISENSE: avansert versjon tilgjengelig online p\u00e5 abonnementsbasis for \u00e5 optimalisere gj\u00f8dsling (KER2),<\/li>\n<li>Hyperspektrale analysealgoritmer for estimering av n\u00e6ringsbehov (KER3).<\/li>\n<\/ul>\n<p>For \u00e5 utnytte NUTRISENSE kommersielt som profesjonell DDS, grunnla AUA-teamet i ECONUTRI et spinoff-selskap med navnet NUTRISENSE PC (<a href=\"https:\/\/nutrisense.online\">https:\/\/nutrisense.online<\/a>). NUTRISENSE PC ble grunnlagt i januar 2024. For \u00f8yeblikket tilbys de profesjonelle tjenestene til DSS NUTRISENSE via den ovennevnte nettsiden p\u00e5 abonnementsbasis (n\u00e5v\u00e6rende TRL 8).<\/p>\n<\/div><div class=\"fusion-image-element awb-imageframe-style awb-imageframe-style-below awb-imageframe-style-1\" style=\"--awb-caption-text-size:14px;--awb-caption-margin-top:10px;--awb-caption-title-font-family:var(--h2_typography-font-family);--awb-caption-title-font-weight:var(--h2_typography-font-weight);--awb-caption-title-font-style:var(--h2_typography-font-style);--awb-caption-title-size:0px;--awb-caption-title-transform:var(--h2_typography-text-transform);--awb-caption-title-line-height:var(--h2_typography-line-height);--awb-caption-title-letter-spacing:var(--h2_typography-letter-spacing);\"><span class=\" fusion-imageframe imageframe-none imageframe-1 hover-type-none\"><img decoding=\"async\" width=\"1898\" height=\"920\" title=\"nutrisense-website\" src=\"https:\/\/econutri-project.eu\/wp-content\/uploads\/2024\/07\/nutrisense-website.jpg\" data-orig-src=\"https:\/\/econutri-project.eu\/wp-content\/uploads\/2024\/07\/nutrisense-website.jpg\" alt class=\"lazyload img-responsive wp-image-15997\" srcset=\"data:image\/svg+xml,%3Csvg%20xmlns%3D%27http%3A%2F%2Fwww.w3.org%2F2000%2Fsvg%27%20width%3D%271898%27%20height%3D%27920%27%20viewBox%3D%270%200%201898%20920%27%3E%3Crect%20width%3D%271898%27%20height%3D%27920%27%20fill-opacity%3D%220%22%2F%3E%3C%2Fsvg%3E\" data-srcset=\"https:\/\/econutri-project.eu\/wp-content\/uploads\/2024\/07\/nutrisense-website-200x97.jpg 200w, https:\/\/econutri-project.eu\/wp-content\/uploads\/2024\/07\/nutrisense-website-400x194.jpg 400w, https:\/\/econutri-project.eu\/wp-content\/uploads\/2024\/07\/nutrisense-website-600x291.jpg 600w, https:\/\/econutri-project.eu\/wp-content\/uploads\/2024\/07\/nutrisense-website-800x388.jpg 800w, https:\/\/econutri-project.eu\/wp-content\/uploads\/2024\/07\/nutrisense-website-1200x582.jpg 1200w, https:\/\/econutri-project.eu\/wp-content\/uploads\/2024\/07\/nutrisense-website.jpg 1898w\" data-sizes=\"auto\" data-orig-sizes=\"(max-width: 640px) 100vw, 1200px\" \/><\/span><div class=\"awb-imageframe-caption-container\" style=\"text-align:center;\"><div class=\"awb-imageframe-caption\"><h2 class=\"awb-imageframe-caption-title\">nutrisense-website<\/h2><p class=\"awb-imageframe-caption-text\">Fig. 1. Nettsiden til NUTRISENSE PC.  <\/p><\/div><\/div><\/div><\/div><\/div><\/div><\/div><div class=\"fusion-fullwidth fullwidth-box fusion-builder-row-4 fusion-flex-container has-pattern-background has-mask-background nonhundred-percent-fullwidth non-hundred-percent-height-scrolling\" style=\"--awb-border-radius-top-left:0px;--awb-border-radius-top-right:0px;--awb-border-radius-bottom-right:0px;--awb-border-radius-bottom-left:0px;--awb-padding-bottom:0px;--awb-padding-bottom-small:0px;--awb-margin-bottom-small:0px;--awb-background-image:linear-gradient(180deg, hsla(var(--awb-color5-h),var(--awb-color5-s),var(--awb-color5-l),calc( var(--awb-color5-a) - 95% )) 54%,var(--awb-color1) 100%);--awb-flex-wrap:wrap;\" ><div class=\"fusion-builder-row fusion-row fusion-flex-align-items-stretch fusion-flex-justify-content-center fusion-flex-content-wrap\" style=\"max-width:1310.4px;margin-left: calc(-4% \/ 2 );margin-right: calc(-4% \/ 2 );\"><div class=\"fusion-layout-column fusion_builder_column fusion-builder-column-3 fusion_builder_column_1_1 1_1 fusion-flex-column fusion-animated\" style=\"--awb-padding-top:45px;--awb-padding-right:55px;--awb-padding-bottom:35px;--awb-padding-left:55px;--awb-padding-top-small:40px;--awb-padding-right-small:30px;--awb-padding-bottom-small:40px;--awb-padding-left-small:30px;--awb-overflow:hidden;--awb-bg-color:var(--awb-color1);--awb-bg-color-hover:var(--awb-color1);--awb-bg-size:cover;--awb-box-shadow:0px 2px 6px 0px hsla(var(--awb-color8-h),var(--awb-color8-s),var(--awb-color8-l),calc( var(--awb-color8-a) - 89% ));;--awb-border-radius:12px 12px 12px 12px;--awb-width-large:100%;--awb-margin-top-large:0px;--awb-spacing-right-large:1.92%;--awb-margin-bottom-large:20px;--awb-spacing-left-large:1.92%;--awb-width-medium:50%;--awb-order-medium:0;--awb-spacing-right-medium:3.84%;--awb-margin-bottom-medium:40px;--awb-spacing-left-medium:3.84%;--awb-width-small:100%;--awb-order-small:0;--awb-spacing-right-small:1.92%;--awb-spacing-left-small:1.92%;\" data-animationType=\"bounceInUp\" data-animationDuration=\"1.0\" data-animationOffset=\"top-into-view\"><div class=\"fusion-column-wrapper fusion-column-has-shadow fusion-flex-justify-content-flex-start fusion-content-layout-column\"><div class=\"fusion-text fusion-text-2\"><p>Selskapet har allerede over 50 profesjonelle brukere, hovedsakelig fra Hellas, men ogs\u00e5 fra andre land, inkludert Kina, ettersom det er tilgjengelig p\u00e5 tre spr\u00e5k, dvs. engelsk, gresk og kinesisk.<\/p>\n<p>NUTRISENSE DSS best\u00e5r av to versjoner, \u00e9n for jorddyrking (SOIL NUTRISENSE), som er knyttet til KER2, og \u00e9n for jordl\u00f8se dyrkingssystemer (SOILLESS NUTRISENSE), som er knyttet til KER3.<\/p>\n<\/div><div class=\"fusion-image-element awb-imageframe-style awb-imageframe-style-below awb-imageframe-style-2\" style=\"--awb-caption-text-size:14px;--awb-caption-margin-top:10px;--awb-caption-title-font-family:var(--h2_typography-font-family);--awb-caption-title-font-weight:var(--h2_typography-font-weight);--awb-caption-title-font-style:var(--h2_typography-font-style);--awb-caption-title-size:0px;--awb-caption-title-transform:var(--h2_typography-text-transform);--awb-caption-title-line-height:var(--h2_typography-line-height);--awb-caption-title-letter-spacing:var(--h2_typography-letter-spacing);\"><span class=\" fusion-imageframe imageframe-none imageframe-2 hover-type-none\"><img decoding=\"async\" width=\"1134\" height=\"525\" title=\"nutrisense-version\" src=\"https:\/\/econutri-project.eu\/wp-content\/uploads\/2024\/07\/nutrisense-version.jpg\" data-orig-src=\"https:\/\/econutri-project.eu\/wp-content\/uploads\/2024\/07\/nutrisense-version.jpg\" alt class=\"lazyload img-responsive wp-image-15553\" srcset=\"data:image\/svg+xml,%3Csvg%20xmlns%3D%27http%3A%2F%2Fwww.w3.org%2F2000%2Fsvg%27%20width%3D%271134%27%20height%3D%27525%27%20viewBox%3D%270%200%201134%20525%27%3E%3Crect%20width%3D%271134%27%20height%3D%27525%27%20fill-opacity%3D%220%22%2F%3E%3C%2Fsvg%3E\" data-srcset=\"https:\/\/econutri-project.eu\/wp-content\/uploads\/2024\/07\/nutrisense-version-200x93.jpg 200w, https:\/\/econutri-project.eu\/wp-content\/uploads\/2024\/07\/nutrisense-version-400x185.jpg 400w, https:\/\/econutri-project.eu\/wp-content\/uploads\/2024\/07\/nutrisense-version-600x278.jpg 600w, https:\/\/econutri-project.eu\/wp-content\/uploads\/2024\/07\/nutrisense-version-800x370.jpg 800w, https:\/\/econutri-project.eu\/wp-content\/uploads\/2024\/07\/nutrisense-version.jpg 1134w\" data-sizes=\"auto\" data-orig-sizes=\"(max-width: 640px) 100vw, 1134px\" \/><\/span><div class=\"awb-imageframe-caption-container\" style=\"text-align:center;\"><div class=\"awb-imageframe-caption\"><h2 class=\"awb-imageframe-caption-title\">nutrisense-version<\/h2><p class=\"awb-imageframe-caption-text\">Fig. 2. NUTRISENSE DSS. Grensesnittet som brukes av abonnentene p\u00e5 NUTRISENSE DSS for \u00e5 velge mellom SOIL NUTRISENSE og SOILLESS NUTRISENSE.   <\/p><\/div><\/div><\/div><\/div><\/div><div class=\"fusion-layout-column fusion_builder_column fusion-builder-column-4 fusion_builder_column_1_1 1_1 fusion-flex-column fusion-animated\" style=\"--awb-padding-top:45px;--awb-padding-right:55px;--awb-padding-bottom:35px;--awb-padding-left:55px;--awb-padding-top-small:40px;--awb-padding-right-small:30px;--awb-padding-bottom-small:40px;--awb-padding-left-small:30px;--awb-overflow:hidden;--awb-bg-color:var(--awb-color1);--awb-bg-color-hover:var(--awb-color1);--awb-bg-size:cover;--awb-box-shadow:0px 2px 6px 0px hsla(var(--awb-color8-h),var(--awb-color8-s),var(--awb-color8-l),calc( var(--awb-color8-a) - 89% ));;--awb-border-radius:12px 12px 12px 12px;--awb-width-large:100%;--awb-margin-top-large:0px;--awb-spacing-right-large:1.92%;--awb-margin-bottom-large:20px;--awb-spacing-left-large:1.92%;--awb-width-medium:50%;--awb-order-medium:0;--awb-spacing-right-medium:3.84%;--awb-margin-bottom-medium:40px;--awb-spacing-left-medium:3.84%;--awb-width-small:100%;--awb-order-small:0;--awb-spacing-right-small:1.92%;--awb-spacing-left-small:1.92%;\" data-animationType=\"bounceInUp\" data-animationDuration=\"1.0\" data-animationOffset=\"top-into-view\"><div class=\"fusion-column-wrapper fusion-column-has-shadow fusion-flex-justify-content-flex-start fusion-content-layout-column\"><div class=\"fusion-text fusion-text-3\"><p>SOIL NUTRISENSE kan brukes til \u00e5 beregne optimale gj\u00f8dslingsformler for jorddyrkede avlinger som er skreddersydd til avlingenes behov, med utgangspunkt i en jordanalyse og vannets mineralsammensetning. Disse gj\u00f8dslingsanbefalingene kan oppdateres hver gang en ny jordanalyse foreligger.<\/p>\n<p>SOIL NUTRISENSE som DSS er en immateriell rettighet som er utviklet av AUA innenfor rammen av oppgave 3.2 i ECONUTRI (KER1). SOIL NUTRISENSE vil bli ytterligere forbedret og oppgradert under gjennomf\u00f8ringen av ECONUTRI, basert p\u00e5 nye resultater fra prosjektet.<\/p>\n<\/div><div class=\"fusion-image-element awb-imageframe-style awb-imageframe-style-below awb-imageframe-style-3\" style=\"--awb-caption-text-size:14px;--awb-caption-margin-top:10px;--awb-caption-title-font-family:var(--h2_typography-font-family);--awb-caption-title-font-weight:var(--h2_typography-font-weight);--awb-caption-title-font-style:var(--h2_typography-font-style);--awb-caption-title-size:0px;--awb-caption-title-transform:var(--h2_typography-text-transform);--awb-caption-title-line-height:var(--h2_typography-line-height);--awb-caption-title-letter-spacing:var(--h2_typography-letter-spacing);\"><span class=\" fusion-imageframe imageframe-none imageframe-3 hover-type-none\"><img decoding=\"async\" width=\"1134\" height=\"593\" title=\"soil-nutrisense\" src=\"https:\/\/econutri-project.eu\/wp-content\/uploads\/2024\/07\/soil-nutrisense.jpg\" data-orig-src=\"https:\/\/econutri-project.eu\/wp-content\/uploads\/2024\/07\/soil-nutrisense.jpg\" alt class=\"lazyload img-responsive wp-image-15577\" srcset=\"data:image\/svg+xml,%3Csvg%20xmlns%3D%27http%3A%2F%2Fwww.w3.org%2F2000%2Fsvg%27%20width%3D%271134%27%20height%3D%27593%27%20viewBox%3D%270%200%201134%20593%27%3E%3Crect%20width%3D%271134%27%20height%3D%27593%27%20fill-opacity%3D%220%22%2F%3E%3C%2Fsvg%3E\" data-srcset=\"https:\/\/econutri-project.eu\/wp-content\/uploads\/2024\/07\/soil-nutrisense-200x105.jpg 200w, https:\/\/econutri-project.eu\/wp-content\/uploads\/2024\/07\/soil-nutrisense-400x209.jpg 400w, https:\/\/econutri-project.eu\/wp-content\/uploads\/2024\/07\/soil-nutrisense-600x314.jpg 600w, https:\/\/econutri-project.eu\/wp-content\/uploads\/2024\/07\/soil-nutrisense-800x418.jpg 800w, https:\/\/econutri-project.eu\/wp-content\/uploads\/2024\/07\/soil-nutrisense.jpg 1134w\" data-sizes=\"auto\" data-orig-sizes=\"(max-width: 640px) 100vw, 1134px\" \/><\/span><div class=\"awb-imageframe-caption-container\" style=\"text-align:center;\"><div class=\"awb-imageframe-caption\"><h2 class=\"awb-imageframe-caption-title\">soil-nutrisense<\/h2><p class=\"awb-imageframe-caption-text\">Fig. 3. Grensesnitt for SOIL NUTRISENSE, fane for innf\u00f8ring av jordanalysedata.  <\/p><\/div><\/div><\/div><\/div><\/div><div class=\"fusion-layout-column fusion_builder_column fusion-builder-column-5 fusion_builder_column_1_1 1_1 fusion-flex-column fusion-animated\" style=\"--awb-padding-top:45px;--awb-padding-right:55px;--awb-padding-bottom:35px;--awb-padding-left:55px;--awb-padding-top-small:40px;--awb-padding-right-small:30px;--awb-padding-bottom-small:40px;--awb-padding-left-small:30px;--awb-overflow:hidden;--awb-bg-color:var(--awb-color1);--awb-bg-color-hover:var(--awb-color1);--awb-bg-size:cover;--awb-box-shadow:0px 2px 6px 0px hsla(var(--awb-color8-h),var(--awb-color8-s),var(--awb-color8-l),calc( var(--awb-color8-a) - 89% ));;--awb-border-radius:12px 12px 12px 12px;--awb-width-large:100%;--awb-margin-top-large:0px;--awb-spacing-right-large:1.92%;--awb-margin-bottom-large:20px;--awb-spacing-left-large:1.92%;--awb-width-medium:50%;--awb-order-medium:0;--awb-spacing-right-medium:3.84%;--awb-margin-bottom-medium:40px;--awb-spacing-left-medium:3.84%;--awb-width-small:100%;--awb-order-small:0;--awb-spacing-right-small:1.92%;--awb-spacing-left-small:1.92%;\" data-animationType=\"bounceInUp\" data-animationDuration=\"1.0\" data-animationOffset=\"top-into-view\"><div class=\"fusion-column-wrapper fusion-column-has-shadow fusion-flex-justify-content-flex-start fusion-content-layout-column\"><div class=\"fusion-text fusion-text-4\"><p>SOILLESS NUTRISENSE er en versjon av NUTRISENSE DSS som er utviklet for bruk i \u00e5pne og lukkede dyrkingssystemer uten jord. Denne versjonen av NUTRISENSE eksisterte f\u00f8r ECONUTRI ble startet (men kunne ikke utnyttes kommersielt via det private selskapet NUTRISENSE PC) for \u00e5 beregne NS basert p\u00e5 \u00f8nskede egenskaper gitt som m\u00e5lverdier og justere sammensetningen i l\u00f8pet av dyrkingsperioden etter kjemiske analyser av dreneringsl\u00f8sningen (gj\u00f8dslingsavl\u00f8p).<\/p>\n<p>Innenfor rammen av oppgave 3.3 i ECONUTRI utvikles det for tiden et avansert alternativ i SOILLESS NUTRISENSE for automatisk justering av n\u00e6ringstilf\u00f8rselen i lukkede, jordl\u00f8se dyrkingssystemer ved hjelp av data fra ioneselektive elektroder (ISE). Denne versjonen, som er basert p\u00e5 KER3, er ikke kommersielt tilgjengelig enn\u00e5, men planen er \u00e5 utnytte den kommersielt via SOILLESS NUTRISENSE etter \u00e5 ha fullf\u00f8rt pilottester med sikte p\u00e5 \u00e5 validere den i relevante milj\u00f8er.<\/p>\n<\/div><div class=\"fusion-image-element awb-imageframe-style awb-imageframe-style-below awb-imageframe-style-4\" style=\"--awb-caption-text-size:14px;--awb-caption-margin-top:10px;--awb-caption-title-font-family:var(--h2_typography-font-family);--awb-caption-title-font-weight:var(--h2_typography-font-weight);--awb-caption-title-font-style:var(--h2_typography-font-style);--awb-caption-title-size:0px;--awb-caption-title-transform:var(--h2_typography-text-transform);--awb-caption-title-line-height:var(--h2_typography-line-height);--awb-caption-title-letter-spacing:var(--h2_typography-letter-spacing);\"><span class=\" fusion-imageframe imageframe-none imageframe-4 hover-type-none\"><img decoding=\"async\" width=\"1134\" height=\"608\" title=\"soilless-nutrisense\" src=\"https:\/\/econutri-project.eu\/wp-content\/uploads\/2024\/07\/soilless-nutrisense-1.jpg\" data-orig-src=\"https:\/\/econutri-project.eu\/wp-content\/uploads\/2024\/07\/soilless-nutrisense-1.jpg\" alt class=\"lazyload img-responsive wp-image-15588\" srcset=\"data:image\/svg+xml,%3Csvg%20xmlns%3D%27http%3A%2F%2Fwww.w3.org%2F2000%2Fsvg%27%20width%3D%271134%27%20height%3D%27608%27%20viewBox%3D%270%200%201134%20608%27%3E%3Crect%20width%3D%271134%27%20height%3D%27608%27%20fill-opacity%3D%220%22%2F%3E%3C%2Fsvg%3E\" data-srcset=\"https:\/\/econutri-project.eu\/wp-content\/uploads\/2024\/07\/soilless-nutrisense-1-200x107.jpg 200w, https:\/\/econutri-project.eu\/wp-content\/uploads\/2024\/07\/soilless-nutrisense-1-400x214.jpg 400w, https:\/\/econutri-project.eu\/wp-content\/uploads\/2024\/07\/soilless-nutrisense-1-600x322.jpg 600w, https:\/\/econutri-project.eu\/wp-content\/uploads\/2024\/07\/soilless-nutrisense-1-800x429.jpg 800w, https:\/\/econutri-project.eu\/wp-content\/uploads\/2024\/07\/soilless-nutrisense-1.jpg 1134w\" data-sizes=\"auto\" data-orig-sizes=\"(max-width: 640px) 100vw, 1134px\" \/><\/span><div class=\"awb-imageframe-caption-container\" style=\"text-align:center;\"><div class=\"awb-imageframe-caption\"><h2 class=\"awb-imageframe-caption-title\">soilless-nutrisense<\/h2><p class=\"awb-imageframe-caption-text\">Fig. 4. Grensesnittet til SOILLESS NUTRISENSE, fanen &quot;Generelle alternativer&quot;. For \u00e5 arbeide med versjonen som er utviklet for bruk av ioneselektive elektroder, m\u00e5 abonnenten velge &quot;Yes&quot; i alternativet &quot;Working with ISE&quot;.  <\/p><\/div><\/div><\/div><div style=\"text-align:center;\"><a class=\"fusion-button button-flat button-xlarge button-custom fusion-button-default button-1 fusion-button-default-span fusion-button-default-type\" style=\"--button_accent_color:var(--awb-color1);--button_accent_hover_color:var(--awb-color1);--button_border_hover_color:var(--awb-color1);--button_gradient_top_color:var(--awb-color5);--button_gradient_bottom_color:var(--awb-color5);--button_gradient_top_color_hover:var(--awb-color3);--button_gradient_bottom_color_hover:var(--awb-color3);--button_margin-top:40px;\" target=\"_blank\" rel=\"noopener noreferrer\" href=\"https:\/\/nutrisense.online\/\"><span class=\"fusion-button-text awb-button__text awb-button__text--default\">BES\u00d8K NETTSIDEN TIL NUTRISENSE<\/span><\/a><\/div><\/div><\/div><\/div><\/div><\/p>\n","protected":false},"excerpt":{"rendered":"","protected":false},"author":1,"featured_media":0,"parent":0,"menu_order":0,"comment_status":"closed","ping_status":"closed","template":"100-width.php","meta":{"footnotes":""},"class_list":["post-15622","page","type-page","status-publish","hentry"],"_links":{"self":[{"href":"https:\/\/econutri-project.eu\/no\/wp-json\/wp\/v2\/pages\/15622"}],"collection":[{"href":"https:\/\/econutri-project.eu\/no\/wp-json\/wp\/v2\/pages"}],"about":[{"href":"https:\/\/econutri-project.eu\/no\/wp-json\/wp\/v2\/types\/page"}],"author":[{"embeddable":true,"href":"https:\/\/econutri-project.eu\/no\/wp-json\/wp\/v2\/users\/1"}],"replies":[{"embeddable":true,"href":"https:\/\/econutri-project.eu\/no\/wp-json\/wp\/v2\/comments?post=15622"}],"version-history":[{"count":4,"href":"https:\/\/econutri-project.eu\/no\/wp-json\/wp\/v2\/pages\/15622\/revisions"}],"predecessor-version":[{"id":16018,"href":"https:\/\/econutri-project.eu\/no\/wp-json\/wp\/v2\/pages\/15622\/revisions\/16018"}],"wp:attachment":[{"href":"https:\/\/econutri-project.eu\/no\/wp-json\/wp\/v2\/media?parent=15622"}],"curies":[{"name":"wp","href":"https:\/\/api.w.org\/{rel}","templated":true}]}}