{"id":11361,"date":"2023-12-21T11:53:01","date_gmt":"2023-12-21T09:53:01","guid":{"rendered":"https:\/\/econutri-project.eu\/biografi-alberto-pardossi\/"},"modified":"2024-02-07T13:51:09","modified_gmt":"2024-02-07T11:51:09","slug":"biografi-alberto-pardossi","status":"publish","type":"page","link":"https:\/\/econutri-project.eu\/no\/biografi-alberto-pardossi\/","title":{"rendered":"Biografi &#8211; Alberto Pardossi"},"content":{"rendered":"<p><div class=\"fusion-fullwidth fullwidth-box fusion-builder-row-1 fusion-flex-container has-pattern-background has-mask-background nonhundred-percent-fullwidth non-hundred-percent-height-scrolling\" style=\"--awb-border-radius-top-left:0px;--awb-border-radius-top-right:0px;--awb-border-radius-bottom-right:0px;--awb-border-radius-bottom-left:0px;--awb-margin-bottom:120px;--awb-margin-bottom-medium:160px;--awb-margin-bottom-small:145px;--awb-flex-wrap:wrap;\" ><div class=\"fusion-builder-row fusion-row fusion-flex-align-items-flex-start fusion-flex-justify-content-center fusion-flex-content-wrap\" style=\"max-width:1310.4px;margin-left: calc(-4% \/ 2 );margin-right: calc(-4% \/ 2 );\"><div class=\"fusion-layout-column fusion_builder_column fusion-builder-column-0 fusion_builder_column_2_3 2_3 fusion-flex-column fusion-animated\" style=\"--awb-bg-size:cover;--awb-width-large:66.666666666667%;--awb-margin-top-large:0px;--awb-spacing-right-large:2.88%;--awb-margin-bottom-large:0px;--awb-spacing-left-large:2.88%;--awb-width-medium:75%;--awb-order-medium:0;--awb-spacing-right-medium:2.56%;--awb-spacing-left-medium:2.56%;--awb-width-small:100%;--awb-order-small:0;--awb-spacing-right-small:1.92%;--awb-spacing-left-small:1.92%;\" data-animationType=\"fadeInDown\" data-animationDuration=\"1.3\" data-animationOffset=\"top-into-view\"><div class=\"fusion-column-wrapper fusion-column-has-shadow fusion-flex-justify-content-center fusion-content-layout-column\"><div class=\"fusion-title title fusion-title-1 fusion-sep-none fusion-title-center fusion-title-text fusion-title-size-two\" style=\"--awb-margin-bottom:35px;\"><h2 class=\"fusion-title-heading title-heading-center\" style=\"margin:0;\">Biografi &#8211; Alberto Pardossi<\/h2><\/div><\/div><\/div><\/div><\/div><div class=\"fusion-fullwidth fullwidth-box fusion-builder-row-2 fusion-flex-container nonhundred-percent-fullwidth non-hundred-percent-height-scrolling\" style=\"--awb-border-radius-top-left:0px;--awb-border-radius-top-right:0px;--awb-border-radius-bottom-right:0px;--awb-border-radius-bottom-left:0px;--awb-flex-wrap:wrap;\" ><div class=\"fusion-builder-row fusion-row fusion-flex-align-items-flex-start fusion-flex-content-wrap\" style=\"max-width:1310.4px;margin-left: calc(-4% \/ 2 );margin-right: calc(-4% \/ 2 );\"><div class=\"fusion-layout-column fusion_builder_column fusion-builder-column-1 fusion_builder_column_1_1 1_1 fusion-flex-column\" style=\"--awb-bg-size:cover;--awb-width-large:100%;--awb-margin-top-large:0px;--awb-spacing-right-large:1.92%;--awb-margin-bottom-large:0px;--awb-spacing-left-large:1.92%;--awb-width-medium:100%;--awb-order-medium:0;--awb-spacing-right-medium:1.92%;--awb-spacing-left-medium:1.92%;--awb-width-small:100%;--awb-order-small:0;--awb-spacing-right-small:1.92%;--awb-spacing-left-small:1.92%;\"><div class=\"fusion-column-wrapper fusion-column-has-shadow fusion-flex-justify-content-flex-start fusion-content-layout-column\"><div class=\"fusion-section-separator section-separator big-half-circle fusion-section-separator-1\" style=\"--awb-spacer-height:150px;--awb-svg-margin-left:1.92%;--awb-svg-margin-right:1.92%;--awb-svg-margin-left-medium:1.92%;--awb-svg-margin-right-medium:1.92%;--awb-svg-margin-left-small:1.92%;--awb-svg-margin-right-small:1.92%;--awb-divider-height:150px;--awb-spacer-padding-top:inherit;--awb-sep-padding:0;--awb-svg-padding:0;\"><div class=\"fusion-section-separator-svg\"><svg class=\"fusion-big-half-circle-candy\" xmlns=\"http:\/\/www.w3.org\/2000\/svg\" version=\"1.1\" width=\"100%\" height=\"100\" viewBox=\"0 0 100 100\" preserveAspectRatio=\"none\" fill=\"rgba(48,181,95,0.05)\"><path d=\"M0 100 C40 0 60 0 100 100 Z\"><\/path><\/svg><\/div><div class=\"fusion-section-separator-spacer\"><div class=\"fusion-section-separator-spacer-height\"><\/div><\/div><\/div><\/div><\/div><\/div><\/div><div id=\"1-UK-Edinburgh-JHI-P30\" class=\"fusion-container-anchor\"><div class=\"fusion-fullwidth fullwidth-box fusion-builder-row-3 fusion-flex-container has-pattern-background has-mask-background nonhundred-percent-fullwidth non-hundred-percent-height-scrolling\" style=\"--awb-border-radius-top-left:0px;--awb-border-radius-top-right:0px;--awb-border-radius-bottom-right:0px;--awb-border-radius-bottom-left:0px;--awb-padding-bottom:0px;--awb-padding-bottom-small:0px;--awb-margin-bottom-small:0px;--awb-background-image:linear-gradient(180deg, hsla(var(--awb-color5-h),var(--awb-color5-s),var(--awb-color5-l),calc(var(--awb-color5-a) - 95%)) 54%,var(--awb-color1) 100%);--awb-flex-wrap:wrap;\" ><div class=\"fusion-builder-row fusion-row fusion-flex-align-items-stretch fusion-flex-justify-content-center fusion-flex-content-wrap\" style=\"max-width:1310.4px;margin-left: calc(-4% \/ 2 );margin-right: calc(-4% \/ 2 );\"><div class=\"fusion-layout-column fusion_builder_column fusion-builder-column-2 fusion_builder_column_1_1 1_1 fusion-flex-column fusion-animated\" style=\"--awb-padding-top:45px;--awb-padding-right:55px;--awb-padding-bottom:35px;--awb-padding-left:55px;--awb-padding-top-small:40px;--awb-padding-right-small:30px;--awb-padding-bottom-small:40px;--awb-padding-left-small:30px;--awb-overflow:hidden;--awb-bg-color:var(--awb-color1);--awb-bg-color-hover:var(--awb-color1);--awb-bg-size:cover;--awb-box-shadow:0px 2px 6px 0px hsla(var(--awb-color8-h),var(--awb-color8-s),var(--awb-color8-l),calc( var(--awb-color8-a) - 89% ));;--awb-border-radius:12px 12px 12px 12px;--awb-width-large:100%;--awb-margin-top-large:-250px;--awb-spacing-right-large:1.92%;--awb-margin-bottom-large:20px;--awb-spacing-left-large:1.92%;--awb-width-medium:50%;--awb-order-medium:0;--awb-spacing-right-medium:3.84%;--awb-margin-bottom-medium:40px;--awb-spacing-left-medium:3.84%;--awb-width-small:100%;--awb-order-small:0;--awb-spacing-right-small:1.92%;--awb-spacing-left-small:1.92%;\" data-animationType=\"bounceInUp\" data-animationDuration=\"1.0\" data-animationOffset=\"top-into-view\"><div class=\"fusion-column-wrapper fusion-column-has-shadow fusion-flex-justify-content-flex-start fusion-content-layout-column\"><div class=\"fusion-image-element \" style=\"text-align:center;--awb-max-width:300px;--awb-caption-title-font-family:var(--h2_typography-font-family);--awb-caption-title-font-weight:var(--h2_typography-font-weight);--awb-caption-title-font-style:var(--h2_typography-font-style);--awb-caption-title-size:var(--h2_typography-font-size);--awb-caption-title-transform:var(--h2_typography-text-transform);--awb-caption-title-line-height:var(--h2_typography-line-height);--awb-caption-title-letter-spacing:var(--h2_typography-letter-spacing);\"><span class=\" fusion-imageframe imageframe-none imageframe-1 hover-type-none\" style=\"border:1px solid var(--awb-color1);border-radius:50%;\"><img decoding=\"async\" width=\"407\" height=\"407\" title=\"fbt\" src=\"https:\/\/econutri-project.eu\/wp-content\/uploads\/2023\/12\/Alberto-Pardossi.jpg\" data-orig-src=\"https:\/\/econutri-project.eu\/wp-content\/uploads\/2023\/12\/Alberto-Pardossi.jpg\" alt class=\"lazyload img-responsive wp-image-6140\" srcset=\"data:image\/svg+xml,%3Csvg%20xmlns%3D%27http%3A%2F%2Fwww.w3.org%2F2000%2Fsvg%27%20width%3D%27407%27%20height%3D%27407%27%20viewBox%3D%270%200%20407%20407%27%3E%3Crect%20width%3D%27407%27%20height%3D%27407%27%20fill-opacity%3D%220%22%2F%3E%3C%2Fsvg%3E\" data-srcset=\"https:\/\/econutri-project.eu\/wp-content\/uploads\/2023\/12\/Alberto-Pardossi-200x200.jpg 200w, https:\/\/econutri-project.eu\/wp-content\/uploads\/2023\/12\/Alberto-Pardossi-400x400.jpg 400w, https:\/\/econutri-project.eu\/wp-content\/uploads\/2023\/12\/Alberto-Pardossi.jpg 407w\" data-sizes=\"auto\" data-orig-sizes=\"(max-width: 640px) 100vw, 407px\" \/><\/span><\/div><div class=\"fusion-text fusion-text-1\" style=\"--awb-margin-top:30px;\"><p><strong>Alberto Pardossi<\/strong> (f\u00f8dt 1958): Utdannelse i landbruksvitenskap (1983) og doktorgrad i hagebruk (1989) ved universitetet i Pisa. Forskningsassistent ved universitetet i Pisa (1988-1999); f\u00f8rsteamanuensis i gr\u00f8nnsaks- og prydvekster ved universitetet i Milano (1998-2001) og deretter ved universitetet i Pisa (2001-2012); professor i gr\u00f8nnsaks- og prydvekster ved universitetet i Pisa (siden 2012); koordinator for doktorgradsprogrammet i landbruk, mat og milj\u00f8 (2008-2016); direkt\u00f8r for Institutt for landbruk, mat og milj\u00f8 (2016-2020).<\/p>\n<p><strong>N\u00e5v\u00e6rende undervisningsaktiviteter:<\/strong> Basic Principles of Vegetable and Ornamental Crops (BSc in Agricultural Sciences); Artificial Cultivation of Food and Medicinal Plants (MSc in Plant and Microbial Biotechnologies).<\/p>\n<p><strong>Viktigste forskningsinteresser: <\/strong>jordl\u00f8s dyrking i veksthus (inkludert aquaponics) og frilandsgartnerier i containere (vannforhold og mineraln\u00e6ring, substrat, avlingsmodellering), markeds- og ern\u00e6ringsmessig kvalitet p\u00e5 gr\u00f8nnsaker, gr\u00f8nnsaker p\u00e5 friland (mineraln\u00e6ring, vanningsstyring).<\/p>\n<p><strong>Viktigste forskningsprosjekter:  <\/strong>AZORT (nasjonalt prosjekt om nitrogenern\u00e6ring i gr\u00f8nnsaksvekster; prosjektleder; www.azort.it; 2007-2011); FLOWAID (EU-FP6, Optimal vannforvaltning p\u00e5 g\u00e5rdsniv\u00e5: Assistant for Irrigation under Deficit, WP leader; 2006-2009); EUPHOROS &#8211; Efficient Use of Input in Protected Horticulture (EU-FP7; teamleder; 2008-2012); TEAP (2014 FP7 PEOPLE &#8211; International Research Staff Exchange Scheme, &laquo;A Traceability and Early warning system for supply chain of Agricultural Product: complementarities between EU and China&raquo;; teamleder); PRINBoro &#8211; Response to boron in vegetable crops (PRIN 200; prosjektleder); ERBAVOLANT (16.2, PSR 2014-2020 Regione Toscana; prosjektleder; 2020-2021); SIMTAP &#8211; Self-sufficient Integrated Multi-Trophic AquaPonic systems for improving food production sustainability and brackish water use and recycling (PRIMA 2018; prosjektleder; 2019-2022).<\/p>\n<p><strong>Publikasjoner: <\/strong>Mer enn 300 publikasjoner; 163 artikler eller konferansebidrag indeksert i SCOPUS; H-indeks 37.<\/p>\n<p><strong>Liste over de 10 beste artiklene (siden 2019)<\/strong><\/p>\n<p>1. Puccinelli, M., Galati, D., Carmassi, G., Rossi, L., Pardossi, A., Incrocci, L. Bladproduksjon og -kvalitet hos sj\u00f8bete<em>(Beta vulgaris<\/em> subsp. <em>maritima<\/em>) dyrket med saltholdig dreneringsvann fra resirkulerende hydroponiske systemer eller akvakultursystemer. (2023) Scientia Horticulturae, 322, art. nr. 112416. DOi: 10.1016\/j.scienta.2023.1124162. Puccinelli, M., Rosellini, I., Malorgio, F., Pardossi, A., Pezzarossa, B. Iodine biofortification of Swiss chard<em>(Beta vul<\/em> garis ssp. <em>vulgaris<\/em> var. <em>cicla<\/em>) and its wild ancestor sea beet<em>(Beta vul <\/em>garis ssp. vulgaris var. <em>cicla<\/em>).<em>. maritima<\/em>) dyrket hydroponisk som babyblader: effekter p\u00e5 bladproduksjon og kvalitet. (2023) Journal of the Science of Food and Agriculture, 103 (15), s. 7888-7895. DOI=10.1002%2fjsfa.128763. Gava, O., Ant\u00f3n, A., Carmassi, G., Pardossi, A., Incrocci, L., Bartolini, F. Reusing drainage water and substrate to improve the environmental and economic performance of Mediterranean greenhouse cropping (2023) Journal of Cleaner Production, 413, art. nr. 137510. doi=10.1016%2fj.jclepro.2023.1375104. Puccinelli, M., Carmassi, G., Pardossi, A., Incrocci, L. Ville, spiselige plantearter dyrket hydroponisk med dreneringsvann fra avlinger i et middelhavsklima: Avling, bladkvalitet og bruk av vann og n\u00e6ringsstoffer. (2023) Vannforvaltning i landbruket, 282, art. nr. 108275. DOI:10.1016\/j.agwat.2023.1082755. Germano, R.P., Melito, S., Cacini, S., Carmassi, G., Leoni, F., Maggini, R., Montesano, F.F., Pardossi, A., Massa, D. S\u00f8t basilikum kan dyrkes hydroponisk ved lav fosfor- og h\u00f8y natriumkloridkonsentrasjon: Effekt p\u00e5 plante- og n\u00e6ringsl\u00f8sningsh\u00e5ndtering. (2022) Scientia Horticulturae, 304, art. nr. 111324. DOI: 10.1016\/j.scienta.2022.1113246. Puccinelli, M., Landi, M., Maggini, R., Pardossi, A., Incrocci, L. Iodine biofortification of sweet basil and lettuce grown in two hydroponic systems. (2021) Scientia Horticulturae, 276, art. nr. 109783. DOI=10.1016%2fj.scienta.2020.1097837. Incrocci, L., Carmassi, G., Maggini, R., Poli, C., Saidov, D., Tamburini, C., Kiferle, C., Perata, P., Pardossi, A. Iodine Accumulation and Tolerance in Sweet Basil<em>(Ocimum basilicum<\/em>).  L.) med gr\u00f8nne eller lilla blader dyrket i flytende systemteknikk. (2019) Frontiers in Plant Science, 10, art. nr. 1494. DOI=10.3389%2ffpls.2019.014948. Moles, T.M., de Brito Francisco, R., Mariotti, L., Pompeiano, A., Lupini, A., Incrocci, L., Carmassi, G., Scartazza, A., Pistelli, L., Guglielminetti, L., Pardossi, A., Sunseri, F., H\u00f6rtensteiner, S., Santelia, D. Salinity in Autumn-Winter Season and Fruit Quality of Tomato Landraces. (2019) Frontiers in Plant Science, 10, art. nr. 1078. DOI=10.3389%2ffpls.2019.010789. Incrocci, L., Marzialetti, P., Incrocci, G., Di Vita, A., Balendonck, J., Bibbiani, C., Spagnol, S., Pardossi, A. Sensorbasert styring av containerbarnehageavlinger vannet med ferskvann eller saltvann. (2019) Agricultural Water Management, 213, s. 49-61. DOI=10.1016%2fj.agwat.2018.09.054Lucchesini, M., Pacifici, S., Maggini, R., Pardossi, A., Mensuali Sodi, A. A novel microfloating culture system for the in vitro rooting of  <em>Echinacea angustifolia<\/em> D.C.: fotosyntetisk ytelse og produksjon av koffeinsyrederivater. (2019) Plant Cell, Tissue and Organ Culture, 136 (1), s. 123-132. DOI=10.1007%2fs11240-018-1498-2<\/p>\n<\/div><\/div><\/div><\/div><\/div><\/div><\/p>\n","protected":false},"excerpt":{"rendered":"","protected":false},"author":1,"featured_media":0,"parent":0,"menu_order":0,"comment_status":"closed","ping_status":"closed","template":"100-width.php","meta":{"footnotes":""},"class_list":["post-11361","page","type-page","status-publish","hentry"],"_links":{"self":[{"href":"https:\/\/econutri-project.eu\/no\/wp-json\/wp\/v2\/pages\/11361"}],"collection":[{"href":"https:\/\/econutri-project.eu\/no\/wp-json\/wp\/v2\/pages"}],"about":[{"href":"https:\/\/econutri-project.eu\/no\/wp-json\/wp\/v2\/types\/page"}],"author":[{"embeddable":true,"href":"https:\/\/econutri-project.eu\/no\/wp-json\/wp\/v2\/users\/1"}],"replies":[{"embeddable":true,"href":"https:\/\/econutri-project.eu\/no\/wp-json\/wp\/v2\/comments?post=11361"}],"version-history":[{"count":2,"href":"https:\/\/econutri-project.eu\/no\/wp-json\/wp\/v2\/pages\/11361\/revisions"}],"predecessor-version":[{"id":11363,"href":"https:\/\/econutri-project.eu\/no\/wp-json\/wp\/v2\/pages\/11361\/revisions\/11363"}],"wp:attachment":[{"href":"https:\/\/econutri-project.eu\/no\/wp-json\/wp\/v2\/media?parent=11361"}],"curies":[{"name":"wp","href":"https:\/\/api.w.org\/{rel}","templated":true}]}}