{"id":11349,"date":"2024-01-25T16:09:43","date_gmt":"2024-01-25T14:09:43","guid":{"rendered":"https:\/\/econutri-project.eu\/spi\/"},"modified":"2024-02-07T13:51:13","modified_gmt":"2024-02-07T11:51:13","slug":"spi","status":"publish","type":"page","link":"https:\/\/econutri-project.eu\/no\/spi\/","title":{"rendered":"SPI"},"content":{"rendered":"<p><div class=\"fusion-fullwidth fullwidth-box fusion-builder-row-1 fusion-flex-container has-pattern-background has-mask-background nonhundred-percent-fullwidth non-hundred-percent-height-scrolling\" style=\"--awb-border-radius-top-left:0px;--awb-border-radius-top-right:0px;--awb-border-radius-bottom-right:0px;--awb-border-radius-bottom-left:0px;--awb-margin-bottom:120px;--awb-margin-bottom-medium:160px;--awb-margin-bottom-small:145px;--awb-flex-wrap:wrap;\" ><div class=\"fusion-builder-row fusion-row fusion-flex-align-items-flex-start fusion-flex-justify-content-center fusion-flex-content-wrap\" style=\"max-width:1310.4px;margin-left: calc(-4% \/ 2 );margin-right: calc(-4% \/ 2 );\"><div class=\"fusion-layout-column fusion_builder_column fusion-builder-column-0 fusion_builder_column_2_3 2_3 fusion-flex-column fusion-animated\" style=\"--awb-bg-size:cover;--awb-width-large:66.666666666667%;--awb-margin-top-large:0px;--awb-spacing-right-large:2.88%;--awb-margin-bottom-large:0px;--awb-spacing-left-large:2.88%;--awb-width-medium:75%;--awb-order-medium:0;--awb-spacing-right-medium:2.56%;--awb-spacing-left-medium:2.56%;--awb-width-small:100%;--awb-order-small:0;--awb-spacing-right-small:1.92%;--awb-spacing-left-small:1.92%;\" data-animationType=\"fadeInDown\" data-animationDuration=\"1.3\" data-animationOffset=\"top-into-view\"><div class=\"fusion-column-wrapper fusion-column-has-shadow fusion-flex-justify-content-center fusion-content-layout-column\"><div class=\"fusion-title title fusion-title-1 fusion-sep-none fusion-title-center fusion-title-text fusion-title-size-two\" style=\"--awb-margin-bottom:35px;\"><h2 class=\"fusion-title-heading title-heading-center\" style=\"margin:0;\">SPI<\/h2><\/div><\/div><\/div><\/div><\/div><div class=\"fusion-fullwidth fullwidth-box fusion-builder-row-2 fusion-flex-container nonhundred-percent-fullwidth non-hundred-percent-height-scrolling\" style=\"--awb-border-radius-top-left:0px;--awb-border-radius-top-right:0px;--awb-border-radius-bottom-right:0px;--awb-border-radius-bottom-left:0px;--awb-flex-wrap:wrap;\" ><div class=\"fusion-builder-row fusion-row fusion-flex-align-items-flex-start fusion-flex-content-wrap\" style=\"max-width:1310.4px;margin-left: calc(-4% \/ 2 );margin-right: calc(-4% \/ 2 );\"><div class=\"fusion-layout-column fusion_builder_column fusion-builder-column-1 fusion_builder_column_1_1 1_1 fusion-flex-column\" style=\"--awb-bg-size:cover;--awb-width-large:100%;--awb-margin-top-large:0px;--awb-spacing-right-large:1.92%;--awb-margin-bottom-large:0px;--awb-spacing-left-large:1.92%;--awb-width-medium:100%;--awb-order-medium:0;--awb-spacing-right-medium:1.92%;--awb-spacing-left-medium:1.92%;--awb-width-small:100%;--awb-order-small:0;--awb-spacing-right-small:1.92%;--awb-spacing-left-small:1.92%;\"><div class=\"fusion-column-wrapper fusion-column-has-shadow fusion-flex-justify-content-flex-start fusion-content-layout-column\"><div class=\"fusion-section-separator section-separator big-half-circle fusion-section-separator-1\" style=\"--awb-spacer-height:150px;--awb-svg-margin-left:1.92%;--awb-svg-margin-right:1.92%;--awb-svg-margin-left-medium:1.92%;--awb-svg-margin-right-medium:1.92%;--awb-svg-margin-left-small:1.92%;--awb-svg-margin-right-small:1.92%;--awb-divider-height:150px;--awb-spacer-padding-top:inherit;--awb-sep-padding:0;--awb-svg-padding:0;\"><div class=\"fusion-section-separator-svg\"><svg class=\"fusion-big-half-circle-candy\" xmlns=\"http:\/\/www.w3.org\/2000\/svg\" version=\"1.1\" width=\"100%\" height=\"100\" viewBox=\"0 0 100 100\" preserveAspectRatio=\"none\" fill=\"rgba(48,181,95,0.05)\"><path d=\"M0 100 C40 0 60 0 100 100 Z\"><\/path><\/svg><\/div><div class=\"fusion-section-separator-spacer\"><div class=\"fusion-section-separator-spacer-height\"><\/div><\/div><\/div><\/div><\/div><\/div><\/div><div class=\"fusion-fullwidth fullwidth-box fusion-builder-row-3 fusion-flex-container has-pattern-background has-mask-background nonhundred-percent-fullwidth non-hundred-percent-height-scrolling\" style=\"--awb-border-radius-top-left:0px;--awb-border-radius-top-right:0px;--awb-border-radius-bottom-right:0px;--awb-border-radius-bottom-left:0px;--awb-padding-bottom:0px;--awb-padding-bottom-small:0px;--awb-margin-bottom-small:0px;--awb-background-image:linear-gradient(180deg, hsla(var(--awb-color5-h),var(--awb-color5-s),var(--awb-color5-l),calc( var(--awb-color5-a) - 95% )) 54%,var(--awb-color1) 100%);--awb-flex-wrap:wrap;\" ><div class=\"fusion-builder-row fusion-row fusion-flex-align-items-stretch fusion-flex-justify-content-center fusion-flex-content-wrap\" style=\"max-width:1310.4px;margin-left: calc(-4% \/ 2 );margin-right: calc(-4% \/ 2 );\"><div class=\"fusion-layout-column fusion_builder_column fusion-builder-column-2 fusion_builder_column_1_1 1_1 fusion-flex-column fusion-animated\" style=\"--awb-padding-top:45px;--awb-padding-right:55px;--awb-padding-bottom:35px;--awb-padding-left:55px;--awb-padding-top-small:40px;--awb-padding-right-small:30px;--awb-padding-bottom-small:40px;--awb-padding-left-small:30px;--awb-overflow:hidden;--awb-bg-color:var(--awb-color1);--awb-bg-color-hover:var(--awb-color1);--awb-bg-size:cover;--awb-box-shadow:0px 2px 6px 0px hsla(var(--awb-color8-h),var(--awb-color8-s),var(--awb-color8-l),calc( var(--awb-color8-a) - 89% ));;--awb-border-radius:12px 12px 12px 12px;--awb-width-large:100%;--awb-margin-top-large:-250px;--awb-spacing-right-large:1.92%;--awb-margin-bottom-large:20px;--awb-spacing-left-large:1.92%;--awb-width-medium:50%;--awb-order-medium:0;--awb-spacing-right-medium:3.84%;--awb-margin-bottom-medium:40px;--awb-spacing-left-medium:3.84%;--awb-width-small:100%;--awb-order-small:0;--awb-spacing-right-small:1.92%;--awb-spacing-left-small:1.92%;\" data-animationType=\"bounceInUp\" data-animationDuration=\"1.0\" data-animationOffset=\"top-into-view\"><div class=\"fusion-column-wrapper fusion-column-has-shadow fusion-flex-justify-content-flex-start fusion-content-layout-column\"><div class=\"fusion-title title fusion-title-2 fusion-sep-none fusion-title-text fusion-title-size-three\"><h3 class=\"fusion-title-heading title-heading-left\" style=\"margin:0;\">SPI bidrar til ECONUTRI-prosjektet i WP1 og WP6.<\/h3><\/div><div class=\"fusion-text fusion-text-1\" style=\"--awb-margin-top:40px;\"><p>I oppgave 1.4: Klyngeaktiviteter og samarbeid mellom EU og Kina vil SPI lede ECONUTRI-prosjektet. Dette inneb\u00e6rer klyngedannelse med andre finansierte prosjekter under HORIZON-CL6-2022-ZEROPOLLUTION-01-03, samt relevante H2020\/HEU-prosjekter. M\u00e5let er \u00e5 etablere et levende fellesskap for utveksling, overf\u00f8ring og oppl\u00e6ring av kunnskap og beste praksis p\u00e5 omr\u00e5det. Dette samarbeidet bidrar ogs\u00e5 til \u00e5 formulere konkrete politiske anbefalinger.<\/p>\n<p>For \u00e5 styrke samarbeidet vil SPI engasjere seg i initiativet &laquo;ENRICH in China&raquo;. Planen omfatter blant annet et felles webinar som involverer kinesiske landbruksbedrifter fra &laquo;ENRICH in China&raquo;-nettverket sammen med europeiske partnere. Dette webinaret vil fungere som en plattform for \u00e5 dele kunnskap om beste praksis innen n\u00e6ringsstoffforvaltning.<\/p>\n<p>I tillegg skal det opprettes en interessentgruppe (SHG) best\u00e5ende av akt\u00f8rer fra akademia, industri og landbruk. Denne gruppen vil samarbeide aktivt med prosjektpartnerne gjennom hele planleggings- og gjennomf\u00f8ringsfasen for \u00e5 optimalisere resultatene, oppslutningen og effekten. SHG vil bli invitert til \u00e5 delta p\u00e5 to konferanser som arrangeres i forbindelse med prosjektm\u00f8tene, og vil bli oppfordret til \u00e5 bidra aktivt til formidling og utnyttelse av prosjektresultatene.<\/p>\n<p>SPI-teamet kommuniserer aktivt med de kinesiske partnerne i prosjektet og utveksler informasjon om prosjektets fremdrift, resultater, aktiviteter og nyheter. I tillegg hjelper teamet de kinesiske motpartene med \u00e5 publisere prosjektrelaterte nyheter p\u00e5 nettstedet og i sosiale medier, noe som effektivt bygger bro mellom Europa og Kina.<\/p>\n<\/div><\/div><\/div><div class=\"fusion-layout-column fusion_builder_column fusion-builder-column-3 fusion_builder_column_1_1 1_1 fusion-flex-column fusion-animated\" style=\"--awb-padding-top:45px;--awb-padding-right:55px;--awb-padding-bottom:35px;--awb-padding-left:55px;--awb-padding-top-small:40px;--awb-padding-right-small:30px;--awb-padding-bottom-small:40px;--awb-padding-left-small:30px;--awb-overflow:hidden;--awb-bg-color:var(--awb-color1);--awb-bg-color-hover:var(--awb-color1);--awb-bg-size:cover;--awb-box-shadow:0px 2px 6px 0px hsla(var(--awb-color8-h),var(--awb-color8-s),var(--awb-color8-l),calc( var(--awb-color8-a) - 89% ));;--awb-border-radius:12px 12px 12px 12px;--awb-width-large:100%;--awb-margin-top-large:0px;--awb-spacing-right-large:1.92%;--awb-margin-bottom-large:20px;--awb-spacing-left-large:1.92%;--awb-width-medium:50%;--awb-order-medium:0;--awb-spacing-right-medium:3.84%;--awb-margin-bottom-medium:40px;--awb-spacing-left-medium:3.84%;--awb-width-small:100%;--awb-order-small:0;--awb-spacing-right-small:1.92%;--awb-spacing-left-small:1.92%;\" data-animationType=\"bounceInUp\" data-animationDuration=\"1.0\" data-animationOffset=\"top-into-view\"><div class=\"fusion-column-wrapper fusion-column-has-shadow fusion-flex-justify-content-flex-start fusion-content-layout-column\"><div class=\"fusion-title title fusion-title-3 fusion-sep-none fusion-title-text fusion-title-size-three\"><h3 class=\"fusion-title-heading title-heading-left\" style=\"margin:0;\">WP6 Datah\u00e5ndtering og analyse p\u00e5 systemniv\u00e5<br \/>\nOppgave 6.3. Politikkartlegging, meddesign og anbefalinger<\/h3><\/div><div class=\"fusion-text fusion-text-2\"><p>I forbindelse med denne spesifikke oppgaven har teamet v\u00e5rt ved SPI tatt p\u00e5 seg ansvaret for \u00e5 utarbeide og utvikle en politisk kartlegging med sikte p\u00e5 \u00e5 f\u00e5 innsikt i naturbaserte l\u00f8sninger (NBS) og innovativ landbrukspolitikk i b\u00e5de Europa og Kina. For \u00e5 sette i gang dette initiativet har vi inng\u00e5tt et samarbeid med NIBIO om \u00e5 utarbeide en omfattende sp\u00f8rreunders\u00f8kelse som skal st\u00f8tte den systematiske gjennomgangen av NBS-implementering og -integrering (WP6.2). I tillegg danner denne unders\u00f8kelsen grunnlaget for utviklingen av styringsalternativer og politiske insentiver (WP6.3) som skal fremme NBS i landbruket.<\/p>\n<p>Unders\u00f8kelsen har blitt distribuert til alle prosjektpartnerne med det prim\u00e6re m\u00e5let \u00e5 legge til rette for en grundig landspesifikk litteraturgjennomgang av NBS i landbruket for WP6. M\u00e5let v\u00e5rt er \u00e5 oppmuntre til samarbeid og kunnskapsutveksling, slik at vi kan kontrollere, validere og forbedre den innsamlede informasjonen. Unders\u00f8kelsen omfatter ulike aspekter av NBS, med fokus p\u00e5 landbruksrelaterte praksiser. N\u00e6rmere bestemt unders\u00f8ker vi tiltak som tar sikte p\u00e5 \u00e5 redusere tap av nitrogen, fosfor, sedimenter og klimagassutslipp p\u00e5 landskaps- og nedb\u00f8rsfeltniv\u00e5. Denne henvendelsen omfatter et bredt spekter, inkludert, men ikke begrenset til, landbruk, agronomi, melkeproduksjon, fj\u00f8rfe- og storfeproduksjon.<\/p>\n<p>Vi utvider den samme unders\u00f8kelsen til v\u00e5re kinesiske partnere for \u00e5 f\u00e5 deres verdifulle innsikt og perspektiver p\u00e5 NBS i landbruket i deres region. Samarbeidet i denne unders\u00f8kelsen vil legge grunnlaget for den p\u00e5f\u00f8lgende eDelphi-analysen og utformingen av fremtidige policyanbefalinger.<\/p>\n<\/div><\/div><\/div><\/div><\/div><\/p>\n","protected":false},"excerpt":{"rendered":"","protected":false},"author":1,"featured_media":0,"parent":0,"menu_order":0,"comment_status":"closed","ping_status":"closed","template":"100-width.php","meta":{"footnotes":""},"class_list":["post-11349","page","type-page","status-publish","hentry"],"_links":{"self":[{"href":"https:\/\/econutri-project.eu\/no\/wp-json\/wp\/v2\/pages\/11349"}],"collection":[{"href":"https:\/\/econutri-project.eu\/no\/wp-json\/wp\/v2\/pages"}],"about":[{"href":"https:\/\/econutri-project.eu\/no\/wp-json\/wp\/v2\/types\/page"}],"author":[{"embeddable":true,"href":"https:\/\/econutri-project.eu\/no\/wp-json\/wp\/v2\/users\/1"}],"replies":[{"embeddable":true,"href":"https:\/\/econutri-project.eu\/no\/wp-json\/wp\/v2\/comments?post=11349"}],"version-history":[{"count":4,"href":"https:\/\/econutri-project.eu\/no\/wp-json\/wp\/v2\/pages\/11349\/revisions"}],"predecessor-version":[{"id":11367,"href":"https:\/\/econutri-project.eu\/no\/wp-json\/wp\/v2\/pages\/11349\/revisions\/11367"}],"wp:attachment":[{"href":"https:\/\/econutri-project.eu\/no\/wp-json\/wp\/v2\/media?parent=11349"}],"curies":[{"name":"wp","href":"https:\/\/api.w.org\/{rel}","templated":true}]}}