{"id":11335,"date":"2023-10-10T14:22:47","date_gmt":"2023-10-10T11:22:47","guid":{"rendered":"https:\/\/econutri-project.eu\/leibniz-instituttet-for-gronnsaker-og-prydvekster-igz-e-v\/"},"modified":"2024-02-07T13:50:41","modified_gmt":"2024-02-07T11:50:41","slug":"leibniz-instituttet-for-gronnsaker-og-prydvekster-igz-e-v","status":"publish","type":"page","link":"https:\/\/econutri-project.eu\/no\/leibniz-instituttet-for-gronnsaker-og-prydvekster-igz-e-v\/","title":{"rendered":"LEIBNIZ-INSTITUTTET FOR GR\u00d8NNSAKER OG PRYDVEKSTER (IGZ) E.V."},"content":{"rendered":"<p><div class=\"fusion-fullwidth fullwidth-box fusion-builder-row-1 fusion-flex-container has-pattern-background has-mask-background nonhundred-percent-fullwidth non-hundred-percent-height-scrolling\" style=\"--awb-border-radius-top-left:0px;--awb-border-radius-top-right:0px;--awb-border-radius-bottom-right:0px;--awb-border-radius-bottom-left:0px;--awb-margin-bottom:120px;--awb-margin-bottom-medium:160px;--awb-margin-bottom-small:145px;--awb-flex-wrap:wrap;\" ><div class=\"fusion-builder-row fusion-row fusion-flex-align-items-flex-start fusion-flex-justify-content-center fusion-flex-content-wrap\" style=\"max-width:1310.4px;margin-left: calc(-4% \/ 2 );margin-right: calc(-4% \/ 2 );\"><div class=\"fusion-layout-column fusion_builder_column fusion-builder-column-0 fusion_builder_column_2_3 2_3 fusion-flex-column fusion-animated\" style=\"--awb-bg-size:cover;--awb-width-large:66.666666666667%;--awb-margin-top-large:0px;--awb-spacing-right-large:2.88%;--awb-margin-bottom-large:0px;--awb-spacing-left-large:2.88%;--awb-width-medium:75%;--awb-order-medium:0;--awb-spacing-right-medium:2.56%;--awb-spacing-left-medium:2.56%;--awb-width-small:100%;--awb-order-small:0;--awb-spacing-right-small:1.92%;--awb-spacing-left-small:1.92%;\" data-animationType=\"fadeInDown\" data-animationDuration=\"1.3\" data-animationOffset=\"top-into-view\"><div class=\"fusion-column-wrapper fusion-column-has-shadow fusion-flex-justify-content-center fusion-content-layout-column\"><div class=\"fusion-title title fusion-title-1 fusion-sep-none fusion-title-center fusion-title-text fusion-title-size-two\" style=\"--awb-margin-bottom:35px;\"><h2 class=\"fusion-title-heading title-heading-center\" style=\"margin:0;\">LEIBNIZ-INSTITUTTET FOR GR\u00d8NNSAKER OG PRYDVEKSTER (IGZ) E.V.<\/h2><\/div><\/div><\/div><\/div><\/div><div class=\"fusion-fullwidth fullwidth-box fusion-builder-row-2 fusion-flex-container nonhundred-percent-fullwidth non-hundred-percent-height-scrolling\" style=\"--awb-border-radius-top-left:0px;--awb-border-radius-top-right:0px;--awb-border-radius-bottom-right:0px;--awb-border-radius-bottom-left:0px;--awb-flex-wrap:wrap;\" ><div class=\"fusion-builder-row fusion-row fusion-flex-align-items-flex-start fusion-flex-content-wrap\" style=\"max-width:1310.4px;margin-left: calc(-4% \/ 2 );margin-right: calc(-4% \/ 2 );\"><div class=\"fusion-layout-column fusion_builder_column fusion-builder-column-1 fusion_builder_column_1_1 1_1 fusion-flex-column\" style=\"--awb-bg-size:cover;--awb-width-large:100%;--awb-margin-top-large:0px;--awb-spacing-right-large:1.92%;--awb-margin-bottom-large:0px;--awb-spacing-left-large:1.92%;--awb-width-medium:100%;--awb-order-medium:0;--awb-spacing-right-medium:1.92%;--awb-spacing-left-medium:1.92%;--awb-width-small:100%;--awb-order-small:0;--awb-spacing-right-small:1.92%;--awb-spacing-left-small:1.92%;\"><div class=\"fusion-column-wrapper fusion-column-has-shadow fusion-flex-justify-content-flex-start fusion-content-layout-column\"><div class=\"fusion-section-separator section-separator big-half-circle fusion-section-separator-1\" style=\"--awb-spacer-height:150px;--awb-svg-margin-left:1.92%;--awb-svg-margin-right:1.92%;--awb-svg-margin-left-medium:1.92%;--awb-svg-margin-right-medium:1.92%;--awb-svg-margin-left-small:1.92%;--awb-svg-margin-right-small:1.92%;--awb-divider-height:150px;--awb-spacer-padding-top:inherit;--awb-sep-padding:0;--awb-svg-padding:0;\"><div class=\"fusion-section-separator-svg\"><svg class=\"fusion-big-half-circle-candy\" xmlns=\"http:\/\/www.w3.org\/2000\/svg\" version=\"1.1\" width=\"100%\" height=\"100\" viewBox=\"0 0 100 100\" preserveAspectRatio=\"none\" fill=\"rgba(48,181,95,0.05)\"><path d=\"M0 100 C40 0 60 0 100 100 Z\"><\/path><\/svg><\/div><div class=\"fusion-section-separator-spacer\"><div class=\"fusion-section-separator-spacer-height\"><\/div><\/div><\/div><\/div><\/div><\/div><\/div><div class=\"fusion-fullwidth fullwidth-box fusion-builder-row-3 fusion-flex-container has-pattern-background has-mask-background nonhundred-percent-fullwidth non-hundred-percent-height-scrolling\" style=\"--awb-border-radius-top-left:0px;--awb-border-radius-top-right:0px;--awb-border-radius-bottom-right:0px;--awb-border-radius-bottom-left:0px;--awb-padding-bottom:0px;--awb-padding-bottom-small:0px;--awb-margin-bottom-small:0px;--awb-background-image:linear-gradient(180deg, hsla(var(--awb-color5-h),var(--awb-color5-s),var(--awb-color5-l),calc( var(--awb-color5-a) - 95% )) 54%,var(--awb-color1) 100%);--awb-flex-wrap:wrap;\" ><div class=\"fusion-builder-row fusion-row fusion-flex-align-items-stretch fusion-flex-justify-content-center fusion-flex-content-wrap\" style=\"max-width:1310.4px;margin-left: calc(-4% \/ 2 );margin-right: calc(-4% \/ 2 );\"><div class=\"fusion-layout-column fusion_builder_column fusion-builder-column-2 fusion_builder_column_1_1 1_1 fusion-flex-column fusion-animated\" style=\"--awb-padding-top:45px;--awb-padding-right:55px;--awb-padding-bottom:35px;--awb-padding-left:55px;--awb-padding-top-small:40px;--awb-padding-right-small:30px;--awb-padding-bottom-small:40px;--awb-padding-left-small:30px;--awb-overflow:hidden;--awb-bg-color:var(--awb-color1);--awb-bg-color-hover:var(--awb-color1);--awb-bg-size:cover;--awb-box-shadow:0px 2px 6px 0px hsla(var(--awb-color8-h),var(--awb-color8-s),var(--awb-color8-l),calc( var(--awb-color8-a) - 89% ));;--awb-border-radius:12px 12px 12px 12px;--awb-width-large:100%;--awb-margin-top-large:-250px;--awb-spacing-right-large:1.92%;--awb-margin-bottom-large:20px;--awb-spacing-left-large:1.92%;--awb-width-medium:50%;--awb-order-medium:0;--awb-spacing-right-medium:3.84%;--awb-margin-bottom-medium:40px;--awb-spacing-left-medium:3.84%;--awb-width-small:100%;--awb-order-small:0;--awb-spacing-right-small:1.92%;--awb-spacing-left-small:1.92%;\" data-animationType=\"bounceInUp\" data-animationDuration=\"1.0\" data-animationOffset=\"top-into-view\"><div class=\"fusion-column-wrapper fusion-column-has-shadow fusion-flex-justify-content-flex-start fusion-content-layout-column\"><div class=\"fusion-image-element \" style=\"text-align:center;--awb-caption-title-font-family:var(--h2_typography-font-family);--awb-caption-title-font-weight:var(--h2_typography-font-weight);--awb-caption-title-font-style:var(--h2_typography-font-style);--awb-caption-title-size:var(--h2_typography-font-size);--awb-caption-title-transform:var(--h2_typography-text-transform);--awb-caption-title-line-height:var(--h2_typography-line-height);--awb-caption-title-letter-spacing:var(--h2_typography-letter-spacing);\"><span class=\" fusion-imageframe imageframe-none imageframe-1 hover-type-none\"><img decoding=\"async\" width=\"1562\" height=\"587\" title=\"LEIBNIZ INSTITUTE FOR VEGETABLE AND ORNAMENTAL CROPS (IGZ)\" src=\"https:\/\/econutri-project.eu\/wp-content\/uploads\/2023\/10\/LEIBNIZ-INSTITUTE-FOR-VEGETABLE-AND-ORNAMENTAL-CROPS-IGZ.jpg\" data-orig-src=\"https:\/\/econutri-project.eu\/wp-content\/uploads\/2023\/10\/LEIBNIZ-INSTITUTE-FOR-VEGETABLE-AND-ORNAMENTAL-CROPS-IGZ.jpg\" alt class=\"lazyload img-responsive wp-image-4681\" srcset=\"data:image\/svg+xml,%3Csvg%20xmlns%3D%27http%3A%2F%2Fwww.w3.org%2F2000%2Fsvg%27%20width%3D%271562%27%20height%3D%27587%27%20viewBox%3D%270%200%201562%20587%27%3E%3Crect%20width%3D%271562%27%20height%3D%27587%27%20fill-opacity%3D%220%22%2F%3E%3C%2Fsvg%3E\" data-srcset=\"https:\/\/econutri-project.eu\/wp-content\/uploads\/2023\/10\/LEIBNIZ-INSTITUTE-FOR-VEGETABLE-AND-ORNAMENTAL-CROPS-IGZ-200x75.jpg 200w, https:\/\/econutri-project.eu\/wp-content\/uploads\/2023\/10\/LEIBNIZ-INSTITUTE-FOR-VEGETABLE-AND-ORNAMENTAL-CROPS-IGZ-400x150.jpg 400w, https:\/\/econutri-project.eu\/wp-content\/uploads\/2023\/10\/LEIBNIZ-INSTITUTE-FOR-VEGETABLE-AND-ORNAMENTAL-CROPS-IGZ-600x225.jpg 600w, https:\/\/econutri-project.eu\/wp-content\/uploads\/2023\/10\/LEIBNIZ-INSTITUTE-FOR-VEGETABLE-AND-ORNAMENTAL-CROPS-IGZ-800x301.jpg 800w, https:\/\/econutri-project.eu\/wp-content\/uploads\/2023\/10\/LEIBNIZ-INSTITUTE-FOR-VEGETABLE-AND-ORNAMENTAL-CROPS-IGZ-1200x451.jpg 1200w, https:\/\/econutri-project.eu\/wp-content\/uploads\/2023\/10\/LEIBNIZ-INSTITUTE-FOR-VEGETABLE-AND-ORNAMENTAL-CROPS-IGZ.jpg 1562w\" data-sizes=\"auto\" data-orig-sizes=\"(max-width: 640px) 100vw, 1200px\" \/><\/span><\/div><div class=\"fusion-text fusion-text-1\" style=\"--awb-margin-top:40px;\"><p>I avdelingen for &laquo;Controlled Environment Horticultural Systems&raquo; (HORTSYS-IGZ) utvikler vi modellbasert overv\u00e5king ved hjelp av systemmodellering og sensorteknologi med sikte p\u00e5 ressursoptimalisert produksjon. Vi bruker forskningen v\u00e5r til milj\u00f8kontroll og ressursbevaring i veksthus og kontrollerte milj\u00f8er.<\/p>\n<p>HORTSYS-IGZ deltar i ECONUTRI-prosjektet i:<\/p>\n<ul>\n<li><strong>WP5 Milj\u00f8p\u00e5virkninger, livssyklusanalyse og sosio\u00f8konomiske aspekter<\/strong> som WP-leder<\/li>\n<li><strong>WP5.1 Systemmodellering og milj\u00f8vurdering<\/strong> som ansvarlig for Subtask<\/li>\n<li><strong>WP2, WP3 og WP4<\/strong> som samarbeidspartnere for modellering av utvalgte innovasjoner.<\/li>\n<\/ul>\n<p>IGZs hovedoppgave er \u00e5 utvikle massebalanser og mekanistiske modeller for \u00e5 forutsi hvordan n\u00e6ringsstofftapet vil reduseres under ulike scenarier med fire ulike tekniske innovasjoner innen landbrukssektoren. I tillegg samarbeider IGZ med landbruksuniversitetet i Athen, Hellas<a href=\"https:\/\/www2.aua.gr\/en\">(AUA<\/a>) og Environmental Social Science Research Group, Ungarn<a href=\"https:\/\/www.essrg.hu\/en\/\">(ESSRG<\/a>), for \u00e5 gjennomf\u00f8re livssyklus- og sosio\u00f8konomiske vurderinger.<\/p>\n<\/div><\/div><\/div><div class=\"fusion-layout-column fusion_builder_column fusion-builder-column-3 fusion_builder_column_1_1 1_1 fusion-flex-column fusion-animated\" style=\"--awb-padding-top:45px;--awb-padding-right:55px;--awb-padding-bottom:35px;--awb-padding-left:55px;--awb-padding-top-small:40px;--awb-padding-right-small:30px;--awb-padding-bottom-small:40px;--awb-padding-left-small:30px;--awb-overflow:hidden;--awb-bg-color:var(--awb-color1);--awb-bg-color-hover:var(--awb-color1);--awb-bg-size:cover;--awb-box-shadow:0px 2px 6px 0px hsla(var(--awb-color8-h),var(--awb-color8-s),var(--awb-color8-l),calc( var(--awb-color8-a) - 89% ));;--awb-border-radius:12px 12px 12px 12px;--awb-width-large:100%;--awb-margin-top-large:0px;--awb-spacing-right-large:1.92%;--awb-margin-bottom-large:20px;--awb-spacing-left-large:1.92%;--awb-width-medium:50%;--awb-order-medium:0;--awb-spacing-right-medium:3.84%;--awb-margin-bottom-medium:40px;--awb-spacing-left-medium:3.84%;--awb-width-small:100%;--awb-order-small:0;--awb-spacing-right-small:1.92%;--awb-spacing-left-small:1.92%;\" data-animationType=\"bounceInUp\" data-animationDuration=\"1.0\" data-animationOffset=\"top-into-view\"><div class=\"fusion-column-wrapper fusion-column-has-shadow fusion-flex-justify-content-flex-start fusion-content-layout-column\"><div class=\"fusion-image-element \" style=\"text-align:center;--awb-caption-title-font-family:var(--h2_typography-font-family);--awb-caption-title-font-weight:var(--h2_typography-font-weight);--awb-caption-title-font-style:var(--h2_typography-font-style);--awb-caption-title-size:var(--h2_typography-font-size);--awb-caption-title-transform:var(--h2_typography-text-transform);--awb-caption-title-line-height:var(--h2_typography-line-height);--awb-caption-title-letter-spacing:var(--h2_typography-letter-spacing);\"><span class=\" fusion-imageframe imageframe-none imageframe-2 hover-type-none\"><img decoding=\"async\" width=\"1000\" height=\"751\" title=\"LEIBNIZ-INSTITUTE-FOR-VEGETABLE-AND-ORNAMENTAL-CROPS-(IGZ)-1\" src=\"https:\/\/econutri-project.eu\/wp-content\/uploads\/2023\/10\/LEIBNIZ-INSTITUTE-FOR-VEGETABLE-AND-ORNAMENTAL-CROPS-IGZ-1.jpg\" data-orig-src=\"https:\/\/econutri-project.eu\/wp-content\/uploads\/2023\/10\/LEIBNIZ-INSTITUTE-FOR-VEGETABLE-AND-ORNAMENTAL-CROPS-IGZ-1.jpg\" alt class=\"lazyload img-responsive wp-image-4711\" srcset=\"data:image\/svg+xml,%3Csvg%20xmlns%3D%27http%3A%2F%2Fwww.w3.org%2F2000%2Fsvg%27%20width%3D%271000%27%20height%3D%27751%27%20viewBox%3D%270%200%201000%20751%27%3E%3Crect%20width%3D%271000%27%20height%3D%27751%27%20fill-opacity%3D%220%22%2F%3E%3C%2Fsvg%3E\" data-srcset=\"https:\/\/econutri-project.eu\/wp-content\/uploads\/2023\/10\/LEIBNIZ-INSTITUTE-FOR-VEGETABLE-AND-ORNAMENTAL-CROPS-IGZ-1-200x150.jpg 200w, https:\/\/econutri-project.eu\/wp-content\/uploads\/2023\/10\/LEIBNIZ-INSTITUTE-FOR-VEGETABLE-AND-ORNAMENTAL-CROPS-IGZ-1-400x300.jpg 400w, https:\/\/econutri-project.eu\/wp-content\/uploads\/2023\/10\/LEIBNIZ-INSTITUTE-FOR-VEGETABLE-AND-ORNAMENTAL-CROPS-IGZ-1-600x451.jpg 600w, https:\/\/econutri-project.eu\/wp-content\/uploads\/2023\/10\/LEIBNIZ-INSTITUTE-FOR-VEGETABLE-AND-ORNAMENTAL-CROPS-IGZ-1-800x601.jpg 800w, https:\/\/econutri-project.eu\/wp-content\/uploads\/2023\/10\/LEIBNIZ-INSTITUTE-FOR-VEGETABLE-AND-ORNAMENTAL-CROPS-IGZ-1.jpg 1000w\" data-sizes=\"auto\" data-orig-sizes=\"(max-width: 640px) 100vw, 1000px\" \/><\/span><\/div><\/div><\/div><div class=\"fusion-layout-column fusion_builder_column fusion-builder-column-4 fusion_builder_column_1_1 1_1 fusion-flex-column fusion-animated\" style=\"--awb-padding-top:45px;--awb-padding-right:55px;--awb-padding-bottom:35px;--awb-padding-left:55px;--awb-padding-top-small:40px;--awb-padding-right-small:30px;--awb-padding-bottom-small:40px;--awb-padding-left-small:30px;--awb-overflow:hidden;--awb-bg-color:var(--awb-color1);--awb-bg-color-hover:var(--awb-color1);--awb-bg-size:cover;--awb-box-shadow:0px 2px 6px 0px hsla(var(--awb-color8-h),var(--awb-color8-s),var(--awb-color8-l),calc( var(--awb-color8-a) - 89% ));;--awb-border-radius:12px 12px 12px 12px;--awb-width-large:100%;--awb-margin-top-large:0px;--awb-spacing-right-large:1.92%;--awb-margin-bottom-large:20px;--awb-spacing-left-large:1.92%;--awb-width-medium:50%;--awb-order-medium:0;--awb-spacing-right-medium:3.84%;--awb-margin-bottom-medium:40px;--awb-spacing-left-medium:3.84%;--awb-width-small:100%;--awb-order-small:0;--awb-spacing-right-small:1.92%;--awb-spacing-left-small:1.92%;\" data-animationType=\"bounceInUp\" data-animationDuration=\"1.0\" data-animationOffset=\"top-into-view\"><div class=\"fusion-column-wrapper fusion-column-has-shadow fusion-flex-justify-content-flex-start fusion-content-layout-column\"><div class=\"fusion-text fusion-text-2\" style=\"--awb-margin-top:40px;\"><p>Disse innovasjonene er:<\/p>\n<ul>\n<li>Teknologier for gjenvinning av n\u00e6ringsstoffer fra organisk avfall fra de italienske partnerne Universit\u00e0 degli Studi di Torino<a href=\"https:\/\/en.disafa.unito.it\/do\/home.pl\/View?doc=\/research\/research_lines\/research_lines.html\">(UNITO<\/a>) og biogassanlegget Wipptal <a href=\"https:\/\/www.biwi.it\/en\/\">BiWi<\/a>.<\/li>\n<li>Sanntidsm\u00e5ling med ioneselektive elektroder (ISE) for \u00e5 maksimere resirkulering av n\u00e6ringsstoffer i jordl\u00f8s dyrking, utf\u00f8rt av de to greske partnerinstitusjonene Agricultural University of Athens (<a href=\"https:\/\/www2.aua.gr\/en\">AUA<\/a>) og <a href=\"https:\/\/nutrisense.online\/?avia_forced_reroute=1\">Nutrisense<\/a>, som har utviklet programvaren for beslutningsst\u00f8ttesystemet.<\/li>\n<li>Cascade hydroponics, et jordl\u00f8st dyrkingssystem for gjenbruk av drenering, ved Universitetet i Thessalia<a href=\"http:\/\/agr.uth.gr\/en\/?page_id=68\">(UTH<\/a>).<\/li>\n<li>Innovativ behandling av bakteriestammer med nedbrytningsegenskaper for organisk materiale, for bedre kompostering og gjenvinning av fosfor, jern og andre n\u00e6ringsstoffer, ved Universidade de Tras-os-Montes e Alto Douro<a href=\"https:\/\/www.utad.pt\/en\/university\/\">(UTAD<\/a>) i Portugal og Instytut ogrodnictwa &#8211; Panstwowy Instytut Badawczy<a href=\"https:\/\/www.inhort.pl\/\">(InHort<\/a>) i Polen.<\/li>\n<\/ul>\n<p>I l\u00f8pet av prosjektet vil de utvalgte EcoNutri-innovasjonene bli vurdert ut fra f\u00f8lgende kriterier:<\/p>\n<ul>\n<li>Reduksjon av n\u00e6ringsstofftap fra gj\u00f8dsel og planterester<\/li>\n<li>Reduksjon av vannforurensning for\u00e5rsaket av nitrat- og fosforutvasking og avrenning fra dyrket jord.<\/li>\n<li>Forbedring av effektiviteten i n\u00e6ringsstoffutnyttelsen i jordl\u00f8se systemer<\/li>\n<li>Reduksjon av klimagass- og ammoniakkutslipp fra organisk biomasse under lagring, kompostering og spredning p\u00e5 jorda<\/li>\n<li>Milj\u00f8prestasjoner<\/li>\n<li>Forbrukernes vilje til \u00e5 akseptere innovativ landbruksproduksjon<\/li>\n<\/ul>\n<\/div><\/div><\/div><div class=\"fusion-layout-column fusion_builder_column fusion-builder-column-5 fusion_builder_column_1_1 1_1 fusion-flex-column fusion-animated\" style=\"--awb-padding-top:45px;--awb-padding-right:55px;--awb-padding-bottom:35px;--awb-padding-left:55px;--awb-padding-top-small:40px;--awb-padding-right-small:30px;--awb-padding-bottom-small:40px;--awb-padding-left-small:30px;--awb-overflow:hidden;--awb-bg-color:var(--awb-color1);--awb-bg-color-hover:var(--awb-color1);--awb-bg-size:cover;--awb-box-shadow:0px 2px 6px 0px hsla(var(--awb-color8-h),var(--awb-color8-s),var(--awb-color8-l),calc( var(--awb-color8-a) - 89% ));;--awb-border-radius:12px 12px 12px 12px;--awb-width-large:100%;--awb-margin-top-large:0px;--awb-spacing-right-large:1.92%;--awb-margin-bottom-large:20px;--awb-spacing-left-large:1.92%;--awb-width-medium:50%;--awb-order-medium:0;--awb-spacing-right-medium:3.84%;--awb-margin-bottom-medium:40px;--awb-spacing-left-medium:3.84%;--awb-width-small:100%;--awb-order-small:0;--awb-spacing-right-small:1.92%;--awb-spacing-left-small:1.92%;\" data-animationType=\"bounceInUp\" data-animationDuration=\"1.0\" data-animationOffset=\"top-into-view\"><div class=\"fusion-column-wrapper fusion-column-has-shadow fusion-flex-justify-content-flex-start fusion-content-layout-column\"><div class=\"fusion-image-element \" style=\"text-align:center;--awb-caption-title-font-family:var(--h2_typography-font-family);--awb-caption-title-font-weight:var(--h2_typography-font-weight);--awb-caption-title-font-style:var(--h2_typography-font-style);--awb-caption-title-size:var(--h2_typography-font-size);--awb-caption-title-transform:var(--h2_typography-text-transform);--awb-caption-title-line-height:var(--h2_typography-line-height);--awb-caption-title-letter-spacing:var(--h2_typography-letter-spacing);\"><span class=\" fusion-imageframe imageframe-none imageframe-3 hover-type-none\"><img decoding=\"async\" width=\"1920\" height=\"479\" title=\"LEIBNIZ-INSTITUTE-FOR-VEGETABLE-AND-ORNAMENTAL-CROPS-(IGZ)-2\" src=\"https:\/\/econutri-project.eu\/wp-content\/uploads\/2023\/10\/LEIBNIZ-INSTITUTE-FOR-VEGETABLE-AND-ORNAMENTAL-CROPS-IGZ-2.jpg\" data-orig-src=\"https:\/\/econutri-project.eu\/wp-content\/uploads\/2023\/10\/LEIBNIZ-INSTITUTE-FOR-VEGETABLE-AND-ORNAMENTAL-CROPS-IGZ-2.jpg\" alt class=\"lazyload img-responsive wp-image-4701\" srcset=\"data:image\/svg+xml,%3Csvg%20xmlns%3D%27http%3A%2F%2Fwww.w3.org%2F2000%2Fsvg%27%20width%3D%271920%27%20height%3D%27479%27%20viewBox%3D%270%200%201920%20479%27%3E%3Crect%20width%3D%271920%27%20height%3D%27479%27%20fill-opacity%3D%220%22%2F%3E%3C%2Fsvg%3E\" data-srcset=\"https:\/\/econutri-project.eu\/wp-content\/uploads\/2023\/10\/LEIBNIZ-INSTITUTE-FOR-VEGETABLE-AND-ORNAMENTAL-CROPS-IGZ-2-200x50.jpg 200w, https:\/\/econutri-project.eu\/wp-content\/uploads\/2023\/10\/LEIBNIZ-INSTITUTE-FOR-VEGETABLE-AND-ORNAMENTAL-CROPS-IGZ-2-400x100.jpg 400w, https:\/\/econutri-project.eu\/wp-content\/uploads\/2023\/10\/LEIBNIZ-INSTITUTE-FOR-VEGETABLE-AND-ORNAMENTAL-CROPS-IGZ-2-600x150.jpg 600w, https:\/\/econutri-project.eu\/wp-content\/uploads\/2023\/10\/LEIBNIZ-INSTITUTE-FOR-VEGETABLE-AND-ORNAMENTAL-CROPS-IGZ-2-800x200.jpg 800w, https:\/\/econutri-project.eu\/wp-content\/uploads\/2023\/10\/LEIBNIZ-INSTITUTE-FOR-VEGETABLE-AND-ORNAMENTAL-CROPS-IGZ-2-1200x299.jpg 1200w, https:\/\/econutri-project.eu\/wp-content\/uploads\/2023\/10\/LEIBNIZ-INSTITUTE-FOR-VEGETABLE-AND-ORNAMENTAL-CROPS-IGZ-2.jpg 1920w\" data-sizes=\"auto\" data-orig-sizes=\"(max-width: 640px) 100vw, 1200px\" \/><\/span><\/div><\/div><\/div><div class=\"fusion-layout-column fusion_builder_column fusion-builder-column-6 fusion_builder_column_1_1 1_1 fusion-flex-column fusion-animated\" style=\"--awb-padding-top:45px;--awb-padding-right:55px;--awb-padding-bottom:35px;--awb-padding-left:55px;--awb-padding-top-small:40px;--awb-padding-right-small:30px;--awb-padding-bottom-small:40px;--awb-padding-left-small:30px;--awb-overflow:hidden;--awb-bg-color:var(--awb-color1);--awb-bg-color-hover:var(--awb-color1);--awb-bg-size:cover;--awb-box-shadow:0px 2px 6px 0px hsla(var(--awb-color8-h),var(--awb-color8-s),var(--awb-color8-l),calc( var(--awb-color8-a) - 89% ));;--awb-border-radius:12px 12px 12px 12px;--awb-width-large:100%;--awb-margin-top-large:0px;--awb-spacing-right-large:1.92%;--awb-margin-bottom-large:20px;--awb-spacing-left-large:1.92%;--awb-width-medium:50%;--awb-order-medium:0;--awb-spacing-right-medium:3.84%;--awb-margin-bottom-medium:40px;--awb-spacing-left-medium:3.84%;--awb-width-small:100%;--awb-order-small:0;--awb-spacing-right-small:1.92%;--awb-spacing-left-small:1.92%;\" data-animationType=\"bounceInUp\" data-animationDuration=\"1.0\" data-animationOffset=\"top-into-view\"><div class=\"fusion-column-wrapper fusion-column-has-shadow fusion-flex-justify-content-flex-start fusion-content-layout-column\"><div class=\"fusion-image-element \" style=\"text-align:center;--awb-caption-title-font-family:var(--h2_typography-font-family);--awb-caption-title-font-weight:var(--h2_typography-font-weight);--awb-caption-title-font-style:var(--h2_typography-font-style);--awb-caption-title-size:var(--h2_typography-font-size);--awb-caption-title-transform:var(--h2_typography-text-transform);--awb-caption-title-line-height:var(--h2_typography-line-height);--awb-caption-title-letter-spacing:var(--h2_typography-letter-spacing);\"><span class=\" fusion-imageframe imageframe-none imageframe-4 hover-type-none\"><img decoding=\"async\" width=\"1861\" height=\"405\" title=\"LEIBNIZ-INSTITUTE-FOR-VEGETABLE-AND-ORNAMENTAL-CROPS-(IGZ)-3\" src=\"https:\/\/econutri-project.eu\/wp-content\/uploads\/2023\/10\/LEIBNIZ-INSTITUTE-FOR-VEGETABLE-AND-ORNAMENTAL-CROPS-IGZ-3.jpg\" data-orig-src=\"https:\/\/econutri-project.eu\/wp-content\/uploads\/2023\/10\/LEIBNIZ-INSTITUTE-FOR-VEGETABLE-AND-ORNAMENTAL-CROPS-IGZ-3.jpg\" alt class=\"lazyload img-responsive wp-image-4691\" srcset=\"data:image\/svg+xml,%3Csvg%20xmlns%3D%27http%3A%2F%2Fwww.w3.org%2F2000%2Fsvg%27%20width%3D%271861%27%20height%3D%27405%27%20viewBox%3D%270%200%201861%20405%27%3E%3Crect%20width%3D%271861%27%20height%3D%27405%27%20fill-opacity%3D%220%22%2F%3E%3C%2Fsvg%3E\" data-srcset=\"https:\/\/econutri-project.eu\/wp-content\/uploads\/2023\/10\/LEIBNIZ-INSTITUTE-FOR-VEGETABLE-AND-ORNAMENTAL-CROPS-IGZ-3-200x44.jpg 200w, https:\/\/econutri-project.eu\/wp-content\/uploads\/2023\/10\/LEIBNIZ-INSTITUTE-FOR-VEGETABLE-AND-ORNAMENTAL-CROPS-IGZ-3-400x87.jpg 400w, https:\/\/econutri-project.eu\/wp-content\/uploads\/2023\/10\/LEIBNIZ-INSTITUTE-FOR-VEGETABLE-AND-ORNAMENTAL-CROPS-IGZ-3-600x131.jpg 600w, https:\/\/econutri-project.eu\/wp-content\/uploads\/2023\/10\/LEIBNIZ-INSTITUTE-FOR-VEGETABLE-AND-ORNAMENTAL-CROPS-IGZ-3-800x174.jpg 800w, https:\/\/econutri-project.eu\/wp-content\/uploads\/2023\/10\/LEIBNIZ-INSTITUTE-FOR-VEGETABLE-AND-ORNAMENTAL-CROPS-IGZ-3-1200x261.jpg 1200w, https:\/\/econutri-project.eu\/wp-content\/uploads\/2023\/10\/LEIBNIZ-INSTITUTE-FOR-VEGETABLE-AND-ORNAMENTAL-CROPS-IGZ-3.jpg 1861w\" data-sizes=\"auto\" data-orig-sizes=\"(max-width: 640px) 100vw, 1200px\" \/><\/span><\/div><\/div><\/div><\/div><\/div><\/p>\n","protected":false},"excerpt":{"rendered":"","protected":false},"author":1,"featured_media":0,"parent":0,"menu_order":0,"comment_status":"closed","ping_status":"closed","template":"100-width.php","meta":{"footnotes":""},"class_list":["post-11335","page","type-page","status-publish","hentry"],"_links":{"self":[{"href":"https:\/\/econutri-project.eu\/no\/wp-json\/wp\/v2\/pages\/11335"}],"collection":[{"href":"https:\/\/econutri-project.eu\/no\/wp-json\/wp\/v2\/pages"}],"about":[{"href":"https:\/\/econutri-project.eu\/no\/wp-json\/wp\/v2\/types\/page"}],"author":[{"embeddable":true,"href":"https:\/\/econutri-project.eu\/no\/wp-json\/wp\/v2\/users\/1"}],"replies":[{"embeddable":true,"href":"https:\/\/econutri-project.eu\/no\/wp-json\/wp\/v2\/comments?post=11335"}],"version-history":[{"count":2,"href":"https:\/\/econutri-project.eu\/no\/wp-json\/wp\/v2\/pages\/11335\/revisions"}],"predecessor-version":[{"id":11339,"href":"https:\/\/econutri-project.eu\/no\/wp-json\/wp\/v2\/pages\/11335\/revisions\/11339"}],"wp:attachment":[{"href":"https:\/\/econutri-project.eu\/no\/wp-json\/wp\/v2\/media?parent=11335"}],"curies":[{"name":"wp","href":"https:\/\/api.w.org\/{rel}","templated":true}]}}