{"id":8601,"date":"2023-06-19T15:54:50","date_gmt":"2023-06-19T12:54:50","guid":{"rendered":"https:\/\/econutri-project.eu\/universita-della-tessaglia\/"},"modified":"2024-01-17T12:57:44","modified_gmt":"2024-01-17T10:57:44","slug":"universita-della-tessaglia","status":"publish","type":"page","link":"https:\/\/econutri-project.eu\/it\/universita-della-tessaglia\/","title":{"rendered":"Universit\u00e0 della Tessaglia"},"content":{"rendered":"<p><div class=\"fusion-fullwidth fullwidth-box fusion-builder-row-1 fusion-flex-container has-pattern-background has-mask-background nonhundred-percent-fullwidth non-hundred-percent-height-scrolling\" style=\"--awb-border-radius-top-left:0px;--awb-border-radius-top-right:0px;--awb-border-radius-bottom-right:0px;--awb-border-radius-bottom-left:0px;--awb-margin-bottom:120px;--awb-margin-bottom-medium:160px;--awb-margin-bottom-small:145px;--awb-flex-wrap:wrap;\" ><div class=\"fusion-builder-row fusion-row fusion-flex-align-items-flex-start fusion-flex-justify-content-center fusion-flex-content-wrap\" style=\"max-width:1310.4px;margin-left: calc(-4% \/ 2 );margin-right: calc(-4% \/ 2 );\"><div class=\"fusion-layout-column fusion_builder_column fusion-builder-column-0 fusion_builder_column_2_3 2_3 fusion-flex-column fusion-animated\" style=\"--awb-bg-size:cover;--awb-width-large:66.666666666667%;--awb-margin-top-large:0px;--awb-spacing-right-large:2.88%;--awb-margin-bottom-large:0px;--awb-spacing-left-large:2.88%;--awb-width-medium:75%;--awb-order-medium:0;--awb-spacing-right-medium:2.56%;--awb-spacing-left-medium:2.56%;--awb-width-small:100%;--awb-order-small:0;--awb-spacing-right-small:1.92%;--awb-spacing-left-small:1.92%;\" data-animationType=\"fadeInDown\" data-animationDuration=\"1.3\" data-animationOffset=\"top-into-view\"><div class=\"fusion-column-wrapper fusion-column-has-shadow fusion-flex-justify-content-center fusion-content-layout-column\"><div class=\"fusion-title title fusion-title-1 fusion-sep-none fusion-title-center fusion-title-text fusion-title-size-two\" style=\"--awb-margin-bottom:35px;\"><h2 class=\"fusion-title-heading title-heading-center\" style=\"margin:0;\">Universit\u00e0 della Tessaglia (UTH)<\/h2><\/div><\/div><\/div><\/div><\/div><div class=\"fusion-fullwidth fullwidth-box fusion-builder-row-2 fusion-flex-container nonhundred-percent-fullwidth non-hundred-percent-height-scrolling\" style=\"--awb-border-radius-top-left:0px;--awb-border-radius-top-right:0px;--awb-border-radius-bottom-right:0px;--awb-border-radius-bottom-left:0px;--awb-flex-wrap:wrap;\" ><div class=\"fusion-builder-row fusion-row fusion-flex-align-items-flex-start fusion-flex-content-wrap\" style=\"max-width:1310.4px;margin-left: calc(-4% \/ 2 );margin-right: calc(-4% \/ 2 );\"><div class=\"fusion-layout-column fusion_builder_column fusion-builder-column-1 fusion_builder_column_1_1 1_1 fusion-flex-column\" style=\"--awb-bg-size:cover;--awb-width-large:100%;--awb-margin-top-large:0px;--awb-spacing-right-large:1.92%;--awb-margin-bottom-large:0px;--awb-spacing-left-large:1.92%;--awb-width-medium:100%;--awb-order-medium:0;--awb-spacing-right-medium:1.92%;--awb-spacing-left-medium:1.92%;--awb-width-small:100%;--awb-order-small:0;--awb-spacing-right-small:1.92%;--awb-spacing-left-small:1.92%;\"><div class=\"fusion-column-wrapper fusion-column-has-shadow fusion-flex-justify-content-flex-start fusion-content-layout-column\"><div class=\"fusion-section-separator section-separator big-half-circle fusion-section-separator-1\" style=\"--awb-spacer-height:150px;--awb-svg-margin-left:1.92%;--awb-svg-margin-right:1.92%;--awb-svg-margin-left-medium:1.92%;--awb-svg-margin-right-medium:1.92%;--awb-svg-margin-left-small:1.92%;--awb-svg-margin-right-small:1.92%;--awb-divider-height:150px;--awb-spacer-padding-top:inherit;--awb-sep-padding:0;--awb-svg-padding:0;\"><div class=\"fusion-section-separator-svg\"><svg class=\"fusion-big-half-circle-candy\" xmlns=\"http:\/\/www.w3.org\/2000\/svg\" version=\"1.1\" width=\"100%\" height=\"100\" viewBox=\"0 0 100 100\" preserveAspectRatio=\"none\" fill=\"rgba(48,181,95,0.05)\"><path d=\"M0 100 C40 0 60 0 100 100 Z\"><\/path><\/svg><\/div><div class=\"fusion-section-separator-spacer\"><div class=\"fusion-section-separator-spacer-height\"><\/div><\/div><\/div><\/div><\/div><\/div><\/div><div class=\"fusion-fullwidth fullwidth-box fusion-builder-row-3 fusion-flex-container has-pattern-background has-mask-background nonhundred-percent-fullwidth non-hundred-percent-height-scrolling\" style=\"--awb-border-radius-top-left:0px;--awb-border-radius-top-right:0px;--awb-border-radius-bottom-right:0px;--awb-border-radius-bottom-left:0px;--awb-padding-bottom:0px;--awb-padding-bottom-small:0px;--awb-margin-bottom-small:0px;--awb-background-image:linear-gradient(180deg, hsla(var(--awb-color5-h),var(--awb-color5-s),var(--awb-color5-l),calc( var(--awb-color5-a) - 95% )) 54%,var(--awb-color1) 100%);--awb-flex-wrap:wrap;\" ><div class=\"fusion-builder-row fusion-row fusion-flex-align-items-stretch fusion-flex-justify-content-center fusion-flex-content-wrap\" style=\"max-width:1310.4px;margin-left: calc(-4% \/ 2 );margin-right: calc(-4% \/ 2 );\"><div class=\"fusion-layout-column fusion_builder_column fusion-builder-column-2 fusion_builder_column_1_1 1_1 fusion-flex-column fusion-animated\" style=\"--awb-padding-top:45px;--awb-padding-right:55px;--awb-padding-bottom:35px;--awb-padding-left:55px;--awb-padding-top-small:40px;--awb-padding-right-small:30px;--awb-padding-bottom-small:40px;--awb-padding-left-small:30px;--awb-overflow:hidden;--awb-bg-color:var(--awb-color1);--awb-bg-color-hover:var(--awb-color1);--awb-bg-size:cover;--awb-box-shadow:0px 2px 6px 0px hsla(var(--awb-color8-h),var(--awb-color8-s),var(--awb-color8-l),calc( var(--awb-color8-a) - 89% ));;--awb-border-radius:12px 12px 12px 12px;--awb-width-large:100%;--awb-margin-top-large:-250px;--awb-spacing-right-large:1.92%;--awb-margin-bottom-large:20px;--awb-spacing-left-large:1.92%;--awb-width-medium:50%;--awb-order-medium:0;--awb-spacing-right-medium:3.84%;--awb-margin-bottom-medium:40px;--awb-spacing-left-medium:3.84%;--awb-width-small:100%;--awb-order-small:0;--awb-spacing-right-small:1.92%;--awb-spacing-left-small:1.92%;\" data-animationType=\"bounceInUp\" data-animationDuration=\"1.0\" data-animationOffset=\"top-into-view\"><div class=\"fusion-column-wrapper fusion-column-has-shadow fusion-flex-justify-content-flex-start fusion-content-layout-column\"><div class=\"fusion-image-element \" style=\"text-align:center;--awb-caption-title-font-family:var(--h2_typography-font-family);--awb-caption-title-font-weight:var(--h2_typography-font-weight);--awb-caption-title-font-style:var(--h2_typography-font-style);--awb-caption-title-size:var(--h2_typography-font-size);--awb-caption-title-transform:var(--h2_typography-text-transform);--awb-caption-title-line-height:var(--h2_typography-line-height);--awb-caption-title-letter-spacing:var(--h2_typography-letter-spacing);\"><span class=\" fusion-imageframe imageframe-none imageframe-1 hover-type-none\"><img decoding=\"async\" width=\"1010\" height=\"757\" title=\"UTH-1\" src=\"https:\/\/econutri-project.eu\/wp-content\/uploads\/2023\/06\/UTH-1.jpg\" data-orig-src=\"https:\/\/econutri-project.eu\/wp-content\/uploads\/2023\/06\/UTH-1.jpg\" alt class=\"lazyload img-responsive wp-image-4620\" srcset=\"data:image\/svg+xml,%3Csvg%20xmlns%3D%27http%3A%2F%2Fwww.w3.org%2F2000%2Fsvg%27%20width%3D%271010%27%20height%3D%27757%27%20viewBox%3D%270%200%201010%20757%27%3E%3Crect%20width%3D%271010%27%20height%3D%27757%27%20fill-opacity%3D%220%22%2F%3E%3C%2Fsvg%3E\" data-srcset=\"https:\/\/econutri-project.eu\/wp-content\/uploads\/2023\/06\/UTH-1-200x150.jpg 200w, https:\/\/econutri-project.eu\/wp-content\/uploads\/2023\/06\/UTH-1-400x300.jpg 400w, https:\/\/econutri-project.eu\/wp-content\/uploads\/2023\/06\/UTH-1-600x450.jpg 600w, https:\/\/econutri-project.eu\/wp-content\/uploads\/2023\/06\/UTH-1-800x600.jpg 800w, https:\/\/econutri-project.eu\/wp-content\/uploads\/2023\/06\/UTH-1.jpg 1010w\" data-sizes=\"auto\" data-orig-sizes=\"(max-width: 640px) 100vw, 1010px\" \/><\/span><\/div><div class=\"fusion-text fusion-text-1\" style=\"--awb-margin-top:40px;\"><p>L&#8217;<strong>UTH<\/strong> (Universit\u00e0 della Tessaglia), rappresentata in ECONUTRI dal professor <strong>Nikolaos Katsoulas<\/strong>, partecipa al progetto con il Laboratory of Agricultural Constructions and Environmental Control (LACEC). Il LACEC-UTH \u00e8 responsabile del Parco Serra Pilota dell&#8217;UTH.<\/p>\n<p>UTH partecipa ai WP1, WP3, WP5, WP6 e WP7.<\/p>\n<ul>\n<li><strong><br \/>\n  <em>WP1<\/em><br \/>\n<\/strong><em>:<\/em><em> Attivit\u00e0 di comunicazione, divulgazione e valorizzazione<\/em>,<\/li>\n<li><strong><br \/>\n  <em>WP3<\/em><br \/>\n<\/strong><em>:<\/em><em> Tecnologie colturali innovative che riducono l&#8217;inquinamento da nutrienti nel suolo e nelle acque ottimizzando l&#8217;uso dei fertilizzanti<\/em>,<\/li>\n<li><strong><br \/>\n  <em>WP5<\/em><br \/>\n<\/strong><em>:<\/em><em> Impatti ambientali, analisi del ciclo di vita e aspetti socioeconomici<\/em>,<\/li>\n<li><strong><br \/>\n  <em>WP6<\/em><br \/>\n<\/strong><em>:<\/em> <em> Gestione dei dati e analisi a livello di sistema<\/em> e<\/li>\n<li><strong><br \/>\n  <em>WP7<\/em><br \/>\n<\/strong><em>:<\/em> <em> Gestione e coordinamento del progetto<\/em>, di cui AUA \u00e8 leader.<\/li>\n<\/ul>\n<p>Il lavoro dell&#8217;UTH nei WP sopra citati del progetto ECONUTRI consiste nel massimizzare il riciclo degli effluenti della fertirrigazione in sistemi di coltivazione chiusi senza suolo, riutilizzando gli effluenti in una sequenza di colture a cascata. Il concetto di UTH nel progetto consiste nel riutilizzare la soluzione di drenaggio di una coltura (primaria\/donatrice) in una coltura secondaria (ricevente) e poi in una coltura terziaria, seguendo una sequenza di flusso dalle colture pi\u00f9 sensibili alla salinit\u00e0 a quelle meno sensibili. Sulla base dei risultati positivi di un progetto pilota (CasH), l&#8217;UTH ottimizzer\u00e0 un sistema idroponico a cascata grazie all&#8217;integrazione di nuovi sensori e modelli per la gestione ottimale della soluzione nutritiva a cascata in base allo stadio di sviluppo e ai requisiti delle colture. Questo approccio di gestione intelligente dei nutrienti combiner\u00e0 informazioni sulle concentrazioni di nutrienti e sui tassi di assorbimento, monitorati con sensori e modelli di nuova generazione.<\/p>\n<\/div><div class=\"fusion-image-element \" style=\"text-align:center;--awb-caption-title-font-family:var(--h2_typography-font-family);--awb-caption-title-font-weight:var(--h2_typography-font-weight);--awb-caption-title-font-style:var(--h2_typography-font-style);--awb-caption-title-size:var(--h2_typography-font-size);--awb-caption-title-transform:var(--h2_typography-text-transform);--awb-caption-title-line-height:var(--h2_typography-line-height);--awb-caption-title-letter-spacing:var(--h2_typography-letter-spacing);\"><span class=\" fusion-imageframe imageframe-none imageframe-2 hover-type-none\"><img decoding=\"async\" width=\"1010\" height=\"757\" title=\"UTH-2\" src=\"https:\/\/econutri-project.eu\/wp-content\/uploads\/2023\/06\/UTH-2.jpg\" data-orig-src=\"https:\/\/econutri-project.eu\/wp-content\/uploads\/2023\/06\/UTH-2.jpg\" alt class=\"lazyload img-responsive wp-image-4630\" srcset=\"data:image\/svg+xml,%3Csvg%20xmlns%3D%27http%3A%2F%2Fwww.w3.org%2F2000%2Fsvg%27%20width%3D%271010%27%20height%3D%27757%27%20viewBox%3D%270%200%201010%20757%27%3E%3Crect%20width%3D%271010%27%20height%3D%27757%27%20fill-opacity%3D%220%22%2F%3E%3C%2Fsvg%3E\" data-srcset=\"https:\/\/econutri-project.eu\/wp-content\/uploads\/2023\/06\/UTH-2-200x150.jpg 200w, https:\/\/econutri-project.eu\/wp-content\/uploads\/2023\/06\/UTH-2-400x300.jpg 400w, https:\/\/econutri-project.eu\/wp-content\/uploads\/2023\/06\/UTH-2-600x450.jpg 600w, https:\/\/econutri-project.eu\/wp-content\/uploads\/2023\/06\/UTH-2-800x600.jpg 800w, https:\/\/econutri-project.eu\/wp-content\/uploads\/2023\/06\/UTH-2.jpg 1010w\" data-sizes=\"auto\" data-orig-sizes=\"(max-width: 640px) 100vw, 1010px\" \/><\/span><\/div><div class=\"fusion-text fusion-text-2\" style=\"--awb-margin-top:40px;\"><p>L&#8217;UTH dimostrer\u00e0 il sistema a cascata nelle strutture del parco serricolo pilota dell&#8217;UTH a Velestino, vicino a Volos, in Grecia. Durante le attivit\u00e0 del periodo sperimentale\/dimostrativo saranno organizzati workshop per le parti interessate e per il settore locale e giornate aperte al pubblico.<\/p>\n<p>Saranno sviluppati e presentati protocolli e standard per una coltivazione idroponica a cascata sostenibile.<\/p>\n<p>L&#8217;UTH parteciper\u00e0 anche agli studi di valutazione dell&#8217;impatto ambientale e socioeconomico con i dati del sistema a cascata. Infine, l&#8217;UTH ha contribuito in misura minore alla gestione dei dati e del progetto ECONUTRI.<\/p>\n<\/div><\/div><\/div><div class=\"fusion-layout-column fusion_builder_column fusion-builder-column-3 fusion_builder_column_1_2 1_2 fusion-flex-column fusion-animated\" style=\"--awb-padding-top:20px;--awb-padding-right:20px;--awb-padding-bottom:20px;--awb-padding-left:20px;--awb-padding-top-small:20px;--awb-padding-right-small:20px;--awb-padding-bottom-small:20px;--awb-padding-left-small:20px;--awb-overflow:hidden;--awb-bg-color:var(--awb-color1);--awb-bg-color-hover:var(--awb-color1);--awb-bg-size:cover;--awb-box-shadow:0px 2px 6px 0px hsla(var(--awb-color8-h),var(--awb-color8-s),var(--awb-color8-l),calc( var(--awb-color8-a) - 89% ));;--awb-border-radius:12px 12px 12px 12px;--awb-width-large:50%;--awb-margin-top-large:0px;--awb-spacing-right-large:10px;--awb-margin-bottom-large:20px;--awb-spacing-left-large:3.84%;--awb-width-medium:50%;--awb-order-medium:0;--awb-spacing-right-medium:10px;--awb-margin-bottom-medium:40px;--awb-spacing-left-medium:3.84%;--awb-width-small:100%;--awb-order-small:0;--awb-spacing-right-small:1.92%;--awb-spacing-left-small:1.92%;\" data-animationType=\"bounceInUp\" data-animationDuration=\"1.0\" data-animationOffset=\"top-into-view\"><div class=\"fusion-column-wrapper fusion-column-has-shadow fusion-flex-justify-content-flex-start fusion-content-layout-column\"><div class=\"fusion-image-element \" style=\"text-align:center;--awb-caption-title-font-family:var(--h2_typography-font-family);--awb-caption-title-font-weight:var(--h2_typography-font-weight);--awb-caption-title-font-style:var(--h2_typography-font-style);--awb-caption-title-size:var(--h2_typography-font-size);--awb-caption-title-transform:var(--h2_typography-text-transform);--awb-caption-title-line-height:var(--h2_typography-line-height);--awb-caption-title-letter-spacing:var(--h2_typography-letter-spacing);\"><span class=\" fusion-imageframe imageframe-none imageframe-3 hover-type-none\"><img decoding=\"async\" width=\"1920\" height=\"1080\" title=\"UTH-3\" src=\"https:\/\/econutri-project.eu\/wp-content\/uploads\/2023\/06\/UTH-3.jpg\" data-orig-src=\"https:\/\/econutri-project.eu\/wp-content\/uploads\/2023\/06\/UTH-3.jpg\" alt class=\"lazyload img-responsive wp-image-4640\" srcset=\"data:image\/svg+xml,%3Csvg%20xmlns%3D%27http%3A%2F%2Fwww.w3.org%2F2000%2Fsvg%27%20width%3D%271920%27%20height%3D%271080%27%20viewBox%3D%270%200%201920%201080%27%3E%3Crect%20width%3D%271920%27%20height%3D%271080%27%20fill-opacity%3D%220%22%2F%3E%3C%2Fsvg%3E\" data-srcset=\"https:\/\/econutri-project.eu\/wp-content\/uploads\/2023\/06\/UTH-3-200x113.jpg 200w, https:\/\/econutri-project.eu\/wp-content\/uploads\/2023\/06\/UTH-3-400x225.jpg 400w, https:\/\/econutri-project.eu\/wp-content\/uploads\/2023\/06\/UTH-3-600x338.jpg 600w, https:\/\/econutri-project.eu\/wp-content\/uploads\/2023\/06\/UTH-3-800x450.jpg 800w, https:\/\/econutri-project.eu\/wp-content\/uploads\/2023\/06\/UTH-3-1200x675.jpg 1200w, https:\/\/econutri-project.eu\/wp-content\/uploads\/2023\/06\/UTH-3.jpg 1920w\" data-sizes=\"auto\" data-orig-sizes=\"(max-width: 640px) 100vw, 600px\" \/><\/span><\/div><\/div><\/div><div class=\"fusion-layout-column fusion_builder_column fusion-builder-column-4 fusion_builder_column_1_2 1_2 fusion-flex-column fusion-animated\" style=\"--awb-padding-top:20px;--awb-padding-right:20px;--awb-padding-bottom:20px;--awb-padding-left:20px;--awb-padding-top-small:20px;--awb-padding-right-small:20px;--awb-padding-bottom-small:20px;--awb-padding-left-small:20px;--awb-overflow:hidden;--awb-bg-color:var(--awb-color1);--awb-bg-color-hover:var(--awb-color1);--awb-bg-size:cover;--awb-box-shadow:0px 2px 6px 0px hsla(var(--awb-color8-h),var(--awb-color8-s),var(--awb-color8-l),calc( var(--awb-color8-a) - 89% ));;--awb-border-radius:12px 12px 12px 12px;--awb-width-large:50%;--awb-margin-top-large:0px;--awb-spacing-right-large:10px;--awb-margin-bottom-large:20px;--awb-spacing-left-large:3.84%;--awb-width-medium:50%;--awb-order-medium:0;--awb-spacing-right-medium:10px;--awb-margin-bottom-medium:40px;--awb-spacing-left-medium:3.84%;--awb-width-small:100%;--awb-order-small:0;--awb-spacing-right-small:1.92%;--awb-spacing-left-small:1.92%;\" data-animationType=\"bounceInUp\" data-animationDuration=\"1.0\" data-animationOffset=\"top-into-view\"><div class=\"fusion-column-wrapper fusion-column-has-shadow fusion-flex-justify-content-flex-start fusion-content-layout-column\"><div class=\"fusion-image-element \" style=\"text-align:center;--awb-caption-title-font-family:var(--h2_typography-font-family);--awb-caption-title-font-weight:var(--h2_typography-font-weight);--awb-caption-title-font-style:var(--h2_typography-font-style);--awb-caption-title-size:var(--h2_typography-font-size);--awb-caption-title-transform:var(--h2_typography-text-transform);--awb-caption-title-line-height:var(--h2_typography-line-height);--awb-caption-title-letter-spacing:var(--h2_typography-letter-spacing);\"><span class=\" fusion-imageframe imageframe-none imageframe-4 hover-type-none\"><img decoding=\"async\" width=\"1920\" height=\"1080\" title=\"UTH-4\" src=\"https:\/\/econutri-project.eu\/wp-content\/uploads\/2023\/06\/UTH-4.jpg\" data-orig-src=\"https:\/\/econutri-project.eu\/wp-content\/uploads\/2023\/06\/UTH-4.jpg\" alt class=\"lazyload img-responsive wp-image-4650\" srcset=\"data:image\/svg+xml,%3Csvg%20xmlns%3D%27http%3A%2F%2Fwww.w3.org%2F2000%2Fsvg%27%20width%3D%271920%27%20height%3D%271080%27%20viewBox%3D%270%200%201920%201080%27%3E%3Crect%20width%3D%271920%27%20height%3D%271080%27%20fill-opacity%3D%220%22%2F%3E%3C%2Fsvg%3E\" data-srcset=\"https:\/\/econutri-project.eu\/wp-content\/uploads\/2023\/06\/UTH-4-200x113.jpg 200w, https:\/\/econutri-project.eu\/wp-content\/uploads\/2023\/06\/UTH-4-400x225.jpg 400w, https:\/\/econutri-project.eu\/wp-content\/uploads\/2023\/06\/UTH-4-600x338.jpg 600w, https:\/\/econutri-project.eu\/wp-content\/uploads\/2023\/06\/UTH-4-800x450.jpg 800w, https:\/\/econutri-project.eu\/wp-content\/uploads\/2023\/06\/UTH-4-1200x675.jpg 1200w, https:\/\/econutri-project.eu\/wp-content\/uploads\/2023\/06\/UTH-4.jpg 1920w\" data-sizes=\"auto\" data-orig-sizes=\"(max-width: 640px) 100vw, 600px\" \/><\/span><\/div><\/div><\/div><\/div><\/div><\/p>\n","protected":false},"excerpt":{"rendered":"","protected":false},"author":1,"featured_media":0,"parent":0,"menu_order":0,"comment_status":"closed","ping_status":"closed","template":"100-width.php","meta":{"footnotes":""},"class_list":["post-8601","page","type-page","status-publish","hentry"],"_links":{"self":[{"href":"https:\/\/econutri-project.eu\/it\/wp-json\/wp\/v2\/pages\/8601"}],"collection":[{"href":"https:\/\/econutri-project.eu\/it\/wp-json\/wp\/v2\/pages"}],"about":[{"href":"https:\/\/econutri-project.eu\/it\/wp-json\/wp\/v2\/types\/page"}],"author":[{"embeddable":true,"href":"https:\/\/econutri-project.eu\/it\/wp-json\/wp\/v2\/users\/1"}],"replies":[{"embeddable":true,"href":"https:\/\/econutri-project.eu\/it\/wp-json\/wp\/v2\/comments?post=8601"}],"version-history":[{"count":4,"href":"https:\/\/econutri-project.eu\/it\/wp-json\/wp\/v2\/pages\/8601\/revisions"}],"predecessor-version":[{"id":8746,"href":"https:\/\/econutri-project.eu\/it\/wp-json\/wp\/v2\/pages\/8601\/revisions\/8746"}],"wp:attachment":[{"href":"https:\/\/econutri-project.eu\/it\/wp-json\/wp\/v2\/media?parent=8601"}],"curies":[{"name":"wp","href":"https:\/\/api.w.org\/{rel}","templated":true}]}}