{"id":7539,"date":"2023-12-21T11:53:01","date_gmt":"2023-12-21T09:53:01","guid":{"rendered":"https:\/\/econutri-project.eu\/biografia-alberto-pardossi\/"},"modified":"2024-01-17T12:51:08","modified_gmt":"2024-01-17T10:51:08","slug":"biografia-alberto-pardossi","status":"publish","type":"page","link":"https:\/\/econutri-project.eu\/it\/biografia-alberto-pardossi\/","title":{"rendered":"Biografia &#8211; Alberto Pardossi"},"content":{"rendered":"<p><div class=\"fusion-fullwidth fullwidth-box fusion-builder-row-1 fusion-flex-container has-pattern-background has-mask-background nonhundred-percent-fullwidth non-hundred-percent-height-scrolling\" style=\"--awb-border-radius-top-left:0px;--awb-border-radius-top-right:0px;--awb-border-radius-bottom-right:0px;--awb-border-radius-bottom-left:0px;--awb-margin-bottom:120px;--awb-margin-bottom-medium:160px;--awb-margin-bottom-small:145px;--awb-flex-wrap:wrap;\" ><div class=\"fusion-builder-row fusion-row fusion-flex-align-items-flex-start fusion-flex-justify-content-center fusion-flex-content-wrap\" style=\"max-width:1310.4px;margin-left: calc(-4% \/ 2 );margin-right: calc(-4% \/ 2 );\"><div class=\"fusion-layout-column fusion_builder_column fusion-builder-column-0 fusion_builder_column_2_3 2_3 fusion-flex-column fusion-animated\" style=\"--awb-bg-size:cover;--awb-width-large:66.666666666667%;--awb-margin-top-large:0px;--awb-spacing-right-large:2.88%;--awb-margin-bottom-large:0px;--awb-spacing-left-large:2.88%;--awb-width-medium:75%;--awb-order-medium:0;--awb-spacing-right-medium:2.56%;--awb-spacing-left-medium:2.56%;--awb-width-small:100%;--awb-order-small:0;--awb-spacing-right-small:1.92%;--awb-spacing-left-small:1.92%;\" data-animationType=\"fadeInDown\" data-animationDuration=\"1.3\" data-animationOffset=\"top-into-view\"><div class=\"fusion-column-wrapper fusion-column-has-shadow fusion-flex-justify-content-center fusion-content-layout-column\"><div class=\"fusion-title title fusion-title-1 fusion-sep-none fusion-title-center fusion-title-text fusion-title-size-two\" style=\"--awb-margin-bottom:35px;\"><h2 class=\"fusion-title-heading title-heading-center\" style=\"margin:0;\">Biografia &#8211; Alberto Pardossi<\/h2><\/div><\/div><\/div><\/div><\/div><div class=\"fusion-fullwidth fullwidth-box fusion-builder-row-2 fusion-flex-container nonhundred-percent-fullwidth non-hundred-percent-height-scrolling\" style=\"--awb-border-radius-top-left:0px;--awb-border-radius-top-right:0px;--awb-border-radius-bottom-right:0px;--awb-border-radius-bottom-left:0px;--awb-flex-wrap:wrap;\" ><div class=\"fusion-builder-row fusion-row fusion-flex-align-items-flex-start fusion-flex-content-wrap\" style=\"max-width:1310.4px;margin-left: calc(-4% \/ 2 );margin-right: calc(-4% \/ 2 );\"><div class=\"fusion-layout-column fusion_builder_column fusion-builder-column-1 fusion_builder_column_1_1 1_1 fusion-flex-column\" style=\"--awb-bg-size:cover;--awb-width-large:100%;--awb-margin-top-large:0px;--awb-spacing-right-large:1.92%;--awb-margin-bottom-large:0px;--awb-spacing-left-large:1.92%;--awb-width-medium:100%;--awb-order-medium:0;--awb-spacing-right-medium:1.92%;--awb-spacing-left-medium:1.92%;--awb-width-small:100%;--awb-order-small:0;--awb-spacing-right-small:1.92%;--awb-spacing-left-small:1.92%;\"><div class=\"fusion-column-wrapper fusion-column-has-shadow fusion-flex-justify-content-flex-start fusion-content-layout-column\"><div class=\"fusion-section-separator section-separator big-half-circle fusion-section-separator-1\" style=\"--awb-spacer-height:150px;--awb-svg-margin-left:1.92%;--awb-svg-margin-right:1.92%;--awb-svg-margin-left-medium:1.92%;--awb-svg-margin-right-medium:1.92%;--awb-svg-margin-left-small:1.92%;--awb-svg-margin-right-small:1.92%;--awb-divider-height:150px;--awb-spacer-padding-top:inherit;--awb-sep-padding:0;--awb-svg-padding:0;\"><div class=\"fusion-section-separator-svg\"><svg class=\"fusion-big-half-circle-candy\" xmlns=\"http:\/\/www.w3.org\/2000\/svg\" version=\"1.1\" width=\"100%\" height=\"100\" viewBox=\"0 0 100 100\" preserveAspectRatio=\"none\" fill=\"rgba(48,181,95,0.05)\"><path d=\"M0 100 C40 0 60 0 100 100 Z\"><\/path><\/svg><\/div><div class=\"fusion-section-separator-spacer\"><div class=\"fusion-section-separator-spacer-height\"><\/div><\/div><\/div><\/div><\/div><\/div><\/div><div id=\"1-UK-Edinburgh-JHI-P30\" class=\"fusion-container-anchor\"><div class=\"fusion-fullwidth fullwidth-box fusion-builder-row-3 fusion-flex-container has-pattern-background has-mask-background nonhundred-percent-fullwidth non-hundred-percent-height-scrolling\" style=\"--awb-border-radius-top-left:0px;--awb-border-radius-top-right:0px;--awb-border-radius-bottom-right:0px;--awb-border-radius-bottom-left:0px;--awb-padding-bottom:0px;--awb-padding-bottom-small:0px;--awb-margin-bottom-small:0px;--awb-background-image:linear-gradient(180deg, hsla(var(--awb-color5-h),var(--awb-color5-s),var(--awb-color5-l),calc(var(--awb-color5-a) - 95%)) 54%,var(--awb-color1) 100%);--awb-flex-wrap:wrap;\" ><div class=\"fusion-builder-row fusion-row fusion-flex-align-items-stretch fusion-flex-justify-content-center fusion-flex-content-wrap\" style=\"max-width:1310.4px;margin-left: calc(-4% \/ 2 );margin-right: calc(-4% \/ 2 );\"><div class=\"fusion-layout-column fusion_builder_column fusion-builder-column-2 fusion_builder_column_1_1 1_1 fusion-flex-column fusion-animated\" style=\"--awb-padding-top:45px;--awb-padding-right:55px;--awb-padding-bottom:35px;--awb-padding-left:55px;--awb-padding-top-small:40px;--awb-padding-right-small:30px;--awb-padding-bottom-small:40px;--awb-padding-left-small:30px;--awb-overflow:hidden;--awb-bg-color:var(--awb-color1);--awb-bg-color-hover:var(--awb-color1);--awb-bg-size:cover;--awb-box-shadow:0px 2px 6px 0px hsla(var(--awb-color8-h),var(--awb-color8-s),var(--awb-color8-l),calc( var(--awb-color8-a) - 89% ));;--awb-border-radius:12px 12px 12px 12px;--awb-width-large:100%;--awb-margin-top-large:-250px;--awb-spacing-right-large:1.92%;--awb-margin-bottom-large:20px;--awb-spacing-left-large:1.92%;--awb-width-medium:50%;--awb-order-medium:0;--awb-spacing-right-medium:3.84%;--awb-margin-bottom-medium:40px;--awb-spacing-left-medium:3.84%;--awb-width-small:100%;--awb-order-small:0;--awb-spacing-right-small:1.92%;--awb-spacing-left-small:1.92%;\" data-animationType=\"bounceInUp\" data-animationDuration=\"1.0\" data-animationOffset=\"top-into-view\"><div class=\"fusion-column-wrapper fusion-column-has-shadow fusion-flex-justify-content-flex-start fusion-content-layout-column\"><div class=\"fusion-image-element \" style=\"text-align:center;--awb-max-width:300px;--awb-caption-title-font-family:var(--h2_typography-font-family);--awb-caption-title-font-weight:var(--h2_typography-font-weight);--awb-caption-title-font-style:var(--h2_typography-font-style);--awb-caption-title-size:var(--h2_typography-font-size);--awb-caption-title-transform:var(--h2_typography-text-transform);--awb-caption-title-line-height:var(--h2_typography-line-height);--awb-caption-title-letter-spacing:var(--h2_typography-letter-spacing);\"><span class=\" fusion-imageframe imageframe-none imageframe-1 hover-type-none\" style=\"border:1px solid var(--awb-color1);border-radius:50%;\"><img decoding=\"async\" width=\"407\" height=\"407\" title=\"fbt\" src=\"https:\/\/econutri-project.eu\/wp-content\/uploads\/2023\/12\/Alberto-Pardossi.jpg\" data-orig-src=\"https:\/\/econutri-project.eu\/wp-content\/uploads\/2023\/12\/Alberto-Pardossi.jpg\" alt class=\"lazyload img-responsive wp-image-6139\" srcset=\"data:image\/svg+xml,%3Csvg%20xmlns%3D%27http%3A%2F%2Fwww.w3.org%2F2000%2Fsvg%27%20width%3D%27407%27%20height%3D%27407%27%20viewBox%3D%270%200%20407%20407%27%3E%3Crect%20width%3D%27407%27%20height%3D%27407%27%20fill-opacity%3D%220%22%2F%3E%3C%2Fsvg%3E\" data-srcset=\"https:\/\/econutri-project.eu\/wp-content\/uploads\/2023\/12\/Alberto-Pardossi-200x200.jpg 200w, https:\/\/econutri-project.eu\/wp-content\/uploads\/2023\/12\/Alberto-Pardossi-400x400.jpg 400w, https:\/\/econutri-project.eu\/wp-content\/uploads\/2023\/12\/Alberto-Pardossi.jpg 407w\" data-sizes=\"auto\" data-orig-sizes=\"(max-width: 640px) 100vw, 407px\" \/><\/span><\/div><div class=\"fusion-text fusion-text-1\" style=\"--awb-margin-top:30px;\"><p><strong>Alberto Pardossi<\/strong> (nato nel 1958): Laurea in Scienze Agrarie (1983) e dottorato di ricerca in Orticoltura (1989) presso l&#8217;Universit\u00e0 di Pisa. Assistente di ricerca presso l&#8217;Universit\u00e0 di Pisa (1988-1999); Professore associato di Colture orticole e ornamentali presso l&#8217;Universit\u00e0 di Milano (1998-2001) e poi presso l&#8217;Universit\u00e0 di Pisa (2001-2012); Professore ordinario di Colture orticole e ornamentali presso l&#8217;Universit\u00e0 di Pisa (dal 2012); Coordinatore del Dottorato di ricerca in Agricoltura, Alimentazione e Ambiente (2008-2016); Direttore del Dipartimento di Agricoltura, Alimentazione e Ambiente (2016-2020).<\/p>\n<p><strong>Attivit\u00e0 didattiche attuali:<\/strong> Principi di base delle colture orticole e ornamentali (Laurea in Scienze Agrarie); Coltivazione artificiale di piante alimentari e medicinali (Laurea in Biotecnologie vegetali e microbiche).<\/p>\n<p><strong>Principali interessi di ricerca: <\/strong>colture senza suolo in serra (compresa l&#8217;acquaponica) e in vivaio all&#8217;aperto in container (relazioni idriche delle piante e nutrizione minerale; substrato; modellazione delle colture); qualit\u00e0 commerciale e nutraceutica degli ortaggi; colture orticole in campo aperto (nutrizione minerale, gestione dell&#8217;irrigazione).<\/p>\n<p><strong>Principali progetti di ricerca:  <\/strong>AZORT (progetto nazionale sulla nutrizione azotata delle colture orticole; project leader; www.azort.it; 2007-2011); FLOWAID (EU-FP6, Farm Level Optimal Water Management: Assistant for Irrigation under Deficit, WP leader; 2006-2009); EUPHOROS &#8211; Efficient Use of Input in Protected Horticulture (EU-FP7; team leader; 2008-2012); TEAP (2014 FP7 PEOPLE &#8211; International Research Staff Exchange Scheme, &#8220;A Traceability and Early warning system for supply chain of Agricultural Product: complementarities between EU and China&#8221;; team leader); PRINBoro &#8211; Risposta al boro nelle colture orticole (PRIN 200; project leader); ERBAVOLANT (16.2, PSR 2014-2020 Regione Toscana; project leader; 2020-2021); SIMTAP &#8211; Self-sufficient Integrated Multi-Trophic AquaPonic systems for improving food production sustainability and brackish water use and recycling (PRIMA 2018; project leader; 2019-2022).<\/p>\n<p><strong>Pubblicazioni: <\/strong>Pi\u00f9 di 300 pubblicazioni; 163 articoli o relazioni di conferenze indicizzate in SCOPUS; H-index 37.<\/p>\n<p><strong>Elenco dei 10 documenti pi\u00f9 importanti (dal 2019)<\/strong><\/p>\n<p>1. Puccinelli, M., Galati, D., Carmassi, G., Rossi, L., Pardossi, A., Incrocci, L. Produzione fogliare e qualit\u00e0 della barbabietola di mare<em>(Beta vulgaris<\/em> subsp. <em>maritima<\/em>) coltivata con acqua di drenaggio salina proveniente da sistemi idroponici o di acquacoltura a ricircolo. (2023) Scientia Horticulturae, 322, art. no. 112416. DOi: 10.1016\/j.scienta.2023.1124162. Puccinelli, M., Rosellini, I., Malorgio, F., Pardossi, A., Pezzarossa, B. Biofortificazione con iodio della bietola da coste<em>(Beta vulgaris<\/em> ssp. <em>vulgaris<\/em> var. <em>cicla<\/em>) e del suo antenato selvatico, la barbabietola di mare<em>(Beta vulgaris <\/em>ssp.<em>. maritima<\/em>) coltivata in idroponica come baby leaf: effetti sulla produzione e sulla qualit\u00e0 delle foglie. (2023) Journal of the Science of Food and Agriculture, 103 (15), pp. 7888-7895. DOI=10.1002%2fjsfa.128763. Gava, O., Ant\u00f3n, A., Carmassi, G., Pardossi, A., Incrocci, L., Bartolini, F. Riutilizzare le acque di drenaggio e il substrato per migliorare le prestazioni ambientali ed economiche delle coltivazioni in serra mediterranee (2023) Journal of Cleaner Production, 413, art. no. 137510. doi=10.1016%2fj.jclepro.2023.1375104. Puccinelli, M., Carmassi, G., Pardossi, A., Incrocci, L. Specie vegetali selvatiche commestibili coltivate in idrocoltura con acqua di drenaggio delle colture in un clima mediterraneo: Resa delle colture, qualit\u00e0 delle foglie e utilizzo di acqua e nutrienti. (2023) Gestione delle acque agricole, 282, art. no. 108275. DOI:10.1016\/j.agwat.2023.1082755. Germano, R.P., Melito, S., Cacini, S., Carmassi, G., Leoni, F., Maggini, R., Montesano, F.F., Pardossi, A., Massa, D. Il basilico dolce pu\u00f2 essere coltivato in idrocoltura a bassa concentrazione di fosforo e alta concentrazione di cloruro di sodio: Effetto sulla pianta e sulla gestione della soluzione nutritiva. (2022) Scientia Horticulturae, 304, art. no. 111324. DOI: 10.1016\/j.scienta.2022.1113246. Puccinelli, M., Landi, M., Maggini, R., Pardossi, A., Incrocci, L. Biofortificazione con iodio di basilico dolce e lattuga coltivati in due sistemi idroponici. (2021) Scientia Horticulturae, 276, art. no. 109783. DOI=10.1016%2fj.scienta.2020.1097837. Incrocci, L., Carmassi, G., Maggini, R., Poli, C., Saidov, D., Tamburini, C., Kiferle, C., Perata, P., Pardossi, A. Accumulo e tolleranza allo iodio nel basilico dolce<em>(Ocimum basilicum)<\/em>.  L.) con foglie verdi o viola coltivate con la tecnica del sistema galleggiante. (2019) Frontiers in Plant Science, 10, art. n. 1494. DOI=10.3389%2ffpls.2019.014948. Moles, T.M., de Brito Francisco, R., Mariotti, L., Pompeiano, A., Lupini, A., Incrocci, L., Carmassi, G., Scartazza, A., Pistelli, L., Guglielminetti, L., Pardossi, A., Sunseri, F., H\u00f6rtensteiner, S., Santelia, D. Salinity in Autumn-Winter Season and Fruit Quality of Tomato Landraces. (2019) Frontiers in Plant Science, 10, art. n. 1078. DOI=10.3389%2ffpls.2019.010789. Incrocci, L., Marzialetti, P., Incrocci, G., Di Vita, A., Balendonck, J., Bibbiani, C., Spagnol, S., Pardossi, A. Gestione sensoristica di colture vivaistiche in contenitore irrigate con acqua dolce o salina. (2019) Agricultural Water Management, 213, pp. 49-61. DOI=10.1016%2fj.agwat.2018.09.054Lucchesini, M., Pacifici, S., Maggini, R., Pardossi, A., Mensuali Sodi, A. Un nuovo sistema di coltura microflottante per il radicamento in vitro di piante da frutto.  <em>Echinacea angustifolia<\/em> D.C.: prestazioni fotosintetiche e produzione di derivati dell&#8217;acido caffeico. (2019) Plant Cell, Tissue and Organ Culture, 136 (1), pp. 123-132. DOI=10.1007%2fs11240-018-1498-2<\/p>\n<\/div><\/div><\/div><\/div><\/div><\/div><\/p>\n","protected":false},"excerpt":{"rendered":"","protected":false},"author":1,"featured_media":0,"parent":0,"menu_order":0,"comment_status":"closed","ping_status":"closed","template":"100-width.php","meta":{"footnotes":""},"class_list":["post-7539","page","type-page","status-publish","hentry"],"_links":{"self":[{"href":"https:\/\/econutri-project.eu\/it\/wp-json\/wp\/v2\/pages\/7539"}],"collection":[{"href":"https:\/\/econutri-project.eu\/it\/wp-json\/wp\/v2\/pages"}],"about":[{"href":"https:\/\/econutri-project.eu\/it\/wp-json\/wp\/v2\/types\/page"}],"author":[{"embeddable":true,"href":"https:\/\/econutri-project.eu\/it\/wp-json\/wp\/v2\/users\/1"}],"replies":[{"embeddable":true,"href":"https:\/\/econutri-project.eu\/it\/wp-json\/wp\/v2\/comments?post=7539"}],"version-history":[{"count":10,"href":"https:\/\/econutri-project.eu\/it\/wp-json\/wp\/v2\/pages\/7539\/revisions"}],"predecessor-version":[{"id":7775,"href":"https:\/\/econutri-project.eu\/it\/wp-json\/wp\/v2\/pages\/7539\/revisions\/7775"}],"wp:attachment":[{"href":"https:\/\/econutri-project.eu\/it\/wp-json\/wp\/v2\/media?parent=7539"}],"curies":[{"name":"wp","href":"https:\/\/api.w.org\/{rel}","templated":true}]}}