{"id":15619,"date":"2024-07-05T13:06:06","date_gmt":"2024-07-05T10:06:06","guid":{"rendered":"https:\/\/econutri-project.eu\/nutrisense-pc-unazienda-spinoff-fondata-dal-team-di-aua\/"},"modified":"2024-07-11T19:00:32","modified_gmt":"2024-07-11T16:00:32","slug":"nutrisense-pc-unazienda-spinoff-fondata-dal-team-di-aua","status":"publish","type":"page","link":"https:\/\/econutri-project.eu\/it\/nutrisense-pc-unazienda-spinoff-fondata-dal-team-di-aua\/","title":{"rendered":"NUTRISENSE PC: Un&#8217;azienda spinoff fondata dal team di AUA"},"content":{"rendered":"<p><div class=\"fusion-fullwidth fullwidth-box fusion-builder-row-1 fusion-flex-container has-pattern-background has-mask-background nonhundred-percent-fullwidth non-hundred-percent-height-scrolling\" style=\"--awb-border-radius-top-left:0px;--awb-border-radius-top-right:0px;--awb-border-radius-bottom-right:0px;--awb-border-radius-bottom-left:0px;--awb-margin-bottom:120px;--awb-margin-bottom-medium:160px;--awb-margin-bottom-small:145px;--awb-flex-wrap:wrap;\" ><div class=\"fusion-builder-row fusion-row fusion-flex-align-items-flex-start fusion-flex-justify-content-center fusion-flex-content-wrap\" style=\"max-width:1310.4px;margin-left: calc(-4% \/ 2 );margin-right: calc(-4% \/ 2 );\"><div class=\"fusion-layout-column fusion_builder_column fusion-builder-column-0 fusion_builder_column_2_3 2_3 fusion-flex-column fusion-animated\" style=\"--awb-bg-size:cover;--awb-width-large:66.666666666667%;--awb-margin-top-large:0px;--awb-spacing-right-large:2.88%;--awb-margin-bottom-large:0px;--awb-spacing-left-large:2.88%;--awb-width-medium:75%;--awb-order-medium:0;--awb-spacing-right-medium:2.56%;--awb-spacing-left-medium:2.56%;--awb-width-small:100%;--awb-order-small:0;--awb-spacing-right-small:1.92%;--awb-spacing-left-small:1.92%;\" data-animationType=\"fadeInDown\" data-animationDuration=\"1.3\" data-animationOffset=\"top-into-view\"><div class=\"fusion-column-wrapper fusion-column-has-shadow fusion-flex-justify-content-center fusion-content-layout-column\"><div class=\"fusion-title title fusion-title-1 fusion-sep-none fusion-title-center fusion-title-text fusion-title-size-two\" style=\"--awb-margin-bottom:35px;\"><h2 class=\"fusion-title-heading title-heading-center\" style=\"margin:0;\">NUTRISENSE PC: Un&#8217;azienda spinoff fondata dal team di AUA<\/h2><\/div><\/div><\/div><\/div><\/div><div class=\"fusion-fullwidth fullwidth-box fusion-builder-row-2 fusion-flex-container has-pattern-background has-mask-background nonhundred-percent-fullwidth non-hundred-percent-height-scrolling\" style=\"--awb-border-radius-top-left:0px;--awb-border-radius-top-right:0px;--awb-border-radius-bottom-right:0px;--awb-border-radius-bottom-left:0px;--awb-flex-wrap:wrap;\" ><div class=\"fusion-builder-row fusion-row fusion-flex-align-items-flex-start fusion-flex-content-wrap\" style=\"max-width:1310.4px;margin-left: calc(-4% \/ 2 );margin-right: calc(-4% \/ 2 );\"><div class=\"fusion-layout-column fusion_builder_column fusion-builder-column-1 fusion_builder_column_1_1 1_1 fusion-flex-column\" style=\"--awb-bg-size:cover;--awb-width-large:100%;--awb-margin-top-large:0px;--awb-spacing-right-large:1.92%;--awb-margin-bottom-large:0px;--awb-spacing-left-large:1.92%;--awb-width-medium:100%;--awb-order-medium:0;--awb-spacing-right-medium:1.92%;--awb-spacing-left-medium:1.92%;--awb-width-small:100%;--awb-order-small:0;--awb-spacing-right-small:1.92%;--awb-spacing-left-small:1.92%;\"><div class=\"fusion-column-wrapper fusion-column-has-shadow fusion-flex-justify-content-flex-start fusion-content-layout-column\"><div class=\"fusion-section-separator section-separator big-half-circle fusion-section-separator-1\" style=\"--awb-spacer-height:150px;--awb-svg-margin-left:1.92%;--awb-svg-margin-right:1.92%;--awb-svg-margin-left-medium:1.92%;--awb-svg-margin-right-medium:1.92%;--awb-svg-margin-left-small:1.92%;--awb-svg-margin-right-small:1.92%;--awb-divider-height:150px;--awb-spacer-padding-top:inherit;--awb-sep-padding:0;--awb-svg-padding:0;\"><div class=\"fusion-section-separator-svg\"><svg class=\"fusion-big-half-circle-candy\" xmlns=\"http:\/\/www.w3.org\/2000\/svg\" version=\"1.1\" width=\"100%\" height=\"100\" viewBox=\"0 0 100 100\" preserveAspectRatio=\"none\" fill=\"rgba(48,181,95,0.05)\"><path d=\"M0 100 C40 0 60 0 100 100 Z\"><\/path><\/svg><\/div><div class=\"fusion-section-separator-spacer\"><div class=\"fusion-section-separator-spacer-height\"><\/div><\/div><\/div><\/div><\/div><\/div><\/div><div class=\"fusion-fullwidth fullwidth-box fusion-builder-row-3 fusion-flex-container has-pattern-background has-mask-background nonhundred-percent-fullwidth non-hundred-percent-height-scrolling\" style=\"--awb-border-radius-top-left:0px;--awb-border-radius-top-right:0px;--awb-border-radius-bottom-right:0px;--awb-border-radius-bottom-left:0px;--awb-padding-bottom:0px;--awb-padding-bottom-small:0px;--awb-margin-bottom-small:0px;--awb-background-color:hsla(var(--awb-color5-h),var(--awb-color5-s),var(--awb-color5-l),calc(var(--awb-color5-a) - 95%));--awb-flex-wrap:wrap;\" ><div class=\"fusion-builder-row fusion-row fusion-flex-align-items-stretch fusion-flex-justify-content-center fusion-flex-content-wrap\" style=\"max-width:1310.4px;margin-left: calc(-4% \/ 2 );margin-right: calc(-4% \/ 2 );\"><div class=\"fusion-layout-column fusion_builder_column fusion-builder-column-2 fusion_builder_column_1_1 1_1 fusion-flex-column fusion-animated\" style=\"--awb-padding-top:45px;--awb-padding-right:55px;--awb-padding-bottom:35px;--awb-padding-left:55px;--awb-padding-top-small:40px;--awb-padding-right-small:30px;--awb-padding-bottom-small:40px;--awb-padding-left-small:30px;--awb-overflow:hidden;--awb-bg-color:var(--awb-color1);--awb-bg-color-hover:var(--awb-color1);--awb-bg-size:cover;--awb-box-shadow:0px 2px 6px 0px hsla(var(--awb-color8-h),var(--awb-color8-s),var(--awb-color8-l),calc( var(--awb-color8-a) - 89% ));;--awb-border-radius:12px 12px 12px 12px;--awb-width-large:100%;--awb-margin-top-large:-250px;--awb-spacing-right-large:1.92%;--awb-margin-bottom-large:20px;--awb-spacing-left-large:1.92%;--awb-width-medium:50%;--awb-order-medium:0;--awb-spacing-right-medium:3.84%;--awb-margin-bottom-medium:40px;--awb-spacing-left-medium:3.84%;--awb-width-small:100%;--awb-order-small:0;--awb-spacing-right-small:1.92%;--awb-spacing-left-small:1.92%;\" data-animationType=\"bounceInUp\" data-animationDuration=\"1.0\" data-animationOffset=\"top-into-view\"><div class=\"fusion-column-wrapper fusion-column-has-shadow fusion-flex-justify-content-flex-start fusion-content-layout-column\"><div class=\"fusion-text fusion-text-1\"><p>Con il supporto di ECONUTRI e di precedenti progetti di ricerca, il team di AUA ha sviluppato un sistema di supporto decisionale (DSS) denominato NUTRISENSE per supportare la fertilizzazione sostenibile, contribuendo cos\u00ec alla riduzione delle perdite di nutrienti e del consumo di fertilizzanti nelle colture orticole, nonch\u00e9 a una gestione pi\u00f9 sostenibile delle risorse idriche.<\/p>\n<p>Questo DSS \u00e8 stato sviluppato utilizzando due risultati chiave sfruttabili (KER) del progetto ECONUTRI. Queste KER secondo il GA sono:<\/p>\n<ul>\n<li>NUTRISENSE: versione avanzata disponibile on-line su abbonamento per ottimizzare la fertirrigazione (KER2),<\/li>\n<li>Algoritmi di analisi iperspettrale per la stima del fabbisogno di nutrienti (KER3).<\/li>\n<\/ul>\n<p>Per sfruttare commercialmente NUTRISENSE come DDS professionale, il team AUA di ECONUTRI ha fondato una societ\u00e0 spinoff denominata NUTRISENSE PC (<a href=\"https:\/\/nutrisense.online\">https:\/\/nutrisense.online<\/a>). NUTRISENSE PC \u00e8 stata fondata nel gennaio 2024. Attualmente, i servizi professionali del DSS NUTRISENSE sono forniti tramite la pagina web sopra citata su abbonamento (attuale TRL 8).<\/p>\n<\/div><div class=\"fusion-image-element awb-imageframe-style awb-imageframe-style-below awb-imageframe-style-1\" style=\"--awb-caption-text-size:14px;--awb-caption-margin-top:10px;--awb-caption-title-font-family:var(--h2_typography-font-family);--awb-caption-title-font-weight:var(--h2_typography-font-weight);--awb-caption-title-font-style:var(--h2_typography-font-style);--awb-caption-title-size:0px;--awb-caption-title-transform:var(--h2_typography-text-transform);--awb-caption-title-line-height:var(--h2_typography-line-height);--awb-caption-title-letter-spacing:var(--h2_typography-letter-spacing);\"><span class=\" fusion-imageframe imageframe-none imageframe-1 hover-type-none\"><img decoding=\"async\" width=\"1898\" height=\"920\" title=\"nutrisense-website\" src=\"https:\/\/econutri-project.eu\/wp-content\/uploads\/2024\/07\/nutrisense-website.jpg\" data-orig-src=\"https:\/\/econutri-project.eu\/wp-content\/uploads\/2024\/07\/nutrisense-website.jpg\" alt class=\"lazyload img-responsive wp-image-15996\" srcset=\"data:image\/svg+xml,%3Csvg%20xmlns%3D%27http%3A%2F%2Fwww.w3.org%2F2000%2Fsvg%27%20width%3D%271898%27%20height%3D%27920%27%20viewBox%3D%270%200%201898%20920%27%3E%3Crect%20width%3D%271898%27%20height%3D%27920%27%20fill-opacity%3D%220%22%2F%3E%3C%2Fsvg%3E\" data-srcset=\"https:\/\/econutri-project.eu\/wp-content\/uploads\/2024\/07\/nutrisense-website-200x97.jpg 200w, https:\/\/econutri-project.eu\/wp-content\/uploads\/2024\/07\/nutrisense-website-400x194.jpg 400w, https:\/\/econutri-project.eu\/wp-content\/uploads\/2024\/07\/nutrisense-website-600x291.jpg 600w, https:\/\/econutri-project.eu\/wp-content\/uploads\/2024\/07\/nutrisense-website-800x388.jpg 800w, https:\/\/econutri-project.eu\/wp-content\/uploads\/2024\/07\/nutrisense-website-1200x582.jpg 1200w, https:\/\/econutri-project.eu\/wp-content\/uploads\/2024\/07\/nutrisense-website.jpg 1898w\" data-sizes=\"auto\" data-orig-sizes=\"(max-width: 640px) 100vw, 1200px\" \/><\/span><div class=\"awb-imageframe-caption-container\" style=\"text-align:center;\"><div class=\"awb-imageframe-caption\"><h2 class=\"awb-imageframe-caption-title\">nutrisense-website<\/h2><p class=\"awb-imageframe-caption-text\">Figura 1. La pagina web di NUTRISENSE PC.  <\/p><\/div><\/div><\/div><\/div><\/div><\/div><\/div><div class=\"fusion-fullwidth fullwidth-box fusion-builder-row-4 fusion-flex-container has-pattern-background has-mask-background nonhundred-percent-fullwidth non-hundred-percent-height-scrolling\" style=\"--awb-border-radius-top-left:0px;--awb-border-radius-top-right:0px;--awb-border-radius-bottom-right:0px;--awb-border-radius-bottom-left:0px;--awb-padding-bottom:0px;--awb-padding-bottom-small:0px;--awb-margin-bottom-small:0px;--awb-background-image:linear-gradient(180deg, hsla(var(--awb-color5-h),var(--awb-color5-s),var(--awb-color5-l),calc( var(--awb-color5-a) - 95% )) 54%,var(--awb-color1) 100%);--awb-flex-wrap:wrap;\" ><div class=\"fusion-builder-row fusion-row fusion-flex-align-items-stretch fusion-flex-justify-content-center fusion-flex-content-wrap\" style=\"max-width:1310.4px;margin-left: calc(-4% \/ 2 );margin-right: calc(-4% \/ 2 );\"><div class=\"fusion-layout-column fusion_builder_column fusion-builder-column-3 fusion_builder_column_1_1 1_1 fusion-flex-column fusion-animated\" style=\"--awb-padding-top:45px;--awb-padding-right:55px;--awb-padding-bottom:35px;--awb-padding-left:55px;--awb-padding-top-small:40px;--awb-padding-right-small:30px;--awb-padding-bottom-small:40px;--awb-padding-left-small:30px;--awb-overflow:hidden;--awb-bg-color:var(--awb-color1);--awb-bg-color-hover:var(--awb-color1);--awb-bg-size:cover;--awb-box-shadow:0px 2px 6px 0px hsla(var(--awb-color8-h),var(--awb-color8-s),var(--awb-color8-l),calc( var(--awb-color8-a) - 89% ));;--awb-border-radius:12px 12px 12px 12px;--awb-width-large:100%;--awb-margin-top-large:0px;--awb-spacing-right-large:1.92%;--awb-margin-bottom-large:20px;--awb-spacing-left-large:1.92%;--awb-width-medium:50%;--awb-order-medium:0;--awb-spacing-right-medium:3.84%;--awb-margin-bottom-medium:40px;--awb-spacing-left-medium:3.84%;--awb-width-small:100%;--awb-order-small:0;--awb-spacing-right-small:1.92%;--awb-spacing-left-small:1.92%;\" data-animationType=\"bounceInUp\" data-animationDuration=\"1.0\" data-animationOffset=\"top-into-view\"><div class=\"fusion-column-wrapper fusion-column-has-shadow fusion-flex-justify-content-flex-start fusion-content-layout-column\"><div class=\"fusion-text fusion-text-2\"><p>L&#8217;azienda ha gi\u00e0 pi\u00f9 di 50 utenti professionali, soprattutto greci ma anche di altri Paesi, tra cui la Cina, poich\u00e9 \u00e8 disponibile in tre lingue: inglese, greco e cinese.<\/p>\n<p>Il DSS NUTRISENSE comprende due versioni, una per le colture coltivate nel suolo (SOIL NUTRISENSE), associata al KER2, e una per i sistemi di coltivazione senza suolo (SOILLESS NUTRISENSE), associata al KER3.<\/p>\n<\/div><div class=\"fusion-image-element awb-imageframe-style awb-imageframe-style-below awb-imageframe-style-2\" style=\"--awb-caption-text-size:14px;--awb-caption-margin-top:10px;--awb-caption-title-font-family:var(--h2_typography-font-family);--awb-caption-title-font-weight:var(--h2_typography-font-weight);--awb-caption-title-font-style:var(--h2_typography-font-style);--awb-caption-title-size:0px;--awb-caption-title-transform:var(--h2_typography-text-transform);--awb-caption-title-line-height:var(--h2_typography-line-height);--awb-caption-title-letter-spacing:var(--h2_typography-letter-spacing);\"><span class=\" fusion-imageframe imageframe-none imageframe-2 hover-type-none\"><img decoding=\"async\" width=\"1134\" height=\"525\" title=\"nutrisense-version\" src=\"https:\/\/econutri-project.eu\/wp-content\/uploads\/2024\/07\/nutrisense-version.jpg\" data-orig-src=\"https:\/\/econutri-project.eu\/wp-content\/uploads\/2024\/07\/nutrisense-version.jpg\" alt class=\"lazyload img-responsive wp-image-15552\" srcset=\"data:image\/svg+xml,%3Csvg%20xmlns%3D%27http%3A%2F%2Fwww.w3.org%2F2000%2Fsvg%27%20width%3D%271134%27%20height%3D%27525%27%20viewBox%3D%270%200%201134%20525%27%3E%3Crect%20width%3D%271134%27%20height%3D%27525%27%20fill-opacity%3D%220%22%2F%3E%3C%2Fsvg%3E\" data-srcset=\"https:\/\/econutri-project.eu\/wp-content\/uploads\/2024\/07\/nutrisense-version-200x93.jpg 200w, https:\/\/econutri-project.eu\/wp-content\/uploads\/2024\/07\/nutrisense-version-400x185.jpg 400w, https:\/\/econutri-project.eu\/wp-content\/uploads\/2024\/07\/nutrisense-version-600x278.jpg 600w, https:\/\/econutri-project.eu\/wp-content\/uploads\/2024\/07\/nutrisense-version-800x370.jpg 800w, https:\/\/econutri-project.eu\/wp-content\/uploads\/2024\/07\/nutrisense-version.jpg 1134w\" data-sizes=\"auto\" data-orig-sizes=\"(max-width: 640px) 100vw, 1134px\" \/><\/span><div class=\"awb-imageframe-caption-container\" style=\"text-align:center;\"><div class=\"awb-imageframe-caption\"><h2 class=\"awb-imageframe-caption-title\">nutrisense-version<\/h2><p class=\"awb-imageframe-caption-text\">Figura 2. DSS NUTRISENSE. L&#039;interfaccia utilizzata dagli abbonati al NUTRISENSE DSS per scegliere tra SOIL NUTRISENSE e SOILLESS NUTRISENSE.   <\/p><\/div><\/div><\/div><\/div><\/div><div class=\"fusion-layout-column fusion_builder_column fusion-builder-column-4 fusion_builder_column_1_1 1_1 fusion-flex-column fusion-animated\" style=\"--awb-padding-top:45px;--awb-padding-right:55px;--awb-padding-bottom:35px;--awb-padding-left:55px;--awb-padding-top-small:40px;--awb-padding-right-small:30px;--awb-padding-bottom-small:40px;--awb-padding-left-small:30px;--awb-overflow:hidden;--awb-bg-color:var(--awb-color1);--awb-bg-color-hover:var(--awb-color1);--awb-bg-size:cover;--awb-box-shadow:0px 2px 6px 0px hsla(var(--awb-color8-h),var(--awb-color8-s),var(--awb-color8-l),calc( var(--awb-color8-a) - 89% ));;--awb-border-radius:12px 12px 12px 12px;--awb-width-large:100%;--awb-margin-top-large:0px;--awb-spacing-right-large:1.92%;--awb-margin-bottom-large:20px;--awb-spacing-left-large:1.92%;--awb-width-medium:50%;--awb-order-medium:0;--awb-spacing-right-medium:3.84%;--awb-margin-bottom-medium:40px;--awb-spacing-left-medium:3.84%;--awb-width-small:100%;--awb-order-small:0;--awb-spacing-right-small:1.92%;--awb-spacing-left-small:1.92%;\" data-animationType=\"bounceInUp\" data-animationDuration=\"1.0\" data-animationOffset=\"top-into-view\"><div class=\"fusion-column-wrapper fusion-column-has-shadow fusion-flex-justify-content-flex-start fusion-content-layout-column\"><div class=\"fusion-text fusion-text-3\"><p>SOIL NUTRISENSE pu\u00f2 essere utilizzato per calcolare le formule di fertirrigazione ottimali per le colture coltivate in suolo, in base alle esigenze della coltura, prendendo in considerazione l&#8217;analisi del suolo e la composizione minerale dell&#8217;acqua. Queste raccomandazioni di fertirrigazione possono essere aggiornate ogni volta che \u00e8 disponibile una nuova analisi del terreno.<\/p>\n<p>SOIL NUTRISENSE come DSS \u00e8 una propriet\u00e0 intellettuale di AUA sviluppata nell&#8217;ambito del compito 3.2 di ECONUTRI (KER1). SOIL NUTRISENSE sar\u00e0 ulteriormente migliorato e aggiornato durante l&#8217;attuazione di ECONUTRI, sulla base dei nuovi risultati ottenuti dal progetto.<\/p>\n<\/div><div class=\"fusion-image-element awb-imageframe-style awb-imageframe-style-below awb-imageframe-style-3\" style=\"--awb-caption-text-size:14px;--awb-caption-margin-top:10px;--awb-caption-title-font-family:var(--h2_typography-font-family);--awb-caption-title-font-weight:var(--h2_typography-font-weight);--awb-caption-title-font-style:var(--h2_typography-font-style);--awb-caption-title-size:0px;--awb-caption-title-transform:var(--h2_typography-text-transform);--awb-caption-title-line-height:var(--h2_typography-line-height);--awb-caption-title-letter-spacing:var(--h2_typography-letter-spacing);\"><span class=\" fusion-imageframe imageframe-none imageframe-3 hover-type-none\"><img decoding=\"async\" width=\"1134\" height=\"593\" title=\"soil-nutrisense\" src=\"https:\/\/econutri-project.eu\/wp-content\/uploads\/2024\/07\/soil-nutrisense.jpg\" data-orig-src=\"https:\/\/econutri-project.eu\/wp-content\/uploads\/2024\/07\/soil-nutrisense.jpg\" alt class=\"lazyload img-responsive wp-image-15576\" srcset=\"data:image\/svg+xml,%3Csvg%20xmlns%3D%27http%3A%2F%2Fwww.w3.org%2F2000%2Fsvg%27%20width%3D%271134%27%20height%3D%27593%27%20viewBox%3D%270%200%201134%20593%27%3E%3Crect%20width%3D%271134%27%20height%3D%27593%27%20fill-opacity%3D%220%22%2F%3E%3C%2Fsvg%3E\" data-srcset=\"https:\/\/econutri-project.eu\/wp-content\/uploads\/2024\/07\/soil-nutrisense-200x105.jpg 200w, https:\/\/econutri-project.eu\/wp-content\/uploads\/2024\/07\/soil-nutrisense-400x209.jpg 400w, https:\/\/econutri-project.eu\/wp-content\/uploads\/2024\/07\/soil-nutrisense-600x314.jpg 600w, https:\/\/econutri-project.eu\/wp-content\/uploads\/2024\/07\/soil-nutrisense-800x418.jpg 800w, https:\/\/econutri-project.eu\/wp-content\/uploads\/2024\/07\/soil-nutrisense.jpg 1134w\" data-sizes=\"auto\" data-orig-sizes=\"(max-width: 640px) 100vw, 1134px\" \/><\/span><div class=\"awb-imageframe-caption-container\" style=\"text-align:center;\"><div class=\"awb-imageframe-caption\"><h2 class=\"awb-imageframe-caption-title\">soil-nutrisense<\/h2><p class=\"awb-imageframe-caption-text\">Figura 3. Interfaccia di SOIL NUTRISENSE, scheda per l&#039;introduzione dei dati di analisi del suolo.  <\/p><\/div><\/div><\/div><\/div><\/div><div class=\"fusion-layout-column fusion_builder_column fusion-builder-column-5 fusion_builder_column_1_1 1_1 fusion-flex-column fusion-animated\" style=\"--awb-padding-top:45px;--awb-padding-right:55px;--awb-padding-bottom:35px;--awb-padding-left:55px;--awb-padding-top-small:40px;--awb-padding-right-small:30px;--awb-padding-bottom-small:40px;--awb-padding-left-small:30px;--awb-overflow:hidden;--awb-bg-color:var(--awb-color1);--awb-bg-color-hover:var(--awb-color1);--awb-bg-size:cover;--awb-box-shadow:0px 2px 6px 0px hsla(var(--awb-color8-h),var(--awb-color8-s),var(--awb-color8-l),calc( var(--awb-color8-a) - 89% ));;--awb-border-radius:12px 12px 12px 12px;--awb-width-large:100%;--awb-margin-top-large:0px;--awb-spacing-right-large:1.92%;--awb-margin-bottom-large:20px;--awb-spacing-left-large:1.92%;--awb-width-medium:50%;--awb-order-medium:0;--awb-spacing-right-medium:3.84%;--awb-margin-bottom-medium:40px;--awb-spacing-left-medium:3.84%;--awb-width-small:100%;--awb-order-small:0;--awb-spacing-right-small:1.92%;--awb-spacing-left-small:1.92%;\" data-animationType=\"bounceInUp\" data-animationDuration=\"1.0\" data-animationOffset=\"top-into-view\"><div class=\"fusion-column-wrapper fusion-column-has-shadow fusion-flex-justify-content-flex-start fusion-content-layout-column\"><div class=\"fusion-text fusion-text-4\"><p>SOILLESS NUTRISENSE \u00e8 la versione di NUTRISENSE DSS progettata per l&#8217;uso in sistemi di coltivazione senza suolo a ciclo aperto e chiuso. Questa versione di NUTRISENSE esisteva gi\u00e0 prima dell&#8217;inizio di ECONUTRI (ma non era sfruttabile commercialmente tramite l&#8217;azienda privata NUTRISENSE PC) per calcolare i NS in base alle caratteristiche desiderate date come valori target e riadattare la loro composizione durante il periodo di coltivazione dopo le analisi chimiche della soluzione di drenaggio (effluenti di fertirrigazione).<\/p>\n<p>Attualmente, nell&#8217;ambito del compito 3.3 di ECONUTRI, \u00e8 stata sviluppata un&#8217;opzione avanzata all&#8217;interno di SOILLESS NUTRISENSE per regolare automaticamente l&#8217;apporto di nutrienti in sistemi di coltivazione senza suolo ad anello chiuso, utilizzando i dati degli elettrodi selettivi ionici (ISE). Questa versione, basata sul KER3, non \u00e8 ancora disponibile in commercio, ma il progetto \u00e8 di sfruttarla commercialmente attraverso il SOILLESS NUTRISENSE dopo il completamento di test pilota volti a validarla in ambienti rilevanti.<\/p>\n<\/div><div class=\"fusion-image-element awb-imageframe-style awb-imageframe-style-below awb-imageframe-style-4\" style=\"--awb-caption-text-size:14px;--awb-caption-margin-top:10px;--awb-caption-title-font-family:var(--h2_typography-font-family);--awb-caption-title-font-weight:var(--h2_typography-font-weight);--awb-caption-title-font-style:var(--h2_typography-font-style);--awb-caption-title-size:0px;--awb-caption-title-transform:var(--h2_typography-text-transform);--awb-caption-title-line-height:var(--h2_typography-line-height);--awb-caption-title-letter-spacing:var(--h2_typography-letter-spacing);\"><span class=\" fusion-imageframe imageframe-none imageframe-4 hover-type-none\"><img decoding=\"async\" width=\"1134\" height=\"608\" title=\"soilless-nutrisense\" src=\"https:\/\/econutri-project.eu\/wp-content\/uploads\/2024\/07\/soilless-nutrisense-1.jpg\" data-orig-src=\"https:\/\/econutri-project.eu\/wp-content\/uploads\/2024\/07\/soilless-nutrisense-1.jpg\" alt class=\"lazyload img-responsive wp-image-15587\" srcset=\"data:image\/svg+xml,%3Csvg%20xmlns%3D%27http%3A%2F%2Fwww.w3.org%2F2000%2Fsvg%27%20width%3D%271134%27%20height%3D%27608%27%20viewBox%3D%270%200%201134%20608%27%3E%3Crect%20width%3D%271134%27%20height%3D%27608%27%20fill-opacity%3D%220%22%2F%3E%3C%2Fsvg%3E\" data-srcset=\"https:\/\/econutri-project.eu\/wp-content\/uploads\/2024\/07\/soilless-nutrisense-1-200x107.jpg 200w, https:\/\/econutri-project.eu\/wp-content\/uploads\/2024\/07\/soilless-nutrisense-1-400x214.jpg 400w, https:\/\/econutri-project.eu\/wp-content\/uploads\/2024\/07\/soilless-nutrisense-1-600x322.jpg 600w, https:\/\/econutri-project.eu\/wp-content\/uploads\/2024\/07\/soilless-nutrisense-1-800x429.jpg 800w, https:\/\/econutri-project.eu\/wp-content\/uploads\/2024\/07\/soilless-nutrisense-1.jpg 1134w\" data-sizes=\"auto\" data-orig-sizes=\"(max-width: 640px) 100vw, 1134px\" \/><\/span><div class=\"awb-imageframe-caption-container\" style=\"text-align:center;\"><div class=\"awb-imageframe-caption\"><h2 class=\"awb-imageframe-caption-title\">soilless-nutrisense<\/h2><p class=\"awb-imageframe-caption-text\">Figura 4. L&#039;interfaccia di SOILLESS NUTRISENSE, scheda &quot;Opzioni generali&quot;. Per lavorare con la versione sviluppata per l&#039;uso di elettrodi selettivi ionici, l&#039;abbonato deve selezionare &quot;S\u00ec&quot; nell&#039;opzione &quot;Working with ISE&quot;.  <\/p><\/div><\/div><\/div><div style=\"text-align:center;\"><a class=\"fusion-button button-flat button-xlarge button-custom fusion-button-default button-1 fusion-button-default-span fusion-button-default-type\" style=\"--button_accent_color:var(--awb-color1);--button_accent_hover_color:var(--awb-color1);--button_border_hover_color:var(--awb-color1);--button_gradient_top_color:var(--awb-color5);--button_gradient_bottom_color:var(--awb-color5);--button_gradient_top_color_hover:var(--awb-color3);--button_gradient_bottom_color_hover:var(--awb-color3);--button_margin-top:40px;\" target=\"_blank\" rel=\"noopener noreferrer\" href=\"https:\/\/nutrisense.online\/\"><span class=\"fusion-button-text awb-button__text awb-button__text--default\">VISITA LA PAGINA WEB DI NUTRISENSE<\/span><\/a><\/div><\/div><\/div><\/div><\/div><\/p>\n","protected":false},"excerpt":{"rendered":"","protected":false},"author":1,"featured_media":0,"parent":0,"menu_order":0,"comment_status":"closed","ping_status":"closed","template":"100-width.php","meta":{"footnotes":""},"class_list":["post-15619","page","type-page","status-publish","hentry"],"_links":{"self":[{"href":"https:\/\/econutri-project.eu\/it\/wp-json\/wp\/v2\/pages\/15619"}],"collection":[{"href":"https:\/\/econutri-project.eu\/it\/wp-json\/wp\/v2\/pages"}],"about":[{"href":"https:\/\/econutri-project.eu\/it\/wp-json\/wp\/v2\/types\/page"}],"author":[{"embeddable":true,"href":"https:\/\/econutri-project.eu\/it\/wp-json\/wp\/v2\/users\/1"}],"replies":[{"embeddable":true,"href":"https:\/\/econutri-project.eu\/it\/wp-json\/wp\/v2\/comments?post=15619"}],"version-history":[{"count":11,"href":"https:\/\/econutri-project.eu\/it\/wp-json\/wp\/v2\/pages\/15619\/revisions"}],"predecessor-version":[{"id":16029,"href":"https:\/\/econutri-project.eu\/it\/wp-json\/wp\/v2\/pages\/15619\/revisions\/16029"}],"wp:attachment":[{"href":"https:\/\/econutri-project.eu\/it\/wp-json\/wp\/v2\/media?parent=15619"}],"curies":[{"name":"wp","href":"https:\/\/api.w.org\/{rel}","templated":true}]}}