{"id":8205,"date":"2023-10-10T14:22:47","date_gmt":"2023-10-10T11:22:47","guid":{"rendered":"https:\/\/econutri-project.eu\/leibniz-intezet-a-zoldseg-es-disznovenytermesztesert-igz-e-v\/"},"modified":"2024-01-17T12:57:31","modified_gmt":"2024-01-17T10:57:31","slug":"leibniz-intezet-a-zoldseg-es-disznovenytermesztesert-igz-e-v","status":"publish","type":"page","link":"https:\/\/econutri-project.eu\/hu\/leibniz-intezet-a-zoldseg-es-disznovenytermesztesert-igz-e-v\/","title":{"rendered":"LEIBNIZ INT\u00c9ZET A Z\u00d6LDS\u00c9G- \u00c9S D\u00cdSZN\u00d6V\u00c9NYTERMESZT\u00c9S\u00c9RT (IGZ) E.V."},"content":{"rendered":"<p><div class=\"fusion-fullwidth fullwidth-box fusion-builder-row-1 fusion-flex-container has-pattern-background has-mask-background nonhundred-percent-fullwidth non-hundred-percent-height-scrolling\" style=\"--awb-border-radius-top-left:0px;--awb-border-radius-top-right:0px;--awb-border-radius-bottom-right:0px;--awb-border-radius-bottom-left:0px;--awb-margin-bottom:120px;--awb-margin-bottom-medium:160px;--awb-margin-bottom-small:145px;--awb-flex-wrap:wrap;\" ><div class=\"fusion-builder-row fusion-row fusion-flex-align-items-flex-start fusion-flex-justify-content-center fusion-flex-content-wrap\" style=\"max-width:1310.4px;margin-left: calc(-4% \/ 2 );margin-right: calc(-4% \/ 2 );\"><div class=\"fusion-layout-column fusion_builder_column fusion-builder-column-0 fusion_builder_column_2_3 2_3 fusion-flex-column fusion-animated\" style=\"--awb-bg-size:cover;--awb-width-large:66.666666666667%;--awb-margin-top-large:0px;--awb-spacing-right-large:2.88%;--awb-margin-bottom-large:0px;--awb-spacing-left-large:2.88%;--awb-width-medium:75%;--awb-order-medium:0;--awb-spacing-right-medium:2.56%;--awb-spacing-left-medium:2.56%;--awb-width-small:100%;--awb-order-small:0;--awb-spacing-right-small:1.92%;--awb-spacing-left-small:1.92%;\" data-animationType=\"fadeInDown\" data-animationDuration=\"1.3\" data-animationOffset=\"top-into-view\"><div class=\"fusion-column-wrapper fusion-column-has-shadow fusion-flex-justify-content-center fusion-content-layout-column\"><div class=\"fusion-title title fusion-title-1 fusion-sep-none fusion-title-center fusion-title-text fusion-title-size-two\" style=\"--awb-margin-bottom:35px;\"><h2 class=\"fusion-title-heading title-heading-center\" style=\"margin:0;\">LEIBNIZ INT\u00c9ZET A Z\u00d6LDS\u00c9G- \u00c9S D\u00cdSZN\u00d6V\u00c9NYTERMESZT\u00c9S\u00c9RT (IGZ) E.V.<\/h2><\/div><\/div><\/div><\/div><\/div><div class=\"fusion-fullwidth fullwidth-box fusion-builder-row-2 fusion-flex-container nonhundred-percent-fullwidth non-hundred-percent-height-scrolling\" style=\"--awb-border-radius-top-left:0px;--awb-border-radius-top-right:0px;--awb-border-radius-bottom-right:0px;--awb-border-radius-bottom-left:0px;--awb-flex-wrap:wrap;\" ><div class=\"fusion-builder-row fusion-row fusion-flex-align-items-flex-start fusion-flex-content-wrap\" style=\"max-width:1310.4px;margin-left: calc(-4% \/ 2 );margin-right: calc(-4% \/ 2 );\"><div class=\"fusion-layout-column fusion_builder_column fusion-builder-column-1 fusion_builder_column_1_1 1_1 fusion-flex-column\" style=\"--awb-bg-size:cover;--awb-width-large:100%;--awb-margin-top-large:0px;--awb-spacing-right-large:1.92%;--awb-margin-bottom-large:0px;--awb-spacing-left-large:1.92%;--awb-width-medium:100%;--awb-order-medium:0;--awb-spacing-right-medium:1.92%;--awb-spacing-left-medium:1.92%;--awb-width-small:100%;--awb-order-small:0;--awb-spacing-right-small:1.92%;--awb-spacing-left-small:1.92%;\"><div class=\"fusion-column-wrapper fusion-column-has-shadow fusion-flex-justify-content-flex-start fusion-content-layout-column\"><div class=\"fusion-section-separator section-separator big-half-circle fusion-section-separator-1\" style=\"--awb-spacer-height:150px;--awb-svg-margin-left:1.92%;--awb-svg-margin-right:1.92%;--awb-svg-margin-left-medium:1.92%;--awb-svg-margin-right-medium:1.92%;--awb-svg-margin-left-small:1.92%;--awb-svg-margin-right-small:1.92%;--awb-divider-height:150px;--awb-spacer-padding-top:inherit;--awb-sep-padding:0;--awb-svg-padding:0;\"><div class=\"fusion-section-separator-svg\"><svg class=\"fusion-big-half-circle-candy\" xmlns=\"http:\/\/www.w3.org\/2000\/svg\" version=\"1.1\" width=\"100%\" height=\"100\" viewBox=\"0 0 100 100\" preserveAspectRatio=\"none\" fill=\"rgba(48,181,95,0.05)\"><path d=\"M0 100 C40 0 60 0 100 100 Z\"><\/path><\/svg><\/div><div class=\"fusion-section-separator-spacer\"><div class=\"fusion-section-separator-spacer-height\"><\/div><\/div><\/div><\/div><\/div><\/div><\/div><div class=\"fusion-fullwidth fullwidth-box fusion-builder-row-3 fusion-flex-container has-pattern-background has-mask-background nonhundred-percent-fullwidth non-hundred-percent-height-scrolling\" style=\"--awb-border-radius-top-left:0px;--awb-border-radius-top-right:0px;--awb-border-radius-bottom-right:0px;--awb-border-radius-bottom-left:0px;--awb-padding-bottom:0px;--awb-padding-bottom-small:0px;--awb-margin-bottom-small:0px;--awb-background-image:linear-gradient(180deg, hsla(var(--awb-color5-h),var(--awb-color5-s),var(--awb-color5-l),calc( var(--awb-color5-a) - 95% )) 54%,var(--awb-color1) 100%);--awb-flex-wrap:wrap;\" ><div class=\"fusion-builder-row fusion-row fusion-flex-align-items-stretch fusion-flex-justify-content-center fusion-flex-content-wrap\" style=\"max-width:1310.4px;margin-left: calc(-4% \/ 2 );margin-right: calc(-4% \/ 2 );\"><div class=\"fusion-layout-column fusion_builder_column fusion-builder-column-2 fusion_builder_column_1_1 1_1 fusion-flex-column fusion-animated\" style=\"--awb-padding-top:45px;--awb-padding-right:55px;--awb-padding-bottom:35px;--awb-padding-left:55px;--awb-padding-top-small:40px;--awb-padding-right-small:30px;--awb-padding-bottom-small:40px;--awb-padding-left-small:30px;--awb-overflow:hidden;--awb-bg-color:var(--awb-color1);--awb-bg-color-hover:var(--awb-color1);--awb-bg-size:cover;--awb-box-shadow:0px 2px 6px 0px hsla(var(--awb-color8-h),var(--awb-color8-s),var(--awb-color8-l),calc( var(--awb-color8-a) - 89% ));;--awb-border-radius:12px 12px 12px 12px;--awb-width-large:100%;--awb-margin-top-large:-250px;--awb-spacing-right-large:1.92%;--awb-margin-bottom-large:20px;--awb-spacing-left-large:1.92%;--awb-width-medium:50%;--awb-order-medium:0;--awb-spacing-right-medium:3.84%;--awb-margin-bottom-medium:40px;--awb-spacing-left-medium:3.84%;--awb-width-small:100%;--awb-order-small:0;--awb-spacing-right-small:1.92%;--awb-spacing-left-small:1.92%;\" data-animationType=\"bounceInUp\" data-animationDuration=\"1.0\" data-animationOffset=\"top-into-view\"><div class=\"fusion-column-wrapper fusion-column-has-shadow fusion-flex-justify-content-flex-start fusion-content-layout-column\"><div class=\"fusion-image-element \" style=\"text-align:center;--awb-caption-title-font-family:var(--h2_typography-font-family);--awb-caption-title-font-weight:var(--h2_typography-font-weight);--awb-caption-title-font-style:var(--h2_typography-font-style);--awb-caption-title-size:var(--h2_typography-font-size);--awb-caption-title-transform:var(--h2_typography-text-transform);--awb-caption-title-line-height:var(--h2_typography-line-height);--awb-caption-title-letter-spacing:var(--h2_typography-letter-spacing);\"><span class=\" fusion-imageframe imageframe-none imageframe-1 hover-type-none\"><img decoding=\"async\" width=\"1562\" height=\"587\" title=\"LEIBNIZ INSTITUTE FOR VEGETABLE AND ORNAMENTAL CROPS (IGZ)\" src=\"https:\/\/econutri-project.eu\/wp-content\/uploads\/2023\/10\/LEIBNIZ-INSTITUTE-FOR-VEGETABLE-AND-ORNAMENTAL-CROPS-IGZ.jpg\" data-orig-src=\"https:\/\/econutri-project.eu\/wp-content\/uploads\/2023\/10\/LEIBNIZ-INSTITUTE-FOR-VEGETABLE-AND-ORNAMENTAL-CROPS-IGZ.jpg\" alt class=\"lazyload img-responsive wp-image-4679\" srcset=\"data:image\/svg+xml,%3Csvg%20xmlns%3D%27http%3A%2F%2Fwww.w3.org%2F2000%2Fsvg%27%20width%3D%271562%27%20height%3D%27587%27%20viewBox%3D%270%200%201562%20587%27%3E%3Crect%20width%3D%271562%27%20height%3D%27587%27%20fill-opacity%3D%220%22%2F%3E%3C%2Fsvg%3E\" data-srcset=\"https:\/\/econutri-project.eu\/wp-content\/uploads\/2023\/10\/LEIBNIZ-INSTITUTE-FOR-VEGETABLE-AND-ORNAMENTAL-CROPS-IGZ-200x75.jpg 200w, https:\/\/econutri-project.eu\/wp-content\/uploads\/2023\/10\/LEIBNIZ-INSTITUTE-FOR-VEGETABLE-AND-ORNAMENTAL-CROPS-IGZ-400x150.jpg 400w, https:\/\/econutri-project.eu\/wp-content\/uploads\/2023\/10\/LEIBNIZ-INSTITUTE-FOR-VEGETABLE-AND-ORNAMENTAL-CROPS-IGZ-600x225.jpg 600w, https:\/\/econutri-project.eu\/wp-content\/uploads\/2023\/10\/LEIBNIZ-INSTITUTE-FOR-VEGETABLE-AND-ORNAMENTAL-CROPS-IGZ-800x301.jpg 800w, https:\/\/econutri-project.eu\/wp-content\/uploads\/2023\/10\/LEIBNIZ-INSTITUTE-FOR-VEGETABLE-AND-ORNAMENTAL-CROPS-IGZ-1200x451.jpg 1200w, https:\/\/econutri-project.eu\/wp-content\/uploads\/2023\/10\/LEIBNIZ-INSTITUTE-FOR-VEGETABLE-AND-ORNAMENTAL-CROPS-IGZ.jpg 1562w\" data-sizes=\"auto\" data-orig-sizes=\"(max-width: 640px) 100vw, 1200px\" \/><\/span><\/div><div class=\"fusion-text fusion-text-1\" style=\"--awb-margin-top:40px;\"><p>A &#8222;Kert\u00e9szeti rendszerek szab\u00e1lyozott k\u00f6rnyezetben&#8221; (HORTSYS-IGZ) tansz\u00e9ken modellalap\u00fa fel\u00fcgyeletet hozunk l\u00e9tre a rendszermodellez\u00e9s \u00e9s a szenzortechnol\u00f3gia seg\u00edts\u00e9g\u00e9vel, amelynek c\u00e9lja az er\u0151forr\u00e1s-felhaszn\u00e1l\u00e1s-optimaliz\u00e1lt termel\u00e9s. Kutat\u00e1sainkat a k\u00f6rnyezetszab\u00e1lyoz\u00e1s \u00e9s az er\u0151forr\u00e1s-v\u00e9delem ter\u00fclet\u00e9n alkalmazzuk \u00fcvegh\u00e1zakban \u00e9s ellen\u0151rz\u00f6tt k\u00f6rnyezetben.<\/p>\n<p>A HORTSYS-IGZ r\u00e9szt vesz az ECONUTRI projektben:<\/p>\n<ul>\n<li><strong>WP5 K\u00f6rnyezeti hat\u00e1sok, \u00e9letciklus-elemz\u00e9s \u00e9s t\u00e1rsadalmi-gazdas\u00e1gi szempontok<\/strong>, mint WP-vezet\u0151<\/li>\n<li><strong>WP5.1 Rendszermodellez\u00e9s \u00e9s k\u00f6rnyezeti<\/strong> \u00e9rt\u00e9kel\u00e9s, mint az alfeladat felel\u0151se<\/li>\n<li><strong>WP2, WP3 \u00e9s WP4<\/strong>, mint a kiv\u00e1lasztott innov\u00e1ci\u00f3k modellez\u00e9s\u00e9ben egy\u00fcttm\u0171k\u00f6d\u0151k<\/li>\n<\/ul>\n<p>Az IGZ f\u0151 feladata, hogy t\u00f6megm\u00e9rlegeket \u00e9s mechanisztikus modelleket dolgozzon ki a t\u00e1panyagvesztes\u00e9g cs\u00f6kkent\u00e9s\u00e9nek el\u0151rejelz\u00e9s\u00e9re a mez\u0151gazdas\u00e1gi \u00e1gazaton bel\u00fcli n\u00e9gy k\u00fcl\u00f6nb\u00f6z\u0151 technikai innov\u00e1ci\u00f3 k\u00fcl\u00f6nb\u00f6z\u0151 forgat\u00f3k\u00f6nyvei eset\u00e9n. Az IGZ tov\u00e1bb\u00e1 egy\u00fcttm\u0171k\u00f6dik a g\u00f6r\u00f6gorsz\u00e1gi Ath\u00e9ni Agr\u00e1rtudom\u00e1nyi Egyetemmel<a href=\"https:\/\/www2.aua.gr\/en\">(AUA<\/a>) \u00e9s a magyarorsz\u00e1gi K\u00f6rnyezeti T\u00e1rsadalomtudom\u00e1nyi Kutat\u00f3csoporttal (<a href=\"https:\/\/www.essrg.hu\/en\/\">ESSRG<\/a>), hogy \u00e9letciklus- \u00e9s t\u00e1rsadalmi-gazdas\u00e1gi \u00e9rt\u00e9kel\u00e9seket v\u00e9gezzen.<\/p>\n<\/div><\/div><\/div><div class=\"fusion-layout-column fusion_builder_column fusion-builder-column-3 fusion_builder_column_1_1 1_1 fusion-flex-column fusion-animated\" style=\"--awb-padding-top:45px;--awb-padding-right:55px;--awb-padding-bottom:35px;--awb-padding-left:55px;--awb-padding-top-small:40px;--awb-padding-right-small:30px;--awb-padding-bottom-small:40px;--awb-padding-left-small:30px;--awb-overflow:hidden;--awb-bg-color:var(--awb-color1);--awb-bg-color-hover:var(--awb-color1);--awb-bg-size:cover;--awb-box-shadow:0px 2px 6px 0px hsla(var(--awb-color8-h),var(--awb-color8-s),var(--awb-color8-l),calc( var(--awb-color8-a) - 89% ));;--awb-border-radius:12px 12px 12px 12px;--awb-width-large:100%;--awb-margin-top-large:0px;--awb-spacing-right-large:1.92%;--awb-margin-bottom-large:20px;--awb-spacing-left-large:1.92%;--awb-width-medium:50%;--awb-order-medium:0;--awb-spacing-right-medium:3.84%;--awb-margin-bottom-medium:40px;--awb-spacing-left-medium:3.84%;--awb-width-small:100%;--awb-order-small:0;--awb-spacing-right-small:1.92%;--awb-spacing-left-small:1.92%;\" data-animationType=\"bounceInUp\" data-animationDuration=\"1.0\" data-animationOffset=\"top-into-view\"><div class=\"fusion-column-wrapper fusion-column-has-shadow fusion-flex-justify-content-flex-start fusion-content-layout-column\"><div class=\"fusion-image-element \" style=\"text-align:center;--awb-caption-title-font-family:var(--h2_typography-font-family);--awb-caption-title-font-weight:var(--h2_typography-font-weight);--awb-caption-title-font-style:var(--h2_typography-font-style);--awb-caption-title-size:var(--h2_typography-font-size);--awb-caption-title-transform:var(--h2_typography-text-transform);--awb-caption-title-line-height:var(--h2_typography-line-height);--awb-caption-title-letter-spacing:var(--h2_typography-letter-spacing);\"><span class=\" fusion-imageframe imageframe-none imageframe-2 hover-type-none\"><img decoding=\"async\" width=\"1000\" height=\"751\" title=\"LEIBNIZ-INSTITUTE-FOR-VEGETABLE-AND-ORNAMENTAL-CROPS-(IGZ)-1\" src=\"https:\/\/econutri-project.eu\/wp-content\/uploads\/2023\/10\/LEIBNIZ-INSTITUTE-FOR-VEGETABLE-AND-ORNAMENTAL-CROPS-IGZ-1.jpg\" data-orig-src=\"https:\/\/econutri-project.eu\/wp-content\/uploads\/2023\/10\/LEIBNIZ-INSTITUTE-FOR-VEGETABLE-AND-ORNAMENTAL-CROPS-IGZ-1.jpg\" alt class=\"lazyload img-responsive wp-image-4709\" srcset=\"data:image\/svg+xml,%3Csvg%20xmlns%3D%27http%3A%2F%2Fwww.w3.org%2F2000%2Fsvg%27%20width%3D%271000%27%20height%3D%27751%27%20viewBox%3D%270%200%201000%20751%27%3E%3Crect%20width%3D%271000%27%20height%3D%27751%27%20fill-opacity%3D%220%22%2F%3E%3C%2Fsvg%3E\" data-srcset=\"https:\/\/econutri-project.eu\/wp-content\/uploads\/2023\/10\/LEIBNIZ-INSTITUTE-FOR-VEGETABLE-AND-ORNAMENTAL-CROPS-IGZ-1-200x150.jpg 200w, https:\/\/econutri-project.eu\/wp-content\/uploads\/2023\/10\/LEIBNIZ-INSTITUTE-FOR-VEGETABLE-AND-ORNAMENTAL-CROPS-IGZ-1-400x300.jpg 400w, https:\/\/econutri-project.eu\/wp-content\/uploads\/2023\/10\/LEIBNIZ-INSTITUTE-FOR-VEGETABLE-AND-ORNAMENTAL-CROPS-IGZ-1-600x451.jpg 600w, https:\/\/econutri-project.eu\/wp-content\/uploads\/2023\/10\/LEIBNIZ-INSTITUTE-FOR-VEGETABLE-AND-ORNAMENTAL-CROPS-IGZ-1-800x601.jpg 800w, https:\/\/econutri-project.eu\/wp-content\/uploads\/2023\/10\/LEIBNIZ-INSTITUTE-FOR-VEGETABLE-AND-ORNAMENTAL-CROPS-IGZ-1.jpg 1000w\" data-sizes=\"auto\" data-orig-sizes=\"(max-width: 640px) 100vw, 1000px\" \/><\/span><\/div><\/div><\/div><div class=\"fusion-layout-column fusion_builder_column fusion-builder-column-4 fusion_builder_column_1_1 1_1 fusion-flex-column fusion-animated\" style=\"--awb-padding-top:45px;--awb-padding-right:55px;--awb-padding-bottom:35px;--awb-padding-left:55px;--awb-padding-top-small:40px;--awb-padding-right-small:30px;--awb-padding-bottom-small:40px;--awb-padding-left-small:30px;--awb-overflow:hidden;--awb-bg-color:var(--awb-color1);--awb-bg-color-hover:var(--awb-color1);--awb-bg-size:cover;--awb-box-shadow:0px 2px 6px 0px hsla(var(--awb-color8-h),var(--awb-color8-s),var(--awb-color8-l),calc( var(--awb-color8-a) - 89% ));;--awb-border-radius:12px 12px 12px 12px;--awb-width-large:100%;--awb-margin-top-large:0px;--awb-spacing-right-large:1.92%;--awb-margin-bottom-large:20px;--awb-spacing-left-large:1.92%;--awb-width-medium:50%;--awb-order-medium:0;--awb-spacing-right-medium:3.84%;--awb-margin-bottom-medium:40px;--awb-spacing-left-medium:3.84%;--awb-width-small:100%;--awb-order-small:0;--awb-spacing-right-small:1.92%;--awb-spacing-left-small:1.92%;\" data-animationType=\"bounceInUp\" data-animationDuration=\"1.0\" data-animationOffset=\"top-into-view\"><div class=\"fusion-column-wrapper fusion-column-has-shadow fusion-flex-justify-content-flex-start fusion-content-layout-column\"><div class=\"fusion-text fusion-text-2\" style=\"--awb-margin-top:40px;\"><p>Ezek az innov\u00e1ci\u00f3k a k\u00f6vetkez\u0151k:<\/p>\n<ul>\n<li>A szerves hullad\u00e9kb\u00f3l sz\u00e1rmaz\u00f3 t\u00e1panyagok visszanyer\u00e9s\u00e9re szolg\u00e1l\u00f3 technol\u00f3gi\u00e1k az olasz partnerek, az Universit\u00e0 degli Studi di Torino<a href=\"https:\/\/en.disafa.unito.it\/do\/home.pl\/View?doc=\/research\/research_lines\/research_lines.html\">(UNITO<\/a>) \u00e9s a Wipptal <a href=\"https:\/\/www.biwi.it\/en\/\">BiWi<\/a> biog\u00e1z\u00fczem \u00e1ltal.<\/li>\n<li>Val\u00f3s idej\u0171 \u00e9rz\u00e9kel\u00e9s ionszelekt\u00edv elektr\u00f3d\u00e1kkal (ISE) a t\u00e1panyag-\u00fajrahasznos\u00edt\u00e1s maximaliz\u00e1l\u00e1sa \u00e9rdek\u00e9ben a talaj n\u00e9lk\u00fcli n\u00f6v\u00e9nytermeszt\u00e9sben a k\u00e9t g\u00f6r\u00f6g partnerint\u00e9zm\u00e9ny, az Ath\u00e9ni Agr\u00e1rtudom\u00e1nyi Egyetem<a href=\"https:\/\/www2.aua.gr\/en\">(AUA<\/a>) \u00e9s a <a href=\"https:\/\/nutrisense.online\/?avia_forced_reroute=1\">Nutrisense<\/a>, a d\u00f6nt\u00e9st\u00e1mogat\u00f3 rendszer szoftver\u00e9nek fejleszt\u0151je \u00e1ltal.<\/li>\n<li>Cascade hidroponika, egy n\u00f6v\u00e9ny termeszt\u00e9s n\u00e9lk\u00fcli termeszt\u00e9si rendszer a v\u00edzelvezet\u0151 \u00fajrafelhaszn\u00e1l\u00e1s, a University of Thessaly<a href=\"http:\/\/agr.uth.gr\/en\/?page_id=68\">(UTH<\/a>)<\/li>\n<li>A portug\u00e1liai Universidade de Tras-os-Montes e Alto Douro<a href=\"https:\/\/www.utad.pt\/en\/university\/\">(UTAD)<\/a> \u00e9s a lengyelorsz\u00e1gi Instytut ogrodnictwa &#8211; Panstwowy Instytut Badawczy<a href=\"https:\/\/www.inhort.pl\/\">(InHort<\/a>) \u00e1ltal a szervesanyag-bont\u00f3 tulajdons\u00e1gokkal rendelkez\u0151 bakt\u00e9riumt\u00f6rzsek innovat\u00edv kezel\u00e9se a jobb komposzt\u00e1l\u00e1s \u00e9s a foszfor, vas \u00e9s egy\u00e9b t\u00e1panyagok visszanyer\u00e9se \u00e9rdek\u00e9ben.<\/li>\n<\/ul>\n<p>A projekt sor\u00e1n a kiv\u00e1lasztott EcoNutri innov\u00e1ci\u00f3kat a k\u00f6vetkez\u0151k szempontj\u00e1b\u00f3l \u00e9rt\u00e9kelik:<\/p>\n<ul>\n<li>A tr\u00e1gy\u00e1b\u00f3l \u00e9s n\u00f6v\u00e9nyi maradv\u00e1nyokb\u00f3l sz\u00e1rmaz\u00f3 t\u00e1panyagvesztes\u00e9g cs\u00f6kkent\u00e9se<\/li>\n<li>A nitr\u00e1t \u00e9s foszfor kimos\u00f3d\u00e1sa \u00e9s a megm\u0171velt talajb\u00f3l sz\u00e1rmaz\u00f3 t\u00e1panyagvesztes\u00e9gb\u0151l ered\u0151 v\u00edzszennyez\u00e9s cs\u00f6kkent\u00e9se.<\/li>\n<li>A t\u00e1panyag-felhaszn\u00e1l\u00e1s hat\u00e9konys\u00e1g\u00e1nak jav\u00edt\u00e1sa talaj n\u00e9lk\u00fcli rendszerekben<\/li>\n<li>A szerves biomassz\u00e1b\u00f3l sz\u00e1rmaz\u00f3 \u00fcvegh\u00e1zhat\u00e1s\u00fa g\u00e1zok \u00e9s amm\u00f3nia kibocs\u00e1t\u00e1s\u00e1nak cs\u00f6kkent\u00e9se a t\u00e1rol\u00e1s, a komposzt\u00e1l\u00e1s \u00e9s a talajra t\u00f6rt\u00e9n\u0151 kijuttat\u00e1s sor\u00e1n.<\/li>\n<li>K\u00f6rnyezeti teljes\u00edtm\u00e9ny<\/li>\n<li>A fogyaszt\u00f3k hajland\u00f3s\u00e1ga az innovat\u00edv mez\u0151gazdas\u00e1gi termel\u00e9s elfogad\u00e1s\u00e1ra<\/li>\n<\/ul>\n<\/div><\/div><\/div><div class=\"fusion-layout-column fusion_builder_column fusion-builder-column-5 fusion_builder_column_1_1 1_1 fusion-flex-column fusion-animated\" style=\"--awb-padding-top:45px;--awb-padding-right:55px;--awb-padding-bottom:35px;--awb-padding-left:55px;--awb-padding-top-small:40px;--awb-padding-right-small:30px;--awb-padding-bottom-small:40px;--awb-padding-left-small:30px;--awb-overflow:hidden;--awb-bg-color:var(--awb-color1);--awb-bg-color-hover:var(--awb-color1);--awb-bg-size:cover;--awb-box-shadow:0px 2px 6px 0px hsla(var(--awb-color8-h),var(--awb-color8-s),var(--awb-color8-l),calc( var(--awb-color8-a) - 89% ));;--awb-border-radius:12px 12px 12px 12px;--awb-width-large:100%;--awb-margin-top-large:0px;--awb-spacing-right-large:1.92%;--awb-margin-bottom-large:20px;--awb-spacing-left-large:1.92%;--awb-width-medium:50%;--awb-order-medium:0;--awb-spacing-right-medium:3.84%;--awb-margin-bottom-medium:40px;--awb-spacing-left-medium:3.84%;--awb-width-small:100%;--awb-order-small:0;--awb-spacing-right-small:1.92%;--awb-spacing-left-small:1.92%;\" data-animationType=\"bounceInUp\" data-animationDuration=\"1.0\" data-animationOffset=\"top-into-view\"><div class=\"fusion-column-wrapper fusion-column-has-shadow fusion-flex-justify-content-flex-start fusion-content-layout-column\"><div class=\"fusion-image-element \" style=\"text-align:center;--awb-caption-title-font-family:var(--h2_typography-font-family);--awb-caption-title-font-weight:var(--h2_typography-font-weight);--awb-caption-title-font-style:var(--h2_typography-font-style);--awb-caption-title-size:var(--h2_typography-font-size);--awb-caption-title-transform:var(--h2_typography-text-transform);--awb-caption-title-line-height:var(--h2_typography-line-height);--awb-caption-title-letter-spacing:var(--h2_typography-letter-spacing);\"><span class=\" fusion-imageframe imageframe-none imageframe-3 hover-type-none\"><img decoding=\"async\" width=\"1920\" height=\"479\" title=\"LEIBNIZ-INSTITUTE-FOR-VEGETABLE-AND-ORNAMENTAL-CROPS-(IGZ)-2\" src=\"https:\/\/econutri-project.eu\/wp-content\/uploads\/2023\/10\/LEIBNIZ-INSTITUTE-FOR-VEGETABLE-AND-ORNAMENTAL-CROPS-IGZ-2.jpg\" data-orig-src=\"https:\/\/econutri-project.eu\/wp-content\/uploads\/2023\/10\/LEIBNIZ-INSTITUTE-FOR-VEGETABLE-AND-ORNAMENTAL-CROPS-IGZ-2.jpg\" alt class=\"lazyload img-responsive wp-image-4699\" srcset=\"data:image\/svg+xml,%3Csvg%20xmlns%3D%27http%3A%2F%2Fwww.w3.org%2F2000%2Fsvg%27%20width%3D%271920%27%20height%3D%27479%27%20viewBox%3D%270%200%201920%20479%27%3E%3Crect%20width%3D%271920%27%20height%3D%27479%27%20fill-opacity%3D%220%22%2F%3E%3C%2Fsvg%3E\" data-srcset=\"https:\/\/econutri-project.eu\/wp-content\/uploads\/2023\/10\/LEIBNIZ-INSTITUTE-FOR-VEGETABLE-AND-ORNAMENTAL-CROPS-IGZ-2-200x50.jpg 200w, https:\/\/econutri-project.eu\/wp-content\/uploads\/2023\/10\/LEIBNIZ-INSTITUTE-FOR-VEGETABLE-AND-ORNAMENTAL-CROPS-IGZ-2-400x100.jpg 400w, https:\/\/econutri-project.eu\/wp-content\/uploads\/2023\/10\/LEIBNIZ-INSTITUTE-FOR-VEGETABLE-AND-ORNAMENTAL-CROPS-IGZ-2-600x150.jpg 600w, https:\/\/econutri-project.eu\/wp-content\/uploads\/2023\/10\/LEIBNIZ-INSTITUTE-FOR-VEGETABLE-AND-ORNAMENTAL-CROPS-IGZ-2-800x200.jpg 800w, https:\/\/econutri-project.eu\/wp-content\/uploads\/2023\/10\/LEIBNIZ-INSTITUTE-FOR-VEGETABLE-AND-ORNAMENTAL-CROPS-IGZ-2-1200x299.jpg 1200w, https:\/\/econutri-project.eu\/wp-content\/uploads\/2023\/10\/LEIBNIZ-INSTITUTE-FOR-VEGETABLE-AND-ORNAMENTAL-CROPS-IGZ-2.jpg 1920w\" data-sizes=\"auto\" data-orig-sizes=\"(max-width: 640px) 100vw, 1200px\" \/><\/span><\/div><\/div><\/div><div class=\"fusion-layout-column fusion_builder_column fusion-builder-column-6 fusion_builder_column_1_1 1_1 fusion-flex-column fusion-animated\" style=\"--awb-padding-top:45px;--awb-padding-right:55px;--awb-padding-bottom:35px;--awb-padding-left:55px;--awb-padding-top-small:40px;--awb-padding-right-small:30px;--awb-padding-bottom-small:40px;--awb-padding-left-small:30px;--awb-overflow:hidden;--awb-bg-color:var(--awb-color1);--awb-bg-color-hover:var(--awb-color1);--awb-bg-size:cover;--awb-box-shadow:0px 2px 6px 0px hsla(var(--awb-color8-h),var(--awb-color8-s),var(--awb-color8-l),calc( var(--awb-color8-a) - 89% ));;--awb-border-radius:12px 12px 12px 12px;--awb-width-large:100%;--awb-margin-top-large:0px;--awb-spacing-right-large:1.92%;--awb-margin-bottom-large:20px;--awb-spacing-left-large:1.92%;--awb-width-medium:50%;--awb-order-medium:0;--awb-spacing-right-medium:3.84%;--awb-margin-bottom-medium:40px;--awb-spacing-left-medium:3.84%;--awb-width-small:100%;--awb-order-small:0;--awb-spacing-right-small:1.92%;--awb-spacing-left-small:1.92%;\" data-animationType=\"bounceInUp\" data-animationDuration=\"1.0\" data-animationOffset=\"top-into-view\"><div class=\"fusion-column-wrapper fusion-column-has-shadow fusion-flex-justify-content-flex-start fusion-content-layout-column\"><div class=\"fusion-image-element \" style=\"text-align:center;--awb-caption-title-font-family:var(--h2_typography-font-family);--awb-caption-title-font-weight:var(--h2_typography-font-weight);--awb-caption-title-font-style:var(--h2_typography-font-style);--awb-caption-title-size:var(--h2_typography-font-size);--awb-caption-title-transform:var(--h2_typography-text-transform);--awb-caption-title-line-height:var(--h2_typography-line-height);--awb-caption-title-letter-spacing:var(--h2_typography-letter-spacing);\"><span class=\" fusion-imageframe imageframe-none imageframe-4 hover-type-none\"><img decoding=\"async\" width=\"1861\" height=\"405\" title=\"LEIBNIZ-INSTITUTE-FOR-VEGETABLE-AND-ORNAMENTAL-CROPS-(IGZ)-3\" src=\"https:\/\/econutri-project.eu\/wp-content\/uploads\/2023\/10\/LEIBNIZ-INSTITUTE-FOR-VEGETABLE-AND-ORNAMENTAL-CROPS-IGZ-3.jpg\" data-orig-src=\"https:\/\/econutri-project.eu\/wp-content\/uploads\/2023\/10\/LEIBNIZ-INSTITUTE-FOR-VEGETABLE-AND-ORNAMENTAL-CROPS-IGZ-3.jpg\" alt class=\"lazyload img-responsive wp-image-4689\" srcset=\"data:image\/svg+xml,%3Csvg%20xmlns%3D%27http%3A%2F%2Fwww.w3.org%2F2000%2Fsvg%27%20width%3D%271861%27%20height%3D%27405%27%20viewBox%3D%270%200%201861%20405%27%3E%3Crect%20width%3D%271861%27%20height%3D%27405%27%20fill-opacity%3D%220%22%2F%3E%3C%2Fsvg%3E\" data-srcset=\"https:\/\/econutri-project.eu\/wp-content\/uploads\/2023\/10\/LEIBNIZ-INSTITUTE-FOR-VEGETABLE-AND-ORNAMENTAL-CROPS-IGZ-3-200x44.jpg 200w, https:\/\/econutri-project.eu\/wp-content\/uploads\/2023\/10\/LEIBNIZ-INSTITUTE-FOR-VEGETABLE-AND-ORNAMENTAL-CROPS-IGZ-3-400x87.jpg 400w, https:\/\/econutri-project.eu\/wp-content\/uploads\/2023\/10\/LEIBNIZ-INSTITUTE-FOR-VEGETABLE-AND-ORNAMENTAL-CROPS-IGZ-3-600x131.jpg 600w, https:\/\/econutri-project.eu\/wp-content\/uploads\/2023\/10\/LEIBNIZ-INSTITUTE-FOR-VEGETABLE-AND-ORNAMENTAL-CROPS-IGZ-3-800x174.jpg 800w, https:\/\/econutri-project.eu\/wp-content\/uploads\/2023\/10\/LEIBNIZ-INSTITUTE-FOR-VEGETABLE-AND-ORNAMENTAL-CROPS-IGZ-3-1200x261.jpg 1200w, https:\/\/econutri-project.eu\/wp-content\/uploads\/2023\/10\/LEIBNIZ-INSTITUTE-FOR-VEGETABLE-AND-ORNAMENTAL-CROPS-IGZ-3.jpg 1861w\" data-sizes=\"auto\" data-orig-sizes=\"(max-width: 640px) 100vw, 1200px\" \/><\/span><\/div><\/div><\/div><\/div><\/div><\/p>\n","protected":false},"excerpt":{"rendered":"","protected":false},"author":1,"featured_media":0,"parent":0,"menu_order":0,"comment_status":"closed","ping_status":"closed","template":"100-width.php","meta":{"footnotes":""},"class_list":["post-8205","page","type-page","status-publish","hentry"],"_links":{"self":[{"href":"https:\/\/econutri-project.eu\/hu\/wp-json\/wp\/v2\/pages\/8205"}],"collection":[{"href":"https:\/\/econutri-project.eu\/hu\/wp-json\/wp\/v2\/pages"}],"about":[{"href":"https:\/\/econutri-project.eu\/hu\/wp-json\/wp\/v2\/types\/page"}],"author":[{"embeddable":true,"href":"https:\/\/econutri-project.eu\/hu\/wp-json\/wp\/v2\/users\/1"}],"replies":[{"embeddable":true,"href":"https:\/\/econutri-project.eu\/hu\/wp-json\/wp\/v2\/comments?post=8205"}],"version-history":[{"count":8,"href":"https:\/\/econutri-project.eu\/hu\/wp-json\/wp\/v2\/pages\/8205\/revisions"}],"predecessor-version":[{"id":8431,"href":"https:\/\/econutri-project.eu\/hu\/wp-json\/wp\/v2\/pages\/8205\/revisions\/8431"}],"wp:attachment":[{"href":"https:\/\/econutri-project.eu\/hu\/wp-json\/wp\/v2\/media?parent=8205"}],"curies":[{"name":"wp","href":"https:\/\/api.w.org\/{rel}","templated":true}]}}