{"id":7941,"date":"2023-11-09T17:51:01","date_gmt":"2023-11-09T15:51:01","guid":{"rendered":"https:\/\/econutri-project.eu\/6-brandenburg-nemetorszag-atb-p16\/"},"modified":"2026-04-27T14:58:12","modified_gmt":"2026-04-27T11:58:12","slug":"6-brandenburg-nemetorszag-atb-p16","status":"publish","type":"page","link":"https:\/\/econutri-project.eu\/hu\/6-brandenburg-nemetorszag-atb-p16\/","title":{"rendered":"6. Brandenburg, N\u00e9metorsz\u00e1g &#8211; ATB &#8211; P16"},"content":{"rendered":"<p><div class=\"fusion-fullwidth fullwidth-box fusion-builder-row-1 fusion-flex-container has-pattern-background has-mask-background nonhundred-percent-fullwidth non-hundred-percent-height-scrolling\" style=\"--awb-border-radius-top-left:0px;--awb-border-radius-top-right:0px;--awb-border-radius-bottom-right:0px;--awb-border-radius-bottom-left:0px;--awb-margin-bottom:120px;--awb-margin-bottom-medium:160px;--awb-margin-bottom-small:145px;--awb-flex-wrap:wrap;\" ><div class=\"fusion-builder-row fusion-row fusion-flex-align-items-flex-start fusion-flex-justify-content-center fusion-flex-content-wrap\" style=\"max-width:1310.4px;margin-left: calc(-4% \/ 2 );margin-right: calc(-4% \/ 2 );\"><div class=\"fusion-layout-column fusion_builder_column fusion-builder-column-0 fusion_builder_column_2_3 2_3 fusion-flex-column fusion-animated\" style=\"--awb-bg-size:cover;--awb-width-large:66.666666666667%;--awb-margin-top-large:0px;--awb-spacing-right-large:2.88%;--awb-margin-bottom-large:0px;--awb-spacing-left-large:2.88%;--awb-width-medium:75%;--awb-order-medium:0;--awb-spacing-right-medium:2.56%;--awb-spacing-left-medium:2.56%;--awb-width-small:100%;--awb-order-small:0;--awb-spacing-right-small:1.92%;--awb-spacing-left-small:1.92%;\" data-animationType=\"fadeInDown\" data-animationDuration=\"1.3\" data-animationOffset=\"top-into-view\"><div class=\"fusion-column-wrapper fusion-column-has-shadow fusion-flex-justify-content-center fusion-content-layout-column\"><div class=\"fusion-title title fusion-title-1 fusion-sep-none fusion-title-center fusion-title-text fusion-title-size-two\" style=\"--awb-margin-bottom:35px;\"><h2 class=\"fusion-title-heading title-heading-center\" style=\"margin:0;\">6. Brandenburg, N\u00e9metorsz\u00e1g &#8211; ATB &#8211; P16<\/h2><\/div><\/div><\/div><\/div><\/div><div class=\"fusion-fullwidth fullwidth-box fusion-builder-row-2 fusion-flex-container has-pattern-background has-mask-background nonhundred-percent-fullwidth non-hundred-percent-height-scrolling\" style=\"--awb-border-radius-top-left:0px;--awb-border-radius-top-right:0px;--awb-border-radius-bottom-right:0px;--awb-border-radius-bottom-left:0px;--awb-padding-bottom:1px;--awb-flex-wrap:wrap;\" ><div class=\"fusion-builder-row fusion-row fusion-flex-align-items-flex-start fusion-flex-content-wrap\" style=\"max-width:1310.4px;margin-left: calc(-4% \/ 2 );margin-right: calc(-4% \/ 2 );\"><div class=\"fusion-layout-column fusion_builder_column fusion-builder-column-1 fusion_builder_column_1_1 1_1 fusion-flex-column\" style=\"--awb-bg-size:cover;--awb-width-large:100%;--awb-margin-top-large:0px;--awb-spacing-right-large:1.92%;--awb-margin-bottom-large:0px;--awb-spacing-left-large:1.92%;--awb-width-medium:100%;--awb-order-medium:0;--awb-spacing-right-medium:1.92%;--awb-spacing-left-medium:1.92%;--awb-width-small:100%;--awb-order-small:0;--awb-spacing-right-small:1.92%;--awb-spacing-left-small:1.92%;\"><div class=\"fusion-column-wrapper fusion-column-has-shadow fusion-flex-justify-content-flex-start fusion-content-layout-column\"><div class=\"fusion-section-separator section-separator big-half-circle fusion-section-separator-1\" style=\"--awb-spacer-height:150px;--awb-svg-margin-left:1.92%;--awb-svg-margin-right:1.92%;--awb-svg-margin-left-medium:1.92%;--awb-svg-margin-right-medium:1.92%;--awb-svg-margin-left-small:1.92%;--awb-svg-margin-right-small:1.92%;--awb-divider-height:150px;--awb-spacer-padding-top:inherit;--awb-sep-padding:0;--awb-svg-padding:0;\"><div class=\"fusion-section-separator-svg\"><svg class=\"fusion-big-half-circle-candy\" xmlns=\"http:\/\/www.w3.org\/2000\/svg\" version=\"1.1\" width=\"100%\" height=\"100\" viewBox=\"0 0 100 100\" preserveAspectRatio=\"none\" fill=\"rgba(48,181,95,0.05)\"><path d=\"M0 100 C40 0 60 0 100 100 Z\"><\/path><\/svg><\/div><div class=\"fusion-section-separator-spacer\"><div class=\"fusion-section-separator-spacer-height\"><\/div><\/div><\/div><\/div><\/div><\/div><\/div><div id=\"8-Shandong-Kelet-K\u00ednai K\u00f6zpont-SVG-P25\" class=\"fusion-container-anchor\"><div class=\"fusion-fullwidth fullwidth-box fusion-builder-row-3 fusion-flex-container has-pattern-background has-mask-background nonhundred-percent-fullwidth non-hundred-percent-height-scrolling\" style=\"--awb-border-radius-top-left:0px;--awb-border-radius-top-right:0px;--awb-border-radius-bottom-right:0px;--awb-border-radius-bottom-left:0px;--awb-padding-bottom:0px;--awb-padding-bottom-small:0px;--awb-margin-bottom-small:0px;--awb-background-image:linear-gradient(180deg, hsla(var(--awb-color5-h),var(--awb-color5-s),var(--awb-color5-l),calc(var(--awb-color5-a) - 95%)) 54%,var(--awb-color1) 100%);--awb-flex-wrap:wrap;\" ><div class=\"fusion-builder-row fusion-row fusion-flex-align-items-stretch fusion-flex-justify-content-center fusion-flex-content-wrap\" style=\"max-width:1310.4px;margin-left: calc(-4% \/ 2 );margin-right: calc(-4% \/ 2 );\"><div class=\"fusion-layout-column fusion_builder_column fusion-builder-column-2 fusion_builder_column_1_1 1_1 fusion-flex-column fusion-animated\" style=\"--awb-padding-top:45px;--awb-padding-right:55px;--awb-padding-bottom:35px;--awb-padding-left:55px;--awb-padding-top-small:40px;--awb-padding-right-small:30px;--awb-padding-bottom-small:40px;--awb-padding-left-small:30px;--awb-overflow:hidden;--awb-bg-color:var(--awb-color1);--awb-bg-color-hover:var(--awb-color1);--awb-bg-size:cover;--awb-box-shadow:0px 2px 6px 0px hsla(var(--awb-color8-h),var(--awb-color8-s),var(--awb-color8-l),calc( var(--awb-color8-a) - 89% ));;--awb-border-radius:12px 12px 12px 12px;--awb-width-large:100%;--awb-margin-top-large:-250px;--awb-spacing-right-large:1.92%;--awb-margin-bottom-large:20px;--awb-spacing-left-large:1.92%;--awb-width-medium:50%;--awb-order-medium:0;--awb-spacing-right-medium:3.84%;--awb-margin-bottom-medium:40px;--awb-spacing-left-medium:3.84%;--awb-width-small:100%;--awb-order-small:0;--awb-spacing-right-small:1.92%;--awb-spacing-left-small:1.92%;\" data-animationType=\"bounceInUp\" data-animationDuration=\"1.0\" data-animationOffset=\"top-into-view\"><div class=\"fusion-column-wrapper fusion-column-has-shadow fusion-flex-justify-content-flex-start fusion-content-layout-column\"><div class=\"fusion-text fusion-text-1\"><p><strong>Bemutat\u00f3<\/strong>: Innov\u00e1ci\u00f3s farm -Technol\u00f3gi\u00e1k az \u00fcvegh\u00e1zhat\u00e1s\u00fa g\u00e1zok kibocs\u00e1t\u00e1s\u00e1nak cs\u00f6kkent\u00e9s\u00e9re a tejel\u0151 ist\u00e1ll\u00f3kban<\/p>\n<p><strong>A felhaszn\u00e1lt anyagok\/term\u00e9kek t\u00edpusa \u00e9s mennyis\u00e9ge<\/p>\n<p><\/strong>A legkorszer\u0171bb kutat\u00f3ist\u00e1ll\u00f3k tejel\u0151 tehenek sz\u00e1m\u00e1ra, bele\u00e9rtve a tejhozam, az \u00e1llati stressz, az \u00e1llatok eg\u00e9szs\u00e9gi \u00e1llapota \u00e9s a kibocs\u00e1t\u00e1sok nyomon k\u00f6vet\u00e9s\u00e9re szolg\u00e1l\u00f3 speci\u00e1lis berendez\u00e9seket, \u00e1llat\u00e9rz\u00e9kel\u0151kkel, \u00e9rz\u00e9kel\u0151csom\u00f3pontokkal, adatgy\u0171jt\u00e9ssel \u00e9s -feldolgoz\u00e1ssal felszerelve.<\/p>\n<p><strong>A kimeneti anyagok\/term\u00e9kek t\u00edpusa \u00e9s mennyis\u00e9ge<\/p>\n<p><\/strong>Val\u00f3s idej\u0171 inform\u00e1ci\u00f3k a belt\u00e9ri leveg\u0151min\u0151s\u00e9gi param\u00e9terek id\u0151beli \u00e9s t\u00e9rbeli eloszl\u00e1s\u00e1r\u00f3l (bele\u00e9rtve a vizualiz\u00e1ci\u00f3t); a l\u00e9gszennyez\u0151 anyagok kibocs\u00e1t\u00e1si szintj\u00e9nek m\u00e9r\u00e9se a monitoring h\u00e1l\u00f3zat (OTICE) alapj\u00e1n; az \u00e1llatok stressz- \u00e9s eg\u00e9szs\u00e9gi \u00e1llapot\u00e1nak m\u00e9r\u00e9se.<\/p>\n<\/div><div style=\"text-align:center;\"><a class=\"fusion-button button-flat fusion-button-default-size button-custom fusion-button-default button-1 fusion-button-default-span fusion-button-default-type\" style=\"--button_accent_color:var(--awb-color1);--button_accent_hover_color:var(--awb-color5);--button_border_hover_color:var(--awb-color1);--button_gradient_top_color:var(--awb-color5);--button_gradient_bottom_color:var(--awb-color5);--button_gradient_top_color_hover:hsla(var(--awb-color5-h),var(--awb-color5-s),var(--awb-color5-l),calc(var(--awb-color5-a) - 90%));--button_gradient_bottom_color_hover:hsla(var(--awb-color5-h),var(--awb-color5-s),var(--awb-color5-l),calc(var(--awb-color5-a) - 90%));--button_margin-bottom:20px;\" target=\"_self\" href=\"https:\/\/econutri-project.eu\/hu\/6-brandenburg-nemetorszag-atb-p16-2\/\"><span class=\"fusion-button-text awb-button__text awb-button__text--default\">\u00c1ltal\u00e1nos inform\u00e1ci\u00f3k<\/span><\/a><\/div><div style=\"text-align:center;\"><a class=\"fusion-button button-flat fusion-button-default-size button-custom fusion-button-default button-2 fusion-button-default-span fusion-button-default-type\" style=\"--button_accent_color:var(--awb-color1);--button_accent_hover_color:var(--awb-color5);--button_border_hover_color:var(--awb-color1);--button_gradient_top_color:var(--awb-color5);--button_gradient_bottom_color:var(--awb-color5);--button_gradient_top_color_hover:hsla(var(--awb-color5-h),var(--awb-color5-s),var(--awb-color5-l),calc(var(--awb-color5-a) - 90%));--button_gradient_bottom_color_hover:hsla(var(--awb-color5-h),var(--awb-color5-s),var(--awb-color5-l),calc(var(--awb-color5-a) - 90%));\" target=\"_blank\" rel=\"noopener noreferrer\" href=\"https:\/\/econutri-project.eu\/wp-content\/uploads\/2025\/02\/6-Demonstration-Site_ATB_Potsdam_new.pdf\"><span class=\"fusion-button-text awb-button__text awb-button__text--default\">A 2025. febru\u00e1rig el\u00e9rt eredm\u00e9nyek<\/span><\/a><\/div><div style=\"text-align:center;\"><a class=\"fusion-button button-flat fusion-button-default-size button-custom fusion-button-default button-3 fusion-button-default-span fusion-button-default-type\" style=\"--button_accent_color:var(--awb-color1);--button_accent_hover_color:var(--awb-color5);--button_border_hover_color:var(--awb-color1);--button_gradient_top_color:var(--awb-color5);--button_gradient_bottom_color:var(--awb-color5);--button_gradient_top_color_hover:hsla(var(--awb-color5-h),var(--awb-color5-s),var(--awb-color5-l),calc(var(--awb-color5-a) - 90%));--button_gradient_bottom_color_hover:hsla(var(--awb-color5-h),var(--awb-color5-s),var(--awb-color5-l),calc(var(--awb-color5-a) - 90%));--button_margin-top:20px;\" target=\"_blank\" rel=\"noopener noreferrer\" href=\"https:\/\/econutri-project.eu\/wp-content\/uploads\/2026\/04\/Demonstration-Sites-ATB_Potsdam-Update-April-2026.pdf\"><span class=\"fusion-button-text awb-button__text awb-button__text--default\">A projekt lez\u00e1r\u00e1s\u00e1ig (2026. \u00e1prilis) el\u00e9rt eredm\u00e9nyek<\/span><\/a><\/div><\/div><\/div><\/div><\/div><\/div><\/p>\n","protected":false},"excerpt":{"rendered":"","protected":false},"author":1,"featured_media":0,"parent":0,"menu_order":0,"comment_status":"closed","ping_status":"closed","template":"100-width.php","meta":{"footnotes":""},"class_list":["post-7941","page","type-page","status-publish","hentry"],"_links":{"self":[{"href":"https:\/\/econutri-project.eu\/hu\/wp-json\/wp\/v2\/pages\/7941"}],"collection":[{"href":"https:\/\/econutri-project.eu\/hu\/wp-json\/wp\/v2\/pages"}],"about":[{"href":"https:\/\/econutri-project.eu\/hu\/wp-json\/wp\/v2\/types\/page"}],"author":[{"embeddable":true,"href":"https:\/\/econutri-project.eu\/hu\/wp-json\/wp\/v2\/users\/1"}],"replies":[{"embeddable":true,"href":"https:\/\/econutri-project.eu\/hu\/wp-json\/wp\/v2\/comments?post=7941"}],"version-history":[{"count":12,"href":"https:\/\/econutri-project.eu\/hu\/wp-json\/wp\/v2\/pages\/7941\/revisions"}],"predecessor-version":[{"id":33037,"href":"https:\/\/econutri-project.eu\/hu\/wp-json\/wp\/v2\/pages\/7941\/revisions\/33037"}],"wp:attachment":[{"href":"https:\/\/econutri-project.eu\/hu\/wp-json\/wp\/v2\/media?parent=7941"}],"curies":[{"name":"wp","href":"https:\/\/api.w.org\/{rel}","templated":true}]}}