{"id":7883,"date":"2023-11-15T13:01:53","date_gmt":"2023-11-15T11:01:53","guid":{"rendered":"https:\/\/econutri-project.eu\/cetri\/"},"modified":"2024-01-17T12:51:52","modified_gmt":"2024-01-17T10:51:52","slug":"cetri","status":"publish","type":"page","link":"https:\/\/econutri-project.eu\/hu\/cetri\/","title":{"rendered":"CETRI"},"content":{"rendered":"<p><div class=\"fusion-fullwidth fullwidth-box fusion-builder-row-1 fusion-flex-container has-pattern-background has-mask-background nonhundred-percent-fullwidth non-hundred-percent-height-scrolling\" style=\"--awb-border-radius-top-left:0px;--awb-border-radius-top-right:0px;--awb-border-radius-bottom-right:0px;--awb-border-radius-bottom-left:0px;--awb-margin-bottom:120px;--awb-margin-bottom-medium:160px;--awb-margin-bottom-small:145px;--awb-flex-wrap:wrap;\" ><div class=\"fusion-builder-row fusion-row fusion-flex-align-items-flex-start fusion-flex-justify-content-center fusion-flex-content-wrap\" style=\"max-width:1310.4px;margin-left: calc(-4% \/ 2 );margin-right: calc(-4% \/ 2 );\"><div class=\"fusion-layout-column fusion_builder_column fusion-builder-column-0 fusion_builder_column_2_3 2_3 fusion-flex-column fusion-animated\" style=\"--awb-bg-size:cover;--awb-width-large:66.666666666667%;--awb-margin-top-large:0px;--awb-spacing-right-large:2.88%;--awb-margin-bottom-large:0px;--awb-spacing-left-large:2.88%;--awb-width-medium:75%;--awb-order-medium:0;--awb-spacing-right-medium:2.56%;--awb-spacing-left-medium:2.56%;--awb-width-small:100%;--awb-order-small:0;--awb-spacing-right-small:1.92%;--awb-spacing-left-small:1.92%;\" data-animationType=\"fadeInDown\" data-animationDuration=\"1.3\" data-animationOffset=\"top-into-view\"><div class=\"fusion-column-wrapper fusion-column-has-shadow fusion-flex-justify-content-center fusion-content-layout-column\"><div class=\"fusion-title title fusion-title-1 fusion-sep-none fusion-title-center fusion-title-text fusion-title-size-two\" style=\"--awb-margin-bottom:35px;\"><h2 class=\"fusion-title-heading title-heading-center\" style=\"margin:0;\">Technol\u00f3giai Kutat\u00e1si \u00e9s Innov\u00e1ci\u00f3s K\u00f6zpont (CETRI)<\/h2><\/div><\/div><\/div><\/div><\/div><div class=\"fusion-fullwidth fullwidth-box fusion-builder-row-2 fusion-flex-container nonhundred-percent-fullwidth non-hundred-percent-height-scrolling\" style=\"--awb-border-radius-top-left:0px;--awb-border-radius-top-right:0px;--awb-border-radius-bottom-right:0px;--awb-border-radius-bottom-left:0px;--awb-flex-wrap:wrap;\" ><div class=\"fusion-builder-row fusion-row fusion-flex-align-items-flex-start fusion-flex-content-wrap\" style=\"max-width:1310.4px;margin-left: calc(-4% \/ 2 );margin-right: calc(-4% \/ 2 );\"><div class=\"fusion-layout-column fusion_builder_column fusion-builder-column-1 fusion_builder_column_1_1 1_1 fusion-flex-column\" style=\"--awb-bg-size:cover;--awb-width-large:100%;--awb-margin-top-large:0px;--awb-spacing-right-large:1.92%;--awb-margin-bottom-large:0px;--awb-spacing-left-large:1.92%;--awb-width-medium:100%;--awb-order-medium:0;--awb-spacing-right-medium:1.92%;--awb-spacing-left-medium:1.92%;--awb-width-small:100%;--awb-order-small:0;--awb-spacing-right-small:1.92%;--awb-spacing-left-small:1.92%;\"><div class=\"fusion-column-wrapper fusion-column-has-shadow fusion-flex-justify-content-flex-start fusion-content-layout-column\"><div class=\"fusion-section-separator section-separator big-half-circle fusion-section-separator-1\" style=\"--awb-spacer-height:150px;--awb-svg-margin-left:1.92%;--awb-svg-margin-right:1.92%;--awb-svg-margin-left-medium:1.92%;--awb-svg-margin-right-medium:1.92%;--awb-svg-margin-left-small:1.92%;--awb-svg-margin-right-small:1.92%;--awb-divider-height:150px;--awb-spacer-padding-top:inherit;--awb-sep-padding:0;--awb-svg-padding:0;\"><div class=\"fusion-section-separator-svg\"><svg class=\"fusion-big-half-circle-candy\" xmlns=\"http:\/\/www.w3.org\/2000\/svg\" version=\"1.1\" width=\"100%\" height=\"100\" viewBox=\"0 0 100 100\" preserveAspectRatio=\"none\" fill=\"rgba(48,181,95,0.05)\"><path d=\"M0 100 C40 0 60 0 100 100 Z\"><\/path><\/svg><\/div><div class=\"fusion-section-separator-spacer\"><div class=\"fusion-section-separator-spacer-height\"><\/div><\/div><\/div><\/div><\/div><\/div><\/div><div class=\"fusion-fullwidth fullwidth-box fusion-builder-row-3 fusion-flex-container has-pattern-background has-mask-background nonhundred-percent-fullwidth non-hundred-percent-height-scrolling\" style=\"--awb-border-radius-top-left:0px;--awb-border-radius-top-right:0px;--awb-border-radius-bottom-right:0px;--awb-border-radius-bottom-left:0px;--awb-padding-bottom:0px;--awb-padding-bottom-small:0px;--awb-margin-bottom-small:0px;--awb-background-image:linear-gradient(180deg, hsla(var(--awb-color5-h),var(--awb-color5-s),var(--awb-color5-l),calc( var(--awb-color5-a) - 95% )) 54%,var(--awb-color1) 100%);--awb-flex-wrap:wrap;\" ><div class=\"fusion-builder-row fusion-row fusion-flex-align-items-stretch fusion-flex-justify-content-center fusion-flex-content-wrap\" style=\"max-width:1310.4px;margin-left: calc(-4% \/ 2 );margin-right: calc(-4% \/ 2 );\"><div class=\"fusion-layout-column fusion_builder_column fusion-builder-column-2 fusion_builder_column_1_1 1_1 fusion-flex-column fusion-animated\" style=\"--awb-padding-top:45px;--awb-padding-right:55px;--awb-padding-bottom:35px;--awb-padding-left:55px;--awb-padding-top-small:40px;--awb-padding-right-small:30px;--awb-padding-bottom-small:40px;--awb-padding-left-small:30px;--awb-overflow:hidden;--awb-bg-color:var(--awb-color1);--awb-bg-color-hover:var(--awb-color1);--awb-bg-size:cover;--awb-box-shadow:0px 2px 6px 0px hsla(var(--awb-color8-h),var(--awb-color8-s),var(--awb-color8-l),calc( var(--awb-color8-a) - 89% ));;--awb-border-radius:12px 12px 12px 12px;--awb-width-large:100%;--awb-margin-top-large:-250px;--awb-spacing-right-large:1.92%;--awb-margin-bottom-large:20px;--awb-spacing-left-large:1.92%;--awb-width-medium:50%;--awb-order-medium:0;--awb-spacing-right-medium:3.84%;--awb-margin-bottom-medium:40px;--awb-spacing-left-medium:3.84%;--awb-width-small:100%;--awb-order-small:0;--awb-spacing-right-small:1.92%;--awb-spacing-left-small:1.92%;\" data-animationType=\"bounceInUp\" data-animationDuration=\"1.0\" data-animationOffset=\"top-into-view\"><div class=\"fusion-column-wrapper fusion-column-has-shadow fusion-flex-justify-content-flex-start fusion-content-layout-column\"><div class=\"fusion-text fusion-text-1\"><p>A CETRI, amely egy mag\u00e1n kkv, 22 uni\u00f3s finansz\u00edroz\u00e1s\u00fa kutat\u00e1si projektben val\u00f3 r\u00e9szv\u00e9tel\u00e9b\u0151l ad\u00f3d\u00f3an sz\u00e9les k\u00f6r\u0171 tapasztalattal \u00e9s j\u00f3l ki\u00e9p\u00edtett tudom\u00e1nyos \u00e9s ipari h\u00e1l\u00f3zattal rendelkezik. Az Econutri projekt keret\u00e9ben a CETRI a k\u00f6vetkez\u0151 f\u0151 feladatokat l\u00e1tja el:<\/p>\n<ul>\n<li><strong>Terjeszt\u00e9s<\/strong>: A CETRI vezeti a projekt eredm\u00e9nyeinek terjeszt\u00e9s\u00e9t egy sz\u00e9les k\u00f6r\u0171 k\u00f6z\u00f6ns\u00e9g sz\u00e1m\u00e1ra, amely mag\u00e1ban foglalja a t\u00e1panyag-gazd\u00e1lkod\u00e1sra szakosodott tudom\u00e1nyos k\u00f6z\u00f6ss\u00e9get, a mez\u0151gazdas\u00e1gi termel\u0151ket, az agr\u00e1r-\u00e9lelmiszeripari \u00e1gazatban m\u0171k\u00f6d\u0151 v\u00e1llalatokat, a politikai d\u00f6nt\u00e9shoz\u00f3kat \u00e9s az illet\u00e9kes hat\u00f3s\u00e1gokat.<\/li>\n<li><strong>Kommunik\u00e1ci\u00f3<\/strong>: A CETRI a projekt kommunik\u00e1ci\u00f3s er\u0151fesz\u00edt\u00e9seit is ir\u00e1ny\u00edtja, biztos\u00edtva, hogy a projektet, valamint annak eredm\u00e9nyeit \u00e9s meg\u00e1llap\u00edt\u00e1sait hat\u00e9konyan k\u00f6zvet\u00edts\u00e9k a projekt k\u00f6zvetlen k\u00f6r\u00e9n k\u00edv\u00fcli t\u00f6bbf\u00e9le k\u00f6z\u00f6ns\u00e9g fel\u00e9. Ez mag\u00e1ban foglalja a potenci\u00e1lis befektet\u0151k megsz\u00f3l\u00edt\u00e1s\u00e1t, a m\u00e9di\u00e1val val\u00f3 kapcsolattart\u00e1st \u00e9s a nyilv\u00e1noss\u00e1g t\u00e1j\u00e9koztat\u00e1s\u00e1t.<\/li>\n<li><strong>Kiakn\u00e1z\u00e1si strat\u00e9gia<\/strong>: A CETRI vezeti a projekt hasznos\u00edt\u00e1si strat\u00e9gi\u00e1j\u00e1t, amely meghat\u00e1rozza, hogy az egyes projektpartnerek &#8211; mind egy\u00e9nileg, mind k\u00f6z\u00f6sen &#8211; hogyan k\u00edv\u00e1nj\u00e1k a projekt eredm\u00e9nyeit tudom\u00e1nyos, t\u00e1rsadalmi, gazdas\u00e1gi \u00e9s politikai c\u00e9lokra felhaszn\u00e1lni.<\/li>\n<li><strong>Klaszterez\u00e9si tev\u00e9kenys\u00e9gek<\/strong>: A CETRI a partner SPI-vel egy\u00fcttm\u0171k\u00f6dve a projekt klaszterez\u00e9si tev\u00e9kenys\u00e9geit is el\u0151mozd\u00edtja az\u00e1ltal, hogy akt\u00edvan keresi a kapcsolatot m\u00e1s, a t\u00e1panyag-gazd\u00e1lkod\u00e1ssal \u00e9s a fenntarthat\u00f3 mez\u0151gazdas\u00e1ggal kapcsolatos kutat\u00e1si projektekkel. Az \u00e9rintett szerepl\u0151k lehet\u0151s\u00e9get kapnak arra, hogy jobban meg\u00e9rts\u00e9k egym\u00e1st, azonos\u00edts\u00e1k a k\u00f6z\u00f6s probl\u00e9m\u00e1kat, kicser\u00e9lj\u00e9k a legjobb gyakorlatokat \u00e9s a digit\u00e1lis innov\u00e1ci\u00f3kat, valamint megvizsg\u00e1lj\u00e1k a j\u00f6v\u0151beli egy\u00fcttm\u0171k\u00f6d\u00e9s \u00e9s tud\u00e1smegoszt\u00e1s lehets\u00e9ges lehet\u0151s\u00e9geit.<\/li>\n<\/ul>\n<\/div><\/div><\/div><\/div><\/div><\/p>\n","protected":false},"excerpt":{"rendered":"","protected":false},"author":1,"featured_media":0,"parent":0,"menu_order":0,"comment_status":"closed","ping_status":"closed","template":"100-width.php","meta":{"footnotes":""},"class_list":["post-7883","page","type-page","status-publish","hentry"],"_links":{"self":[{"href":"https:\/\/econutri-project.eu\/hu\/wp-json\/wp\/v2\/pages\/7883"}],"collection":[{"href":"https:\/\/econutri-project.eu\/hu\/wp-json\/wp\/v2\/pages"}],"about":[{"href":"https:\/\/econutri-project.eu\/hu\/wp-json\/wp\/v2\/types\/page"}],"author":[{"embeddable":true,"href":"https:\/\/econutri-project.eu\/hu\/wp-json\/wp\/v2\/users\/1"}],"replies":[{"embeddable":true,"href":"https:\/\/econutri-project.eu\/hu\/wp-json\/wp\/v2\/comments?post=7883"}],"version-history":[{"count":8,"href":"https:\/\/econutri-project.eu\/hu\/wp-json\/wp\/v2\/pages\/7883\/revisions"}],"predecessor-version":[{"id":8086,"href":"https:\/\/econutri-project.eu\/hu\/wp-json\/wp\/v2\/pages\/7883\/revisions\/8086"}],"wp:attachment":[{"href":"https:\/\/econutri-project.eu\/hu\/wp-json\/wp\/v2\/media?parent=7883"}],"curies":[{"name":"wp","href":"https:\/\/api.w.org\/{rel}","templated":true}]}}