{"id":7737,"date":"2023-12-21T11:53:01","date_gmt":"2023-12-21T09:53:01","guid":{"rendered":"https:\/\/econutri-project.eu\/eletrajz-alberto-pardossi\/"},"modified":"2024-01-17T12:51:08","modified_gmt":"2024-01-17T10:51:08","slug":"eletrajz-alberto-pardossi","status":"publish","type":"page","link":"https:\/\/econutri-project.eu\/hu\/eletrajz-alberto-pardossi\/","title":{"rendered":"\u00c9letrajz &#8211; Alberto Pardossi"},"content":{"rendered":"<p><div class=\"fusion-fullwidth fullwidth-box fusion-builder-row-1 fusion-flex-container has-pattern-background has-mask-background nonhundred-percent-fullwidth non-hundred-percent-height-scrolling\" style=\"--awb-border-radius-top-left:0px;--awb-border-radius-top-right:0px;--awb-border-radius-bottom-right:0px;--awb-border-radius-bottom-left:0px;--awb-margin-bottom:120px;--awb-margin-bottom-medium:160px;--awb-margin-bottom-small:145px;--awb-flex-wrap:wrap;\" ><div class=\"fusion-builder-row fusion-row fusion-flex-align-items-flex-start fusion-flex-justify-content-center fusion-flex-content-wrap\" style=\"max-width:1310.4px;margin-left: calc(-4% \/ 2 );margin-right: calc(-4% \/ 2 );\"><div class=\"fusion-layout-column fusion_builder_column fusion-builder-column-0 fusion_builder_column_2_3 2_3 fusion-flex-column fusion-animated\" style=\"--awb-bg-size:cover;--awb-width-large:66.666666666667%;--awb-margin-top-large:0px;--awb-spacing-right-large:2.88%;--awb-margin-bottom-large:0px;--awb-spacing-left-large:2.88%;--awb-width-medium:75%;--awb-order-medium:0;--awb-spacing-right-medium:2.56%;--awb-spacing-left-medium:2.56%;--awb-width-small:100%;--awb-order-small:0;--awb-spacing-right-small:1.92%;--awb-spacing-left-small:1.92%;\" data-animationType=\"fadeInDown\" data-animationDuration=\"1.3\" data-animationOffset=\"top-into-view\"><div class=\"fusion-column-wrapper fusion-column-has-shadow fusion-flex-justify-content-center fusion-content-layout-column\"><div class=\"fusion-title title fusion-title-1 fusion-sep-none fusion-title-center fusion-title-text fusion-title-size-two\" style=\"--awb-margin-bottom:35px;\"><h2 class=\"fusion-title-heading title-heading-center\" style=\"margin:0;\">\u00c9letrajz &#8211; Alberto Pardossi<\/h2><\/div><\/div><\/div><\/div><\/div><div class=\"fusion-fullwidth fullwidth-box fusion-builder-row-2 fusion-flex-container nonhundred-percent-fullwidth non-hundred-percent-height-scrolling\" style=\"--awb-border-radius-top-left:0px;--awb-border-radius-top-right:0px;--awb-border-radius-bottom-right:0px;--awb-border-radius-bottom-left:0px;--awb-flex-wrap:wrap;\" ><div class=\"fusion-builder-row fusion-row fusion-flex-align-items-flex-start fusion-flex-content-wrap\" style=\"max-width:1310.4px;margin-left: calc(-4% \/ 2 );margin-right: calc(-4% \/ 2 );\"><div class=\"fusion-layout-column fusion_builder_column fusion-builder-column-1 fusion_builder_column_1_1 1_1 fusion-flex-column\" style=\"--awb-bg-size:cover;--awb-width-large:100%;--awb-margin-top-large:0px;--awb-spacing-right-large:1.92%;--awb-margin-bottom-large:0px;--awb-spacing-left-large:1.92%;--awb-width-medium:100%;--awb-order-medium:0;--awb-spacing-right-medium:1.92%;--awb-spacing-left-medium:1.92%;--awb-width-small:100%;--awb-order-small:0;--awb-spacing-right-small:1.92%;--awb-spacing-left-small:1.92%;\"><div class=\"fusion-column-wrapper fusion-column-has-shadow fusion-flex-justify-content-flex-start fusion-content-layout-column\"><div class=\"fusion-section-separator section-separator big-half-circle fusion-section-separator-1\" style=\"--awb-spacer-height:150px;--awb-svg-margin-left:1.92%;--awb-svg-margin-right:1.92%;--awb-svg-margin-left-medium:1.92%;--awb-svg-margin-right-medium:1.92%;--awb-svg-margin-left-small:1.92%;--awb-svg-margin-right-small:1.92%;--awb-divider-height:150px;--awb-spacer-padding-top:inherit;--awb-sep-padding:0;--awb-svg-padding:0;\"><div class=\"fusion-section-separator-svg\"><svg class=\"fusion-big-half-circle-candy\" xmlns=\"http:\/\/www.w3.org\/2000\/svg\" version=\"1.1\" width=\"100%\" height=\"100\" viewBox=\"0 0 100 100\" preserveAspectRatio=\"none\" fill=\"rgba(48,181,95,0.05)\"><path d=\"M0 100 C40 0 60 0 100 100 Z\"><\/path><\/svg><\/div><div class=\"fusion-section-separator-spacer\"><div class=\"fusion-section-separator-spacer-height\"><\/div><\/div><\/div><\/div><\/div><\/div><\/div><div id=\"1-UK-Edinburgh-JHI-P30\" class=\"fusion-container-anchor\"><div class=\"fusion-fullwidth fullwidth-box fusion-builder-row-3 fusion-flex-container has-pattern-background has-mask-background nonhundred-percent-fullwidth non-hundred-percent-height-scrolling\" style=\"--awb-border-radius-top-left:0px;--awb-border-radius-top-right:0px;--awb-border-radius-bottom-right:0px;--awb-border-radius-bottom-left:0px;--awb-padding-bottom:0px;--awb-padding-bottom-small:0px;--awb-margin-bottom-small:0px;--awb-background-image:linear-gradient(180deg, hsla(var(--awb-color5-h),var(--awb-color5-s),var(--awb-color5-l),calc(var(--awb-color5-a) - 95%)) 54%,var(--awb-color1) 100%);--awb-flex-wrap:wrap;\" ><div class=\"fusion-builder-row fusion-row fusion-flex-align-items-stretch fusion-flex-justify-content-center fusion-flex-content-wrap\" style=\"max-width:1310.4px;margin-left: calc(-4% \/ 2 );margin-right: calc(-4% \/ 2 );\"><div class=\"fusion-layout-column fusion_builder_column fusion-builder-column-2 fusion_builder_column_1_1 1_1 fusion-flex-column fusion-animated\" style=\"--awb-padding-top:45px;--awb-padding-right:55px;--awb-padding-bottom:35px;--awb-padding-left:55px;--awb-padding-top-small:40px;--awb-padding-right-small:30px;--awb-padding-bottom-small:40px;--awb-padding-left-small:30px;--awb-overflow:hidden;--awb-bg-color:var(--awb-color1);--awb-bg-color-hover:var(--awb-color1);--awb-bg-size:cover;--awb-box-shadow:0px 2px 6px 0px hsla(var(--awb-color8-h),var(--awb-color8-s),var(--awb-color8-l),calc( var(--awb-color8-a) - 89% ));;--awb-border-radius:12px 12px 12px 12px;--awb-width-large:100%;--awb-margin-top-large:-250px;--awb-spacing-right-large:1.92%;--awb-margin-bottom-large:20px;--awb-spacing-left-large:1.92%;--awb-width-medium:50%;--awb-order-medium:0;--awb-spacing-right-medium:3.84%;--awb-margin-bottom-medium:40px;--awb-spacing-left-medium:3.84%;--awb-width-small:100%;--awb-order-small:0;--awb-spacing-right-small:1.92%;--awb-spacing-left-small:1.92%;\" data-animationType=\"bounceInUp\" data-animationDuration=\"1.0\" data-animationOffset=\"top-into-view\"><div class=\"fusion-column-wrapper fusion-column-has-shadow fusion-flex-justify-content-flex-start fusion-content-layout-column\"><div class=\"fusion-image-element \" style=\"text-align:center;--awb-max-width:300px;--awb-caption-title-font-family:var(--h2_typography-font-family);--awb-caption-title-font-weight:var(--h2_typography-font-weight);--awb-caption-title-font-style:var(--h2_typography-font-style);--awb-caption-title-size:var(--h2_typography-font-size);--awb-caption-title-transform:var(--h2_typography-text-transform);--awb-caption-title-line-height:var(--h2_typography-line-height);--awb-caption-title-letter-spacing:var(--h2_typography-letter-spacing);\"><span class=\" fusion-imageframe imageframe-none imageframe-1 hover-type-none\" style=\"border:1px solid var(--awb-color1);border-radius:50%;\"><img decoding=\"async\" width=\"407\" height=\"407\" title=\"fbt\" src=\"https:\/\/econutri-project.eu\/wp-content\/uploads\/2023\/12\/Alberto-Pardossi.jpg\" data-orig-src=\"https:\/\/econutri-project.eu\/wp-content\/uploads\/2023\/12\/Alberto-Pardossi.jpg\" alt class=\"lazyload img-responsive wp-image-6138\" srcset=\"data:image\/svg+xml,%3Csvg%20xmlns%3D%27http%3A%2F%2Fwww.w3.org%2F2000%2Fsvg%27%20width%3D%27407%27%20height%3D%27407%27%20viewBox%3D%270%200%20407%20407%27%3E%3Crect%20width%3D%27407%27%20height%3D%27407%27%20fill-opacity%3D%220%22%2F%3E%3C%2Fsvg%3E\" data-srcset=\"https:\/\/econutri-project.eu\/wp-content\/uploads\/2023\/12\/Alberto-Pardossi-200x200.jpg 200w, https:\/\/econutri-project.eu\/wp-content\/uploads\/2023\/12\/Alberto-Pardossi-400x400.jpg 400w, https:\/\/econutri-project.eu\/wp-content\/uploads\/2023\/12\/Alberto-Pardossi.jpg 407w\" data-sizes=\"auto\" data-orig-sizes=\"(max-width: 640px) 100vw, 407px\" \/><\/span><\/div><div class=\"fusion-text fusion-text-1\" style=\"--awb-margin-top:30px;\"><p><strong>Alberto Pardossi<\/strong> (sz\u00fcletett 1958-ban): Mez\u0151gazdas\u00e1gtudom\u00e1nyi diploma (1983) \u00e9s kert\u00e9szettudom\u00e1nyi PhD (1989) a Pisai Egyetemen. Kutat\u00e1si asszisztens a Pisai Egyetemen (1988-1999); a Mil\u00e1n\u00f3i Egyetem (1998-2001), majd a Pisai Egyetem (2001-2012) z\u00f6lds\u00e9g- \u00e9s d\u00edszn\u00f6v\u00e9nytermeszt\u00e9si docense; a Pisai Egyetem (2012 \u00f3ta) a z\u00f6lds\u00e9g- \u00e9s d\u00edszn\u00f6v\u00e9nytermeszt\u00e9si professzor; a Mez\u0151gazdas\u00e1gi, \u00c9lelmiszeripari \u00e9s K\u00f6rnyezetv\u00e9delmi Doktori Program koordin\u00e1tora (2008-2016); a Mez\u0151gazdas\u00e1gi, \u00c9lelmiszeripari \u00e9s K\u00f6rnyezetv\u00e9delmi Tansz\u00e9k igazgat\u00f3ja (2016-2020).<\/p>\n<p><strong>Jelenlegi oktat\u00f3i tev\u00e9kenys\u00e9g:<\/strong> (BSc agr\u00e1rtudom\u00e1nyok); \u00c9lelmiszer- \u00e9s gy\u00f3gyn\u00f6v\u00e9nyek mesters\u00e9ges termeszt\u00e9se (MSc n\u00f6v\u00e9nyi \u00e9s mikrobi\u00e1lis biotechnol\u00f3gi\u00e1k).<\/p>\n<p><strong>F\u0151 kutat\u00e1si ter\u00fcletei: <\/strong>\u00fcvegh\u00e1zi talaj n\u00e9lk\u00fcli kult\u00far\u00e1k (bele\u00e9rtve az akvap\u00f3ni\u00e1t) \u00e9s kont\u00e9neres szabadf\u00f6ldi faiskolai \u00e1llom\u00e1nyok (n\u00f6v\u00e9nyi v\u00edzviszonyok \u00e9s \u00e1sv\u00e1nyi t\u00e1panyagok; szubsztr\u00e1t; term\u00e9smodellez\u00e9s); z\u00f6lds\u00e9gek piaci \u00e9s t\u00e1pl\u00e1lkoz\u00e1studom\u00e1nyi min\u0151s\u00e9ge; szabadf\u00f6ldi z\u00f6lds\u00e9gkult\u00far\u00e1k (\u00e1sv\u00e1nyi t\u00e1panyagok, \u00f6nt\u00f6z\u00e9skezel\u00e9s).<\/p>\n<p><strong>F\u0151bb kutat\u00e1si projektek:  <\/strong>AZORT (Nemzeti projekt a z\u00f6lds\u00e9gn\u00f6v\u00e9nyek nitrog\u00e9nt\u00e1pl\u00e1l\u00e1s\u00e1ra; projektvezet\u0151; www.azort.it; 2007-2011); FLOWAID (EU-FP6, Farmszint\u0171 optim\u00e1lis v\u00edzgazd\u00e1lkod\u00e1s: EUPHOROS &#8211; Efficient Use of Input in Protected Horticulture (EU-FP7; csoportvezet\u0151; 2008-2012); TEAP (2014 FP7 PEOPLE &#8211; International Research Staff Exchange Scheme, &#8222;A Traceability and Early warning system for supply chain of Agricultural Product: complementarities between EU and China&#8221;; csoportvezet\u0151); PRINBoro &#8211; Response to boron in vegetable crops (PRIN 200; projektvezet\u0151); ERBAVOLANT (16. sz.2, PSR 2014-2020 Regione Toscana; projektvezet\u0151; 2020-2021); SIMTAP &#8211; Self-sufficient Integrated Multi-Trophic AquaPonic systems for improving food production sustainability and brackish water use and recycling (SIMTAP &#8211; \u00d6nell\u00e1t\u00f3 integr\u00e1lt t\u00f6bbtr\u00f3f\u00e1s aquap\u00f3nikus rendszerek az \u00e9lelmiszertermel\u00e9s fenntarthat\u00f3s\u00e1g\u00e1nak jav\u00edt\u00e1s\u00e1ra \u00e9s a brakkv\u00edz-felhaszn\u00e1l\u00e1sra \u00e9s -visszaforgat\u00e1sra) (PRIMA 2018; projektvezet\u0151; 2019-2022).<\/p>\n<p><strong>Kiadv\u00e1nyok: <\/strong>A SCOPUS-ban 163 cikket vagy konferencia-el\u0151ad\u00e1st indexeltek; H-index 37.<\/p>\n<p><strong>A 10 legjobb cikkek list\u00e1ja (2019 \u00f3ta)<\/strong><\/p>\n<p>1. Puccinelli, M., Galati, D., Carmassi, G., Rossi, L., Pardossi, A., Incrocci, L. A hidrokult\u00far\u00e1s vagy akvakult\u00far\u00e1s rendszerekb\u0151l sz\u00e1rmaz\u00f3 s\u00f3s v\u00edzelvezet\u00e9ssel termesztett tengeri cukorr\u00e9pa<em>(Beta vulgaris<\/em> subsp. <em>maritima<\/em>) lev\u00e9lterm\u00e9se \u00e9s min\u0151s\u00e9ge. (2023) Scientia Horticulturae, 322, art. Nem. 112416. DOi: 10.1016\/j.scienta.2023.1124162. Puccinelli, M., Rosellini, I., Malorgio, F., Pardossi, A., Pezzarossa, B. A m\u00e1ngold<em>(Beta vulgaris<\/em> ssp. <em>vulgaris<\/em> var. <em>cicla<\/em>) \u00e9s vad \u0151se, a tengeri cukorr\u00e9pa<em>(Beta vulgaris <\/em>ssp.<em>. maritima<\/em>) hidroponikusan termesztett b\u00e9bilevelek: a lev\u00e9ltermel\u00e9sre \u00e9s a lev\u00e9lmin\u0151s\u00e9gre gyakorolt hat\u00e1sok. (2023) Journal of the Science of Food and Agriculture, 103 (15), pp. 7888-7895. DOI=10.1002%2fjsfa.128763. Gava, O., Ant\u00f3n, A., Carmassi, G., Pardossi, A., Incrocci, L., Bartolini, F. Reusing drainage water and substrate to improve the environmental and economic performance of Mediterranean greenhouse cropping (2023) Journal of Cleaner Production, 413, art. Nem. 137510. doi=10.1016%2fj.jclepro.2023.1375104. Puccinelli, M., Carmassi, G., Pardossi, A., Incrocci, L. Vadon \u00e9l\u0151 ehet\u0151 n\u00f6v\u00e9nyfajok termeszt\u00e9se hidroponikusan, term\u00e9selvezet\u0151 v\u00edzzel mediterr\u00e1n \u00e9ghajlaton: Term\u00e9shozam, lev\u00e9lmin\u0151s\u00e9g, v\u00edz- \u00e9s t\u00e1panyagfelhaszn\u00e1l\u00e1s. (2023) Mez\u0151gazdas\u00e1gi v\u00edzgazd\u00e1lkod\u00e1s, 282, art. Nem. 108275. DOI:10.1016\/j.agwat.2023.1082755. Germano, R.P., Melito, S., Cacini, S., Carmassi, G., Leoni, F., Maggini, R., Montesano, F.F., Pardossi, A., Massa, D. Az \u00e9des bazsalikom alacsony foszfor- \u00e9s magas n\u00e1trium-kloridkoncentr\u00e1ci\u00f3 mellett hidroponikusan termeszthet\u0151: Hat\u00e1s a n\u00f6v\u00e9nyre \u00e9s a t\u00e1poldat kezel\u00e9s\u00e9re. (2022) Scientia Horticulturae, 304, art. Nem. 111324. DOI: 10.1016\/j.scienta.2022.1113246. Puccinelli, M., Landi, M., Maggini, R., Pardossi, A., Incrocci, L. K\u00e9t hidroponikus rendszerben termesztett bazsalikom \u00e9s fejes sal\u00e1ta j\u00f3dos biofortifik\u00e1ci\u00f3ja. (2021) Scientia Horticulturae, 276, art. Nem. 109783. DOI=10.1016%2fj.scienta.2020.1097837. Incrocci, L., Carmassi, G., Maggini, R., Poli, C., Saidov, D., Tamburini, C., Kiferle, C., Perata, P., Pardossi, A. J\u00f3dfelhalmoz\u00f3d\u00e1s \u00e9s tolerancia az \u00e9des bazsalikomban<em>(Ocimum basilicum<\/em>).  L.) z\u00f6ld vagy lila levelekkel, \u00fasz\u00f3 rendszer\u0171 technik\u00e1val termesztve. (2019) Frontiers in Plant Science, 10, art. no. 1494. DOI=10.3389%2ffpls.2019.014948. Moles, T.M., de Brito Francisco, R., Mariotti, L., Pompeiano, A., Lupini, A., Incrocci, L., Carmassi, G., Scartazza, A., Pistelli, L., Guglielminetti, L., Pardossi, A., Sunseri, F., H\u00f6rtensteiner, S., Santelia, D. Salinity in Autumn-Winter Season and Fruit Quality of Tomato Landraces. (2019) Frontiers in Plant Science, 10, art. no. 1078. DOI=10.3389%2ffpls.2019.010789. Incrocci, L., Marzialetti, P., Incrocci, G., Di Vita, A., Balendonck, J., Bibbiani, C., Spagnol, S., Pardossi, A. Sensor-based management of container nursery crops irrigated with fresh or saline water. (2019) Agricultural Water Management, 213, pp. 49-61. DOI=10.1016%2fj.agwat.2018.09.054Lucchesini, M., Pacifici, S., Maggini, R., Pardossi, A., Mensuali Sodi, A. A novel microfloating culture system for the in vitro rooting of  <em>Echinacea angustifolia<\/em> D.C.: fotoszintetikus teljes\u00edtm\u00e9ny \u00e9s k\u00e1v\u00e9sav-sz\u00e1rmaz\u00e9kok termel\u00e9se. (2019) Plant Cell, Tissue and Organ Culture, 136 (1), pp. 123-132. DOI=10.1007%2fs11240-018-1498-2<\/p>\n<\/div><\/div><\/div><\/div><\/div><\/div><\/p>\n","protected":false},"excerpt":{"rendered":"","protected":false},"author":1,"featured_media":0,"parent":0,"menu_order":0,"comment_status":"closed","ping_status":"closed","template":"100-width.php","meta":{"footnotes":""},"class_list":["post-7737","page","type-page","status-publish","hentry"],"_links":{"self":[{"href":"https:\/\/econutri-project.eu\/hu\/wp-json\/wp\/v2\/pages\/7737"}],"collection":[{"href":"https:\/\/econutri-project.eu\/hu\/wp-json\/wp\/v2\/pages"}],"about":[{"href":"https:\/\/econutri-project.eu\/hu\/wp-json\/wp\/v2\/types\/page"}],"author":[{"embeddable":true,"href":"https:\/\/econutri-project.eu\/hu\/wp-json\/wp\/v2\/users\/1"}],"replies":[{"embeddable":true,"href":"https:\/\/econutri-project.eu\/hu\/wp-json\/wp\/v2\/comments?post=7737"}],"version-history":[{"count":1,"href":"https:\/\/econutri-project.eu\/hu\/wp-json\/wp\/v2\/pages\/7737\/revisions"}],"predecessor-version":[{"id":7763,"href":"https:\/\/econutri-project.eu\/hu\/wp-json\/wp\/v2\/pages\/7737\/revisions\/7763"}],"wp:attachment":[{"href":"https:\/\/econutri-project.eu\/hu\/wp-json\/wp\/v2\/media?parent=7737"}],"curies":[{"name":"wp","href":"https:\/\/api.w.org\/{rel}","templated":true}]}}