{"id":7618,"date":"2023-12-21T11:47:36","date_gmt":"2023-12-21T09:47:36","guid":{"rendered":"https:\/\/econutri-project.eu\/eletrajz-dr-clive-rahn\/"},"modified":"2024-01-17T12:51:08","modified_gmt":"2024-01-17T10:51:08","slug":"eletrajz-dr-clive-rahn","status":"publish","type":"page","link":"https:\/\/econutri-project.eu\/hu\/eletrajz-dr-clive-rahn\/","title":{"rendered":"\u00c9letrajz &#8211; Dr. Clive Rahn"},"content":{"rendered":"<p><div class=\"fusion-fullwidth fullwidth-box fusion-builder-row-1 fusion-flex-container has-pattern-background has-mask-background nonhundred-percent-fullwidth non-hundred-percent-height-scrolling\" style=\"--awb-border-radius-top-left:0px;--awb-border-radius-top-right:0px;--awb-border-radius-bottom-right:0px;--awb-border-radius-bottom-left:0px;--awb-margin-bottom:120px;--awb-margin-bottom-medium:160px;--awb-margin-bottom-small:145px;--awb-flex-wrap:wrap;\" ><div class=\"fusion-builder-row fusion-row fusion-flex-align-items-flex-start fusion-flex-justify-content-center fusion-flex-content-wrap\" style=\"max-width:1310.4px;margin-left: calc(-4% \/ 2 );margin-right: calc(-4% \/ 2 );\"><div class=\"fusion-layout-column fusion_builder_column fusion-builder-column-0 fusion_builder_column_2_3 2_3 fusion-flex-column fusion-animated\" style=\"--awb-bg-size:cover;--awb-width-large:66.666666666667%;--awb-margin-top-large:0px;--awb-spacing-right-large:2.88%;--awb-margin-bottom-large:0px;--awb-spacing-left-large:2.88%;--awb-width-medium:75%;--awb-order-medium:0;--awb-spacing-right-medium:2.56%;--awb-spacing-left-medium:2.56%;--awb-width-small:100%;--awb-order-small:0;--awb-spacing-right-small:1.92%;--awb-spacing-left-small:1.92%;\" data-animationType=\"fadeInDown\" data-animationDuration=\"1.3\" data-animationOffset=\"top-into-view\"><div class=\"fusion-column-wrapper fusion-column-has-shadow fusion-flex-justify-content-center fusion-content-layout-column\"><div class=\"fusion-title title fusion-title-1 fusion-sep-none fusion-title-center fusion-title-text fusion-title-size-two\" style=\"--awb-margin-bottom:35px;\"><h2 class=\"fusion-title-heading title-heading-center\" style=\"margin:0;\">\u00c9letrajz &#8211; Dr. Clive Rahn<\/h2><\/div><\/div><\/div><\/div><\/div><div class=\"fusion-fullwidth fullwidth-box fusion-builder-row-2 fusion-flex-container nonhundred-percent-fullwidth non-hundred-percent-height-scrolling\" style=\"--awb-border-radius-top-left:0px;--awb-border-radius-top-right:0px;--awb-border-radius-bottom-right:0px;--awb-border-radius-bottom-left:0px;--awb-flex-wrap:wrap;\" ><div class=\"fusion-builder-row fusion-row fusion-flex-align-items-flex-start fusion-flex-content-wrap\" style=\"max-width:1310.4px;margin-left: calc(-4% \/ 2 );margin-right: calc(-4% \/ 2 );\"><div class=\"fusion-layout-column fusion_builder_column fusion-builder-column-1 fusion_builder_column_1_1 1_1 fusion-flex-column\" style=\"--awb-bg-size:cover;--awb-width-large:100%;--awb-margin-top-large:0px;--awb-spacing-right-large:1.92%;--awb-margin-bottom-large:0px;--awb-spacing-left-large:1.92%;--awb-width-medium:100%;--awb-order-medium:0;--awb-spacing-right-medium:1.92%;--awb-spacing-left-medium:1.92%;--awb-width-small:100%;--awb-order-small:0;--awb-spacing-right-small:1.92%;--awb-spacing-left-small:1.92%;\"><div class=\"fusion-column-wrapper fusion-column-has-shadow fusion-flex-justify-content-flex-start fusion-content-layout-column\"><div class=\"fusion-section-separator section-separator big-half-circle fusion-section-separator-1\" style=\"--awb-spacer-height:150px;--awb-svg-margin-left:1.92%;--awb-svg-margin-right:1.92%;--awb-svg-margin-left-medium:1.92%;--awb-svg-margin-right-medium:1.92%;--awb-svg-margin-left-small:1.92%;--awb-svg-margin-right-small:1.92%;--awb-divider-height:150px;--awb-spacer-padding-top:inherit;--awb-sep-padding:0;--awb-svg-padding:0;\"><div class=\"fusion-section-separator-svg\"><svg class=\"fusion-big-half-circle-candy\" xmlns=\"http:\/\/www.w3.org\/2000\/svg\" version=\"1.1\" width=\"100%\" height=\"100\" viewBox=\"0 0 100 100\" preserveAspectRatio=\"none\" fill=\"rgba(48,181,95,0.05)\"><path d=\"M0 100 C40 0 60 0 100 100 Z\"><\/path><\/svg><\/div><div class=\"fusion-section-separator-spacer\"><div class=\"fusion-section-separator-spacer-height\"><\/div><\/div><\/div><\/div><\/div><\/div><\/div><div id=\"1-UK-Edinburgh-JHI-P30\" class=\"fusion-container-anchor\"><div class=\"fusion-fullwidth fullwidth-box fusion-builder-row-3 fusion-flex-container has-pattern-background has-mask-background nonhundred-percent-fullwidth non-hundred-percent-height-scrolling\" style=\"--awb-border-radius-top-left:0px;--awb-border-radius-top-right:0px;--awb-border-radius-bottom-right:0px;--awb-border-radius-bottom-left:0px;--awb-padding-bottom:0px;--awb-padding-bottom-small:0px;--awb-margin-bottom-small:0px;--awb-background-image:linear-gradient(180deg, hsla(var(--awb-color5-h),var(--awb-color5-s),var(--awb-color5-l),calc(var(--awb-color5-a) - 95%)) 54%,var(--awb-color1) 100%);--awb-flex-wrap:wrap;\" ><div class=\"fusion-builder-row fusion-row fusion-flex-align-items-stretch fusion-flex-justify-content-center fusion-flex-content-wrap\" style=\"max-width:1310.4px;margin-left: calc(-4% \/ 2 );margin-right: calc(-4% \/ 2 );\"><div class=\"fusion-layout-column fusion_builder_column fusion-builder-column-2 fusion_builder_column_1_1 1_1 fusion-flex-column fusion-animated\" style=\"--awb-padding-top:45px;--awb-padding-right:55px;--awb-padding-bottom:35px;--awb-padding-left:55px;--awb-padding-top-small:40px;--awb-padding-right-small:30px;--awb-padding-bottom-small:40px;--awb-padding-left-small:30px;--awb-overflow:hidden;--awb-bg-color:var(--awb-color1);--awb-bg-color-hover:var(--awb-color1);--awb-bg-size:cover;--awb-box-shadow:0px 2px 6px 0px hsla(var(--awb-color8-h),var(--awb-color8-s),var(--awb-color8-l),calc( var(--awb-color8-a) - 89% ));;--awb-border-radius:12px 12px 12px 12px;--awb-width-large:100%;--awb-margin-top-large:-250px;--awb-spacing-right-large:1.92%;--awb-margin-bottom-large:20px;--awb-spacing-left-large:1.92%;--awb-width-medium:50%;--awb-order-medium:0;--awb-spacing-right-medium:3.84%;--awb-margin-bottom-medium:40px;--awb-spacing-left-medium:3.84%;--awb-width-small:100%;--awb-order-small:0;--awb-spacing-right-small:1.92%;--awb-spacing-left-small:1.92%;\" data-animationType=\"bounceInUp\" data-animationDuration=\"1.0\" data-animationOffset=\"top-into-view\"><div class=\"fusion-column-wrapper fusion-column-has-shadow fusion-flex-justify-content-flex-start fusion-content-layout-column\"><div class=\"fusion-builder-row fusion-builder-row-inner fusion-row fusion-flex-align-items-stretch fusion-flex-justify-content-center fusion-flex-content-wrap\" style=\"width:104% !important;max-width:104% !important;margin-left: calc(-4% \/ 2 );margin-right: calc(-4% \/ 2 );\"><div class=\"fusion-layout-column fusion_builder_column_inner fusion-builder-nested-column-0 fusion_builder_column_inner_1_2 1_2 fusion-flex-column\" style=\"--awb-bg-size:cover;--awb-width-large:50%;--awb-margin-top-large:0px;--awb-spacing-right-large:50px;--awb-margin-bottom-large:20px;--awb-spacing-left-large:3.84%;--awb-width-medium:50%;--awb-order-medium:0;--awb-spacing-right-medium:50px;--awb-spacing-left-medium:3.84%;--awb-width-small:100%;--awb-order-small:0;--awb-spacing-right-small:1.92%;--awb-spacing-left-small:1.92%;\" data-scroll-devices=\"small-visibility,medium-visibility,large-visibility\"><div class=\"fusion-column-wrapper fusion-column-has-shadow fusion-flex-justify-content-flex-start fusion-content-layout-column\"><div class=\"fusion-image-element \" style=\"text-align:right;--awb-max-width:300px;--awb-caption-title-font-family:var(--h2_typography-font-family);--awb-caption-title-font-weight:var(--h2_typography-font-weight);--awb-caption-title-font-style:var(--h2_typography-font-style);--awb-caption-title-size:var(--h2_typography-font-size);--awb-caption-title-transform:var(--h2_typography-text-transform);--awb-caption-title-line-height:var(--h2_typography-line-height);--awb-caption-title-letter-spacing:var(--h2_typography-letter-spacing);\"><span class=\" fusion-imageframe imageframe-none imageframe-1 hover-type-none\" style=\"border:1px solid var(--awb-color1);border-radius:50%;\"><img decoding=\"async\" width=\"407\" height=\"407\" title=\"Clive-Rahn\" src=\"https:\/\/econutri-project.eu\/wp-content\/uploads\/2023\/12\/Clive-Rahn.jpg\" data-orig-src=\"https:\/\/econutri-project.eu\/wp-content\/uploads\/2023\/12\/Clive-Rahn.jpg\" alt class=\"lazyload img-responsive wp-image-6120\" srcset=\"data:image\/svg+xml,%3Csvg%20xmlns%3D%27http%3A%2F%2Fwww.w3.org%2F2000%2Fsvg%27%20width%3D%27407%27%20height%3D%27407%27%20viewBox%3D%270%200%20407%20407%27%3E%3Crect%20width%3D%27407%27%20height%3D%27407%27%20fill-opacity%3D%220%22%2F%3E%3C%2Fsvg%3E\" data-srcset=\"https:\/\/econutri-project.eu\/wp-content\/uploads\/2023\/12\/Clive-Rahn-200x200.jpg 200w, https:\/\/econutri-project.eu\/wp-content\/uploads\/2023\/12\/Clive-Rahn-400x400.jpg 400w, https:\/\/econutri-project.eu\/wp-content\/uploads\/2023\/12\/Clive-Rahn.jpg 407w\" data-sizes=\"auto\" data-orig-sizes=\"(max-width: 640px) 100vw, 407px\" \/><\/span><\/div><\/div><\/div><div class=\"fusion-layout-column fusion_builder_column_inner fusion-builder-nested-column-1 fusion_builder_column_inner_1_2 1_2 fusion-flex-column\" style=\"--awb-bg-size:cover;--awb-width-large:50%;--awb-margin-top-large:0px;--awb-spacing-right-large:3.84%;--awb-margin-bottom-large:20px;--awb-spacing-left-large:50px;--awb-width-medium:50%;--awb-order-medium:0;--awb-spacing-right-medium:3.84%;--awb-spacing-left-medium:50px;--awb-width-small:100%;--awb-order-small:0;--awb-spacing-right-small:1.92%;--awb-spacing-left-small:1.92%;\" data-scroll-devices=\"small-visibility,medium-visibility,large-visibility\"><div class=\"fusion-column-wrapper fusion-column-has-shadow fusion-flex-justify-content-flex-start fusion-content-layout-column\"><div class=\"fusion-image-element \" style=\"text-align:left;--awb-max-width:300px;--awb-caption-title-font-family:var(--h2_typography-font-family);--awb-caption-title-font-weight:var(--h2_typography-font-weight);--awb-caption-title-font-style:var(--h2_typography-font-style);--awb-caption-title-size:var(--h2_typography-font-size);--awb-caption-title-transform:var(--h2_typography-text-transform);--awb-caption-title-line-height:var(--h2_typography-line-height);--awb-caption-title-letter-spacing:var(--h2_typography-letter-spacing);\"><span class=\" fusion-imageframe imageframe-none imageframe-2 hover-type-none\"><img decoding=\"async\" width=\"407\" height=\"407\" title=\"University-of-Warwick\" src=\"https:\/\/econutri-project.eu\/wp-content\/uploads\/2023\/12\/University-of-Warwick.png\" data-orig-src=\"https:\/\/econutri-project.eu\/wp-content\/uploads\/2023\/12\/University-of-Warwick.png\" alt class=\"lazyload img-responsive wp-image-6184\" srcset=\"data:image\/svg+xml,%3Csvg%20xmlns%3D%27http%3A%2F%2Fwww.w3.org%2F2000%2Fsvg%27%20width%3D%27407%27%20height%3D%27407%27%20viewBox%3D%270%200%20407%20407%27%3E%3Crect%20width%3D%27407%27%20height%3D%27407%27%20fill-opacity%3D%220%22%2F%3E%3C%2Fsvg%3E\" data-srcset=\"https:\/\/econutri-project.eu\/wp-content\/uploads\/2023\/12\/University-of-Warwick-200x200.png 200w, https:\/\/econutri-project.eu\/wp-content\/uploads\/2023\/12\/University-of-Warwick-400x400.png 400w, https:\/\/econutri-project.eu\/wp-content\/uploads\/2023\/12\/University-of-Warwick.png 407w\" data-sizes=\"auto\" data-orig-sizes=\"(max-width: 640px) 100vw, 407px\" \/><\/span><\/div><\/div><\/div><\/div><div class=\"fusion-text fusion-text-1\" style=\"--awb-margin-top:30px;\"><p>T\u00f6bb mint 45 \u00e9ves tapasztalat a talajokkal val\u00f3 munka \u00e9s a n\u00f6v\u00e9nyi t\u00e1panyagok, k\u00fcl\u00f6n\u00f6sen a nitrog\u00e9n kezel\u00e9se ter\u00e9n, hogy maximaliz\u00e1lja az \u00e9lelmiszertermel\u00e9st a k\u00f6rnyezetre gyakorolt minim\u00e1lis hat\u00e1s mellett. A gazd\u00e1lkod\u00f3knak ny\u00fajtott gyakorlati tan\u00e1csad\u00e1s \u00e9s a tudom\u00e1nyos kutat\u00e1s ter\u00e9n el\u00e9rt eredm\u00e9nyek nemzeti \u00e9s nemzetk\u00f6zi szinten. Mind tudom\u00e1nyos (talajtan), mind t\u00e1rsadalomtudom\u00e1nyi (MBA) h\u00e1tt\u00e9rrel rendelkezik, amely t\u00e1mogatja az \u00fajabb \u00e9rdekl\u0151d\u00e9st a tudom\u00e1ny gyakorlatba val\u00f3 \u00e1t\u00fcltet\u00e9s\u00e9nek m\u00f3dja ir\u00e1nt.<\/p>\n<p>K\u00fcl\u00f6n\u00f6s \u00e9rdekl\u0151d\u00e9si k\u00f6r\u00e9be tartozott a sz\u00e1nt\u00f3f\u00f6ldi z\u00f6lds\u00e9gn\u00f6v\u00e9nyekre vonatkoz\u00f3 nemzeti m\u0171tr\u00e1gyaaj\u00e1nl\u00e1sok (RB209) kidolgoz\u00e1s\u00e1nak vezet\u00e9se. A &#8222;Kert\u00e9szeti vet\u00e9sforg\u00f3k nitrog\u00e9nfelhaszn\u00e1l\u00e1s\u00e1nak optimaliz\u00e1l\u00e1s\u00e1t c\u00e9lz\u00f3 eur\u00f3pai modell kidolgoz\u00e1sa a kert\u00e9szeti vet\u00e9sforg\u00f3kban, EU-Rotate_N. A &#8222;Tud\u00e1spolitika \u00e9s gyakorlat a fenntarthat\u00f3 t\u00e1panyag-gazd\u00e1lkod\u00e1s \u00e9s a v\u00edzk\u00e9szletek v\u00e9delme \u00e9rdek\u00e9ben az Egyes\u00fclt Kir\u00e1lys\u00e1g \u00e9s K\u00edna agr\u00e1r-\u00f6korendszereiben&#8221; c\u00edm\u0171 kutat\u00e1ssal foglalkoz\u00f3 kutat\u00f3csoport tagja, a k\u00f6zelm\u00faltban K\u00edn\u00e1ban, \u00daj-Z\u00e9landon \u00e9s az EU-bizotts\u00e1g sz\u00e1m\u00e1ra v\u00e9gzett munka. Az ECONUTRI egy \u00faj eur\u00f3pai kutat\u00e1si projekt k\u00fcls\u0151 tan\u00e1csad\u00f3 test\u00fclet\u00e9nek tagja. Nemr\u00e9giben megjelent k\u00f6nyvfejezet a sz\u00e1m\u00edt\u00f3g\u00e9pes modellek hat\u00e9konyabb fejleszt\u00e9s\u00e9nek \u00e9s haszn\u00e1lat\u00e1nak strat\u00e9gi\u00e1j\u00e1r\u00f3l a mez\u0151gazdas\u00e1gban. Tudom\u00e1nyos bizotts\u00e1gi tags\u00e1g \u00e9s el\u0151ad\u00f3 sz\u00e1mos nemzetk\u00f6zi konferenci\u00e1n<\/p>\n<p>T\u00f6bb mint 150 kiadv\u00e1ny a mez\u0151gazdas\u00e1gi sz\u00f3r\u00f3lapokt\u00f3l kezdve a projektjelent\u00e9seken \u00e1t. n\u00e9pszer\u0171 cikkek, szakpolitikai dokumentumok \u00e9s tudom\u00e1nyos dolgozatok. Okleveles tud\u00f3s \u00e9s a British Society of Soil Science tagja.<\/p>\n<p><strong>LINKEDIN profil  <\/strong><\/p>\n<p><a href=\"https:\/\/www.linkedin.com\/in\/clive-rahn-phd-mba-csci-f-i-soil-sci-b78ba821\/\">https:\/\/www.linkedin.com\/in\/clive-rahn-phd-mba-csci-f-i-soil-sci-b78ba821\/<\/a><\/p>\n<p><strong>Link a Warwick Crop Centre weboldal\u00e1hoz<\/strong> <a href=\"https:\/\/warwick.ac.uk\/fac\/sci\/lifesci\/wcc\/\">Warwick Crop Centre<\/a><\/p>\n<\/div><\/div><\/div><\/div><\/div><\/div><\/p>\n","protected":false},"excerpt":{"rendered":"","protected":false},"author":1,"featured_media":0,"parent":0,"menu_order":0,"comment_status":"closed","ping_status":"closed","template":"100-width.php","meta":{"footnotes":""},"class_list":["post-7618","page","type-page","status-publish","hentry"],"_links":{"self":[{"href":"https:\/\/econutri-project.eu\/hu\/wp-json\/wp\/v2\/pages\/7618"}],"collection":[{"href":"https:\/\/econutri-project.eu\/hu\/wp-json\/wp\/v2\/pages"}],"about":[{"href":"https:\/\/econutri-project.eu\/hu\/wp-json\/wp\/v2\/types\/page"}],"author":[{"embeddable":true,"href":"https:\/\/econutri-project.eu\/hu\/wp-json\/wp\/v2\/users\/1"}],"replies":[{"embeddable":true,"href":"https:\/\/econutri-project.eu\/hu\/wp-json\/wp\/v2\/comments?post=7618"}],"version-history":[{"count":6,"href":"https:\/\/econutri-project.eu\/hu\/wp-json\/wp\/v2\/pages\/7618\/revisions"}],"predecessor-version":[{"id":7791,"href":"https:\/\/econutri-project.eu\/hu\/wp-json\/wp\/v2\/pages\/7618\/revisions\/7791"}],"wp:attachment":[{"href":"https:\/\/econutri-project.eu\/hu\/wp-json\/wp\/v2\/media?parent=7618"}],"curies":[{"name":"wp","href":"https:\/\/api.w.org\/{rel}","templated":true}]}}