{"id":7563,"date":"2023-12-21T11:59:34","date_gmt":"2023-12-21T09:59:34","guid":{"rendered":"https:\/\/econutri-project.eu\/eletrajz-youbin-zheng\/"},"modified":"2024-01-17T12:51:08","modified_gmt":"2024-01-17T10:51:08","slug":"eletrajz-youbin-zheng","status":"publish","type":"page","link":"https:\/\/econutri-project.eu\/hu\/eletrajz-youbin-zheng\/","title":{"rendered":"\u00c9letrajz &#8211; Youbin Zheng"},"content":{"rendered":"<p><div class=\"fusion-fullwidth fullwidth-box fusion-builder-row-1 fusion-flex-container has-pattern-background has-mask-background nonhundred-percent-fullwidth non-hundred-percent-height-scrolling\" style=\"--awb-border-radius-top-left:0px;--awb-border-radius-top-right:0px;--awb-border-radius-bottom-right:0px;--awb-border-radius-bottom-left:0px;--awb-margin-bottom:120px;--awb-margin-bottom-medium:160px;--awb-margin-bottom-small:145px;--awb-flex-wrap:wrap;\" ><div class=\"fusion-builder-row fusion-row fusion-flex-align-items-flex-start fusion-flex-justify-content-center fusion-flex-content-wrap\" style=\"max-width:1310.4px;margin-left: calc(-4% \/ 2 );margin-right: calc(-4% \/ 2 );\"><div class=\"fusion-layout-column fusion_builder_column fusion-builder-column-0 fusion_builder_column_2_3 2_3 fusion-flex-column fusion-animated\" style=\"--awb-bg-size:cover;--awb-width-large:66.666666666667%;--awb-margin-top-large:0px;--awb-spacing-right-large:2.88%;--awb-margin-bottom-large:0px;--awb-spacing-left-large:2.88%;--awb-width-medium:75%;--awb-order-medium:0;--awb-spacing-right-medium:2.56%;--awb-spacing-left-medium:2.56%;--awb-width-small:100%;--awb-order-small:0;--awb-spacing-right-small:1.92%;--awb-spacing-left-small:1.92%;\" data-animationType=\"fadeInDown\" data-animationDuration=\"1.3\" data-animationOffset=\"top-into-view\"><div class=\"fusion-column-wrapper fusion-column-has-shadow fusion-flex-justify-content-center fusion-content-layout-column\"><div class=\"fusion-title title fusion-title-1 fusion-sep-none fusion-title-center fusion-title-text fusion-title-size-two\" style=\"--awb-margin-bottom:35px;\"><h2 class=\"fusion-title-heading title-heading-center\" style=\"margin:0;\">\u00c9letrajz &#8211; Youbin Zheng<\/h2><\/div><\/div><\/div><\/div><\/div><div class=\"fusion-fullwidth fullwidth-box fusion-builder-row-2 fusion-flex-container nonhundred-percent-fullwidth non-hundred-percent-height-scrolling\" style=\"--awb-border-radius-top-left:0px;--awb-border-radius-top-right:0px;--awb-border-radius-bottom-right:0px;--awb-border-radius-bottom-left:0px;--awb-flex-wrap:wrap;\" ><div class=\"fusion-builder-row fusion-row fusion-flex-align-items-flex-start fusion-flex-content-wrap\" style=\"max-width:1310.4px;margin-left: calc(-4% \/ 2 );margin-right: calc(-4% \/ 2 );\"><div class=\"fusion-layout-column fusion_builder_column fusion-builder-column-1 fusion_builder_column_1_1 1_1 fusion-flex-column\" style=\"--awb-bg-size:cover;--awb-width-large:100%;--awb-margin-top-large:0px;--awb-spacing-right-large:1.92%;--awb-margin-bottom-large:0px;--awb-spacing-left-large:1.92%;--awb-width-medium:100%;--awb-order-medium:0;--awb-spacing-right-medium:1.92%;--awb-spacing-left-medium:1.92%;--awb-width-small:100%;--awb-order-small:0;--awb-spacing-right-small:1.92%;--awb-spacing-left-small:1.92%;\"><div class=\"fusion-column-wrapper fusion-column-has-shadow fusion-flex-justify-content-flex-start fusion-content-layout-column\"><div class=\"fusion-section-separator section-separator big-half-circle fusion-section-separator-1\" style=\"--awb-spacer-height:150px;--awb-svg-margin-left:1.92%;--awb-svg-margin-right:1.92%;--awb-svg-margin-left-medium:1.92%;--awb-svg-margin-right-medium:1.92%;--awb-svg-margin-left-small:1.92%;--awb-svg-margin-right-small:1.92%;--awb-divider-height:150px;--awb-spacer-padding-top:inherit;--awb-sep-padding:0;--awb-svg-padding:0;\"><div class=\"fusion-section-separator-svg\"><svg class=\"fusion-big-half-circle-candy\" xmlns=\"http:\/\/www.w3.org\/2000\/svg\" version=\"1.1\" width=\"100%\" height=\"100\" viewBox=\"0 0 100 100\" preserveAspectRatio=\"none\" fill=\"rgba(48,181,95,0.05)\"><path d=\"M0 100 C40 0 60 0 100 100 Z\"><\/path><\/svg><\/div><div class=\"fusion-section-separator-spacer\"><div class=\"fusion-section-separator-spacer-height\"><\/div><\/div><\/div><\/div><\/div><\/div><\/div><div id=\"1-UK-Edinburgh-JHI-P30\" class=\"fusion-container-anchor\"><div class=\"fusion-fullwidth fullwidth-box fusion-builder-row-3 fusion-flex-container has-pattern-background has-mask-background nonhundred-percent-fullwidth non-hundred-percent-height-scrolling\" style=\"--awb-border-radius-top-left:0px;--awb-border-radius-top-right:0px;--awb-border-radius-bottom-right:0px;--awb-border-radius-bottom-left:0px;--awb-padding-bottom:0px;--awb-padding-bottom-small:0px;--awb-margin-bottom-small:0px;--awb-background-image:linear-gradient(180deg, hsla(var(--awb-color5-h),var(--awb-color5-s),var(--awb-color5-l),calc(var(--awb-color5-a) - 95%)) 54%,var(--awb-color1) 100%);--awb-flex-wrap:wrap;\" ><div class=\"fusion-builder-row fusion-row fusion-flex-align-items-stretch fusion-flex-justify-content-center fusion-flex-content-wrap\" style=\"max-width:1310.4px;margin-left: calc(-4% \/ 2 );margin-right: calc(-4% \/ 2 );\"><div class=\"fusion-layout-column fusion_builder_column fusion-builder-column-2 fusion_builder_column_1_1 1_1 fusion-flex-column fusion-animated\" style=\"--awb-padding-top:45px;--awb-padding-right:55px;--awb-padding-bottom:35px;--awb-padding-left:55px;--awb-padding-top-small:40px;--awb-padding-right-small:30px;--awb-padding-bottom-small:40px;--awb-padding-left-small:30px;--awb-overflow:hidden;--awb-bg-color:var(--awb-color1);--awb-bg-color-hover:var(--awb-color1);--awb-bg-size:cover;--awb-box-shadow:0px 2px 6px 0px hsla(var(--awb-color8-h),var(--awb-color8-s),var(--awb-color8-l),calc( var(--awb-color8-a) - 89% ));;--awb-border-radius:12px 12px 12px 12px;--awb-width-large:100%;--awb-margin-top-large:-250px;--awb-spacing-right-large:1.92%;--awb-margin-bottom-large:20px;--awb-spacing-left-large:1.92%;--awb-width-medium:50%;--awb-order-medium:0;--awb-spacing-right-medium:3.84%;--awb-margin-bottom-medium:40px;--awb-spacing-left-medium:3.84%;--awb-width-small:100%;--awb-order-small:0;--awb-spacing-right-small:1.92%;--awb-spacing-left-small:1.92%;\" data-animationType=\"bounceInUp\" data-animationDuration=\"1.0\" data-animationOffset=\"top-into-view\"><div class=\"fusion-column-wrapper fusion-column-has-shadow fusion-flex-justify-content-flex-start fusion-content-layout-column\"><div class=\"fusion-image-element \" style=\"text-align:center;--awb-max-width:300px;--awb-caption-title-font-family:var(--h2_typography-font-family);--awb-caption-title-font-weight:var(--h2_typography-font-weight);--awb-caption-title-font-style:var(--h2_typography-font-style);--awb-caption-title-size:var(--h2_typography-font-size);--awb-caption-title-transform:var(--h2_typography-text-transform);--awb-caption-title-line-height:var(--h2_typography-line-height);--awb-caption-title-letter-spacing:var(--h2_typography-letter-spacing);\"><span class=\" fusion-imageframe imageframe-none imageframe-1 hover-type-none\" style=\"border:1px solid var(--awb-color1);border-radius:50%;\"><img decoding=\"async\" width=\"407\" height=\"407\" title=\"Youbin-Zheng\" src=\"https:\/\/econutri-project.eu\/wp-content\/uploads\/2023\/12\/Youbin-Zheng.jpg\" data-orig-src=\"https:\/\/econutri-project.eu\/wp-content\/uploads\/2023\/12\/Youbin-Zheng.jpg\" alt class=\"lazyload img-responsive wp-image-6151\" srcset=\"data:image\/svg+xml,%3Csvg%20xmlns%3D%27http%3A%2F%2Fwww.w3.org%2F2000%2Fsvg%27%20width%3D%27407%27%20height%3D%27407%27%20viewBox%3D%270%200%20407%20407%27%3E%3Crect%20width%3D%27407%27%20height%3D%27407%27%20fill-opacity%3D%220%22%2F%3E%3C%2Fsvg%3E\" data-srcset=\"https:\/\/econutri-project.eu\/wp-content\/uploads\/2023\/12\/Youbin-Zheng-200x200.jpg 200w, https:\/\/econutri-project.eu\/wp-content\/uploads\/2023\/12\/Youbin-Zheng-400x400.jpg 400w, https:\/\/econutri-project.eu\/wp-content\/uploads\/2023\/12\/Youbin-Zheng.jpg 407w\" data-sizes=\"auto\" data-orig-sizes=\"(max-width: 640px) 100vw, 407px\" \/><\/span><\/div><div class=\"fusion-text fusion-text-1\" style=\"--awb-margin-top:30px;\"><p>Dr. <a href=\"https:\/\/ses.uoguelph.ca\/people\/youbin-zheng\">Youbin Zheng<\/a> a Guelphi Egyetem kert\u00e9szettudom\u00e1nyi <em>professzora<\/em> \u00e9s a Kanadai Kert\u00e9szeti Tudom\u00e1nyos T\u00e1rsas\u00e1g <em>kor\u00e1bbi eln\u00f6ke<\/em>. T\u00f6bb mint 25 \u00e9ves kutat\u00e1si tapasztalattal rendelkezik a szab\u00e1lyozott k\u00f6rnyezetben t\u00f6rt\u00e9n\u0151 n\u00f6v\u00e9nytermeszt\u00e9s (pl. belt\u00e9ri \u00e9s \u00fcvegh\u00e1zi termeszt\u00e9s), valamint a kert\u00e9szeti technol\u00f3gi\u00e1k alkalmaz\u00e1sa a k\u00f6rnyezetmin\u0151s\u00e9g jav\u00edt\u00e1s\u00e1ra (pl. z\u00f6ldtet\u0151 \u00e9s mesters\u00e9ges vizes \u00e9l\u0151hely) ter\u00fclet\u00e9n. Ellen\u0151rz\u00f6tt k\u00f6rnyezetben t\u00f6rt\u00e9n\u0151 n\u00f6v\u00e9nytermeszt\u00e9si kutat\u00e1si programja mag\u00e1ban foglalja a belt\u00e9ri kannabisz- \u00e9s egy\u00e9b gy\u00f3gy- \u00e9s t\u00e1pn\u00f6v\u00e9nytermeszt\u00e9st, az \u00fcvegh\u00e1zi d\u00edszn\u00f6v\u00e9ny- \u00e9s z\u00f6lds\u00e9gtermeszt\u00e9st, valamint a faiskolai \u00e9s kert\u00e9szeti n\u00f6v\u00e9nytermeszt\u00e9st \u00e9s -karbantart\u00e1st. Zheng az elm\u00falt \u00e9vtizedben akt\u00edvan r\u00e9szt vett a belt\u00e9ri kannabisztermeszt\u00e9s kutat\u00e1s\u00e1ban. Az \u0151 csoportja publik\u00e1lta az els\u0151 n\u00e9h\u00e1ny lektor\u00e1lt tudom\u00e1nyos cikket, \u00e9s \u0151 k\u00e9pezte ki az els\u0151 PhD-hallgat\u00f3t a belt\u00e9ri kannabisztermeszt\u00e9sr\u0151l \u00c9szak-Amerik\u00e1ban. Dr. Zheng egyed\u00fcli szerkeszt\u0151k\u00e9nt nemr\u00e9giben adta ki a <a href=\"https:\/\/www.routledge.com\/Handbook-of-Cannabis-Production-in-Controlled-Environments\/Zheng\/p\/book\/9780367712570\">Handbook of Cannabis Production in Controlled Environments<\/a> c\u00edm\u0171 k\u00f6nyvet. \u0150 fejlesztette ki a vil\u00e1g els\u0151 egyetemi szint\u0171 kannabisztermeszt\u00e9si kurzus\u00e1t 2019-ben, \u00e9s az\u00f3ta tan\u00edtja ezt a kurzust a Guelphi Egyetemen.<\/p>\n<p>Dr. Zheng kutat\u00e1si programja a gy\u00f6k\u00e9rz\u00f3na (pl. termeszt\u0151k\u00f6zeg-fejleszt\u00e9s, n\u00f6v\u00e9nyt\u00e1pl\u00e1l\u00e1s \u00e9s tr\u00e1gy\u00e1z\u00e1s) \u00e9s a vil\u00e1g\u00edt\u00e1s (pl. f\u00e9nyspektrum, intenzit\u00e1s \u00e9s fotoperi\u00f3dus) kezel\u00e9s\u00e9re \u00f6sszpontos\u00edt. Kutat\u00e1saib\u00f3l t\u00f6bb mint 150 lektor\u00e1lt tudom\u00e1nyos cikk, t\u00f6bb mint t\u00edz k\u00f6nyvfejezet, valamint sz\u00e1mos b\u0151v\u00edtett cikk \u00e9s egy\u00e9b publik\u00e1ci\u00f3 sz\u00fcletett.<\/p>\n<p>Zhenget gyakran h\u00edvt\u00e1k meg, hogy kutat\u00e1si eredm\u00e9nyeir\u0151l orsz\u00e1gos \u00e9s nemzetk\u00f6zi szinten is besz\u00e9ljen a p\u00f3diumon vagy a k\u00fcl\u00f6nb\u00f6z\u0151 m\u00e9diumokon kereszt\u00fcl.<\/p>\n<\/div><\/div><\/div><\/div><\/div><\/div><\/p>\n","protected":false},"excerpt":{"rendered":"","protected":false},"author":1,"featured_media":0,"parent":0,"menu_order":0,"comment_status":"closed","ping_status":"closed","template":"100-width.php","meta":{"footnotes":""},"class_list":["post-7563","page","type-page","status-publish","hentry"],"_links":{"self":[{"href":"https:\/\/econutri-project.eu\/hu\/wp-json\/wp\/v2\/pages\/7563"}],"collection":[{"href":"https:\/\/econutri-project.eu\/hu\/wp-json\/wp\/v2\/pages"}],"about":[{"href":"https:\/\/econutri-project.eu\/hu\/wp-json\/wp\/v2\/types\/page"}],"author":[{"embeddable":true,"href":"https:\/\/econutri-project.eu\/hu\/wp-json\/wp\/v2\/users\/1"}],"replies":[{"embeddable":true,"href":"https:\/\/econutri-project.eu\/hu\/wp-json\/wp\/v2\/comments?post=7563"}],"version-history":[{"count":8,"href":"https:\/\/econutri-project.eu\/hu\/wp-json\/wp\/v2\/pages\/7563\/revisions"}],"predecessor-version":[{"id":7766,"href":"https:\/\/econutri-project.eu\/hu\/wp-json\/wp\/v2\/pages\/7563\/revisions\/7766"}],"wp:attachment":[{"href":"https:\/\/econutri-project.eu\/hu\/wp-json\/wp\/v2\/media?parent=7563"}],"curies":[{"name":"wp","href":"https:\/\/api.w.org\/{rel}","templated":true}]}}