{"id":28358,"date":"2026-02-11T11:18:57","date_gmt":"2026-02-11T09:18:57","guid":{"rendered":"https:\/\/econutri-project.eu\/lgnl\/"},"modified":"2026-02-11T11:26:57","modified_gmt":"2026-02-11T09:26:57","slug":"lgnl","status":"publish","type":"page","link":"https:\/\/econutri-project.eu\/hu\/lgnl\/","title":{"rendered":"LGNL"},"content":{"rendered":"<p><div class=\"fusion-fullwidth fullwidth-box fusion-builder-row-1 fusion-flex-container has-pattern-background has-mask-background nonhundred-percent-fullwidth non-hundred-percent-height-scrolling\" style=\"--awb-border-radius-top-left:0px;--awb-border-radius-top-right:0px;--awb-border-radius-bottom-right:0px;--awb-border-radius-bottom-left:0px;--awb-margin-bottom:120px;--awb-margin-bottom-medium:160px;--awb-margin-bottom-small:145px;--awb-flex-wrap:wrap;\" ><div class=\"fusion-builder-row fusion-row fusion-flex-align-items-flex-start fusion-flex-justify-content-center fusion-flex-content-wrap\" style=\"max-width:1310.4px;margin-left: calc(-4% \/ 2 );margin-right: calc(-4% \/ 2 );\"><div class=\"fusion-layout-column fusion_builder_column fusion-builder-column-0 fusion_builder_column_2_3 2_3 fusion-flex-column fusion-animated\" style=\"--awb-bg-size:cover;--awb-width-large:66.666666666667%;--awb-margin-top-large:0px;--awb-spacing-right-large:2.88%;--awb-margin-bottom-large:0px;--awb-spacing-left-large:2.88%;--awb-width-medium:75%;--awb-order-medium:0;--awb-spacing-right-medium:2.56%;--awb-spacing-left-medium:2.56%;--awb-width-small:100%;--awb-order-small:0;--awb-spacing-right-small:1.92%;--awb-spacing-left-small:1.92%;\" data-animationType=\"fadeInDown\" data-animationDuration=\"1.3\" data-animationOffset=\"top-into-view\"><div class=\"fusion-column-wrapper fusion-column-has-shadow fusion-flex-justify-content-center fusion-content-layout-column\"><div class=\"fusion-title title fusion-title-1 fusion-sep-none fusion-title-center fusion-title-text fusion-title-size-two\" style=\"--awb-margin-bottom:35px;\"><h2 class=\"fusion-title-heading title-heading-center\" style=\"margin:0;\">LGNL<\/h2><\/div><\/div><\/div><\/div><\/div><div class=\"fusion-fullwidth fullwidth-box fusion-builder-row-2 fusion-flex-container nonhundred-percent-fullwidth non-hundred-percent-height-scrolling\" style=\"--awb-border-radius-top-left:0px;--awb-border-radius-top-right:0px;--awb-border-radius-bottom-right:0px;--awb-border-radius-bottom-left:0px;--awb-flex-wrap:wrap;\" ><div class=\"fusion-builder-row fusion-row fusion-flex-align-items-flex-start fusion-flex-content-wrap\" style=\"max-width:1310.4px;margin-left: calc(-4% \/ 2 );margin-right: calc(-4% \/ 2 );\"><div class=\"fusion-layout-column fusion_builder_column fusion-builder-column-1 fusion_builder_column_1_1 1_1 fusion-flex-column\" style=\"--awb-bg-size:cover;--awb-width-large:100%;--awb-margin-top-large:0px;--awb-spacing-right-large:1.92%;--awb-margin-bottom-large:0px;--awb-spacing-left-large:1.92%;--awb-width-medium:100%;--awb-order-medium:0;--awb-spacing-right-medium:1.92%;--awb-spacing-left-medium:1.92%;--awb-width-small:100%;--awb-order-small:0;--awb-spacing-right-small:1.92%;--awb-spacing-left-small:1.92%;\"><div class=\"fusion-column-wrapper fusion-column-has-shadow fusion-flex-justify-content-flex-start fusion-content-layout-column\"><div class=\"fusion-section-separator section-separator big-half-circle fusion-section-separator-1\" style=\"--awb-spacer-height:150px;--awb-svg-margin-left:1.92%;--awb-svg-margin-right:1.92%;--awb-svg-margin-left-medium:1.92%;--awb-svg-margin-right-medium:1.92%;--awb-svg-margin-left-small:1.92%;--awb-svg-margin-right-small:1.92%;--awb-divider-height:150px;--awb-spacer-padding-top:inherit;--awb-sep-padding:0;--awb-svg-padding:0;\"><div class=\"fusion-section-separator-svg\"><svg class=\"fusion-big-half-circle-candy\" xmlns=\"http:\/\/www.w3.org\/2000\/svg\" version=\"1.1\" width=\"100%\" height=\"100\" viewBox=\"0 0 100 100\" preserveAspectRatio=\"none\" fill=\"rgba(48,181,95,0.05)\"><path d=\"M0 100 C40 0 60 0 100 100 Z\"><\/path><\/svg><\/div><div class=\"fusion-section-separator-spacer\"><div class=\"fusion-section-separator-spacer-height\"><\/div><\/div><\/div><\/div><\/div><\/div><\/div><div class=\"fusion-fullwidth fullwidth-box fusion-builder-row-3 fusion-flex-container has-pattern-background has-mask-background nonhundred-percent-fullwidth non-hundred-percent-height-scrolling\" style=\"--awb-border-radius-top-left:0px;--awb-border-radius-top-right:0px;--awb-border-radius-bottom-right:0px;--awb-border-radius-bottom-left:0px;--awb-padding-bottom:0px;--awb-padding-bottom-small:0px;--awb-margin-bottom-small:0px;--awb-background-image:linear-gradient(180deg, hsla(var(--awb-color5-h),var(--awb-color5-s),var(--awb-color5-l),calc( var(--awb-color5-a) - 95% )) 54%,var(--awb-color1) 100%);--awb-flex-wrap:wrap;\" ><div class=\"fusion-builder-row fusion-row fusion-flex-align-items-stretch fusion-flex-justify-content-center fusion-flex-content-wrap\" style=\"max-width:1310.4px;margin-left: calc(-4% \/ 2 );margin-right: calc(-4% \/ 2 );\"><div class=\"fusion-layout-column fusion_builder_column fusion-builder-column-2 fusion_builder_column_1_1 1_1 fusion-flex-column fusion-animated\" style=\"--awb-padding-top:45px;--awb-padding-right:55px;--awb-padding-bottom:35px;--awb-padding-left:55px;--awb-padding-top-small:40px;--awb-padding-right-small:30px;--awb-padding-bottom-small:40px;--awb-padding-left-small:30px;--awb-overflow:hidden;--awb-bg-color:var(--awb-color1);--awb-bg-color-hover:var(--awb-color1);--awb-bg-size:cover;--awb-box-shadow:0px 2px 6px 0px hsla(var(--awb-color8-h),var(--awb-color8-s),var(--awb-color8-l),calc( var(--awb-color8-a) - 89% ));;--awb-border-radius:12px 12px 12px 12px;--awb-width-large:100%;--awb-margin-top-large:-250px;--awb-spacing-right-large:1.92%;--awb-margin-bottom-large:20px;--awb-spacing-left-large:1.92%;--awb-width-medium:50%;--awb-order-medium:0;--awb-spacing-right-medium:3.84%;--awb-margin-bottom-medium:40px;--awb-spacing-left-medium:3.84%;--awb-width-small:100%;--awb-order-small:0;--awb-spacing-right-small:1.92%;--awb-spacing-left-small:1.92%;\" data-animationType=\"bounceInUp\" data-animationDuration=\"1.0\" data-animationOffset=\"top-into-view\"><div class=\"fusion-column-wrapper fusion-column-has-shadow fusion-flex-justify-content-flex-start fusion-content-layout-column\"><div class=\"fusion-image-element \" style=\"text-align:center;--awb-caption-title-font-family:var(--h2_typography-font-family);--awb-caption-title-font-weight:var(--h2_typography-font-weight);--awb-caption-title-font-style:var(--h2_typography-font-style);--awb-caption-title-size:var(--h2_typography-font-size);--awb-caption-title-transform:var(--h2_typography-text-transform);--awb-caption-title-line-height:var(--h2_typography-line-height);--awb-caption-title-letter-spacing:var(--h2_typography-letter-spacing);\"><span class=\" fusion-imageframe imageframe-none imageframe-1 hover-type-none\"><img decoding=\"async\" width=\"1600\" height=\"1067\" title=\"LGNL Contribution\" src=\"https:\/\/econutri-project.eu\/wp-content\/uploads\/2026\/02\/LGNL-Contribution.jpg\" data-orig-src=\"https:\/\/econutri-project.eu\/wp-content\/uploads\/2026\/02\/LGNL-Contribution.jpg\" alt class=\"lazyload img-responsive wp-image-28339\" srcset=\"data:image\/svg+xml,%3Csvg%20xmlns%3D%27http%3A%2F%2Fwww.w3.org%2F2000%2Fsvg%27%20width%3D%271600%27%20height%3D%271067%27%20viewBox%3D%270%200%201600%201067%27%3E%3Crect%20width%3D%271600%27%20height%3D%271067%27%20fill-opacity%3D%220%22%2F%3E%3C%2Fsvg%3E\" data-srcset=\"https:\/\/econutri-project.eu\/wp-content\/uploads\/2026\/02\/LGNL-Contribution-200x133.jpg 200w, https:\/\/econutri-project.eu\/wp-content\/uploads\/2026\/02\/LGNL-Contribution-400x267.jpg 400w, https:\/\/econutri-project.eu\/wp-content\/uploads\/2026\/02\/LGNL-Contribution-600x400.jpg 600w, https:\/\/econutri-project.eu\/wp-content\/uploads\/2026\/02\/LGNL-Contribution-800x534.jpg 800w, https:\/\/econutri-project.eu\/wp-content\/uploads\/2026\/02\/LGNL-Contribution-1200x800.jpg 1200w, https:\/\/econutri-project.eu\/wp-content\/uploads\/2026\/02\/LGNL-Contribution.jpg 1600w\" data-sizes=\"auto\" data-orig-sizes=\"(max-width: 640px) 100vw, 1200px\" \/><\/span><\/div><div class=\"fusion-text fusion-text-1\" style=\"--awb-margin-top:40px;\"><p>A Glastuinbouw Nederland a holland \u00fcvegh\u00e1zi kert\u00e9szeti \u00e1gazat vezet\u0151 v\u00e1llalkoz\u00f3i h\u00e1l\u00f3zata. A holland \u00fcvegh\u00e1zi kert\u00e9szet teljes ter\u00fclet\u00e9nek 75%-\u00e1t k\u00e9pviselj\u00fck. Egyes\u00edtj\u00fck \u00e9s t\u00e1mogatjuk a v\u00e1llalkoz\u00f3kat, \u00f6szt\u00f6n\u00f6zz\u00fck a tud\u00e1sfejleszt\u00e9st \u00e9s inspir\u00e1ljuk a v\u00e1llalkoz\u00f3kat a tud\u00e1smegoszt\u00e1s r\u00e9v\u00e9n.  <\/p>\n<p>F\u0151k\u00e9nt a WP3-on dolgozunk:<\/p>\n<ul>\n<li>3.2.1. alfeladat: BBI a n\u00f6v\u00e9nykult\u00far\u00e1ra szabott tr\u00e1gy\u00e1z\u00e1si tervekhez.<\/li>\n<li>3.2.2. alfeladat: intelligens t\u00e1panyag-gazd\u00e1lkod\u00e1s az \u00f6kol\u00f3giai termeszt\u00e9sben<\/li>\n<li>3.3.4. alfeladat A Na \u00e9s Cl t\u00e1poldatok maximaliz\u00e1l\u00e1sa<\/li>\n<\/ul>\n<p>Ezen alfeladatok keret\u00e9ben megszervezz\u00fck a h\u00e1l\u00f3zatot, a tal\u00e1lkoz\u00f3kat \u00e9s a kommunik\u00e1ci\u00f3t. Bevonjuk a termel\u0151ket a kutat\u00e1si eredm\u00e9nyek megval\u00f3s\u00edt\u00e1s\u00e1ba. <\/p>\n<\/div><\/div><\/div><\/div><\/div><\/p>\n","protected":false},"excerpt":{"rendered":"","protected":false},"author":1,"featured_media":0,"parent":0,"menu_order":0,"comment_status":"closed","ping_status":"closed","template":"100-width.php","meta":{"footnotes":""},"class_list":["post-28358","page","type-page","status-publish","hentry"],"_links":{"self":[{"href":"https:\/\/econutri-project.eu\/hu\/wp-json\/wp\/v2\/pages\/28358"}],"collection":[{"href":"https:\/\/econutri-project.eu\/hu\/wp-json\/wp\/v2\/pages"}],"about":[{"href":"https:\/\/econutri-project.eu\/hu\/wp-json\/wp\/v2\/types\/page"}],"author":[{"embeddable":true,"href":"https:\/\/econutri-project.eu\/hu\/wp-json\/wp\/v2\/users\/1"}],"replies":[{"embeddable":true,"href":"https:\/\/econutri-project.eu\/hu\/wp-json\/wp\/v2\/comments?post=28358"}],"version-history":[{"count":5,"href":"https:\/\/econutri-project.eu\/hu\/wp-json\/wp\/v2\/pages\/28358\/revisions"}],"predecessor-version":[{"id":28363,"href":"https:\/\/econutri-project.eu\/hu\/wp-json\/wp\/v2\/pages\/28358\/revisions\/28363"}],"wp:attachment":[{"href":"https:\/\/econutri-project.eu\/hu\/wp-json\/wp\/v2\/media?parent=28358"}],"curies":[{"name":"wp","href":"https:\/\/api.w.org\/{rel}","templated":true}]}}