{"id":19169,"date":"2025-02-28T18:34:19","date_gmt":"2025-02-28T16:34:19","guid":{"rendered":"https:\/\/econutri-project.eu\/?page_id=19169"},"modified":"2025-02-28T18:38:18","modified_gmt":"2025-02-28T16:38:18","slug":"6-brandenburg-nemetorszag-atb-p16-2","status":"publish","type":"page","link":"https:\/\/econutri-project.eu\/hu\/6-brandenburg-nemetorszag-atb-p16-2\/","title":{"rendered":"Brandenburg, N\u00e9metorsz\u00e1g &#8211; ATB &#8211; P16"},"content":{"rendered":"<p><div class=\"fusion-fullwidth fullwidth-box fusion-builder-row-1 fusion-flex-container has-pattern-background has-mask-background nonhundred-percent-fullwidth non-hundred-percent-height-scrolling\" style=\"--awb-border-radius-top-left:0px;--awb-border-radius-top-right:0px;--awb-border-radius-bottom-right:0px;--awb-border-radius-bottom-left:0px;--awb-margin-bottom:120px;--awb-margin-bottom-medium:160px;--awb-margin-bottom-small:145px;--awb-flex-wrap:wrap;\" ><div class=\"fusion-builder-row fusion-row fusion-flex-align-items-flex-start fusion-flex-justify-content-center fusion-flex-content-wrap\" style=\"max-width:1310.4px;margin-left: calc(-4% \/ 2 );margin-right: calc(-4% \/ 2 );\"><div class=\"fusion-layout-column fusion_builder_column fusion-builder-column-0 fusion_builder_column_2_3 2_3 fusion-flex-column fusion-animated\" style=\"--awb-bg-size:cover;--awb-width-large:66.666666666667%;--awb-margin-top-large:0px;--awb-spacing-right-large:2.88%;--awb-margin-bottom-large:0px;--awb-spacing-left-large:2.88%;--awb-width-medium:75%;--awb-order-medium:0;--awb-spacing-right-medium:2.56%;--awb-spacing-left-medium:2.56%;--awb-width-small:100%;--awb-order-small:0;--awb-spacing-right-small:1.92%;--awb-spacing-left-small:1.92%;\" data-animationType=\"fadeInDown\" data-animationDuration=\"1.3\" data-animationOffset=\"top-into-view\"><div class=\"fusion-column-wrapper fusion-column-has-shadow fusion-flex-justify-content-center fusion-content-layout-column\"><div class=\"fusion-title title fusion-title-1 fusion-sep-none fusion-title-center fusion-title-text fusion-title-size-two\" style=\"--awb-margin-bottom:35px;\"><h2 class=\"fusion-title-heading title-heading-center\" style=\"margin:0;\">6. Brandenburg, N\u00e9metorsz\u00e1g &#8211; ATB &#8211; P16<\/h2><\/div><\/div><\/div><\/div><\/div><div class=\"fusion-fullwidth fullwidth-box fusion-builder-row-2 fusion-flex-container has-pattern-background has-mask-background nonhundred-percent-fullwidth non-hundred-percent-height-scrolling\" style=\"--awb-border-radius-top-left:0px;--awb-border-radius-top-right:0px;--awb-border-radius-bottom-right:0px;--awb-border-radius-bottom-left:0px;--awb-padding-bottom:1px;--awb-flex-wrap:wrap;\" ><div class=\"fusion-builder-row fusion-row fusion-flex-align-items-flex-start fusion-flex-content-wrap\" style=\"max-width:1310.4px;margin-left: calc(-4% \/ 2 );margin-right: calc(-4% \/ 2 );\"><div class=\"fusion-layout-column fusion_builder_column fusion-builder-column-1 fusion_builder_column_1_1 1_1 fusion-flex-column\" style=\"--awb-bg-size:cover;--awb-width-large:100%;--awb-margin-top-large:0px;--awb-spacing-right-large:1.92%;--awb-margin-bottom-large:0px;--awb-spacing-left-large:1.92%;--awb-width-medium:100%;--awb-order-medium:0;--awb-spacing-right-medium:1.92%;--awb-spacing-left-medium:1.92%;--awb-width-small:100%;--awb-order-small:0;--awb-spacing-right-small:1.92%;--awb-spacing-left-small:1.92%;\"><div class=\"fusion-column-wrapper fusion-column-has-shadow fusion-flex-justify-content-flex-start fusion-content-layout-column\"><div class=\"fusion-section-separator section-separator big-half-circle fusion-section-separator-1\" style=\"--awb-spacer-height:150px;--awb-svg-margin-left:1.92%;--awb-svg-margin-right:1.92%;--awb-svg-margin-left-medium:1.92%;--awb-svg-margin-right-medium:1.92%;--awb-svg-margin-left-small:1.92%;--awb-svg-margin-right-small:1.92%;--awb-divider-height:150px;--awb-spacer-padding-top:inherit;--awb-sep-padding:0;--awb-svg-padding:0;\"><div class=\"fusion-section-separator-svg\"><svg class=\"fusion-big-half-circle-candy\" xmlns=\"http:\/\/www.w3.org\/2000\/svg\" version=\"1.1\" width=\"100%\" height=\"100\" viewBox=\"0 0 100 100\" preserveAspectRatio=\"none\" fill=\"rgba(48,181,95,0.05)\"><path d=\"M0 100 C40 0 60 0 100 100 Z\"><\/path><\/svg><\/div><div class=\"fusion-section-separator-spacer\"><div class=\"fusion-section-separator-spacer-height\"><\/div><\/div><\/div><\/div><\/div><\/div><\/div><div id=\"8-Shandong-Kelet-K\u00ednai K\u00f6zpont-SVG-P25\" class=\"fusion-container-anchor\"><div class=\"fusion-fullwidth fullwidth-box fusion-builder-row-3 fusion-flex-container has-pattern-background has-mask-background nonhundred-percent-fullwidth non-hundred-percent-height-scrolling\" style=\"--awb-border-radius-top-left:0px;--awb-border-radius-top-right:0px;--awb-border-radius-bottom-right:0px;--awb-border-radius-bottom-left:0px;--awb-padding-bottom:0px;--awb-padding-bottom-small:0px;--awb-margin-bottom-small:0px;--awb-background-color:hsla(var(--awb-color5-h),var(--awb-color5-s),var(--awb-color5-l),calc(var(--awb-color5-a) - 95%));--awb-flex-wrap:wrap;\" ><div class=\"fusion-builder-row fusion-row fusion-flex-align-items-stretch fusion-flex-justify-content-center fusion-flex-content-wrap\" style=\"max-width:1310.4px;margin-left: calc(-4% \/ 2 );margin-right: calc(-4% \/ 2 );\"><div class=\"fusion-layout-column fusion_builder_column fusion-builder-column-2 fusion_builder_column_1_1 1_1 fusion-flex-column fusion-animated\" style=\"--awb-padding-top:45px;--awb-padding-right:55px;--awb-padding-bottom:35px;--awb-padding-left:55px;--awb-padding-top-small:40px;--awb-padding-right-small:30px;--awb-padding-bottom-small:40px;--awb-padding-left-small:30px;--awb-overflow:hidden;--awb-bg-color:var(--awb-color1);--awb-bg-color-hover:var(--awb-color1);--awb-bg-size:cover;--awb-box-shadow:0px 2px 6px 0px hsla(var(--awb-color8-h),var(--awb-color8-s),var(--awb-color8-l),calc( var(--awb-color8-a) - 89% ));;--awb-border-radius:12px 12px 12px 12px;--awb-width-large:100%;--awb-margin-top-large:-250px;--awb-spacing-right-large:1.92%;--awb-margin-bottom-large:20px;--awb-spacing-left-large:1.92%;--awb-width-medium:50%;--awb-order-medium:0;--awb-spacing-right-medium:3.84%;--awb-margin-bottom-medium:40px;--awb-spacing-left-medium:3.84%;--awb-width-small:100%;--awb-order-small:0;--awb-spacing-right-small:1.92%;--awb-spacing-left-small:1.92%;\" data-animationType=\"bounceInUp\" data-animationDuration=\"1.0\" data-animationOffset=\"top-into-view\"><div class=\"fusion-column-wrapper fusion-column-has-shadow fusion-flex-justify-content-flex-start fusion-content-layout-column\"><div class=\"fusion-title title fusion-title-2 fusion-sep-none fusion-title-center fusion-title-text fusion-title-size-three\"><h3 class=\"fusion-title-heading title-heading-center\" style=\"margin:0;\"><strong>Leibniz InnoFarm Gro\u00df Kreutzban, LVAT<\/strong><\/h3><\/div><div class=\"fusion-text fusion-text-1\"><p>A term\u00e9szetes szell\u0151z\u00e9s\u0171 &#8222;j\u00f3l\u00e9ti pajta&#8221; a Leibniz Innov\u00e1ci\u00f3s Farm r\u00e9sze. 50 tejel\u0151 teh\u00e9nnek ad otthont, van egy kifut\u00f3ja, \u00e9s AMS-szel van felszerelve. A padl\u00f3 s\u00edk, a tr\u00e1gy\u00e1t az egyik sik\u00e1torban automata kapar\u00f3val, a m\u00e1sikban tiszt\u00edt\u00f3robottal t\u00e1vol\u00edtj\u00e1k el.<\/p>\n<p>Az ist\u00e1ll\u00f3ban lehet\u0151s\u00e9g van az \u00e1llatok \u00e1ltal elfoglalt z\u00f3na c\u00e9lzott szell\u0151ztet\u00e9s\u00e9re. A szell\u0151z\u0151leveg\u0151 sz\u00fcks\u00e9g eset\u00e9n h\u0171thet\u0151.<\/p>\n<p>2023-ban m\u00e9rt\u00fck<\/p>\n<ul>\n<li>Val\u00f3s id\u0151ben a belt\u00e9ri leveg\u0151min\u0151s\u00e9gi param\u00e9terek id\u0151beli \u00e9s t\u00e9rbeli eloszl\u00e1sa;<\/li>\n<li>a l\u00e9gszennyez\u0151 anyagok kibocs\u00e1t\u00e1si szintjei a monitoringh\u00e1l\u00f3zat (OTICE) alapj\u00e1n;<\/li>\n<li>\u00e1llati stressz \u00e9s eg\u00e9szs\u00e9g\u00fcgyi param\u00e9terek<\/li>\n<\/ul>\n<p>2023-ban<\/p>\n<ul>\n<li>el\u0151k\u00e9sz\u00edtette a helysz\u00ednt a h\u00e1tt\u00e9rg\u00e1z-koncentr\u00e1ci\u00f3k m\u00e9r\u00e9s\u00e9re szolg\u00e1l\u00f3 sz\u00e9les k\u00f6r\u0171 m\u0171szerekkel<\/li>\n<li>kiterjedt el\u0151zetes vizsg\u00e1latokat v\u00e9gzett az OTICE referenciarendszer kibocs\u00e1t\u00e1si m\u00e9r\u00e9seinek min\u0151s\u00e9gbiztos\u00edt\u00e1sa \u00e9rdek\u00e9ben<\/li>\n<li>t\u00e1rgyal\u00e1sokat folytattak az Urease-g\u00e1tl\u00f3 gy\u00e1rt\u00f3j\u00e1val \u00e9s m\u00e1s \u00e9rdekelt felekkel az UI alkalmaz\u00e1s\u00e1r\u00f3l.<\/li>\n<li>k\u00eds\u00e9rleti tervet dolgozott ki a kibocs\u00e1t\u00e1scs\u00f6kkent\u00e9si k\u00eds\u00e9rletekhez az UI-val egy\u00fctt<\/li>\n<\/ul>\n<p>Az ist\u00e1ll\u00f3t tov\u00e1bbi m\u0171szerekkel szerelik fel, \u00edgy 2024 els\u0151 negyed\u00e9v\u00e9nek v\u00e9g\u00e9n a k\u00f6vetkez\u0151 be\u00e1ll\u00edt\u00e1sok folyamatosan m\u00e9rnek majd:<\/p>\n<ul>\n<li>20 ultrahang<\/li>\n<li>2 CRDS spektroszk\u00f3p<\/li>\n<li>2 FTIR<\/li>\n<li>&gt;20 TH logger<\/li>\n<li>Sz\u00e9loszlop ultrahangos anemom\u00e9terrel @10m, T, RH, p, Sug\u00e1rz\u00e1s<\/li>\n<\/ul>\n<p>2024-ben a k\u00f6vetkez\u0151kre vonatkoz\u00f3 k\u00eds\u00e9rletek<\/p>\n<p>Ure\u00e1zg\u00e1tl\u00f3 \u00e9s tr\u00e1gya elt\u00e1vol\u00edt\u00e1si gyakoris\u00e1g ker\u00fcl sor.<\/p>\n<\/div><\/div><\/div><div class=\"fusion-layout-column fusion_builder_column fusion-builder-column-3 fusion_builder_column_1_1 1_1 fusion-flex-column fusion-animated\" style=\"--awb-padding-top:45px;--awb-padding-right:55px;--awb-padding-bottom:35px;--awb-padding-left:55px;--awb-padding-top-small:40px;--awb-padding-right-small:30px;--awb-padding-bottom-small:40px;--awb-padding-left-small:30px;--awb-overflow:hidden;--awb-bg-color:var(--awb-color1);--awb-bg-color-hover:var(--awb-color1);--awb-bg-size:cover;--awb-box-shadow:0px 2px 6px 0px hsla(var(--awb-color8-h),var(--awb-color8-s),var(--awb-color8-l),calc( var(--awb-color8-a) - 89% ));;--awb-border-radius:12px 12px 12px 12px;--awb-width-large:100%;--awb-margin-top-large:0px;--awb-spacing-right-large:1.92%;--awb-margin-bottom-large:20px;--awb-spacing-left-large:1.92%;--awb-width-medium:50%;--awb-order-medium:0;--awb-spacing-right-medium:3.84%;--awb-margin-bottom-medium:40px;--awb-spacing-left-medium:3.84%;--awb-width-small:100%;--awb-order-small:0;--awb-spacing-right-small:1.92%;--awb-spacing-left-small:1.92%;\" data-animationType=\"bounceInUp\" data-animationDuration=\"1.0\" data-animationOffset=\"top-into-view\"><div class=\"fusion-column-wrapper fusion-column-has-shadow fusion-flex-justify-content-flex-start fusion-content-layout-column\"><div class=\"fusion-title title fusion-title-3 fusion-sep-none fusion-title-center fusion-title-text fusion-title-size-three\"><h3 class=\"fusion-title-heading title-heading-center\" style=\"margin:0;\"><strong>Alaprajz \u00e9s tr\u00e1gyaelsz\u00edv\u00f3 rendszer<\/strong><\/h3><\/div><div class=\"fusion-text fusion-text-2\"><p>Az 1. \u00e9s a 3. \u00e1bra egy-egy pajta v\u00e1zlatos alaprajz\u00e1t mutatja be gyakorl\u00f3p\u00e1ly\u00e1val. Mell\u00e9kelt\u00fck a k\u00eds\u00e9rleti pajta alaprajz\u00e1t is (a gyakorl\u00f3kert\/k\u00fclt\u00e9ri ter\u00fclet n\u00e9lk\u00fcl).<\/p>\n<p>A fels\u0151 j\u00e1rd\u00e1n egy Prinzing tr\u00e1gyakapar\u00f3 t\u00e1vol\u00edtja el a tr\u00e1gy\u00e1t, amely v\u00e9gigfut az eg\u00e9sz ist\u00e1ll\u00f3 &#8211; fut\u00f3udvar \u00fatvonalon. Az als\u00f3 s\u00e9t\u00e1nyt egy Lely Collector tiszt\u00edtja (vizet adhat hozz\u00e1, v\u00edz\u00e1llom\u00e1s \u00e1ll rendelkez\u00e9sre). M\u00e9g mindig t\u00e1rgyal\u00e1sban vagyunk, hogy felszerelj\u00fck a pajt\u00e1t k\u00e9t tiszt\u00edt\u00f3robotot, amelyek automatikusan alkalmazz\u00e1k az UI-t.<\/p>\n<\/div><\/div><\/div><\/div><\/div><\/div><div id=\"8-Shandong-Kelet-K\u00ednai K\u00f6zpont-SVG-P25\" class=\"fusion-container-anchor\"><div class=\"fusion-fullwidth fullwidth-box fusion-builder-row-4 fusion-flex-container has-pattern-background has-mask-background nonhundred-percent-fullwidth non-hundred-percent-height-scrolling\" style=\"--awb-border-radius-top-left:0px;--awb-border-radius-top-right:0px;--awb-border-radius-bottom-right:0px;--awb-border-radius-bottom-left:0px;--awb-padding-bottom:0px;--awb-padding-bottom-small:0px;--awb-margin-bottom-small:0px;--awb-background-image:linear-gradient(180deg, hsla(var(--awb-color5-h),var(--awb-color5-s),var(--awb-color5-l),calc( var(--awb-color5-a) - 95% )) 54%,var(--awb-color1) 100%);--awb-flex-wrap:wrap;\" ><div class=\"fusion-builder-row fusion-row fusion-flex-align-items-stretch fusion-flex-justify-content-center fusion-flex-content-wrap\" style=\"max-width:1310.4px;margin-left: calc(-4% \/ 2 );margin-right: calc(-4% \/ 2 );\"><div class=\"fusion-layout-column fusion_builder_column fusion-builder-column-4 fusion_builder_column_1_1 1_1 fusion-flex-column fusion-animated\" style=\"--awb-padding-top:45px;--awb-padding-right:55px;--awb-padding-bottom:35px;--awb-padding-left:55px;--awb-padding-top-small:40px;--awb-padding-right-small:30px;--awb-padding-bottom-small:40px;--awb-padding-left-small:30px;--awb-overflow:hidden;--awb-bg-color:var(--awb-color1);--awb-bg-color-hover:var(--awb-color1);--awb-bg-size:cover;--awb-box-shadow:0px 2px 6px 0px hsla(var(--awb-color8-h),var(--awb-color8-s),var(--awb-color8-l),calc( var(--awb-color8-a) - 89% ));;--awb-border-radius:12px 12px 12px 12px;--awb-width-large:100%;--awb-margin-top-large:0px;--awb-spacing-right-large:1.92%;--awb-margin-bottom-large:20px;--awb-spacing-left-large:1.92%;--awb-width-medium:50%;--awb-order-medium:0;--awb-spacing-right-medium:3.84%;--awb-margin-bottom-medium:40px;--awb-spacing-left-medium:3.84%;--awb-width-small:100%;--awb-order-small:0;--awb-spacing-right-small:1.92%;--awb-spacing-left-small:1.92%;\" data-animationType=\"bounceInUp\" data-animationDuration=\"1.0\" data-animationOffset=\"top-into-view\"><div class=\"fusion-column-wrapper fusion-column-has-shadow fusion-flex-justify-content-flex-start fusion-content-layout-column\"><div class=\"fusion-image-element awb-imageframe-style awb-imageframe-style-below awb-imageframe-style-1\" style=\"--awb-caption-text-size:14px;--awb-caption-margin-top:10px;--awb-caption-title-font-family:var(--h2_typography-font-family);--awb-caption-title-font-weight:var(--h2_typography-font-weight);--awb-caption-title-font-style:var(--h2_typography-font-style);--awb-caption-title-size:0px;--awb-caption-title-transform:var(--h2_typography-text-transform);--awb-caption-title-line-height:var(--h2_typography-line-height);--awb-caption-title-letter-spacing:var(--h2_typography-letter-spacing);\"><span class=\" fusion-imageframe imageframe-none imageframe-1 hover-type-none\"><img decoding=\"async\" width=\"1323\" height=\"566\" title=\"Demonstration_Site_ATB-1\" src=\"https:\/\/econutri-project.eu\/wp-content\/uploads\/2023\/11\/Demonstration_Site_ATB-1.jpg\" data-orig-src=\"https:\/\/econutri-project.eu\/wp-content\/uploads\/2023\/11\/Demonstration_Site_ATB-1.jpg\" alt class=\"lazyload img-responsive wp-image-5449\" srcset=\"data:image\/svg+xml,%3Csvg%20xmlns%3D%27http%3A%2F%2Fwww.w3.org%2F2000%2Fsvg%27%20width%3D%271323%27%20height%3D%27566%27%20viewBox%3D%270%200%201323%20566%27%3E%3Crect%20width%3D%271323%27%20height%3D%27566%27%20fill-opacity%3D%220%22%2F%3E%3C%2Fsvg%3E\" data-srcset=\"https:\/\/econutri-project.eu\/wp-content\/uploads\/2023\/11\/Demonstration_Site_ATB-1-200x86.jpg 200w, https:\/\/econutri-project.eu\/wp-content\/uploads\/2023\/11\/Demonstration_Site_ATB-1-400x171.jpg 400w, https:\/\/econutri-project.eu\/wp-content\/uploads\/2023\/11\/Demonstration_Site_ATB-1-600x257.jpg 600w, https:\/\/econutri-project.eu\/wp-content\/uploads\/2023\/11\/Demonstration_Site_ATB-1-800x342.jpg 800w, https:\/\/econutri-project.eu\/wp-content\/uploads\/2023\/11\/Demonstration_Site_ATB-1-1200x513.jpg 1200w, https:\/\/econutri-project.eu\/wp-content\/uploads\/2023\/11\/Demonstration_Site_ATB-1.jpg 1323w\" data-sizes=\"auto\" data-orig-sizes=\"(max-width: 640px) 100vw, 1200px\" \/><\/span><div class=\"awb-imageframe-caption-container\"><div class=\"awb-imageframe-caption\"><h2 class=\"awb-imageframe-caption-title\">Demonstration_Site_ATB-1<\/h2><p class=\"awb-imageframe-caption-text\">1. \u00e1bra: A tejel\u0151 ist\u00e1ll\u00f3 v\u00e1zlatos \u00e1br\u00e1zol\u00e1sa: funkcion\u00e1lis ter\u00fcletek, szell\u0151z\u0151rendszer (sz\u00fcrke t\u00e9glalapok feh\u00e9r szell\u0151z\u0151ny\u00edl\u00e1sokkal) \u00e9s g\u00e1zgy\u0171jt\u0151 vezet\u00e9kek (s\u00e1rga vonalak piros kapill\u00e1ris ny\u00edl\u00e1sokkal).<\/p><\/div><\/div><\/div><\/div><\/div><div class=\"fusion-layout-column fusion_builder_column fusion-builder-column-5 fusion_builder_column_1_1 1_1 fusion-flex-column fusion-animated\" style=\"--awb-padding-top:45px;--awb-padding-right:55px;--awb-padding-bottom:35px;--awb-padding-left:55px;--awb-padding-top-small:40px;--awb-padding-right-small:30px;--awb-padding-bottom-small:40px;--awb-padding-left-small:30px;--awb-overflow:hidden;--awb-bg-color:var(--awb-color1);--awb-bg-color-hover:var(--awb-color1);--awb-bg-size:cover;--awb-box-shadow:0px 2px 6px 0px hsla(var(--awb-color8-h),var(--awb-color8-s),var(--awb-color8-l),calc( var(--awb-color8-a) - 89% ));;--awb-border-radius:12px 12px 12px 12px;--awb-width-large:100%;--awb-margin-top-large:0px;--awb-spacing-right-large:1.92%;--awb-margin-bottom-large:20px;--awb-spacing-left-large:1.92%;--awb-width-medium:50%;--awb-order-medium:0;--awb-spacing-right-medium:3.84%;--awb-margin-bottom-medium:40px;--awb-spacing-left-medium:3.84%;--awb-width-small:100%;--awb-order-small:0;--awb-spacing-right-small:1.92%;--awb-spacing-left-small:1.92%;\" data-animationType=\"bounceInUp\" data-animationDuration=\"1.0\" data-animationOffset=\"top-into-view\"><div class=\"fusion-column-wrapper fusion-column-has-shadow fusion-flex-justify-content-flex-start fusion-content-layout-column\"><div class=\"fusion-image-element awb-imageframe-style awb-imageframe-style-below awb-imageframe-style-2\" style=\"--awb-caption-text-size:14px;--awb-caption-margin-top:10px;--awb-caption-title-font-family:var(--h2_typography-font-family);--awb-caption-title-font-weight:var(--h2_typography-font-weight);--awb-caption-title-font-style:var(--h2_typography-font-style);--awb-caption-title-size:0px;--awb-caption-title-transform:var(--h2_typography-text-transform);--awb-caption-title-line-height:var(--h2_typography-line-height);--awb-caption-title-letter-spacing:var(--h2_typography-letter-spacing);\"><span class=\" fusion-imageframe imageframe-none imageframe-2 hover-type-none\"><img decoding=\"async\" width=\"1134\" height=\"674\" title=\"Demonstration_Site_ATB-5\" src=\"https:\/\/econutri-project.eu\/wp-content\/uploads\/2023\/11\/Demonstration_Site_ATB-5.jpg\" data-orig-src=\"https:\/\/econutri-project.eu\/wp-content\/uploads\/2023\/11\/Demonstration_Site_ATB-5.jpg\" alt class=\"lazyload img-responsive wp-image-5459\" srcset=\"data:image\/svg+xml,%3Csvg%20xmlns%3D%27http%3A%2F%2Fwww.w3.org%2F2000%2Fsvg%27%20width%3D%271134%27%20height%3D%27674%27%20viewBox%3D%270%200%201134%20674%27%3E%3Crect%20width%3D%271134%27%20height%3D%27674%27%20fill-opacity%3D%220%22%2F%3E%3C%2Fsvg%3E\" data-srcset=\"https:\/\/econutri-project.eu\/wp-content\/uploads\/2023\/11\/Demonstration_Site_ATB-5-200x119.jpg 200w, https:\/\/econutri-project.eu\/wp-content\/uploads\/2023\/11\/Demonstration_Site_ATB-5-400x238.jpg 400w, https:\/\/econutri-project.eu\/wp-content\/uploads\/2023\/11\/Demonstration_Site_ATB-5-600x357.jpg 600w, https:\/\/econutri-project.eu\/wp-content\/uploads\/2023\/11\/Demonstration_Site_ATB-5-800x475.jpg 800w, https:\/\/econutri-project.eu\/wp-content\/uploads\/2023\/11\/Demonstration_Site_ATB-5.jpg 1134w\" data-sizes=\"auto\" data-orig-sizes=\"(max-width: 640px) 100vw, 1134px\" \/><\/span><div class=\"awb-imageframe-caption-container\" style=\"text-align:center;\"><div class=\"awb-imageframe-caption\"><h2 class=\"awb-imageframe-caption-title\">Demonstration_Site_ATB-5<\/h2><p class=\"awb-imageframe-caption-text\">2. \u00e1bra: A tejcsarnok k\u00fcls\u0151 \u00e9s bels\u0151 n\u00e9zete.<\/p><\/div><\/div><\/div><\/div><\/div><\/div><\/div><\/div><\/p>\n","protected":false},"excerpt":{"rendered":"","protected":false},"author":1,"featured_media":0,"parent":0,"menu_order":0,"comment_status":"closed","ping_status":"closed","template":"100-width.php","meta":{"footnotes":""},"class_list":["post-19169","page","type-page","status-publish","hentry"],"_links":{"self":[{"href":"https:\/\/econutri-project.eu\/hu\/wp-json\/wp\/v2\/pages\/19169"}],"collection":[{"href":"https:\/\/econutri-project.eu\/hu\/wp-json\/wp\/v2\/pages"}],"about":[{"href":"https:\/\/econutri-project.eu\/hu\/wp-json\/wp\/v2\/types\/page"}],"author":[{"embeddable":true,"href":"https:\/\/econutri-project.eu\/hu\/wp-json\/wp\/v2\/users\/1"}],"replies":[{"embeddable":true,"href":"https:\/\/econutri-project.eu\/hu\/wp-json\/wp\/v2\/comments?post=19169"}],"version-history":[{"count":5,"href":"https:\/\/econutri-project.eu\/hu\/wp-json\/wp\/v2\/pages\/19169\/revisions"}],"predecessor-version":[{"id":19212,"href":"https:\/\/econutri-project.eu\/hu\/wp-json\/wp\/v2\/pages\/19169\/revisions\/19212"}],"wp:attachment":[{"href":"https:\/\/econutri-project.eu\/hu\/wp-json\/wp\/v2\/media?parent=19169"}],"curies":[{"name":"wp","href":"https:\/\/api.w.org\/{rel}","templated":true}]}}