{"id":15616,"date":"2024-07-05T13:06:06","date_gmt":"2024-07-05T10:06:06","guid":{"rendered":"https:\/\/econutri-project.eu\/nutrisense-pc-az-aua-csapata-altal-alapitott-spinoff-ceg\/"},"modified":"2024-07-11T18:58:48","modified_gmt":"2024-07-11T15:58:48","slug":"nutrisense-pc-az-aua-csapata-altal-alapitott-spinoff-ceg","status":"publish","type":"page","link":"https:\/\/econutri-project.eu\/hu\/nutrisense-pc-az-aua-csapata-altal-alapitott-spinoff-ceg\/","title":{"rendered":"NUTRISENSE PC: Az AUA csapata \u00e1ltal alap\u00edtott spinoff c\u00e9g."},"content":{"rendered":"<p><div class=\"fusion-fullwidth fullwidth-box fusion-builder-row-1 fusion-flex-container has-pattern-background has-mask-background nonhundred-percent-fullwidth non-hundred-percent-height-scrolling\" style=\"--awb-border-radius-top-left:0px;--awb-border-radius-top-right:0px;--awb-border-radius-bottom-right:0px;--awb-border-radius-bottom-left:0px;--awb-margin-bottom:120px;--awb-margin-bottom-medium:160px;--awb-margin-bottom-small:145px;--awb-flex-wrap:wrap;\" ><div class=\"fusion-builder-row fusion-row fusion-flex-align-items-flex-start fusion-flex-justify-content-center fusion-flex-content-wrap\" style=\"max-width:1310.4px;margin-left: calc(-4% \/ 2 );margin-right: calc(-4% \/ 2 );\"><div class=\"fusion-layout-column fusion_builder_column fusion-builder-column-0 fusion_builder_column_2_3 2_3 fusion-flex-column fusion-animated\" style=\"--awb-bg-size:cover;--awb-width-large:66.666666666667%;--awb-margin-top-large:0px;--awb-spacing-right-large:2.88%;--awb-margin-bottom-large:0px;--awb-spacing-left-large:2.88%;--awb-width-medium:75%;--awb-order-medium:0;--awb-spacing-right-medium:2.56%;--awb-spacing-left-medium:2.56%;--awb-width-small:100%;--awb-order-small:0;--awb-spacing-right-small:1.92%;--awb-spacing-left-small:1.92%;\" data-animationType=\"fadeInDown\" data-animationDuration=\"1.3\" data-animationOffset=\"top-into-view\"><div class=\"fusion-column-wrapper fusion-column-has-shadow fusion-flex-justify-content-center fusion-content-layout-column\"><div class=\"fusion-title title fusion-title-1 fusion-sep-none fusion-title-center fusion-title-text fusion-title-size-two\" style=\"--awb-margin-bottom:35px;\"><h2 class=\"fusion-title-heading title-heading-center\" style=\"margin:0;\">NUTRISENSE PC: Az AUA csapata \u00e1ltal alap\u00edtott spinoff c\u00e9g.<\/h2><\/div><\/div><\/div><\/div><\/div><div class=\"fusion-fullwidth fullwidth-box fusion-builder-row-2 fusion-flex-container has-pattern-background has-mask-background nonhundred-percent-fullwidth non-hundred-percent-height-scrolling\" style=\"--awb-border-radius-top-left:0px;--awb-border-radius-top-right:0px;--awb-border-radius-bottom-right:0px;--awb-border-radius-bottom-left:0px;--awb-flex-wrap:wrap;\" ><div class=\"fusion-builder-row fusion-row fusion-flex-align-items-flex-start fusion-flex-content-wrap\" style=\"max-width:1310.4px;margin-left: calc(-4% \/ 2 );margin-right: calc(-4% \/ 2 );\"><div class=\"fusion-layout-column fusion_builder_column fusion-builder-column-1 fusion_builder_column_1_1 1_1 fusion-flex-column\" style=\"--awb-bg-size:cover;--awb-width-large:100%;--awb-margin-top-large:0px;--awb-spacing-right-large:1.92%;--awb-margin-bottom-large:0px;--awb-spacing-left-large:1.92%;--awb-width-medium:100%;--awb-order-medium:0;--awb-spacing-right-medium:1.92%;--awb-spacing-left-medium:1.92%;--awb-width-small:100%;--awb-order-small:0;--awb-spacing-right-small:1.92%;--awb-spacing-left-small:1.92%;\"><div class=\"fusion-column-wrapper fusion-column-has-shadow fusion-flex-justify-content-flex-start fusion-content-layout-column\"><div class=\"fusion-section-separator section-separator big-half-circle fusion-section-separator-1\" style=\"--awb-spacer-height:150px;--awb-svg-margin-left:1.92%;--awb-svg-margin-right:1.92%;--awb-svg-margin-left-medium:1.92%;--awb-svg-margin-right-medium:1.92%;--awb-svg-margin-left-small:1.92%;--awb-svg-margin-right-small:1.92%;--awb-divider-height:150px;--awb-spacer-padding-top:inherit;--awb-sep-padding:0;--awb-svg-padding:0;\"><div class=\"fusion-section-separator-svg\"><svg class=\"fusion-big-half-circle-candy\" xmlns=\"http:\/\/www.w3.org\/2000\/svg\" version=\"1.1\" width=\"100%\" height=\"100\" viewBox=\"0 0 100 100\" preserveAspectRatio=\"none\" fill=\"rgba(48,181,95,0.05)\"><path d=\"M0 100 C40 0 60 0 100 100 Z\"><\/path><\/svg><\/div><div class=\"fusion-section-separator-spacer\"><div class=\"fusion-section-separator-spacer-height\"><\/div><\/div><\/div><\/div><\/div><\/div><\/div><div class=\"fusion-fullwidth fullwidth-box fusion-builder-row-3 fusion-flex-container has-pattern-background has-mask-background nonhundred-percent-fullwidth non-hundred-percent-height-scrolling\" style=\"--awb-border-radius-top-left:0px;--awb-border-radius-top-right:0px;--awb-border-radius-bottom-right:0px;--awb-border-radius-bottom-left:0px;--awb-padding-bottom:0px;--awb-padding-bottom-small:0px;--awb-margin-bottom-small:0px;--awb-background-color:hsla(var(--awb-color5-h),var(--awb-color5-s),var(--awb-color5-l),calc(var(--awb-color5-a) - 95%));--awb-flex-wrap:wrap;\" ><div class=\"fusion-builder-row fusion-row fusion-flex-align-items-stretch fusion-flex-justify-content-center fusion-flex-content-wrap\" style=\"max-width:1310.4px;margin-left: calc(-4% \/ 2 );margin-right: calc(-4% \/ 2 );\"><div class=\"fusion-layout-column fusion_builder_column fusion-builder-column-2 fusion_builder_column_1_1 1_1 fusion-flex-column fusion-animated\" style=\"--awb-padding-top:45px;--awb-padding-right:55px;--awb-padding-bottom:35px;--awb-padding-left:55px;--awb-padding-top-small:40px;--awb-padding-right-small:30px;--awb-padding-bottom-small:40px;--awb-padding-left-small:30px;--awb-overflow:hidden;--awb-bg-color:var(--awb-color1);--awb-bg-color-hover:var(--awb-color1);--awb-bg-size:cover;--awb-box-shadow:0px 2px 6px 0px hsla(var(--awb-color8-h),var(--awb-color8-s),var(--awb-color8-l),calc( var(--awb-color8-a) - 89% ));;--awb-border-radius:12px 12px 12px 12px;--awb-width-large:100%;--awb-margin-top-large:-250px;--awb-spacing-right-large:1.92%;--awb-margin-bottom-large:20px;--awb-spacing-left-large:1.92%;--awb-width-medium:50%;--awb-order-medium:0;--awb-spacing-right-medium:3.84%;--awb-margin-bottom-medium:40px;--awb-spacing-left-medium:3.84%;--awb-width-small:100%;--awb-order-small:0;--awb-spacing-right-small:1.92%;--awb-spacing-left-small:1.92%;\" data-animationType=\"bounceInUp\" data-animationDuration=\"1.0\" data-animationOffset=\"top-into-view\"><div class=\"fusion-column-wrapper fusion-column-has-shadow fusion-flex-justify-content-flex-start fusion-content-layout-column\"><div class=\"fusion-text fusion-text-1\"><p>Az ECONUTRI \u00e9s kor\u00e1bbi kutat\u00e1si projektek t\u00e1mogat\u00e1s\u00e1val az AUA csapata kifejlesztett egy NUTRISENSE nev\u0171 d\u00f6nt\u00e9st\u00e1mogat\u00f3 rendszert (DSS) a fenntarthat\u00f3 tr\u00e1gy\u00e1z\u00e1s t\u00e1mogat\u00e1s\u00e1ra, amely hozz\u00e1j\u00e1rul a t\u00e1panyagvesztes\u00e9gek \u00e9s a m\u0171tr\u00e1gyafogyaszt\u00e1s cs\u00f6kkent\u00e9s\u00e9hez a kert\u00e9szeti kult\u00far\u00e1kban, valamint a v\u00edzk\u00e9szletekkel val\u00f3 fenntarthat\u00f3bb gazd\u00e1lkod\u00e1shoz.<\/p>\n<p>Ezt a DSS-t az ECONUTRI projekt k\u00e9t kulcsfontoss\u00e1g\u00fa hasznos\u00edthat\u00f3 eredm\u00e9ny\u00e9nek (KER) felhaszn\u00e1l\u00e1s\u00e1val fejlesztett\u00e9k ki. Ezek a KER-ek a GA szerint a k\u00f6vetkez\u0151k:<\/p>\n<ul>\n<li>NUTRISENSE: el\u0151fizet\u00e9s alapj\u00e1n online el\u00e9rhet\u0151 tov\u00e1bbfejlesztett v\u00e1ltozat a tr\u00e1gy\u00e1z\u00e1s optimaliz\u00e1l\u00e1s\u00e1ra (KER2),<\/li>\n<li>Hiperspektr\u00e1lis elemz\u00e9si algoritmusok a t\u00e1panyagsz\u00fcks\u00e9glet becsl\u00e9s\u00e9re (KER3).<\/li>\n<\/ul>\n<p>A NUTRISENSE professzion\u00e1lis DDS-k\u00e9nt t\u00f6rt\u00e9n\u0151 kereskedelmi hasznos\u00edt\u00e1sa \u00e9rdek\u00e9ben az ECONUTRI AUA csapata egy spinoff c\u00e9get alap\u00edtott NUTRISENSE PC n\u00e9ven. (<a href=\"https:\/\/nutrisense.online\">https:\/\/nutrisense.online<\/a>). A NUTRISENSE PC-t 2024 janu\u00e1rj\u00e1ban alap\u00edtott\u00e1k. Jelenleg a DSS NUTRISENSE szakmai szolg\u00e1ltat\u00e1sait a fent eml\u00edtett weboldalon kereszt\u00fcl ny\u00fajtj\u00e1k el\u0151fizet\u00e9ses alapon (jelenlegi TRL 8).<\/p>\n<\/div><div class=\"fusion-image-element awb-imageframe-style awb-imageframe-style-below awb-imageframe-style-1\" style=\"--awb-caption-text-size:14px;--awb-caption-margin-top:10px;--awb-caption-title-font-family:var(--h2_typography-font-family);--awb-caption-title-font-weight:var(--h2_typography-font-weight);--awb-caption-title-font-style:var(--h2_typography-font-style);--awb-caption-title-size:0px;--awb-caption-title-transform:var(--h2_typography-text-transform);--awb-caption-title-line-height:var(--h2_typography-line-height);--awb-caption-title-letter-spacing:var(--h2_typography-letter-spacing);\"><span class=\" fusion-imageframe imageframe-none imageframe-1 hover-type-none\"><img decoding=\"async\" width=\"1898\" height=\"920\" title=\"nutrisense-website\" src=\"https:\/\/econutri-project.eu\/wp-content\/uploads\/2024\/07\/nutrisense-website.jpg\" data-orig-src=\"https:\/\/econutri-project.eu\/wp-content\/uploads\/2024\/07\/nutrisense-website.jpg\" alt class=\"lazyload img-responsive wp-image-15995\" srcset=\"data:image\/svg+xml,%3Csvg%20xmlns%3D%27http%3A%2F%2Fwww.w3.org%2F2000%2Fsvg%27%20width%3D%271898%27%20height%3D%27920%27%20viewBox%3D%270%200%201898%20920%27%3E%3Crect%20width%3D%271898%27%20height%3D%27920%27%20fill-opacity%3D%220%22%2F%3E%3C%2Fsvg%3E\" data-srcset=\"https:\/\/econutri-project.eu\/wp-content\/uploads\/2024\/07\/nutrisense-website-200x97.jpg 200w, https:\/\/econutri-project.eu\/wp-content\/uploads\/2024\/07\/nutrisense-website-400x194.jpg 400w, https:\/\/econutri-project.eu\/wp-content\/uploads\/2024\/07\/nutrisense-website-600x291.jpg 600w, https:\/\/econutri-project.eu\/wp-content\/uploads\/2024\/07\/nutrisense-website-800x388.jpg 800w, https:\/\/econutri-project.eu\/wp-content\/uploads\/2024\/07\/nutrisense-website-1200x582.jpg 1200w, https:\/\/econutri-project.eu\/wp-content\/uploads\/2024\/07\/nutrisense-website.jpg 1898w\" data-sizes=\"auto\" data-orig-sizes=\"(max-width: 640px) 100vw, 1200px\" \/><\/span><div class=\"awb-imageframe-caption-container\" style=\"text-align:center;\"><div class=\"awb-imageframe-caption\"><h2 class=\"awb-imageframe-caption-title\">nutrisense-website<\/h2><p class=\"awb-imageframe-caption-text\">1. \u00e1bra. A NUTRISENSE PC weboldala.  <\/p><\/div><\/div><\/div><\/div><\/div><\/div><\/div><div class=\"fusion-fullwidth fullwidth-box fusion-builder-row-4 fusion-flex-container has-pattern-background has-mask-background nonhundred-percent-fullwidth non-hundred-percent-height-scrolling\" style=\"--awb-border-radius-top-left:0px;--awb-border-radius-top-right:0px;--awb-border-radius-bottom-right:0px;--awb-border-radius-bottom-left:0px;--awb-padding-bottom:0px;--awb-padding-bottom-small:0px;--awb-margin-bottom-small:0px;--awb-background-image:linear-gradient(180deg, hsla(var(--awb-color5-h),var(--awb-color5-s),var(--awb-color5-l),calc( var(--awb-color5-a) - 95% )) 54%,var(--awb-color1) 100%);--awb-flex-wrap:wrap;\" ><div class=\"fusion-builder-row fusion-row fusion-flex-align-items-stretch fusion-flex-justify-content-center fusion-flex-content-wrap\" style=\"max-width:1310.4px;margin-left: calc(-4% \/ 2 );margin-right: calc(-4% \/ 2 );\"><div class=\"fusion-layout-column fusion_builder_column fusion-builder-column-3 fusion_builder_column_1_1 1_1 fusion-flex-column fusion-animated\" style=\"--awb-padding-top:45px;--awb-padding-right:55px;--awb-padding-bottom:35px;--awb-padding-left:55px;--awb-padding-top-small:40px;--awb-padding-right-small:30px;--awb-padding-bottom-small:40px;--awb-padding-left-small:30px;--awb-overflow:hidden;--awb-bg-color:var(--awb-color1);--awb-bg-color-hover:var(--awb-color1);--awb-bg-size:cover;--awb-box-shadow:0px 2px 6px 0px hsla(var(--awb-color8-h),var(--awb-color8-s),var(--awb-color8-l),calc( var(--awb-color8-a) - 89% ));;--awb-border-radius:12px 12px 12px 12px;--awb-width-large:100%;--awb-margin-top-large:0px;--awb-spacing-right-large:1.92%;--awb-margin-bottom-large:20px;--awb-spacing-left-large:1.92%;--awb-width-medium:50%;--awb-order-medium:0;--awb-spacing-right-medium:3.84%;--awb-margin-bottom-medium:40px;--awb-spacing-left-medium:3.84%;--awb-width-small:100%;--awb-order-small:0;--awb-spacing-right-small:1.92%;--awb-spacing-left-small:1.92%;\" data-animationType=\"bounceInUp\" data-animationDuration=\"1.0\" data-animationOffset=\"top-into-view\"><div class=\"fusion-column-wrapper fusion-column-has-shadow fusion-flex-justify-content-flex-start fusion-content-layout-column\"><div class=\"fusion-text fusion-text-2\"><p>A v\u00e1llalatnak m\u00e1r t\u00f6bb mint 50 professzion\u00e1lis felhaszn\u00e1l\u00f3ja van, f\u0151k\u00e9nt G\u00f6r\u00f6gorsz\u00e1gb\u00f3l, de m\u00e1s orsz\u00e1gokb\u00f3l, k\u00f6zt\u00fck K\u00edn\u00e1b\u00f3l is, mivel h\u00e1rom nyelven, azaz angolul, g\u00f6r\u00f6g\u00fcl \u00e9s k\u00ednaiul \u00e9rhet\u0151 el.<\/p>\n<p>A NUTRISENSE DSS k\u00e9t v\u00e1ltozatb\u00f3l \u00e1ll, az egyik a talajban termesztett n\u00f6v\u00e9nyekre (SOIL NUTRISENSE), amely a KER2-hez kapcsol\u00f3dik, a m\u00e1sik pedig a talaj n\u00e9lk\u00fcli termeszt\u00e9si rendszerekhez (SOILLESS NUTRISENSE), amely a KER3-hoz kapcsol\u00f3dik.<\/p>\n<\/div><div class=\"fusion-image-element awb-imageframe-style awb-imageframe-style-below awb-imageframe-style-2\" style=\"--awb-caption-text-size:14px;--awb-caption-margin-top:10px;--awb-caption-title-font-family:var(--h2_typography-font-family);--awb-caption-title-font-weight:var(--h2_typography-font-weight);--awb-caption-title-font-style:var(--h2_typography-font-style);--awb-caption-title-size:0px;--awb-caption-title-transform:var(--h2_typography-text-transform);--awb-caption-title-line-height:var(--h2_typography-line-height);--awb-caption-title-letter-spacing:var(--h2_typography-letter-spacing);\"><span class=\" fusion-imageframe imageframe-none imageframe-2 hover-type-none\"><img decoding=\"async\" width=\"1134\" height=\"525\" title=\"nutrisense-version\" src=\"https:\/\/econutri-project.eu\/wp-content\/uploads\/2024\/07\/nutrisense-version.jpg\" data-orig-src=\"https:\/\/econutri-project.eu\/wp-content\/uploads\/2024\/07\/nutrisense-version.jpg\" alt class=\"lazyload img-responsive wp-image-15551\" srcset=\"data:image\/svg+xml,%3Csvg%20xmlns%3D%27http%3A%2F%2Fwww.w3.org%2F2000%2Fsvg%27%20width%3D%271134%27%20height%3D%27525%27%20viewBox%3D%270%200%201134%20525%27%3E%3Crect%20width%3D%271134%27%20height%3D%27525%27%20fill-opacity%3D%220%22%2F%3E%3C%2Fsvg%3E\" data-srcset=\"https:\/\/econutri-project.eu\/wp-content\/uploads\/2024\/07\/nutrisense-version-200x93.jpg 200w, https:\/\/econutri-project.eu\/wp-content\/uploads\/2024\/07\/nutrisense-version-400x185.jpg 400w, https:\/\/econutri-project.eu\/wp-content\/uploads\/2024\/07\/nutrisense-version-600x278.jpg 600w, https:\/\/econutri-project.eu\/wp-content\/uploads\/2024\/07\/nutrisense-version-800x370.jpg 800w, https:\/\/econutri-project.eu\/wp-content\/uploads\/2024\/07\/nutrisense-version.jpg 1134w\" data-sizes=\"auto\" data-orig-sizes=\"(max-width: 640px) 100vw, 1134px\" \/><\/span><div class=\"awb-imageframe-caption-container\" style=\"text-align:center;\"><div class=\"awb-imageframe-caption\"><h2 class=\"awb-imageframe-caption-title\">nutrisense-version<\/h2><p class=\"awb-imageframe-caption-text\">2. \u00e1bra. NUTRISENSE DSS. A NUTRISENSE DSS el\u0151fizet\u0151i \u00e1ltal a SOIL NUTRISENSE \u00e9s SOILLESS NUTRISENSE k\u00f6z\u00f6tti v\u00e1laszt\u00e1sra haszn\u00e1lt fel\u00fclet.   <\/p><\/div><\/div><\/div><\/div><\/div><div class=\"fusion-layout-column fusion_builder_column fusion-builder-column-4 fusion_builder_column_1_1 1_1 fusion-flex-column fusion-animated\" style=\"--awb-padding-top:45px;--awb-padding-right:55px;--awb-padding-bottom:35px;--awb-padding-left:55px;--awb-padding-top-small:40px;--awb-padding-right-small:30px;--awb-padding-bottom-small:40px;--awb-padding-left-small:30px;--awb-overflow:hidden;--awb-bg-color:var(--awb-color1);--awb-bg-color-hover:var(--awb-color1);--awb-bg-size:cover;--awb-box-shadow:0px 2px 6px 0px hsla(var(--awb-color8-h),var(--awb-color8-s),var(--awb-color8-l),calc( var(--awb-color8-a) - 89% ));;--awb-border-radius:12px 12px 12px 12px;--awb-width-large:100%;--awb-margin-top-large:0px;--awb-spacing-right-large:1.92%;--awb-margin-bottom-large:20px;--awb-spacing-left-large:1.92%;--awb-width-medium:50%;--awb-order-medium:0;--awb-spacing-right-medium:3.84%;--awb-margin-bottom-medium:40px;--awb-spacing-left-medium:3.84%;--awb-width-small:100%;--awb-order-small:0;--awb-spacing-right-small:1.92%;--awb-spacing-left-small:1.92%;\" data-animationType=\"bounceInUp\" data-animationDuration=\"1.0\" data-animationOffset=\"top-into-view\"><div class=\"fusion-column-wrapper fusion-column-has-shadow fusion-flex-justify-content-flex-start fusion-content-layout-column\"><div class=\"fusion-text fusion-text-3\"><p>A SOIL NUTRISENSE a talajban termesztett n\u00f6v\u00e9nyek optim\u00e1lis tr\u00e1gy\u00e1z\u00e1si formul\u00e1inak kisz\u00e1m\u00edt\u00e1s\u00e1hoz haszn\u00e1lhat\u00f3, a n\u00f6v\u00e9ny ig\u00e9nyeihez igazodva, figyelembe v\u00e9ve a talajelemz\u00e9st \u00e9s a v\u00edz \u00e1sv\u00e1nyi \u00f6sszet\u00e9tel\u00e9t. Ezek a tr\u00e1gy\u00e1z\u00e1si aj\u00e1nl\u00e1sok friss\u00edthet\u0151k, ha \u00faj talajelemz\u00e9s \u00e1ll rendelkez\u00e9sre.<\/p>\n<p>A SOIL NUTRISENSE mint DSS az AUA szellemi tulajdona, amelyet az ECONUTRI (KER1) 3.2. feladat\u00e1nak keret\u00e9ben fejlesztett ki. A SOIL NUTRISENSE-t az ECONUTRI v\u00e9grehajt\u00e1sa sor\u00e1n tov\u00e1bbfejlesztik \u00e9s korszer\u0171s\u00edtik, a projektb\u0151l sz\u00e1rmaz\u00f3 \u00faj eredm\u00e9nyek alapj\u00e1n.<\/p>\n<\/div><div class=\"fusion-image-element awb-imageframe-style awb-imageframe-style-below awb-imageframe-style-3\" style=\"--awb-caption-text-size:14px;--awb-caption-margin-top:10px;--awb-caption-title-font-family:var(--h2_typography-font-family);--awb-caption-title-font-weight:var(--h2_typography-font-weight);--awb-caption-title-font-style:var(--h2_typography-font-style);--awb-caption-title-size:0px;--awb-caption-title-transform:var(--h2_typography-text-transform);--awb-caption-title-line-height:var(--h2_typography-line-height);--awb-caption-title-letter-spacing:var(--h2_typography-letter-spacing);\"><span class=\" fusion-imageframe imageframe-none imageframe-3 hover-type-none\"><img decoding=\"async\" width=\"1134\" height=\"593\" title=\"soil-nutrisense\" src=\"https:\/\/econutri-project.eu\/wp-content\/uploads\/2024\/07\/soil-nutrisense.jpg\" data-orig-src=\"https:\/\/econutri-project.eu\/wp-content\/uploads\/2024\/07\/soil-nutrisense.jpg\" alt class=\"lazyload img-responsive wp-image-15575\" srcset=\"data:image\/svg+xml,%3Csvg%20xmlns%3D%27http%3A%2F%2Fwww.w3.org%2F2000%2Fsvg%27%20width%3D%271134%27%20height%3D%27593%27%20viewBox%3D%270%200%201134%20593%27%3E%3Crect%20width%3D%271134%27%20height%3D%27593%27%20fill-opacity%3D%220%22%2F%3E%3C%2Fsvg%3E\" data-srcset=\"https:\/\/econutri-project.eu\/wp-content\/uploads\/2024\/07\/soil-nutrisense-200x105.jpg 200w, https:\/\/econutri-project.eu\/wp-content\/uploads\/2024\/07\/soil-nutrisense-400x209.jpg 400w, https:\/\/econutri-project.eu\/wp-content\/uploads\/2024\/07\/soil-nutrisense-600x314.jpg 600w, https:\/\/econutri-project.eu\/wp-content\/uploads\/2024\/07\/soil-nutrisense-800x418.jpg 800w, https:\/\/econutri-project.eu\/wp-content\/uploads\/2024\/07\/soil-nutrisense.jpg 1134w\" data-sizes=\"auto\" data-orig-sizes=\"(max-width: 640px) 100vw, 1134px\" \/><\/span><div class=\"awb-imageframe-caption-container\" style=\"text-align:center;\"><div class=\"awb-imageframe-caption\"><h2 class=\"awb-imageframe-caption-title\">soil-nutrisense<\/h2><p class=\"awb-imageframe-caption-text\">3. \u00e1bra. A SOIL NUTRISENSE fel\u00fclete, a talajelemz\u00e9si adatok bevezet\u00e9s\u00e9re szolg\u00e1l\u00f3 f\u00fcl.  <\/p><\/div><\/div><\/div><\/div><\/div><div class=\"fusion-layout-column fusion_builder_column fusion-builder-column-5 fusion_builder_column_1_1 1_1 fusion-flex-column fusion-animated\" style=\"--awb-padding-top:45px;--awb-padding-right:55px;--awb-padding-bottom:35px;--awb-padding-left:55px;--awb-padding-top-small:40px;--awb-padding-right-small:30px;--awb-padding-bottom-small:40px;--awb-padding-left-small:30px;--awb-overflow:hidden;--awb-bg-color:var(--awb-color1);--awb-bg-color-hover:var(--awb-color1);--awb-bg-size:cover;--awb-box-shadow:0px 2px 6px 0px hsla(var(--awb-color8-h),var(--awb-color8-s),var(--awb-color8-l),calc( var(--awb-color8-a) - 89% ));;--awb-border-radius:12px 12px 12px 12px;--awb-width-large:100%;--awb-margin-top-large:0px;--awb-spacing-right-large:1.92%;--awb-margin-bottom-large:20px;--awb-spacing-left-large:1.92%;--awb-width-medium:50%;--awb-order-medium:0;--awb-spacing-right-medium:3.84%;--awb-margin-bottom-medium:40px;--awb-spacing-left-medium:3.84%;--awb-width-small:100%;--awb-order-small:0;--awb-spacing-right-small:1.92%;--awb-spacing-left-small:1.92%;\" data-animationType=\"bounceInUp\" data-animationDuration=\"1.0\" data-animationOffset=\"top-into-view\"><div class=\"fusion-column-wrapper fusion-column-has-shadow fusion-flex-justify-content-flex-start fusion-content-layout-column\"><div class=\"fusion-text fusion-text-4\"><p>A SOILLESS NUTRISENSE a NUTRISENSE DSS olyan v\u00e1ltozata, amelyet nyitott \u00e9s z\u00e1rt hurk\u00fa, talaj n\u00e9lk\u00fcli termeszt\u00e9si rendszerekben val\u00f3 haszn\u00e1latra terveztek. A NUTRISENSE ezen v\u00e1ltozata m\u00e1r az ECONUTRI megkezd\u00e9se el\u0151tt is l\u00e9tezett (de a NUTRISENSE PC mag\u00e1nc\u00e9gen kereszt\u00fcl nem volt kereskedelmi hasznos\u00edthat\u00f3), hogy a c\u00e9l\u00e9rt\u00e9kk\u00e9nt megadott, k\u00edv\u00e1nt jellemz\u0151k alapj\u00e1n kisz\u00e1m\u00edtsa az NS-eket, \u00e9s a termeszt\u00e9si id\u0151szak alatt, a v\u00edzelvezet\u0151 oldat (tr\u00e1gy\u00e1z\u00e1si szennyv\u00edz) k\u00e9miai elemz\u00e9se ut\u00e1n \u00fajra be\u00e1ll\u00edtsa azok \u00f6sszet\u00e9tel\u00e9t.<\/p>\n<p>Jelenleg az ECONUTRI 3.3. feladat\u00e1nak keret\u00e9ben a SOILLESS NUTRISENSE-en bel\u00fcl egy fejlett opci\u00f3t dolgoznak ki a t\u00e1panyagell\u00e1t\u00e1s automatikus \u00fajraszab\u00e1lyoz\u00e1s\u00e1ra z\u00e1rt hurk\u00fa, talaj n\u00e9lk\u00fcli termeszt\u00e9si rendszerekben az ionszelekt\u00edv elektr\u00f3d\u00e1k (ISE) adatainak felhaszn\u00e1l\u00e1s\u00e1val. Ez a v\u00e1ltozat, amely a KER3-on alapul, m\u00e9g nem \u00e1ll kereskedelmi forgalomban, de a tervek szerint a SOILLESS NUTRISENSE r\u00e9v\u00e9n kereskedelmi forgalomba ker\u00fcl, miut\u00e1n befejez\u0151dtek a k\u00eds\u00e9rleti tesztek, amelyek c\u00e9lja a megfelel\u0151 k\u00f6rnyezetben t\u00f6rt\u00e9n\u0151 valid\u00e1l\u00e1s.<\/p>\n<\/div><div class=\"fusion-image-element awb-imageframe-style awb-imageframe-style-below awb-imageframe-style-4\" style=\"--awb-caption-text-size:14px;--awb-caption-margin-top:10px;--awb-caption-title-font-family:var(--h2_typography-font-family);--awb-caption-title-font-weight:var(--h2_typography-font-weight);--awb-caption-title-font-style:var(--h2_typography-font-style);--awb-caption-title-size:0px;--awb-caption-title-transform:var(--h2_typography-text-transform);--awb-caption-title-line-height:var(--h2_typography-line-height);--awb-caption-title-letter-spacing:var(--h2_typography-letter-spacing);\"><span class=\" fusion-imageframe imageframe-none imageframe-4 hover-type-none\"><img decoding=\"async\" width=\"1134\" height=\"608\" title=\"soilless-nutrisense\" src=\"https:\/\/econutri-project.eu\/wp-content\/uploads\/2024\/07\/soilless-nutrisense-1.jpg\" data-orig-src=\"https:\/\/econutri-project.eu\/wp-content\/uploads\/2024\/07\/soilless-nutrisense-1.jpg\" alt class=\"lazyload img-responsive wp-image-15586\" srcset=\"data:image\/svg+xml,%3Csvg%20xmlns%3D%27http%3A%2F%2Fwww.w3.org%2F2000%2Fsvg%27%20width%3D%271134%27%20height%3D%27608%27%20viewBox%3D%270%200%201134%20608%27%3E%3Crect%20width%3D%271134%27%20height%3D%27608%27%20fill-opacity%3D%220%22%2F%3E%3C%2Fsvg%3E\" data-srcset=\"https:\/\/econutri-project.eu\/wp-content\/uploads\/2024\/07\/soilless-nutrisense-1-200x107.jpg 200w, https:\/\/econutri-project.eu\/wp-content\/uploads\/2024\/07\/soilless-nutrisense-1-400x214.jpg 400w, https:\/\/econutri-project.eu\/wp-content\/uploads\/2024\/07\/soilless-nutrisense-1-600x322.jpg 600w, https:\/\/econutri-project.eu\/wp-content\/uploads\/2024\/07\/soilless-nutrisense-1-800x429.jpg 800w, https:\/\/econutri-project.eu\/wp-content\/uploads\/2024\/07\/soilless-nutrisense-1.jpg 1134w\" data-sizes=\"auto\" data-orig-sizes=\"(max-width: 640px) 100vw, 1134px\" \/><\/span><div class=\"awb-imageframe-caption-container\" style=\"text-align:center;\"><div class=\"awb-imageframe-caption\"><h2 class=\"awb-imageframe-caption-title\">soilless-nutrisense<\/h2><p class=\"awb-imageframe-caption-text\">4. \u00e1bra. A SOILLESS NUTRISENSE fel\u00fclete, &quot;\u00c1ltal\u00e1nos be\u00e1ll\u00edt\u00e1sok&quot; f\u00fcl. Az ionszelekt\u00edv elektr\u00f3d\u00e1k haszn\u00e1lat\u00e1ra kifejlesztett verzi\u00f3val val\u00f3 munkav\u00e9gz\u00e9shez az el\u0151fizet\u0151nek az &quot;Igen&quot; lehet\u0151s\u00e9get kell v\u00e1lasztania az &quot;ISE-vel val\u00f3 munkav\u00e9gz\u00e9s&quot; opci\u00f3ban.  <\/p><\/div><\/div><\/div><div style=\"text-align:center;\"><a class=\"fusion-button button-flat button-xlarge button-custom fusion-button-default button-1 fusion-button-default-span fusion-button-default-type\" style=\"--button_accent_color:var(--awb-color1);--button_accent_hover_color:var(--awb-color1);--button_border_hover_color:var(--awb-color1);--button_gradient_top_color:var(--awb-color5);--button_gradient_bottom_color:var(--awb-color5);--button_gradient_top_color_hover:var(--awb-color3);--button_gradient_bottom_color_hover:var(--awb-color3);--button_margin-top:40px;\" target=\"_blank\" rel=\"noopener noreferrer\" href=\"https:\/\/nutrisense.online\/\"><span class=\"fusion-button-text awb-button__text awb-button__text--default\">L\u00c1TOGASSON EL A NUTRISENSE WEBOLDAL\u00c1RA<\/span><\/a><\/div><\/div><\/div><\/div><\/div><\/p>\n","protected":false},"excerpt":{"rendered":"","protected":false},"author":1,"featured_media":0,"parent":0,"menu_order":0,"comment_status":"closed","ping_status":"closed","template":"100-width.php","meta":{"footnotes":""},"class_list":["post-15616","page","type-page","status-publish","hentry"],"_links":{"self":[{"href":"https:\/\/econutri-project.eu\/hu\/wp-json\/wp\/v2\/pages\/15616"}],"collection":[{"href":"https:\/\/econutri-project.eu\/hu\/wp-json\/wp\/v2\/pages"}],"about":[{"href":"https:\/\/econutri-project.eu\/hu\/wp-json\/wp\/v2\/types\/page"}],"author":[{"embeddable":true,"href":"https:\/\/econutri-project.eu\/hu\/wp-json\/wp\/v2\/users\/1"}],"replies":[{"embeddable":true,"href":"https:\/\/econutri-project.eu\/hu\/wp-json\/wp\/v2\/comments?post=15616"}],"version-history":[{"count":7,"href":"https:\/\/econutri-project.eu\/hu\/wp-json\/wp\/v2\/pages\/15616\/revisions"}],"predecessor-version":[{"id":16021,"href":"https:\/\/econutri-project.eu\/hu\/wp-json\/wp\/v2\/pages\/15616\/revisions\/16021"}],"wp:attachment":[{"href":"https:\/\/econutri-project.eu\/hu\/wp-json\/wp\/v2\/media?parent=15616"}],"curies":[{"name":"wp","href":"https:\/\/api.w.org\/{rel}","templated":true}]}}