{"id":10604,"date":"2024-01-25T16:09:43","date_gmt":"2024-01-25T14:09:43","guid":{"rendered":"https:\/\/econutri-project.eu\/?page_id=10604"},"modified":"2024-02-07T12:55:56","modified_gmt":"2024-02-07T10:55:56","slug":"atheni-agrartudomanyi-egyetem-2","status":"publish","type":"page","link":"https:\/\/econutri-project.eu\/hu\/atheni-agrartudomanyi-egyetem-2\/","title":{"rendered":"SPI"},"content":{"rendered":"<p><div class=\"fusion-fullwidth fullwidth-box fusion-builder-row-1 fusion-flex-container has-pattern-background has-mask-background nonhundred-percent-fullwidth non-hundred-percent-height-scrolling\" style=\"--awb-border-radius-top-left:0px;--awb-border-radius-top-right:0px;--awb-border-radius-bottom-right:0px;--awb-border-radius-bottom-left:0px;--awb-margin-bottom:120px;--awb-margin-bottom-medium:160px;--awb-margin-bottom-small:145px;--awb-flex-wrap:wrap;\" ><div class=\"fusion-builder-row fusion-row fusion-flex-align-items-flex-start fusion-flex-justify-content-center fusion-flex-content-wrap\" style=\"max-width:1310.4px;margin-left: calc(-4% \/ 2 );margin-right: calc(-4% \/ 2 );\"><div class=\"fusion-layout-column fusion_builder_column fusion-builder-column-0 fusion_builder_column_2_3 2_3 fusion-flex-column fusion-animated\" style=\"--awb-bg-size:cover;--awb-width-large:66.666666666667%;--awb-margin-top-large:0px;--awb-spacing-right-large:2.88%;--awb-margin-bottom-large:0px;--awb-spacing-left-large:2.88%;--awb-width-medium:75%;--awb-order-medium:0;--awb-spacing-right-medium:2.56%;--awb-spacing-left-medium:2.56%;--awb-width-small:100%;--awb-order-small:0;--awb-spacing-right-small:1.92%;--awb-spacing-left-small:1.92%;\" data-animationType=\"fadeInDown\" data-animationDuration=\"1.3\" data-animationOffset=\"top-into-view\"><div class=\"fusion-column-wrapper fusion-column-has-shadow fusion-flex-justify-content-center fusion-content-layout-column\"><div class=\"fusion-title title fusion-title-1 fusion-sep-none fusion-title-center fusion-title-text fusion-title-size-two\" style=\"--awb-margin-bottom:35px;\"><h2 class=\"fusion-title-heading title-heading-center\" style=\"margin:0;\">SPI<\/h2><\/div><\/div><\/div><\/div><\/div><div class=\"fusion-fullwidth fullwidth-box fusion-builder-row-2 fusion-flex-container nonhundred-percent-fullwidth non-hundred-percent-height-scrolling\" style=\"--awb-border-radius-top-left:0px;--awb-border-radius-top-right:0px;--awb-border-radius-bottom-right:0px;--awb-border-radius-bottom-left:0px;--awb-flex-wrap:wrap;\" ><div class=\"fusion-builder-row fusion-row fusion-flex-align-items-flex-start fusion-flex-content-wrap\" style=\"max-width:1310.4px;margin-left: calc(-4% \/ 2 );margin-right: calc(-4% \/ 2 );\"><div class=\"fusion-layout-column fusion_builder_column fusion-builder-column-1 fusion_builder_column_1_1 1_1 fusion-flex-column\" style=\"--awb-bg-size:cover;--awb-width-large:100%;--awb-margin-top-large:0px;--awb-spacing-right-large:1.92%;--awb-margin-bottom-large:0px;--awb-spacing-left-large:1.92%;--awb-width-medium:100%;--awb-order-medium:0;--awb-spacing-right-medium:1.92%;--awb-spacing-left-medium:1.92%;--awb-width-small:100%;--awb-order-small:0;--awb-spacing-right-small:1.92%;--awb-spacing-left-small:1.92%;\"><div class=\"fusion-column-wrapper fusion-column-has-shadow fusion-flex-justify-content-flex-start fusion-content-layout-column\"><div class=\"fusion-section-separator section-separator big-half-circle fusion-section-separator-1\" style=\"--awb-spacer-height:150px;--awb-svg-margin-left:1.92%;--awb-svg-margin-right:1.92%;--awb-svg-margin-left-medium:1.92%;--awb-svg-margin-right-medium:1.92%;--awb-svg-margin-left-small:1.92%;--awb-svg-margin-right-small:1.92%;--awb-divider-height:150px;--awb-spacer-padding-top:inherit;--awb-sep-padding:0;--awb-svg-padding:0;\"><div class=\"fusion-section-separator-svg\"><svg class=\"fusion-big-half-circle-candy\" xmlns=\"http:\/\/www.w3.org\/2000\/svg\" version=\"1.1\" width=\"100%\" height=\"100\" viewBox=\"0 0 100 100\" preserveAspectRatio=\"none\" fill=\"rgba(48,181,95,0.05)\"><path d=\"M0 100 C40 0 60 0 100 100 Z\"><\/path><\/svg><\/div><div class=\"fusion-section-separator-spacer\"><div class=\"fusion-section-separator-spacer-height\"><\/div><\/div><\/div><\/div><\/div><\/div><\/div><div class=\"fusion-fullwidth fullwidth-box fusion-builder-row-3 fusion-flex-container has-pattern-background has-mask-background nonhundred-percent-fullwidth non-hundred-percent-height-scrolling\" style=\"--awb-border-radius-top-left:0px;--awb-border-radius-top-right:0px;--awb-border-radius-bottom-right:0px;--awb-border-radius-bottom-left:0px;--awb-padding-bottom:0px;--awb-padding-bottom-small:0px;--awb-margin-bottom-small:0px;--awb-background-image:linear-gradient(180deg, hsla(var(--awb-color5-h),var(--awb-color5-s),var(--awb-color5-l),calc( var(--awb-color5-a) - 95% )) 54%,var(--awb-color1) 100%);--awb-flex-wrap:wrap;\" ><div class=\"fusion-builder-row fusion-row fusion-flex-align-items-stretch fusion-flex-justify-content-center fusion-flex-content-wrap\" style=\"max-width:1310.4px;margin-left: calc(-4% \/ 2 );margin-right: calc(-4% \/ 2 );\"><div class=\"fusion-layout-column fusion_builder_column fusion-builder-column-2 fusion_builder_column_1_1 1_1 fusion-flex-column fusion-animated\" style=\"--awb-padding-top:45px;--awb-padding-right:55px;--awb-padding-bottom:35px;--awb-padding-left:55px;--awb-padding-top-small:40px;--awb-padding-right-small:30px;--awb-padding-bottom-small:40px;--awb-padding-left-small:30px;--awb-overflow:hidden;--awb-bg-color:var(--awb-color1);--awb-bg-color-hover:var(--awb-color1);--awb-bg-size:cover;--awb-box-shadow:0px 2px 6px 0px hsla(var(--awb-color8-h),var(--awb-color8-s),var(--awb-color8-l),calc( var(--awb-color8-a) - 89% ));;--awb-border-radius:12px 12px 12px 12px;--awb-width-large:100%;--awb-margin-top-large:-250px;--awb-spacing-right-large:1.92%;--awb-margin-bottom-large:20px;--awb-spacing-left-large:1.92%;--awb-width-medium:50%;--awb-order-medium:0;--awb-spacing-right-medium:3.84%;--awb-margin-bottom-medium:40px;--awb-spacing-left-medium:3.84%;--awb-width-small:100%;--awb-order-small:0;--awb-spacing-right-small:1.92%;--awb-spacing-left-small:1.92%;\" data-animationType=\"bounceInUp\" data-animationDuration=\"1.0\" data-animationOffset=\"top-into-view\"><div class=\"fusion-column-wrapper fusion-column-has-shadow fusion-flex-justify-content-flex-start fusion-content-layout-column\"><div class=\"fusion-title title fusion-title-2 fusion-sep-none fusion-title-text fusion-title-size-three\"><h3 class=\"fusion-title-heading title-heading-left\" style=\"margin:0;\">Az SPI az ECONUTRI projekthez a WP1 \u00e9s WP6 munkacsoportban j\u00e1rul hozz\u00e1.<\/h3><\/div><div class=\"fusion-text fusion-text-1\" style=\"--awb-margin-top:40px;\"><p>Az 1.4. feladatban: Klasztertev\u00e9kenys\u00e9gek \u00e9s EU-K\u00edna egy\u00fcttm\u0171k\u00f6d\u00e9s: Az SPI fogja vezetni az ECONUTRI projektet. Ez mag\u00e1ban foglalja a HORIZON-CL6-2022-ZEROPOLLUTION-01-03 keret\u00e9ben finansz\u00edrozott m\u00e1s projektekkel, valamint a vonatkoz\u00f3 H2020\/HEU-projektekkel val\u00f3 klaszterez\u00e9st. A c\u00e9l egy \u00e9l\u00e9nk k\u00f6z\u00f6ss\u00e9g l\u00e9trehoz\u00e1sa az ismeretek \u00e9s a legjobb gyakorlatok cser\u00e9je, \u00e1tad\u00e1sa \u00e9s oktat\u00e1sa \u00e9rdek\u00e9ben. Ez a k\u00f6z\u00f6s munka konkr\u00e9t szakpolitikai aj\u00e1nl\u00e1sok megfogalmaz\u00e1s\u00e1hoz is hozz\u00e1j\u00e1rul.<\/p>\n<p>Az egy\u00fcttm\u0171k\u00f6d\u00e9s fokoz\u00e1sa \u00e9rdek\u00e9ben az SPI r\u00e9szt vesz az &#8222;ENRICH in China&#8221; kezdem\u00e9nyez\u00e9sben. A tervek k\u00f6z\u00f6tt szerepel egy k\u00f6z\u00f6s webin\u00e1rium szervez\u00e9se az eur\u00f3pai partnerek mellett az &#8222;ENRICH in China&#8221; h\u00e1l\u00f3zat k\u00ednai mez\u0151gazdas\u00e1gi v\u00e1llalatainak r\u00e9szv\u00e9tel\u00e9vel. Ez a webin\u00e1rium a t\u00e1panyag-gazd\u00e1lkod\u00e1ssal kapcsolatos legjobb gyakorlatokkal kapcsolatos ismeretek megoszt\u00e1s\u00e1ra szolg\u00e1l.<\/p>\n<p>Ezen t\u00falmen\u0151en l\u00e9trej\u00f6n egy \u00e9rdekk\u00e9pviseleti csoport (SHG), amely a tudom\u00e1nyos \u00e9let, az ipar \u00e9s a mez\u0151gazdas\u00e1g \u00e9rdekeltjeib\u0151l \u00e1ll. Ez a csoport a projekt tervez\u00e9si \u00e9s v\u00e9grehajt\u00e1si szakasz\u00e1ban akt\u00edvan egy\u00fcttm\u0171k\u00f6dik a projektpartnerekkel, optimaliz\u00e1lva az eredm\u00e9nyeket, a felhaszn\u00e1l\u00e1st \u00e9s a hat\u00e1st. A SHG-t megh\u00edvj\u00e1k a projekt tal\u00e1lkoz\u00f3k sor\u00e1n szervezett k\u00e9t konferenci\u00e1ra, \u00e9s arra \u00f6szt\u00f6nzik, hogy akt\u00edvan j\u00e1ruljon hozz\u00e1 a projekt eredm\u00e9nyeinek terjeszt\u00e9s\u00e9hez \u00e9s hasznos\u00edt\u00e1s\u00e1hoz.<\/p>\n<p>Az SPI csapata akt\u00edvan kommunik\u00e1l a projekt k\u00ednai partnereivel, megk\u00f6nny\u00edtve a projekt el\u0151rehalad\u00e1s\u00e1val, eredm\u00e9nyeivel, tev\u00e9kenys\u00e9geivel \u00e9s h\u00edreivel kapcsolatos inform\u00e1ci\u00f3cser\u00e9t. A csapat tov\u00e1bb\u00e1 t\u00e1mogat\u00e1st ny\u00fajt a k\u00ednai partnereknek a projekthez kapcsol\u00f3d\u00f3 h\u00edreknek a weboldalon \u00e9s a k\u00f6z\u00f6ss\u00e9gi m\u00e9dia csatorn\u00e1kon val\u00f3 k\u00f6zz\u00e9t\u00e9tel\u00e9ben, hat\u00e9konyan \u00e1thidalva az Eur\u00f3pa \u00e9s K\u00edna k\u00f6z\u00f6tti szakad\u00e9kot.<\/p>\n<\/div><\/div><\/div><div class=\"fusion-layout-column fusion_builder_column fusion-builder-column-3 fusion_builder_column_1_1 1_1 fusion-flex-column fusion-animated\" style=\"--awb-padding-top:45px;--awb-padding-right:55px;--awb-padding-bottom:35px;--awb-padding-left:55px;--awb-padding-top-small:40px;--awb-padding-right-small:30px;--awb-padding-bottom-small:40px;--awb-padding-left-small:30px;--awb-overflow:hidden;--awb-bg-color:var(--awb-color1);--awb-bg-color-hover:var(--awb-color1);--awb-bg-size:cover;--awb-box-shadow:0px 2px 6px 0px hsla(var(--awb-color8-h),var(--awb-color8-s),var(--awb-color8-l),calc( var(--awb-color8-a) - 89% ));;--awb-border-radius:12px 12px 12px 12px;--awb-width-large:100%;--awb-margin-top-large:0px;--awb-spacing-right-large:1.92%;--awb-margin-bottom-large:20px;--awb-spacing-left-large:1.92%;--awb-width-medium:50%;--awb-order-medium:0;--awb-spacing-right-medium:3.84%;--awb-margin-bottom-medium:40px;--awb-spacing-left-medium:3.84%;--awb-width-small:100%;--awb-order-small:0;--awb-spacing-right-small:1.92%;--awb-spacing-left-small:1.92%;\" data-animationType=\"bounceInUp\" data-animationDuration=\"1.0\" data-animationOffset=\"top-into-view\"><div class=\"fusion-column-wrapper fusion-column-has-shadow fusion-flex-justify-content-flex-start fusion-content-layout-column\"><div class=\"fusion-title title fusion-title-3 fusion-sep-none fusion-title-text fusion-title-size-three\"><h3 class=\"fusion-title-heading title-heading-left\" style=\"margin:0;\">WP6 Adatkezel\u00e9s \u00e9s rendszerszint\u0171 elemz\u00e9s<br \/>\n6.3. feladat. Szakpolitikai felt\u00e9rk\u00e9pez\u00e9s, k\u00f6z\u00f6s tervez\u00e9s \u00e9s aj\u00e1nl\u00e1sok<\/h3><\/div><div class=\"fusion-text fusion-text-2\"><p>Ebben a konkr\u00e9t feladatban SPI csapatunk v\u00e1llalta a felel\u0151ss\u00e9get a szakpolitikai t\u00e9rk\u00e9pek elk\u00e9sz\u00edt\u00e9s\u00e9\u00e9rt \u00e9s kidolgoz\u00e1s\u00e1\u00e9rt, amelyek c\u00e9lja, hogy betekint\u00e9st nyerj\u00fcnk a term\u00e9szetalap\u00fa megold\u00e1sokba (NBS) \u00e9s a mez\u0151gazdas\u00e1ggal kapcsolatos innovat\u00edv szakpolitik\u00e1kba mind az eur\u00f3pai, mind a k\u00ednai ter\u00fcleteken. E kezdem\u00e9nyez\u00e9s elind\u00edt\u00e1sa \u00e9rdek\u00e9ben partners\u00e9get k\u00f6t\u00f6tt\u00fcnk a NIBIO-val egy olyan \u00e1tfog\u00f3 felm\u00e9r\u00e9s elk\u00e9sz\u00edt\u00e9se \u00e9rdek\u00e9ben, amelynek c\u00e9lja az NBS megval\u00f3s\u00edt\u00e1s\u00e1nak \u00e9s integr\u00e1ci\u00f3s \u00fatvonalainak szisztematikus fel\u00fclvizsg\u00e1lat\u00e1nak t\u00e1mogat\u00e1sa (WP6.2). Ezen t\u00falmen\u0151en ez a felm\u00e9r\u00e9s alapul szolg\u00e1l a mez\u0151gazdas\u00e1gi NBS el\u0151mozd\u00edt\u00e1s\u00e1t c\u00e9lz\u00f3 ir\u00e1ny\u00edt\u00e1si lehet\u0151s\u00e9gek \u00e9s szakpolitikai \u00f6szt\u00f6nz\u0151k (WP6.3) kidolgoz\u00e1s\u00e1hoz.<\/p>\n<p>A felm\u00e9r\u00e9st minden projektpartnerhez eljuttatt\u00e1k azzal az els\u0151dleges c\u00e9llal, hogy a 6. munkacsoport sz\u00e1m\u00e1ra megk\u00f6nny\u00edts\u00e9k a mez\u0151gazdas\u00e1gban alkalmazott NBS-sel kapcsolatos alapos, orsz\u00e1gspecifikus szakirodalmi \u00e1ttekint\u00e9st. C\u00e9lunk az egy\u00fcttm\u0171k\u00f6d\u00e9s \u00e9s a tud\u00e1scsere \u00f6szt\u00f6nz\u00e9se, ami lehet\u0151v\u00e9 teszi sz\u00e1munkra az \u00f6sszegy\u0171jt\u00f6tt inform\u00e1ci\u00f3k ellen\u0151rz\u00e9s\u00e9t, hiteles\u00edt\u00e9s\u00e9t \u00e9s jav\u00edt\u00e1s\u00e1t. A felm\u00e9r\u00e9s az NBS k\u00fcl\u00f6nb\u00f6z\u0151 aspektusait \u00f6leli fel, a mez\u0151gazdas\u00e1ggal kapcsolatos gyakorlatokra \u00f6sszpontos\u00edtva. Konkr\u00e9tan olyan int\u00e9zked\u00e9seket vizsg\u00e1lunk, amelyek c\u00e9lja a nitrog\u00e9n-, foszfor- \u00e9s \u00fcled\u00e9kvesztes\u00e9gek, valamint az \u00fcvegh\u00e1zhat\u00e1s\u00fa g\u00e1zok kibocs\u00e1t\u00e1s\u00e1nak cs\u00f6kkent\u00e9se a t\u00e1j \u00e9s a v\u00edzgy\u0171jt\u0151k szintj\u00e9n. Ez a vizsg\u00e1lat sz\u00e9les spektrumot \u00f6lel fel, bele\u00e9rtve, de nem kiz\u00e1r\u00f3lagosan a mez\u0151gazdas\u00e1gi, agron\u00f3miai, tejipari, baromfi- \u00e9s szarvasmarha-teny\u00e9szt\u00e9st.<\/p>\n<p>Ugyanezt a felm\u00e9r\u00e9st kiterjesztj\u00fck k\u00ednai partnereinkre is, hogy megismerhess\u00fck a r\u00e9gi\u00f3jukban m\u0171k\u00f6d\u0151 NBS-sel kapcsolatos \u00e9rt\u00e9kes megl\u00e1t\u00e1saikat \u00e9s kil\u00e1t\u00e1saikat. A felm\u00e9r\u00e9s sor\u00e1n v\u00e9gzett k\u00f6z\u00f6s munka megalapozza a k\u00e9s\u0151bbi eDelphi-elemz\u00e9st \u00e9s a j\u00f6v\u0151beli szakpolitikai aj\u00e1nl\u00e1sok megfogalmaz\u00e1s\u00e1t.<\/p>\n<\/div><\/div><\/div><\/div><\/div><\/p>\n","protected":false},"excerpt":{"rendered":"","protected":false},"author":1,"featured_media":0,"parent":0,"menu_order":0,"comment_status":"closed","ping_status":"closed","template":"100-width.php","meta":{"footnotes":""},"class_list":["post-10604","page","type-page","status-publish","hentry"],"_links":{"self":[{"href":"https:\/\/econutri-project.eu\/hu\/wp-json\/wp\/v2\/pages\/10604"}],"collection":[{"href":"https:\/\/econutri-project.eu\/hu\/wp-json\/wp\/v2\/pages"}],"about":[{"href":"https:\/\/econutri-project.eu\/hu\/wp-json\/wp\/v2\/types\/page"}],"author":[{"embeddable":true,"href":"https:\/\/econutri-project.eu\/hu\/wp-json\/wp\/v2\/users\/1"}],"replies":[{"embeddable":true,"href":"https:\/\/econutri-project.eu\/hu\/wp-json\/wp\/v2\/comments?post=10604"}],"version-history":[{"count":7,"href":"https:\/\/econutri-project.eu\/hu\/wp-json\/wp\/v2\/pages\/10604\/revisions"}],"predecessor-version":[{"id":10963,"href":"https:\/\/econutri-project.eu\/hu\/wp-json\/wp\/v2\/pages\/10604\/revisions\/10963"}],"wp:attachment":[{"href":"https:\/\/econutri-project.eu\/hu\/wp-json\/wp\/v2\/media?parent=10604"}],"curies":[{"name":"wp","href":"https:\/\/api.w.org\/{rel}","templated":true}]}}