{"id":8529,"date":"2023-06-01T15:33:21","date_gmt":"2023-06-01T12:33:21","guid":{"rendered":"https:\/\/econutri-project.eu\/descripcion-del-proyecto\/"},"modified":"2024-01-17T12:57:41","modified_gmt":"2024-01-17T10:57:41","slug":"descripcion-del-proyecto","status":"publish","type":"page","link":"https:\/\/econutri-project.eu\/es\/descripcion-del-proyecto\/","title":{"rendered":"Descripci\u00f3n del proyecto"},"content":{"rendered":"<p><div class=\"fusion-fullwidth fullwidth-box fusion-builder-row-1 fusion-flex-container has-pattern-background has-mask-background nonhundred-percent-fullwidth non-hundred-percent-height-scrolling\" style=\"--awb-border-radius-top-left:0px;--awb-border-radius-top-right:0px;--awb-border-radius-bottom-right:0px;--awb-border-radius-bottom-left:0px;--awb-margin-bottom:120px;--awb-margin-bottom-medium:160px;--awb-margin-bottom-small:145px;--awb-flex-wrap:wrap;\" ><div class=\"fusion-builder-row fusion-row fusion-flex-align-items-flex-start fusion-flex-justify-content-center fusion-flex-content-wrap\" style=\"max-width:1310.4px;margin-left: calc(-4% \/ 2 );margin-right: calc(-4% \/ 2 );\"><div class=\"fusion-layout-column fusion_builder_column fusion-builder-column-0 fusion_builder_column_2_3 2_3 fusion-flex-column fusion-animated\" style=\"--awb-bg-size:cover;--awb-width-large:66.666666666667%;--awb-margin-top-large:0px;--awb-spacing-right-large:2.88%;--awb-margin-bottom-large:0px;--awb-spacing-left-large:2.88%;--awb-width-medium:75%;--awb-order-medium:0;--awb-spacing-right-medium:2.56%;--awb-spacing-left-medium:2.56%;--awb-width-small:100%;--awb-order-small:0;--awb-spacing-right-small:1.92%;--awb-spacing-left-small:1.92%;\" data-animationType=\"fadeInDown\" data-animationDuration=\"1.3\" data-animationOffset=\"top-into-view\"><div class=\"fusion-column-wrapper fusion-column-has-shadow fusion-flex-justify-content-center fusion-content-layout-column\"><div class=\"fusion-title title fusion-title-1 fusion-sep-none fusion-title-center fusion-title-text fusion-title-size-two\" style=\"--awb-margin-bottom:35px;\"><h2 class=\"fusion-title-heading title-heading-center\" style=\"margin:0;\">Descripci\u00f3n del proyecto<\/h2><\/div><\/div><\/div><\/div><\/div><div class=\"fusion-fullwidth fullwidth-box fusion-builder-row-2 fusion-flex-container nonhundred-percent-fullwidth non-hundred-percent-height-scrolling\" style=\"--awb-border-radius-top-left:0px;--awb-border-radius-top-right:0px;--awb-border-radius-bottom-right:0px;--awb-border-radius-bottom-left:0px;--awb-flex-wrap:wrap;\" ><div class=\"fusion-builder-row fusion-row fusion-flex-align-items-flex-start fusion-flex-content-wrap\" style=\"max-width:1310.4px;margin-left: calc(-4% \/ 2 );margin-right: calc(-4% \/ 2 );\"><div class=\"fusion-layout-column fusion_builder_column fusion-builder-column-1 fusion_builder_column_1_1 1_1 fusion-flex-column\" style=\"--awb-bg-size:cover;--awb-width-large:100%;--awb-margin-top-large:0px;--awb-spacing-right-large:1.92%;--awb-margin-bottom-large:0px;--awb-spacing-left-large:1.92%;--awb-width-medium:100%;--awb-order-medium:0;--awb-spacing-right-medium:1.92%;--awb-spacing-left-medium:1.92%;--awb-width-small:100%;--awb-order-small:0;--awb-spacing-right-small:1.92%;--awb-spacing-left-small:1.92%;\"><div class=\"fusion-column-wrapper fusion-column-has-shadow fusion-flex-justify-content-flex-start fusion-content-layout-column\"><div class=\"fusion-section-separator section-separator big-half-circle fusion-section-separator-1\" style=\"--awb-spacer-height:150px;--awb-svg-margin-left:1.92%;--awb-svg-margin-right:1.92%;--awb-svg-margin-left-medium:1.92%;--awb-svg-margin-right-medium:1.92%;--awb-svg-margin-left-small:1.92%;--awb-svg-margin-right-small:1.92%;--awb-divider-height:150px;--awb-spacer-padding-top:inherit;--awb-sep-padding:0;--awb-svg-padding:0;\"><div class=\"fusion-section-separator-svg\"><svg class=\"fusion-big-half-circle-candy\" xmlns=\"http:\/\/www.w3.org\/2000\/svg\" version=\"1.1\" width=\"100%\" height=\"100\" viewBox=\"0 0 100 100\" preserveAspectRatio=\"none\" fill=\"rgba(48,181,95,0.05)\"><path d=\"M0 100 C40 0 60 0 100 100 Z\"><\/path><\/svg><\/div><div class=\"fusion-section-separator-spacer\"><div class=\"fusion-section-separator-spacer-height\"><\/div><\/div><\/div><\/div><\/div><\/div><\/div><div class=\"fusion-fullwidth fullwidth-box fusion-builder-row-3 fusion-flex-container has-pattern-background has-mask-background nonhundred-percent-fullwidth non-hundred-percent-height-scrolling\" style=\"--awb-border-radius-top-left:0px;--awb-border-radius-top-right:0px;--awb-border-radius-bottom-right:0px;--awb-border-radius-bottom-left:0px;--awb-padding-bottom:0px;--awb-padding-bottom-small:0px;--awb-margin-bottom-small:0px;--awb-background-image:linear-gradient(180deg, hsla(var(--awb-color5-h),var(--awb-color5-s),var(--awb-color5-l),calc( var(--awb-color5-a) - 95% )) 54%,var(--awb-color1) 100%);--awb-flex-wrap:wrap;\" ><div class=\"fusion-builder-row fusion-row fusion-flex-align-items-stretch fusion-flex-justify-content-center fusion-flex-content-wrap\" style=\"max-width:1310.4px;margin-left: calc(-4% \/ 2 );margin-right: calc(-4% \/ 2 );\"><div class=\"fusion-layout-column fusion_builder_column fusion-builder-column-2 fusion_builder_column_1_1 1_1 fusion-flex-column fusion-animated\" style=\"--awb-padding-top:45px;--awb-padding-right:55px;--awb-padding-bottom:35px;--awb-padding-left:55px;--awb-padding-top-small:40px;--awb-padding-right-small:30px;--awb-padding-bottom-small:40px;--awb-padding-left-small:30px;--awb-overflow:hidden;--awb-bg-color:var(--awb-color1);--awb-bg-color-hover:var(--awb-color1);--awb-bg-size:cover;--awb-box-shadow:0px 2px 6px 0px hsla(var(--awb-color8-h),var(--awb-color8-s),var(--awb-color8-l),calc( var(--awb-color8-a) - 89% ));;--awb-border-radius:12px 12px 12px 12px;--awb-width-large:100%;--awb-margin-top-large:-250px;--awb-spacing-right-large:1.92%;--awb-margin-bottom-large:20px;--awb-spacing-left-large:1.92%;--awb-width-medium:50%;--awb-order-medium:0;--awb-spacing-right-medium:3.84%;--awb-margin-bottom-medium:40px;--awb-spacing-left-medium:3.84%;--awb-width-small:100%;--awb-order-small:0;--awb-spacing-right-small:1.92%;--awb-spacing-left-small:1.92%;\" data-animationType=\"bounceInUp\" data-animationDuration=\"1.0\" data-animationOffset=\"top-into-view\"><div class=\"fusion-column-wrapper fusion-column-has-shadow fusion-flex-justify-content-flex-start fusion-content-layout-column\"><div class=\"fusion-title title fusion-title-2 fusion-sep-none fusion-title-text fusion-title-size-three\"><h3 class=\"fusion-title-heading title-heading-left\" style=\"margin:0;\">Conceptos y tecnolog\u00edas innovadores para una gesti\u00f3n de los nutrientes en la agricultura sostenible desde el punto de vista ecol\u00f3gico, con el fin de prevenir, mitigar y eliminar la contaminaci\u00f3n de los suelos, el agua y el aire.<\/h3><\/div><div class=\"fusion-text fusion-text-1\"><p>ECONUTRI es un consorcio de expertos cient\u00edficos e investigadores de distintas disciplinas, empresas privadas, asociaciones de agricultores y partes interesadas. ECONUTRI se asocia con seis instituciones chinas, cuatro de investigaci\u00f3n p\u00fablica y dos de la industria, para complementar actividades y reforzar la colaboraci\u00f3n cient\u00edfica entre Europa y China.<\/p>\n<p>El proyecto apoyar\u00e1 cient\u00edficamente el \u00abPacto Verde\u00bb de la UE en su objetivo de reducir el uso de fertilizantes en al menos un 20% hasta 2030, reduciendo as\u00ed en un 50% las p\u00e9rdidas de nutrientes asociadas a impactos ambientales negativos.<\/p>\n<p>M\u00e1s concretamente, ECONUTRI abordar\u00e1 la contaminaci\u00f3n del agua causada por la lixiviaci\u00f3n y escorrent\u00eda de NO3 y P procedentes de suelos cultivados, esti\u00e9rcol\/pur\u00edn y residuos vegetales, as\u00ed como las emisiones de gases de efecto invernadero (N2O, CO2, CH4) y NH3 procedentes de suelos cultivados, establos y biomasa org\u00e1nica durante su almacenamiento, compostaje y aplicaci\u00f3n a la tierra.<\/p>\n<p>ECONUTRI optimizar\u00e1, validar\u00e1 y demostrar\u00e1 24 tecnolog\u00edas innovadoras que actualmente tienen un TRL de 4-6, y aumentar\u00e1 su TRL a 7-8. Estas tecnolog\u00edas son partes integradas de un concepto hol\u00edstico basado en el reciclaje de nutrientes y materia org\u00e1nica, maquinaria y fertilizantes novedosos, sistemas de apoyo a la toma de decisiones (DSS) novedosos y planes de gesti\u00f3n de nutrientes novedosos que incorporan soluciones basadas en la naturaleza para reducir las p\u00e9rdidas de nutrientes y aumentar la eficiencia de su uso.<\/p>\n<p>Los resultados incluyen algoritmos de an\u00e1lisis hiperespectral, plataformas DSS avanzadas en l\u00ednea para desarrollar planes inteligentes de gesti\u00f3n de nutrientes para cultivos ecol\u00f3gicos y convencionales, protocolos para sistemas de cultivo circulares en campo abierto e invernaderos, sistemas avanzados de retroalimentaci\u00f3n para el control de emisiones, novedosos esparcidores de esti\u00e9rcol, tecnolog\u00edas de tasa variable para fertilizaci\u00f3n de precisi\u00f3n, fertilizantes inteligentes y bioestimulantes que aumentan la eficiencia en el uso del N.<\/p>\n<p>ECONUTRI establecer\u00e1 ocho centros de demostraci\u00f3n y desplegar\u00e1 una amplia gama de actividades de difusi\u00f3n, comunicaci\u00f3n y explotaci\u00f3n para maximizar el impacto de los resultados y tecnolog\u00edas previstos.<\/p>\n<p>El proyecto est\u00e1 coordinado por la AUA, representada por el profesor Dimitrios Savvas. El consorcio est\u00e1 formado por 24 socios europeos y 6 socios chinos.<\/p>\n<p><strong>Duraci\u00f3n: Nov 2022-Abril 2026<\/strong><\/p>\n<p><strong>Convocatoria:<\/strong> <strong>HORIZON-CL6-2022-ZEROPOLLUTION-01<\/strong><\/p>\n<p><strong>R\u00e9gimen de financiaci\u00f3n: Horizon Europe-Innovation Action<\/strong><\/p>\n<p><strong>Convenio de subvenci\u00f3n N: 101081858<\/strong><\/p>\n<p><strong>Contribuci\u00f3n de la UE: 5 560 916,25 euros<\/strong><\/p>\n<\/div><\/div><\/div><\/div><\/div><\/p>\n","protected":false},"excerpt":{"rendered":"","protected":false},"author":1,"featured_media":0,"parent":0,"menu_order":0,"comment_status":"closed","ping_status":"closed","template":"100-width.php","meta":{"footnotes":""},"class_list":["post-8529","page","type-page","status-publish","hentry"],"_links":{"self":[{"href":"https:\/\/econutri-project.eu\/es\/wp-json\/wp\/v2\/pages\/8529"}],"collection":[{"href":"https:\/\/econutri-project.eu\/es\/wp-json\/wp\/v2\/pages"}],"about":[{"href":"https:\/\/econutri-project.eu\/es\/wp-json\/wp\/v2\/types\/page"}],"author":[{"embeddable":true,"href":"https:\/\/econutri-project.eu\/es\/wp-json\/wp\/v2\/users\/1"}],"replies":[{"embeddable":true,"href":"https:\/\/econutri-project.eu\/es\/wp-json\/wp\/v2\/comments?post=8529"}],"version-history":[{"count":6,"href":"https:\/\/econutri-project.eu\/es\/wp-json\/wp\/v2\/pages\/8529\/revisions"}],"predecessor-version":[{"id":8680,"href":"https:\/\/econutri-project.eu\/es\/wp-json\/wp\/v2\/pages\/8529\/revisions\/8680"}],"wp:attachment":[{"href":"https:\/\/econutri-project.eu\/es\/wp-json\/wp\/v2\/media?parent=8529"}],"curies":[{"name":"wp","href":"https:\/\/api.w.org\/{rel}","templated":true}]}}