{"id":8477,"date":"2023-06-19T15:54:50","date_gmt":"2023-06-19T12:54:50","guid":{"rendered":"https:\/\/econutri-project.eu\/universidad-de-tesalia\/"},"modified":"2024-01-17T12:57:44","modified_gmt":"2024-01-17T10:57:44","slug":"universidad-de-tesalia","status":"publish","type":"page","link":"https:\/\/econutri-project.eu\/es\/universidad-de-tesalia\/","title":{"rendered":"Universidad de Tesalia"},"content":{"rendered":"<p><div class=\"fusion-fullwidth fullwidth-box fusion-builder-row-1 fusion-flex-container has-pattern-background has-mask-background nonhundred-percent-fullwidth non-hundred-percent-height-scrolling\" style=\"--awb-border-radius-top-left:0px;--awb-border-radius-top-right:0px;--awb-border-radius-bottom-right:0px;--awb-border-radius-bottom-left:0px;--awb-margin-bottom:120px;--awb-margin-bottom-medium:160px;--awb-margin-bottom-small:145px;--awb-flex-wrap:wrap;\" ><div class=\"fusion-builder-row fusion-row fusion-flex-align-items-flex-start fusion-flex-justify-content-center fusion-flex-content-wrap\" style=\"max-width:1310.4px;margin-left: calc(-4% \/ 2 );margin-right: calc(-4% \/ 2 );\"><div class=\"fusion-layout-column fusion_builder_column fusion-builder-column-0 fusion_builder_column_2_3 2_3 fusion-flex-column fusion-animated\" style=\"--awb-bg-size:cover;--awb-width-large:66.666666666667%;--awb-margin-top-large:0px;--awb-spacing-right-large:2.88%;--awb-margin-bottom-large:0px;--awb-spacing-left-large:2.88%;--awb-width-medium:75%;--awb-order-medium:0;--awb-spacing-right-medium:2.56%;--awb-spacing-left-medium:2.56%;--awb-width-small:100%;--awb-order-small:0;--awb-spacing-right-small:1.92%;--awb-spacing-left-small:1.92%;\" data-animationType=\"fadeInDown\" data-animationDuration=\"1.3\" data-animationOffset=\"top-into-view\"><div class=\"fusion-column-wrapper fusion-column-has-shadow fusion-flex-justify-content-center fusion-content-layout-column\"><div class=\"fusion-title title fusion-title-1 fusion-sep-none fusion-title-center fusion-title-text fusion-title-size-two\" style=\"--awb-margin-bottom:35px;\"><h2 class=\"fusion-title-heading title-heading-center\" style=\"margin:0;\">Universidad de Tesalia (UTH)<\/h2><\/div><\/div><\/div><\/div><\/div><div class=\"fusion-fullwidth fullwidth-box fusion-builder-row-2 fusion-flex-container nonhundred-percent-fullwidth non-hundred-percent-height-scrolling\" style=\"--awb-border-radius-top-left:0px;--awb-border-radius-top-right:0px;--awb-border-radius-bottom-right:0px;--awb-border-radius-bottom-left:0px;--awb-flex-wrap:wrap;\" ><div class=\"fusion-builder-row fusion-row fusion-flex-align-items-flex-start fusion-flex-content-wrap\" style=\"max-width:1310.4px;margin-left: calc(-4% \/ 2 );margin-right: calc(-4% \/ 2 );\"><div class=\"fusion-layout-column fusion_builder_column fusion-builder-column-1 fusion_builder_column_1_1 1_1 fusion-flex-column\" style=\"--awb-bg-size:cover;--awb-width-large:100%;--awb-margin-top-large:0px;--awb-spacing-right-large:1.92%;--awb-margin-bottom-large:0px;--awb-spacing-left-large:1.92%;--awb-width-medium:100%;--awb-order-medium:0;--awb-spacing-right-medium:1.92%;--awb-spacing-left-medium:1.92%;--awb-width-small:100%;--awb-order-small:0;--awb-spacing-right-small:1.92%;--awb-spacing-left-small:1.92%;\"><div class=\"fusion-column-wrapper fusion-column-has-shadow fusion-flex-justify-content-flex-start fusion-content-layout-column\"><div class=\"fusion-section-separator section-separator big-half-circle fusion-section-separator-1\" style=\"--awb-spacer-height:150px;--awb-svg-margin-left:1.92%;--awb-svg-margin-right:1.92%;--awb-svg-margin-left-medium:1.92%;--awb-svg-margin-right-medium:1.92%;--awb-svg-margin-left-small:1.92%;--awb-svg-margin-right-small:1.92%;--awb-divider-height:150px;--awb-spacer-padding-top:inherit;--awb-sep-padding:0;--awb-svg-padding:0;\"><div class=\"fusion-section-separator-svg\"><svg class=\"fusion-big-half-circle-candy\" xmlns=\"http:\/\/www.w3.org\/2000\/svg\" version=\"1.1\" width=\"100%\" height=\"100\" viewBox=\"0 0 100 100\" preserveAspectRatio=\"none\" fill=\"rgba(48,181,95,0.05)\"><path d=\"M0 100 C40 0 60 0 100 100 Z\"><\/path><\/svg><\/div><div class=\"fusion-section-separator-spacer\"><div class=\"fusion-section-separator-spacer-height\"><\/div><\/div><\/div><\/div><\/div><\/div><\/div><div class=\"fusion-fullwidth fullwidth-box fusion-builder-row-3 fusion-flex-container has-pattern-background has-mask-background nonhundred-percent-fullwidth non-hundred-percent-height-scrolling\" style=\"--awb-border-radius-top-left:0px;--awb-border-radius-top-right:0px;--awb-border-radius-bottom-right:0px;--awb-border-radius-bottom-left:0px;--awb-padding-bottom:0px;--awb-padding-bottom-small:0px;--awb-margin-bottom-small:0px;--awb-background-image:linear-gradient(180deg, hsla(var(--awb-color5-h),var(--awb-color5-s),var(--awb-color5-l),calc( var(--awb-color5-a) - 95% )) 54%,var(--awb-color1) 100%);--awb-flex-wrap:wrap;\" ><div class=\"fusion-builder-row fusion-row fusion-flex-align-items-stretch fusion-flex-justify-content-center fusion-flex-content-wrap\" style=\"max-width:1310.4px;margin-left: calc(-4% \/ 2 );margin-right: calc(-4% \/ 2 );\"><div class=\"fusion-layout-column fusion_builder_column fusion-builder-column-2 fusion_builder_column_1_1 1_1 fusion-flex-column fusion-animated\" style=\"--awb-padding-top:45px;--awb-padding-right:55px;--awb-padding-bottom:35px;--awb-padding-left:55px;--awb-padding-top-small:40px;--awb-padding-right-small:30px;--awb-padding-bottom-small:40px;--awb-padding-left-small:30px;--awb-overflow:hidden;--awb-bg-color:var(--awb-color1);--awb-bg-color-hover:var(--awb-color1);--awb-bg-size:cover;--awb-box-shadow:0px 2px 6px 0px hsla(var(--awb-color8-h),var(--awb-color8-s),var(--awb-color8-l),calc( var(--awb-color8-a) - 89% ));;--awb-border-radius:12px 12px 12px 12px;--awb-width-large:100%;--awb-margin-top-large:-250px;--awb-spacing-right-large:1.92%;--awb-margin-bottom-large:20px;--awb-spacing-left-large:1.92%;--awb-width-medium:50%;--awb-order-medium:0;--awb-spacing-right-medium:3.84%;--awb-margin-bottom-medium:40px;--awb-spacing-left-medium:3.84%;--awb-width-small:100%;--awb-order-small:0;--awb-spacing-right-small:1.92%;--awb-spacing-left-small:1.92%;\" data-animationType=\"bounceInUp\" data-animationDuration=\"1.0\" data-animationOffset=\"top-into-view\"><div class=\"fusion-column-wrapper fusion-column-has-shadow fusion-flex-justify-content-flex-start fusion-content-layout-column\"><div class=\"fusion-image-element \" style=\"text-align:center;--awb-caption-title-font-family:var(--h2_typography-font-family);--awb-caption-title-font-weight:var(--h2_typography-font-weight);--awb-caption-title-font-style:var(--h2_typography-font-style);--awb-caption-title-size:var(--h2_typography-font-size);--awb-caption-title-transform:var(--h2_typography-text-transform);--awb-caption-title-line-height:var(--h2_typography-line-height);--awb-caption-title-letter-spacing:var(--h2_typography-letter-spacing);\"><span class=\" fusion-imageframe imageframe-none imageframe-1 hover-type-none\"><img decoding=\"async\" width=\"1010\" height=\"757\" title=\"UTH-1\" src=\"https:\/\/econutri-project.eu\/wp-content\/uploads\/2023\/06\/UTH-1.jpg\" data-orig-src=\"https:\/\/econutri-project.eu\/wp-content\/uploads\/2023\/06\/UTH-1.jpg\" alt class=\"lazyload img-responsive wp-image-4624\" srcset=\"data:image\/svg+xml,%3Csvg%20xmlns%3D%27http%3A%2F%2Fwww.w3.org%2F2000%2Fsvg%27%20width%3D%271010%27%20height%3D%27757%27%20viewBox%3D%270%200%201010%20757%27%3E%3Crect%20width%3D%271010%27%20height%3D%27757%27%20fill-opacity%3D%220%22%2F%3E%3C%2Fsvg%3E\" data-srcset=\"https:\/\/econutri-project.eu\/wp-content\/uploads\/2023\/06\/UTH-1-200x150.jpg 200w, https:\/\/econutri-project.eu\/wp-content\/uploads\/2023\/06\/UTH-1-400x300.jpg 400w, https:\/\/econutri-project.eu\/wp-content\/uploads\/2023\/06\/UTH-1-600x450.jpg 600w, https:\/\/econutri-project.eu\/wp-content\/uploads\/2023\/06\/UTH-1-800x600.jpg 800w, https:\/\/econutri-project.eu\/wp-content\/uploads\/2023\/06\/UTH-1.jpg 1010w\" data-sizes=\"auto\" data-orig-sizes=\"(max-width: 640px) 100vw, 1010px\" \/><\/span><\/div><div class=\"fusion-text fusion-text-1\" style=\"--awb-margin-top:40px;\"><p>La <strong>UTH<\/strong> (Universidad de Tesalia), representada en ECONUTRI por el profesor <strong>Nikolaos Katsoulas<\/strong>, participa en el proyecto con el Laboratorio de Construcciones Agr\u00edcolas y Control Ambiental (LACEC). LACEC-UTH es responsable del Parque Invernadero Piloto de UTH.<\/p>\n<p>UTH participa en los WP1, WP3, WP5, WP6 y WP7.<\/p>\n<ul>\n<li><strong><br \/>\n  <em>PT1<\/em><br \/>\n<\/strong><em>:<\/em><em> Actividades de comunicaci\u00f3n, difusi\u00f3n y explotaci\u00f3n<\/em>,<\/li>\n<li><strong><br \/>\n  <em>PT3<\/em><br \/>\n<\/strong><em>:<\/em><em> Tecnolog\u00edas de cultivo innovadoras que reducen la contaminaci\u00f3n del suelo y el agua por nutrientes optimizando el uso de fertilizantes<\/em>,<\/li>\n<li><strong><br \/>\n  <em>WP5<\/em><br \/>\n<\/strong><em>:<\/em><em> Impactos medioambientales, an\u00e1lisis del ciclo de vida y aspectos socioecon\u00f3micos<\/em>,<\/li>\n<li><strong><br \/>\n  <em>WP6<\/em><br \/>\n<\/strong><em>:<\/em> <em> Gesti\u00f3n de datos y an\u00e1lisis a nivel de sistema<\/em> y<\/li>\n<li><strong><br \/>\n  <em>WP7<\/em><br \/>\n<\/strong><em>:<\/em> <em> Gesti\u00f3n y coordinaci\u00f3n del proyecto<\/em>, liderado por AUA.<\/li>\n<\/ul>\n<p>El trabajo de UTH en los WP mencionados del proyecto ECONUTRI consiste en maximizar el reciclaje de los efluentes de fertirrigaci\u00f3n en sistemas cerrados de cultivo sin suelo mediante la reutilizaci\u00f3n de los efluentes en una secuencia de cultivos en cascada. El concepto de UTH en el proyecto consiste en reutilizar la soluci\u00f3n de drenaje de un cultivo (primario\/donante) en un cultivo secundario (receptor) y luego en un cultivo terciario, siguiendo una secuencia de flujo de los cultivos m\u00e1s a los menos sensibles a la salinidad. Bas\u00e1ndose en los resultados positivos de un proyecto piloto (CasH), la UTH optimizar\u00e1 un sistema hidrop\u00f3nico en cascada mediante la integraci\u00f3n de sensores y modelos novedosos para la gesti\u00f3n \u00f3ptima de la soluci\u00f3n nutritiva en cascada en funci\u00f3n de la fase de desarrollo y los requisitos del cultivo. Este enfoque de gesti\u00f3n inteligente de los nutrientes combinar\u00e1 informaci\u00f3n sobre las concentraciones de nutrientes y los \u00edndices de absorci\u00f3n, controlados mediante sensores y modelos de nueva generaci\u00f3n.<\/p>\n<\/div><div class=\"fusion-image-element \" style=\"text-align:center;--awb-caption-title-font-family:var(--h2_typography-font-family);--awb-caption-title-font-weight:var(--h2_typography-font-weight);--awb-caption-title-font-style:var(--h2_typography-font-style);--awb-caption-title-size:var(--h2_typography-font-size);--awb-caption-title-transform:var(--h2_typography-text-transform);--awb-caption-title-line-height:var(--h2_typography-line-height);--awb-caption-title-letter-spacing:var(--h2_typography-letter-spacing);\"><span class=\" fusion-imageframe imageframe-none imageframe-2 hover-type-none\"><img decoding=\"async\" width=\"1010\" height=\"757\" title=\"UTH-2\" src=\"https:\/\/econutri-project.eu\/wp-content\/uploads\/2023\/06\/UTH-2.jpg\" data-orig-src=\"https:\/\/econutri-project.eu\/wp-content\/uploads\/2023\/06\/UTH-2.jpg\" alt class=\"lazyload img-responsive wp-image-4634\" srcset=\"data:image\/svg+xml,%3Csvg%20xmlns%3D%27http%3A%2F%2Fwww.w3.org%2F2000%2Fsvg%27%20width%3D%271010%27%20height%3D%27757%27%20viewBox%3D%270%200%201010%20757%27%3E%3Crect%20width%3D%271010%27%20height%3D%27757%27%20fill-opacity%3D%220%22%2F%3E%3C%2Fsvg%3E\" data-srcset=\"https:\/\/econutri-project.eu\/wp-content\/uploads\/2023\/06\/UTH-2-200x150.jpg 200w, https:\/\/econutri-project.eu\/wp-content\/uploads\/2023\/06\/UTH-2-400x300.jpg 400w, https:\/\/econutri-project.eu\/wp-content\/uploads\/2023\/06\/UTH-2-600x450.jpg 600w, https:\/\/econutri-project.eu\/wp-content\/uploads\/2023\/06\/UTH-2-800x600.jpg 800w, https:\/\/econutri-project.eu\/wp-content\/uploads\/2023\/06\/UTH-2.jpg 1010w\" data-sizes=\"auto\" data-orig-sizes=\"(max-width: 640px) 100vw, 1010px\" \/><\/span><\/div><div class=\"fusion-text fusion-text-2\" style=\"--awb-margin-top:40px;\"><p>UTH demostrar\u00e1 el sistema en cascada en las instalaciones del Parque Piloto de Invernaderos de UTH en Velestino, cerca de Volos, en Grecia. Durante las actividades del periodo experimental\/demostrativo se organizar\u00e1n talleres para las partes interesadas y el sector local, as\u00ed como jornadas p\u00fablicas de puertas abiertas.<\/p>\n<p>Se elaborar\u00e1n y presentar\u00e1n protocolos y normas para el cultivo hidrop\u00f3nico en cascada sostenible.<\/p>\n<p>La UTH tambi\u00e9n participar\u00e1 en los estudios de evaluaci\u00f3n del impacto ambiental y socioecon\u00f3mico aportando datos del sistema en cascada. Por \u00faltimo, UTH contribuye en menor medida a la gesti\u00f3n de datos y proyectos de ECONUTRI.<\/p>\n<\/div><\/div><\/div><div class=\"fusion-layout-column fusion_builder_column fusion-builder-column-3 fusion_builder_column_1_2 1_2 fusion-flex-column fusion-animated\" style=\"--awb-padding-top:20px;--awb-padding-right:20px;--awb-padding-bottom:20px;--awb-padding-left:20px;--awb-padding-top-small:20px;--awb-padding-right-small:20px;--awb-padding-bottom-small:20px;--awb-padding-left-small:20px;--awb-overflow:hidden;--awb-bg-color:var(--awb-color1);--awb-bg-color-hover:var(--awb-color1);--awb-bg-size:cover;--awb-box-shadow:0px 2px 6px 0px hsla(var(--awb-color8-h),var(--awb-color8-s),var(--awb-color8-l),calc( var(--awb-color8-a) - 89% ));;--awb-border-radius:12px 12px 12px 12px;--awb-width-large:50%;--awb-margin-top-large:0px;--awb-spacing-right-large:10px;--awb-margin-bottom-large:20px;--awb-spacing-left-large:3.84%;--awb-width-medium:50%;--awb-order-medium:0;--awb-spacing-right-medium:10px;--awb-margin-bottom-medium:40px;--awb-spacing-left-medium:3.84%;--awb-width-small:100%;--awb-order-small:0;--awb-spacing-right-small:1.92%;--awb-spacing-left-small:1.92%;\" data-animationType=\"bounceInUp\" data-animationDuration=\"1.0\" data-animationOffset=\"top-into-view\"><div class=\"fusion-column-wrapper fusion-column-has-shadow fusion-flex-justify-content-flex-start fusion-content-layout-column\"><div class=\"fusion-image-element \" style=\"text-align:center;--awb-caption-title-font-family:var(--h2_typography-font-family);--awb-caption-title-font-weight:var(--h2_typography-font-weight);--awb-caption-title-font-style:var(--h2_typography-font-style);--awb-caption-title-size:var(--h2_typography-font-size);--awb-caption-title-transform:var(--h2_typography-text-transform);--awb-caption-title-line-height:var(--h2_typography-line-height);--awb-caption-title-letter-spacing:var(--h2_typography-letter-spacing);\"><span class=\" fusion-imageframe imageframe-none imageframe-3 hover-type-none\"><img decoding=\"async\" width=\"1920\" height=\"1080\" title=\"UTH-3\" src=\"https:\/\/econutri-project.eu\/wp-content\/uploads\/2023\/06\/UTH-3.jpg\" data-orig-src=\"https:\/\/econutri-project.eu\/wp-content\/uploads\/2023\/06\/UTH-3.jpg\" alt class=\"lazyload img-responsive wp-image-4644\" srcset=\"data:image\/svg+xml,%3Csvg%20xmlns%3D%27http%3A%2F%2Fwww.w3.org%2F2000%2Fsvg%27%20width%3D%271920%27%20height%3D%271080%27%20viewBox%3D%270%200%201920%201080%27%3E%3Crect%20width%3D%271920%27%20height%3D%271080%27%20fill-opacity%3D%220%22%2F%3E%3C%2Fsvg%3E\" data-srcset=\"https:\/\/econutri-project.eu\/wp-content\/uploads\/2023\/06\/UTH-3-200x113.jpg 200w, https:\/\/econutri-project.eu\/wp-content\/uploads\/2023\/06\/UTH-3-400x225.jpg 400w, https:\/\/econutri-project.eu\/wp-content\/uploads\/2023\/06\/UTH-3-600x338.jpg 600w, https:\/\/econutri-project.eu\/wp-content\/uploads\/2023\/06\/UTH-3-800x450.jpg 800w, https:\/\/econutri-project.eu\/wp-content\/uploads\/2023\/06\/UTH-3-1200x675.jpg 1200w, https:\/\/econutri-project.eu\/wp-content\/uploads\/2023\/06\/UTH-3.jpg 1920w\" data-sizes=\"auto\" data-orig-sizes=\"(max-width: 640px) 100vw, 600px\" \/><\/span><\/div><\/div><\/div><div class=\"fusion-layout-column fusion_builder_column fusion-builder-column-4 fusion_builder_column_1_2 1_2 fusion-flex-column fusion-animated\" style=\"--awb-padding-top:20px;--awb-padding-right:20px;--awb-padding-bottom:20px;--awb-padding-left:20px;--awb-padding-top-small:20px;--awb-padding-right-small:20px;--awb-padding-bottom-small:20px;--awb-padding-left-small:20px;--awb-overflow:hidden;--awb-bg-color:var(--awb-color1);--awb-bg-color-hover:var(--awb-color1);--awb-bg-size:cover;--awb-box-shadow:0px 2px 6px 0px hsla(var(--awb-color8-h),var(--awb-color8-s),var(--awb-color8-l),calc( var(--awb-color8-a) - 89% ));;--awb-border-radius:12px 12px 12px 12px;--awb-width-large:50%;--awb-margin-top-large:0px;--awb-spacing-right-large:10px;--awb-margin-bottom-large:20px;--awb-spacing-left-large:3.84%;--awb-width-medium:50%;--awb-order-medium:0;--awb-spacing-right-medium:10px;--awb-margin-bottom-medium:40px;--awb-spacing-left-medium:3.84%;--awb-width-small:100%;--awb-order-small:0;--awb-spacing-right-small:1.92%;--awb-spacing-left-small:1.92%;\" data-animationType=\"bounceInUp\" data-animationDuration=\"1.0\" data-animationOffset=\"top-into-view\"><div class=\"fusion-column-wrapper fusion-column-has-shadow fusion-flex-justify-content-flex-start fusion-content-layout-column\"><div class=\"fusion-image-element \" style=\"text-align:center;--awb-caption-title-font-family:var(--h2_typography-font-family);--awb-caption-title-font-weight:var(--h2_typography-font-weight);--awb-caption-title-font-style:var(--h2_typography-font-style);--awb-caption-title-size:var(--h2_typography-font-size);--awb-caption-title-transform:var(--h2_typography-text-transform);--awb-caption-title-line-height:var(--h2_typography-line-height);--awb-caption-title-letter-spacing:var(--h2_typography-letter-spacing);\"><span class=\" fusion-imageframe imageframe-none imageframe-4 hover-type-none\"><img decoding=\"async\" width=\"1920\" height=\"1080\" title=\"UTH-4\" src=\"https:\/\/econutri-project.eu\/wp-content\/uploads\/2023\/06\/UTH-4.jpg\" data-orig-src=\"https:\/\/econutri-project.eu\/wp-content\/uploads\/2023\/06\/UTH-4.jpg\" alt class=\"lazyload img-responsive wp-image-4654\" srcset=\"data:image\/svg+xml,%3Csvg%20xmlns%3D%27http%3A%2F%2Fwww.w3.org%2F2000%2Fsvg%27%20width%3D%271920%27%20height%3D%271080%27%20viewBox%3D%270%200%201920%201080%27%3E%3Crect%20width%3D%271920%27%20height%3D%271080%27%20fill-opacity%3D%220%22%2F%3E%3C%2Fsvg%3E\" data-srcset=\"https:\/\/econutri-project.eu\/wp-content\/uploads\/2023\/06\/UTH-4-200x113.jpg 200w, https:\/\/econutri-project.eu\/wp-content\/uploads\/2023\/06\/UTH-4-400x225.jpg 400w, https:\/\/econutri-project.eu\/wp-content\/uploads\/2023\/06\/UTH-4-600x338.jpg 600w, https:\/\/econutri-project.eu\/wp-content\/uploads\/2023\/06\/UTH-4-800x450.jpg 800w, https:\/\/econutri-project.eu\/wp-content\/uploads\/2023\/06\/UTH-4-1200x675.jpg 1200w, https:\/\/econutri-project.eu\/wp-content\/uploads\/2023\/06\/UTH-4.jpg 1920w\" data-sizes=\"auto\" data-orig-sizes=\"(max-width: 640px) 100vw, 600px\" \/><\/span><\/div><\/div><\/div><\/div><\/div><\/p>\n","protected":false},"excerpt":{"rendered":"","protected":false},"author":1,"featured_media":0,"parent":0,"menu_order":0,"comment_status":"closed","ping_status":"closed","template":"100-width.php","meta":{"footnotes":""},"class_list":["post-8477","page","type-page","status-publish","hentry"],"_links":{"self":[{"href":"https:\/\/econutri-project.eu\/es\/wp-json\/wp\/v2\/pages\/8477"}],"collection":[{"href":"https:\/\/econutri-project.eu\/es\/wp-json\/wp\/v2\/pages"}],"about":[{"href":"https:\/\/econutri-project.eu\/es\/wp-json\/wp\/v2\/types\/page"}],"author":[{"embeddable":true,"href":"https:\/\/econutri-project.eu\/es\/wp-json\/wp\/v2\/users\/1"}],"replies":[{"embeddable":true,"href":"https:\/\/econutri-project.eu\/es\/wp-json\/wp\/v2\/comments?post=8477"}],"version-history":[{"count":8,"href":"https:\/\/econutri-project.eu\/es\/wp-json\/wp\/v2\/pages\/8477\/revisions"}],"predecessor-version":[{"id":8741,"href":"https:\/\/econutri-project.eu\/es\/wp-json\/wp\/v2\/pages\/8477\/revisions\/8741"}],"wp:attachment":[{"href":"https:\/\/econutri-project.eu\/es\/wp-json\/wp\/v2\/media?parent=8477"}],"curies":[{"name":"wp","href":"https:\/\/api.w.org\/{rel}","templated":true}]}}