{"id":7678,"date":"2023-12-21T11:53:01","date_gmt":"2023-12-21T09:53:01","guid":{"rendered":"https:\/\/econutri-project.eu\/biografia-alberto-pardossi\/"},"modified":"2024-01-17T12:51:08","modified_gmt":"2024-01-17T10:51:08","slug":"biografia-alberto-pardossi","status":"publish","type":"page","link":"https:\/\/econutri-project.eu\/es\/biografia-alberto-pardossi\/","title":{"rendered":"Biograf\u00eda &#8211; Alberto Pardossi"},"content":{"rendered":"<p><div class=\"fusion-fullwidth fullwidth-box fusion-builder-row-1 fusion-flex-container has-pattern-background has-mask-background nonhundred-percent-fullwidth non-hundred-percent-height-scrolling\" style=\"--awb-border-radius-top-left:0px;--awb-border-radius-top-right:0px;--awb-border-radius-bottom-right:0px;--awb-border-radius-bottom-left:0px;--awb-margin-bottom:120px;--awb-margin-bottom-medium:160px;--awb-margin-bottom-small:145px;--awb-flex-wrap:wrap;\" ><div class=\"fusion-builder-row fusion-row fusion-flex-align-items-flex-start fusion-flex-justify-content-center fusion-flex-content-wrap\" style=\"max-width:1310.4px;margin-left: calc(-4% \/ 2 );margin-right: calc(-4% \/ 2 );\"><div class=\"fusion-layout-column fusion_builder_column fusion-builder-column-0 fusion_builder_column_2_3 2_3 fusion-flex-column fusion-animated\" style=\"--awb-bg-size:cover;--awb-width-large:66.666666666667%;--awb-margin-top-large:0px;--awb-spacing-right-large:2.88%;--awb-margin-bottom-large:0px;--awb-spacing-left-large:2.88%;--awb-width-medium:75%;--awb-order-medium:0;--awb-spacing-right-medium:2.56%;--awb-spacing-left-medium:2.56%;--awb-width-small:100%;--awb-order-small:0;--awb-spacing-right-small:1.92%;--awb-spacing-left-small:1.92%;\" data-animationType=\"fadeInDown\" data-animationDuration=\"1.3\" data-animationOffset=\"top-into-view\"><div class=\"fusion-column-wrapper fusion-column-has-shadow fusion-flex-justify-content-center fusion-content-layout-column\"><div class=\"fusion-title title fusion-title-1 fusion-sep-none fusion-title-center fusion-title-text fusion-title-size-two\" style=\"--awb-margin-bottom:35px;\"><h2 class=\"fusion-title-heading title-heading-center\" style=\"margin:0;\">Biograf\u00eda &#8211; Alberto Pardossi<\/h2><\/div><\/div><\/div><\/div><\/div><div class=\"fusion-fullwidth fullwidth-box fusion-builder-row-2 fusion-flex-container nonhundred-percent-fullwidth non-hundred-percent-height-scrolling\" style=\"--awb-border-radius-top-left:0px;--awb-border-radius-top-right:0px;--awb-border-radius-bottom-right:0px;--awb-border-radius-bottom-left:0px;--awb-flex-wrap:wrap;\" ><div class=\"fusion-builder-row fusion-row fusion-flex-align-items-flex-start fusion-flex-content-wrap\" style=\"max-width:1310.4px;margin-left: calc(-4% \/ 2 );margin-right: calc(-4% \/ 2 );\"><div class=\"fusion-layout-column fusion_builder_column fusion-builder-column-1 fusion_builder_column_1_1 1_1 fusion-flex-column\" style=\"--awb-bg-size:cover;--awb-width-large:100%;--awb-margin-top-large:0px;--awb-spacing-right-large:1.92%;--awb-margin-bottom-large:0px;--awb-spacing-left-large:1.92%;--awb-width-medium:100%;--awb-order-medium:0;--awb-spacing-right-medium:1.92%;--awb-spacing-left-medium:1.92%;--awb-width-small:100%;--awb-order-small:0;--awb-spacing-right-small:1.92%;--awb-spacing-left-small:1.92%;\"><div class=\"fusion-column-wrapper fusion-column-has-shadow fusion-flex-justify-content-flex-start fusion-content-layout-column\"><div class=\"fusion-section-separator section-separator big-half-circle fusion-section-separator-1\" style=\"--awb-spacer-height:150px;--awb-svg-margin-left:1.92%;--awb-svg-margin-right:1.92%;--awb-svg-margin-left-medium:1.92%;--awb-svg-margin-right-medium:1.92%;--awb-svg-margin-left-small:1.92%;--awb-svg-margin-right-small:1.92%;--awb-divider-height:150px;--awb-spacer-padding-top:inherit;--awb-sep-padding:0;--awb-svg-padding:0;\"><div class=\"fusion-section-separator-svg\"><svg class=\"fusion-big-half-circle-candy\" xmlns=\"http:\/\/www.w3.org\/2000\/svg\" version=\"1.1\" width=\"100%\" height=\"100\" viewBox=\"0 0 100 100\" preserveAspectRatio=\"none\" fill=\"rgba(48,181,95,0.05)\"><path d=\"M0 100 C40 0 60 0 100 100 Z\"><\/path><\/svg><\/div><div class=\"fusion-section-separator-spacer\"><div class=\"fusion-section-separator-spacer-height\"><\/div><\/div><\/div><\/div><\/div><\/div><\/div><div id=\"1-UK-Edinburgh-JHI-P30\" class=\"fusion-container-anchor\"><div class=\"fusion-fullwidth fullwidth-box fusion-builder-row-3 fusion-flex-container has-pattern-background has-mask-background nonhundred-percent-fullwidth non-hundred-percent-height-scrolling\" style=\"--awb-border-radius-top-left:0px;--awb-border-radius-top-right:0px;--awb-border-radius-bottom-right:0px;--awb-border-radius-bottom-left:0px;--awb-padding-bottom:0px;--awb-padding-bottom-small:0px;--awb-margin-bottom-small:0px;--awb-background-image:linear-gradient(180deg, hsla(var(--awb-color5-h),var(--awb-color5-s),var(--awb-color5-l),calc(var(--awb-color5-a) - 95%)) 54%,var(--awb-color1) 100%);--awb-flex-wrap:wrap;\" ><div class=\"fusion-builder-row fusion-row fusion-flex-align-items-stretch fusion-flex-justify-content-center fusion-flex-content-wrap\" style=\"max-width:1310.4px;margin-left: calc(-4% \/ 2 );margin-right: calc(-4% \/ 2 );\"><div class=\"fusion-layout-column fusion_builder_column fusion-builder-column-2 fusion_builder_column_1_1 1_1 fusion-flex-column fusion-animated\" style=\"--awb-padding-top:45px;--awb-padding-right:55px;--awb-padding-bottom:35px;--awb-padding-left:55px;--awb-padding-top-small:40px;--awb-padding-right-small:30px;--awb-padding-bottom-small:40px;--awb-padding-left-small:30px;--awb-overflow:hidden;--awb-bg-color:var(--awb-color1);--awb-bg-color-hover:var(--awb-color1);--awb-bg-size:cover;--awb-box-shadow:0px 2px 6px 0px hsla(var(--awb-color8-h),var(--awb-color8-s),var(--awb-color8-l),calc( var(--awb-color8-a) - 89% ));;--awb-border-radius:12px 12px 12px 12px;--awb-width-large:100%;--awb-margin-top-large:-250px;--awb-spacing-right-large:1.92%;--awb-margin-bottom-large:20px;--awb-spacing-left-large:1.92%;--awb-width-medium:50%;--awb-order-medium:0;--awb-spacing-right-medium:3.84%;--awb-margin-bottom-medium:40px;--awb-spacing-left-medium:3.84%;--awb-width-small:100%;--awb-order-small:0;--awb-spacing-right-small:1.92%;--awb-spacing-left-small:1.92%;\" data-animationType=\"bounceInUp\" data-animationDuration=\"1.0\" data-animationOffset=\"top-into-view\"><div class=\"fusion-column-wrapper fusion-column-has-shadow fusion-flex-justify-content-flex-start fusion-content-layout-column\"><div class=\"fusion-image-element \" style=\"text-align:center;--awb-max-width:300px;--awb-caption-title-font-family:var(--h2_typography-font-family);--awb-caption-title-font-weight:var(--h2_typography-font-weight);--awb-caption-title-font-style:var(--h2_typography-font-style);--awb-caption-title-size:var(--h2_typography-font-size);--awb-caption-title-transform:var(--h2_typography-text-transform);--awb-caption-title-line-height:var(--h2_typography-line-height);--awb-caption-title-letter-spacing:var(--h2_typography-letter-spacing);\"><span class=\" fusion-imageframe imageframe-none imageframe-1 hover-type-none\" style=\"border:1px solid var(--awb-color1);border-radius:50%;\"><img decoding=\"async\" width=\"407\" height=\"407\" title=\"fbt\" src=\"https:\/\/econutri-project.eu\/wp-content\/uploads\/2023\/12\/Alberto-Pardossi.jpg\" data-orig-src=\"https:\/\/econutri-project.eu\/wp-content\/uploads\/2023\/12\/Alberto-Pardossi.jpg\" alt class=\"lazyload img-responsive wp-image-6143\" srcset=\"data:image\/svg+xml,%3Csvg%20xmlns%3D%27http%3A%2F%2Fwww.w3.org%2F2000%2Fsvg%27%20width%3D%27407%27%20height%3D%27407%27%20viewBox%3D%270%200%20407%20407%27%3E%3Crect%20width%3D%27407%27%20height%3D%27407%27%20fill-opacity%3D%220%22%2F%3E%3C%2Fsvg%3E\" data-srcset=\"https:\/\/econutri-project.eu\/wp-content\/uploads\/2023\/12\/Alberto-Pardossi-200x200.jpg 200w, https:\/\/econutri-project.eu\/wp-content\/uploads\/2023\/12\/Alberto-Pardossi-400x400.jpg 400w, https:\/\/econutri-project.eu\/wp-content\/uploads\/2023\/12\/Alberto-Pardossi.jpg 407w\" data-sizes=\"auto\" data-orig-sizes=\"(max-width: 640px) 100vw, 407px\" \/><\/span><\/div><div class=\"fusion-text fusion-text-1\" style=\"--awb-margin-top:30px;\"><p><strong>Alberto Pardossi<\/strong> (nacido en 1958): Licenciado en Ciencias Agrarias (1983) y Doctor en Horticultura (1989) por la Universidad de Pisa. Ayudante de Investigaci\u00f3n en la Universidad de Pisa (1988-1999); Profesor Asociado de Cultivos Hort\u00edcolas y Ornamentales en la Universidad de Mil\u00e1n (1998-2001) y despu\u00e9s en la Universidad de Pisa (2001-2012); Profesor Titular de Cultivos Hort\u00edcolas y Ornamentales en la Universidad de Pisa (desde 2012); Coordinador del Programa de Doctorado en Agricultura, Alimentaci\u00f3n y Medio Ambiente (2008-2016); Director del Departamento de Agricultura, Alimentaci\u00f3n y Medio Ambiente (2016-2020).<\/p>\n<p><strong>Actividades docentes actuales:<\/strong> Principios b\u00e1sicos de los cultivos hort\u00edcolas y ornamentales (Licenciatura en Ciencias Agrarias); Cultivo artificial de plantas alimenticias y medicinales (M\u00e1ster en Biotecnolog\u00edas Vegetales y Microbianas).<\/p>\n<p><strong>Principales intereses de investigaci\u00f3n: <\/strong>cultivos sin suelo en invernaderos (incluida la acuapon\u00eda) y viveros al aire libre en contenedores (relaciones h\u00eddricas de las plantas y nutrici\u00f3n mineral; sustrato; modelizaci\u00f3n de cultivos); calidad comercial y nutrac\u00e9utica de las hortalizas; cultivos hort\u00edcolas al aire libre (nutrici\u00f3n mineral, gesti\u00f3n del riego).<\/p>\n<p><strong>Principales proyectos de investigaci\u00f3n:  <\/strong>AZORT (proyecto nacional sobre nutrici\u00f3n nitrogenada de cultivos hort\u00edcolas; jefe de proyecto; www.azort.it; 2007-2011); FLOWAID (EU-FP6, Farm Level Optimal Water Management: Assistant for Irrigation under Deficit, jefe de grupo de trabajo; 2006-2009); EUPHOROS &#8211; Efficient Use of Input in Protected Horticulture (EU-FP7; jefe de equipo; 2008-2012); TEAP (2014 FP7 PEOPLE &#8211; International Research Staff Exchange Scheme, \u00abA Traceability and Early warning system for supply chain of Agricultural Product: complementarities between EU and China\u00bb; jefe de equipo); PRINBoro &#8211; Response to boron in vegetable crops (PRIN 200; jefe de proyecto); ERBAVOLANT (16.\u00ba Programa Marco de Investigaci\u00f3n y Desarrollo de la UE; jefe de proyecto; 2007-2011).2, PSR 2014-2020 Regione Toscana; jefe de proyecto; 2020-2021); SIMTAP &#8211; Self-sufficient Integrated Multi-Trophic AquaPonic systems for improving food production sustainability and brackish water use and recycling (PRIMA 2018; jefe de proyecto; 2019-2022).<\/p>\n<p><strong>Publicaciones: <\/strong>M\u00e1s de 300 publicaciones; 163 art\u00edculos o ponencias de conferencias indexados en SCOPUS; \u00edndice H 37.<\/p>\n<p><strong>Lista de los 10 mejores art\u00edculos (desde 2019)<\/strong><\/p>\n<p>1. Puccinelli, M., Galati, D., Carmassi, G., Rossi, L., Pardossi, A., Incrocci, L. Leaf production and quality of sea beet<em>(Beta vulgaris<\/em> subsp. <em>maritima<\/em>) grown with saline drainage water from recirculating hydroponic or aquaculture systems. (2023) Scientia Horticulturae, 322, art. no. 112416. DOi: 10.1016\/j.scienta.2023.1124162. Puccinelli, M., Rosellini, I., Malorgio, F., Pardossi, A., Pezzarossa, B. Biofortificaci\u00f3n con yodo de la acelga<em>(<\/em><em>Beta vulgaris <\/em>ssp. <em>vulgaris<\/em> var. <em>cicla<\/em>) y su ancestro silvestre la remolacha de mar<em>(Beta vulgaris <\/em>ssp.<em>. maritima<\/em>) cultivadas hidrop\u00f3nicamente como hojas tiernas: efectos sobre la producci\u00f3n y la calidad de las hojas. (2023) Journal of the Science of Food and Agriculture, 103 (15), pp. 7888-7895. DOI=10.1002%2fjsfa.128763. Gava, O., Ant\u00f3n, A., Carmassi, G., Pardossi, A., Incrocci, L., Bartolini, F. Reutilizaci\u00f3n del agua de drenaje y del sustrato para mejorar el rendimiento medioambiental y econ\u00f3mico de los cultivos mediterr\u00e1neos en invernadero (2023) Journal of Cleaner Production, 413, art. no. 137510. doi=10.1016%2fj.jclepro.2023.1375104. Puccinelli, M., Carmassi, G., Pardossi, A., Incrocci, L. Wild edible plant species grown hydroponically with crop drainage water in a Mediterranean climate: Rendimiento de los cultivos, calidad de las hojas y uso de agua y nutrientes. (2023) Gesti\u00f3n del agua en la agricultura, 282, art. no. 108275. DOI:10.1016\/j.agwat.2023.1082755. Germano, R.P., Melito, S., Cacini, S., Carmassi, G., Leoni, F., Maggini, R., Montesano, F.F., Pardossi, A., Massa, D. Sweet basil can be grown hydroponically at low phosphorus and high sodium chloride concentration: Effect on plant and nutrient solution management. (2022) Scientia Horticulturae, 304, art. no. 111324. DOI: 10.1016\/j.scienta.2022.1113246. Puccinelli, M., Landi, M., Maggini, R., Pardossi, A., Incrocci, L. Biofortificaci\u00f3n con yodo de la albahaca dulce y la lechuga cultivadas en dos sistemas hidrop\u00f3nicos. (2021) Scientia Horticulturae, 276, art. no. 109783. DOI=10.1016%2fj.scienta.2020.1097837. Incrocci, L., Carmassi, G., Maggini, R., Poli, C., Saidov, D., Tamburini, C., Kiferle, C., Perata, P., Pardossi, A. Acumulaci\u00f3n de yodo y tolerancia en la albahaca dulce<em>(Ocimum basilicum<\/em>  L.) con hojas verdes o p\u00farpuras cultivadas en t\u00e9cnica de sistema flotante. (2019) Frontiers in Plant Science, 10, art. n\u00ba 1494. DOI=10.3389%2ffpls.2019.014948. Moles, T.M., de Brito Francisco, R., Mariotti, L., Pompeiano, A., Lupini, A., Incrocci, L., Carmassi, G., Scartazza, A., Pistelli, L., Guglielminetti, L., Pardossi, A., Sunseri, F., H\u00f6rtensteiner, S., Santelia, D. Salinity in Autumn-Winter Season and Fruit Quality of Tomato Landraces. (2019) Frontiers in Plant Science, 10, art. n\u00ba 1078. DOI=10.3389%2ffpls.2019.010789. Incrocci, L., Marzialetti, P., Incrocci, G., Di Vita, A., Balendonck, J., Bibbiani, C., Spagnol, S., Pardossi, A. Gesti\u00f3n basada en sensores de cultivos en viveros de contenedores regados con agua dulce o salina. (2019) Gesti\u00f3n del agua en agricultura, 213, pp. 49-61. DOI=10.1016%2fj.agwat.2018.09.054Lucchesini, M., Pacifici, S., Maggini, R., Pardossi, A., Mensuali Sodi, A. A novel microfloating culture system for the in vitro rooting of  <em>Echinacea angustifolia<\/em> D.C.: rendimiento fotosint\u00e9tico y producci\u00f3n de derivados del \u00e1cido cafeico. (2019) Plant Cell, Tissue and Organ Culture, 136 (1), pp. 123-132. DOI=10.1007%2fs11240-018-1498-2<\/p>\n<\/div><\/div><\/div><\/div><\/div><\/div><\/p>\n","protected":false},"excerpt":{"rendered":"","protected":false},"author":1,"featured_media":0,"parent":0,"menu_order":0,"comment_status":"closed","ping_status":"closed","template":"100-width.php","meta":{"footnotes":""},"class_list":["post-7678","page","type-page","status-publish","hentry"],"_links":{"self":[{"href":"https:\/\/econutri-project.eu\/es\/wp-json\/wp\/v2\/pages\/7678"}],"collection":[{"href":"https:\/\/econutri-project.eu\/es\/wp-json\/wp\/v2\/pages"}],"about":[{"href":"https:\/\/econutri-project.eu\/es\/wp-json\/wp\/v2\/types\/page"}],"author":[{"embeddable":true,"href":"https:\/\/econutri-project.eu\/es\/wp-json\/wp\/v2\/users\/1"}],"replies":[{"embeddable":true,"href":"https:\/\/econutri-project.eu\/es\/wp-json\/wp\/v2\/comments?post=7678"}],"version-history":[{"count":4,"href":"https:\/\/econutri-project.eu\/es\/wp-json\/wp\/v2\/pages\/7678\/revisions"}],"predecessor-version":[{"id":7780,"href":"https:\/\/econutri-project.eu\/es\/wp-json\/wp\/v2\/pages\/7678\/revisions\/7780"}],"wp:attachment":[{"href":"https:\/\/econutri-project.eu\/es\/wp-json\/wp\/v2\/media?parent=7678"}],"curies":[{"name":"wp","href":"https:\/\/api.w.org\/{rel}","templated":true}]}}