{"id":7536,"date":"2023-12-21T11:59:34","date_gmt":"2023-12-21T09:59:34","guid":{"rendered":"https:\/\/econutri-project.eu\/biografia-youbin-zheng\/"},"modified":"2024-01-17T12:51:08","modified_gmt":"2024-01-17T10:51:08","slug":"biografia-youbin-zheng","status":"publish","type":"page","link":"https:\/\/econutri-project.eu\/es\/biografia-youbin-zheng\/","title":{"rendered":"Biograf\u00eda &#8211; Youbin Zheng"},"content":{"rendered":"<p><div class=\"fusion-fullwidth fullwidth-box fusion-builder-row-1 fusion-flex-container has-pattern-background has-mask-background nonhundred-percent-fullwidth non-hundred-percent-height-scrolling\" style=\"--awb-border-radius-top-left:0px;--awb-border-radius-top-right:0px;--awb-border-radius-bottom-right:0px;--awb-border-radius-bottom-left:0px;--awb-margin-bottom:120px;--awb-margin-bottom-medium:160px;--awb-margin-bottom-small:145px;--awb-flex-wrap:wrap;\" ><div class=\"fusion-builder-row fusion-row fusion-flex-align-items-flex-start fusion-flex-justify-content-center fusion-flex-content-wrap\" style=\"max-width:1310.4px;margin-left: calc(-4% \/ 2 );margin-right: calc(-4% \/ 2 );\"><div class=\"fusion-layout-column fusion_builder_column fusion-builder-column-0 fusion_builder_column_2_3 2_3 fusion-flex-column fusion-animated\" style=\"--awb-bg-size:cover;--awb-width-large:66.666666666667%;--awb-margin-top-large:0px;--awb-spacing-right-large:2.88%;--awb-margin-bottom-large:0px;--awb-spacing-left-large:2.88%;--awb-width-medium:75%;--awb-order-medium:0;--awb-spacing-right-medium:2.56%;--awb-spacing-left-medium:2.56%;--awb-width-small:100%;--awb-order-small:0;--awb-spacing-right-small:1.92%;--awb-spacing-left-small:1.92%;\" data-animationType=\"fadeInDown\" data-animationDuration=\"1.3\" data-animationOffset=\"top-into-view\"><div class=\"fusion-column-wrapper fusion-column-has-shadow fusion-flex-justify-content-center fusion-content-layout-column\"><div class=\"fusion-title title fusion-title-1 fusion-sep-none fusion-title-center fusion-title-text fusion-title-size-two\" style=\"--awb-margin-bottom:35px;\"><h2 class=\"fusion-title-heading title-heading-center\" style=\"margin:0;\">Biograf\u00eda &#8211; Youbin Zheng<\/h2><\/div><\/div><\/div><\/div><\/div><div class=\"fusion-fullwidth fullwidth-box fusion-builder-row-2 fusion-flex-container nonhundred-percent-fullwidth non-hundred-percent-height-scrolling\" style=\"--awb-border-radius-top-left:0px;--awb-border-radius-top-right:0px;--awb-border-radius-bottom-right:0px;--awb-border-radius-bottom-left:0px;--awb-flex-wrap:wrap;\" ><div class=\"fusion-builder-row fusion-row fusion-flex-align-items-flex-start fusion-flex-content-wrap\" style=\"max-width:1310.4px;margin-left: calc(-4% \/ 2 );margin-right: calc(-4% \/ 2 );\"><div class=\"fusion-layout-column fusion_builder_column fusion-builder-column-1 fusion_builder_column_1_1 1_1 fusion-flex-column\" style=\"--awb-bg-size:cover;--awb-width-large:100%;--awb-margin-top-large:0px;--awb-spacing-right-large:1.92%;--awb-margin-bottom-large:0px;--awb-spacing-left-large:1.92%;--awb-width-medium:100%;--awb-order-medium:0;--awb-spacing-right-medium:1.92%;--awb-spacing-left-medium:1.92%;--awb-width-small:100%;--awb-order-small:0;--awb-spacing-right-small:1.92%;--awb-spacing-left-small:1.92%;\"><div class=\"fusion-column-wrapper fusion-column-has-shadow fusion-flex-justify-content-flex-start fusion-content-layout-column\"><div class=\"fusion-section-separator section-separator big-half-circle fusion-section-separator-1\" style=\"--awb-spacer-height:150px;--awb-svg-margin-left:1.92%;--awb-svg-margin-right:1.92%;--awb-svg-margin-left-medium:1.92%;--awb-svg-margin-right-medium:1.92%;--awb-svg-margin-left-small:1.92%;--awb-svg-margin-right-small:1.92%;--awb-divider-height:150px;--awb-spacer-padding-top:inherit;--awb-sep-padding:0;--awb-svg-padding:0;\"><div class=\"fusion-section-separator-svg\"><svg class=\"fusion-big-half-circle-candy\" xmlns=\"http:\/\/www.w3.org\/2000\/svg\" version=\"1.1\" width=\"100%\" height=\"100\" viewBox=\"0 0 100 100\" preserveAspectRatio=\"none\" fill=\"rgba(48,181,95,0.05)\"><path d=\"M0 100 C40 0 60 0 100 100 Z\"><\/path><\/svg><\/div><div class=\"fusion-section-separator-spacer\"><div class=\"fusion-section-separator-spacer-height\"><\/div><\/div><\/div><\/div><\/div><\/div><\/div><div id=\"1-UK-Edinburgh-JHI-P30\" class=\"fusion-container-anchor\"><div class=\"fusion-fullwidth fullwidth-box fusion-builder-row-3 fusion-flex-container has-pattern-background has-mask-background nonhundred-percent-fullwidth non-hundred-percent-height-scrolling\" style=\"--awb-border-radius-top-left:0px;--awb-border-radius-top-right:0px;--awb-border-radius-bottom-right:0px;--awb-border-radius-bottom-left:0px;--awb-padding-bottom:0px;--awb-padding-bottom-small:0px;--awb-margin-bottom-small:0px;--awb-background-image:linear-gradient(180deg, hsla(var(--awb-color5-h),var(--awb-color5-s),var(--awb-color5-l),calc(var(--awb-color5-a) - 95%)) 54%,var(--awb-color1) 100%);--awb-flex-wrap:wrap;\" ><div class=\"fusion-builder-row fusion-row fusion-flex-align-items-stretch fusion-flex-justify-content-center fusion-flex-content-wrap\" style=\"max-width:1310.4px;margin-left: calc(-4% \/ 2 );margin-right: calc(-4% \/ 2 );\"><div class=\"fusion-layout-column fusion_builder_column fusion-builder-column-2 fusion_builder_column_1_1 1_1 fusion-flex-column fusion-animated\" style=\"--awb-padding-top:45px;--awb-padding-right:55px;--awb-padding-bottom:35px;--awb-padding-left:55px;--awb-padding-top-small:40px;--awb-padding-right-small:30px;--awb-padding-bottom-small:40px;--awb-padding-left-small:30px;--awb-overflow:hidden;--awb-bg-color:var(--awb-color1);--awb-bg-color-hover:var(--awb-color1);--awb-bg-size:cover;--awb-box-shadow:0px 2px 6px 0px hsla(var(--awb-color8-h),var(--awb-color8-s),var(--awb-color8-l),calc( var(--awb-color8-a) - 89% ));;--awb-border-radius:12px 12px 12px 12px;--awb-width-large:100%;--awb-margin-top-large:-250px;--awb-spacing-right-large:1.92%;--awb-margin-bottom-large:20px;--awb-spacing-left-large:1.92%;--awb-width-medium:50%;--awb-order-medium:0;--awb-spacing-right-medium:3.84%;--awb-margin-bottom-medium:40px;--awb-spacing-left-medium:3.84%;--awb-width-small:100%;--awb-order-small:0;--awb-spacing-right-small:1.92%;--awb-spacing-left-small:1.92%;\" data-animationType=\"bounceInUp\" data-animationDuration=\"1.0\" data-animationOffset=\"top-into-view\"><div class=\"fusion-column-wrapper fusion-column-has-shadow fusion-flex-justify-content-flex-start fusion-content-layout-column\"><div class=\"fusion-image-element \" style=\"text-align:center;--awb-max-width:300px;--awb-caption-title-font-family:var(--h2_typography-font-family);--awb-caption-title-font-weight:var(--h2_typography-font-weight);--awb-caption-title-font-style:var(--h2_typography-font-style);--awb-caption-title-size:var(--h2_typography-font-size);--awb-caption-title-transform:var(--h2_typography-text-transform);--awb-caption-title-line-height:var(--h2_typography-line-height);--awb-caption-title-letter-spacing:var(--h2_typography-letter-spacing);\"><span class=\" fusion-imageframe imageframe-none imageframe-1 hover-type-none\" style=\"border:1px solid var(--awb-color1);border-radius:50%;\"><img decoding=\"async\" width=\"407\" height=\"407\" title=\"Youbin-Zheng\" src=\"https:\/\/econutri-project.eu\/wp-content\/uploads\/2023\/12\/Youbin-Zheng.jpg\" data-orig-src=\"https:\/\/econutri-project.eu\/wp-content\/uploads\/2023\/12\/Youbin-Zheng.jpg\" alt class=\"lazyload img-responsive wp-image-6156\" srcset=\"data:image\/svg+xml,%3Csvg%20xmlns%3D%27http%3A%2F%2Fwww.w3.org%2F2000%2Fsvg%27%20width%3D%27407%27%20height%3D%27407%27%20viewBox%3D%270%200%20407%20407%27%3E%3Crect%20width%3D%27407%27%20height%3D%27407%27%20fill-opacity%3D%220%22%2F%3E%3C%2Fsvg%3E\" data-srcset=\"https:\/\/econutri-project.eu\/wp-content\/uploads\/2023\/12\/Youbin-Zheng-200x200.jpg 200w, https:\/\/econutri-project.eu\/wp-content\/uploads\/2023\/12\/Youbin-Zheng-400x400.jpg 400w, https:\/\/econutri-project.eu\/wp-content\/uploads\/2023\/12\/Youbin-Zheng.jpg 407w\" data-sizes=\"auto\" data-orig-sizes=\"(max-width: 640px) 100vw, 407px\" \/><\/span><\/div><div class=\"fusion-text fusion-text-1\" style=\"--awb-margin-top:30px;\"><p>El Dr. <a href=\"https:\/\/ses.uoguelph.ca\/people\/youbin-zheng\">Youbin Zheng<\/a> es <em>profesor<\/em> de horticultura en la Universidad de Guelph y <em>ex Presidente<\/em> de la Sociedad Canadiense de Ciencias Hort\u00edcolas. Tiene m\u00e1s de 25 a\u00f1os de experiencia investigadora en la producci\u00f3n de plantas en entornos controlados (por ejemplo, cultivos de interior y producci\u00f3n en invernaderos) y en el uso de tecnolog\u00edas hort\u00edcolas para mejorar la calidad del medio ambiente (por ejemplo, tejados verdes y humedales artificiales). Su programa de investigaci\u00f3n sobre la producci\u00f3n de plantas en entornos controlados incluye la producci\u00f3n de cannabis y otras plantas medicinales y nutrac\u00e9uticas en interiores, la producci\u00f3n de plantas ornamentales y hortalizas en invernaderos, y la producci\u00f3n y el mantenimiento de plantas de vivero y paisajismo. Zheng ha participado activamente en la investigaci\u00f3n sobre la producci\u00f3n de cannabis en interiores durante la \u00faltima d\u00e9cada. Su grupo ha publicado los primeros art\u00edculos cient\u00edficos revisados por pares y ha formado al primer estudiante de doctorado sobre producci\u00f3n de cannabis en interiores en Norteam\u00e9rica. Recientemente, como \u00fanico editor, el Dr. Zheng public\u00f3 el <a href=\"https:\/\/www.routledge.com\/Handbook-of-Cannabis-Production-in-Controlled-Environments\/Zheng\/p\/book\/9780367712570\">Handbook of Cannabis Production in Controlled Environments (Manual de producci\u00f3n de cannabis en entornos controlados<\/a>). Desarroll\u00f3 el primer curso de producci\u00f3n de cannabis a nivel universitario del mundo en 2019 y ha estado ense\u00f1ando este curso desde entonces en la Universidad de Guelph.<\/p>\n<p>El programa de investigaci\u00f3n del Dr. Zheng se ha centrado en la gesti\u00f3n de la zona radicular (por ejemplo, desarrollo de medios de cultivo, nutrici\u00f3n vegetal y fertirrigaci\u00f3n) y la iluminaci\u00f3n (por ejemplo, espectros de luz, intensidad y fotoperiodo). Sus investigaciones han dado lugar a m\u00e1s de 150 art\u00edculos cient\u00edficos revisados por expertos, m\u00e1s de diez cap\u00edtulos de libros y numerosos art\u00edculos de divulgaci\u00f3n y publicaciones de otros tipos.<\/p>\n<p>Zheng ha sido invitado con frecuencia a hablar sobre los resultados de sus investigaciones a nivel nacional e internacional en el podio o a trav\u00e9s de distintos medios de comunicaci\u00f3n.<\/p>\n<\/div><\/div><\/div><\/div><\/div><\/div><\/p>\n","protected":false},"excerpt":{"rendered":"","protected":false},"author":1,"featured_media":0,"parent":0,"menu_order":0,"comment_status":"closed","ping_status":"closed","template":"100-width.php","meta":{"footnotes":""},"class_list":["post-7536","page","type-page","status-publish","hentry"],"_links":{"self":[{"href":"https:\/\/econutri-project.eu\/es\/wp-json\/wp\/v2\/pages\/7536"}],"collection":[{"href":"https:\/\/econutri-project.eu\/es\/wp-json\/wp\/v2\/pages"}],"about":[{"href":"https:\/\/econutri-project.eu\/es\/wp-json\/wp\/v2\/types\/page"}],"author":[{"embeddable":true,"href":"https:\/\/econutri-project.eu\/es\/wp-json\/wp\/v2\/users\/1"}],"replies":[{"embeddable":true,"href":"https:\/\/econutri-project.eu\/es\/wp-json\/wp\/v2\/comments?post=7536"}],"version-history":[{"count":10,"href":"https:\/\/econutri-project.eu\/es\/wp-json\/wp\/v2\/pages\/7536\/revisions"}],"predecessor-version":[{"id":7760,"href":"https:\/\/econutri-project.eu\/es\/wp-json\/wp\/v2\/pages\/7536\/revisions\/7760"}],"wp:attachment":[{"href":"https:\/\/econutri-project.eu\/es\/wp-json\/wp\/v2\/media?parent=7536"}],"curies":[{"name":"wp","href":"https:\/\/api.w.org\/{rel}","templated":true}]}}