{"id":6833,"date":"2023-04-11T15:56:41","date_gmt":"2023-04-11T12:56:41","guid":{"rendered":"https:\/\/econutri-project.eu\/instituto-de-investigacion-agricola-chipre\/"},"modified":"2024-01-17T11:57:55","modified_gmt":"2024-01-17T09:57:55","slug":"instituto-de-investigacion-agricola-chipre","status":"publish","type":"page","link":"https:\/\/econutri-project.eu\/es\/instituto-de-investigacion-agricola-chipre\/","title":{"rendered":"Instituto de Investigaci\u00f3n Agr\u00edcola (Chipre)"},"content":{"rendered":"<p><div class=\"fusion-fullwidth fullwidth-box fusion-builder-row-1 fusion-flex-container has-pattern-background has-mask-background nonhundred-percent-fullwidth non-hundred-percent-height-scrolling\" style=\"--awb-border-radius-top-left:0px;--awb-border-radius-top-right:0px;--awb-border-radius-bottom-right:0px;--awb-border-radius-bottom-left:0px;--awb-margin-bottom:120px;--awb-margin-bottom-medium:160px;--awb-margin-bottom-small:145px;--awb-flex-wrap:wrap;\" ><div class=\"fusion-builder-row fusion-row fusion-flex-align-items-flex-start fusion-flex-justify-content-center fusion-flex-content-wrap\" style=\"max-width:1310.4px;margin-left: calc(-4% \/ 2 );margin-right: calc(-4% \/ 2 );\"><div class=\"fusion-layout-column fusion_builder_column fusion-builder-column-0 fusion_builder_column_2_3 2_3 fusion-flex-column fusion-animated\" style=\"--awb-bg-size:cover;--awb-width-large:66.666666666667%;--awb-margin-top-large:0px;--awb-spacing-right-large:2.88%;--awb-margin-bottom-large:0px;--awb-spacing-left-large:2.88%;--awb-width-medium:75%;--awb-order-medium:0;--awb-spacing-right-medium:2.56%;--awb-spacing-left-medium:2.56%;--awb-width-small:100%;--awb-order-small:0;--awb-spacing-right-small:1.92%;--awb-spacing-left-small:1.92%;\" data-animationType=\"fadeInDown\" data-animationDuration=\"1.3\" data-animationOffset=\"top-into-view\"><div class=\"fusion-column-wrapper fusion-column-has-shadow fusion-flex-justify-content-center fusion-content-layout-column\"><div class=\"fusion-title title fusion-title-1 fusion-sep-none fusion-title-center fusion-title-text fusion-title-size-two\" style=\"--awb-margin-bottom:35px;\"><h2 class=\"fusion-title-heading title-heading-center\" style=\"margin:0;\">Instituto de Investigaci\u00f3n Agr\u00edcola (Chipre)<\/h2><\/div><\/div><\/div><\/div><\/div><div class=\"fusion-fullwidth fullwidth-box fusion-builder-row-2 fusion-flex-container nonhundred-percent-fullwidth non-hundred-percent-height-scrolling\" style=\"--awb-border-radius-top-left:0px;--awb-border-radius-top-right:0px;--awb-border-radius-bottom-right:0px;--awb-border-radius-bottom-left:0px;--awb-flex-wrap:wrap;\" ><div class=\"fusion-builder-row fusion-row fusion-flex-align-items-flex-start fusion-flex-content-wrap\" style=\"max-width:1310.4px;margin-left: calc(-4% \/ 2 );margin-right: calc(-4% \/ 2 );\"><div class=\"fusion-layout-column fusion_builder_column fusion-builder-column-1 fusion_builder_column_1_1 1_1 fusion-flex-column\" style=\"--awb-bg-size:cover;--awb-width-large:100%;--awb-margin-top-large:0px;--awb-spacing-right-large:1.92%;--awb-margin-bottom-large:0px;--awb-spacing-left-large:1.92%;--awb-width-medium:100%;--awb-order-medium:0;--awb-spacing-right-medium:1.92%;--awb-spacing-left-medium:1.92%;--awb-width-small:100%;--awb-order-small:0;--awb-spacing-right-small:1.92%;--awb-spacing-left-small:1.92%;\"><div class=\"fusion-column-wrapper fusion-column-has-shadow fusion-flex-justify-content-flex-start fusion-content-layout-column\"><div class=\"fusion-section-separator section-separator big-half-circle fusion-section-separator-1\" style=\"--awb-spacer-height:150px;--awb-svg-margin-left:1.92%;--awb-svg-margin-right:1.92%;--awb-svg-margin-left-medium:1.92%;--awb-svg-margin-right-medium:1.92%;--awb-svg-margin-left-small:1.92%;--awb-svg-margin-right-small:1.92%;--awb-divider-height:150px;--awb-spacer-padding-top:inherit;--awb-sep-padding:0;--awb-svg-padding:0;\"><div class=\"fusion-section-separator-svg\"><svg class=\"fusion-big-half-circle-candy\" xmlns=\"http:\/\/www.w3.org\/2000\/svg\" version=\"1.1\" width=\"100%\" height=\"100\" viewBox=\"0 0 100 100\" preserveAspectRatio=\"none\" fill=\"rgba(48,181,95,0.05)\"><path d=\"M0 100 C40 0 60 0 100 100 Z\"><\/path><\/svg><\/div><div class=\"fusion-section-separator-spacer\"><div class=\"fusion-section-separator-spacer-height\"><\/div><\/div><\/div><\/div><\/div><\/div><\/div><div class=\"fusion-fullwidth fullwidth-box fusion-builder-row-3 fusion-flex-container has-pattern-background has-mask-background nonhundred-percent-fullwidth non-hundred-percent-height-scrolling\" style=\"--awb-border-radius-top-left:0px;--awb-border-radius-top-right:0px;--awb-border-radius-bottom-right:0px;--awb-border-radius-bottom-left:0px;--awb-padding-bottom:0px;--awb-padding-bottom-small:0px;--awb-margin-bottom-small:0px;--awb-background-image:linear-gradient(180deg, hsla(var(--awb-color5-h),var(--awb-color5-s),var(--awb-color5-l),calc( var(--awb-color5-a) - 95% )) 54%,var(--awb-color1) 100%);--awb-flex-wrap:wrap;\" ><div class=\"fusion-builder-row fusion-row fusion-flex-align-items-stretch fusion-flex-justify-content-center fusion-flex-content-wrap\" style=\"max-width:1310.4px;margin-left: calc(-4% \/ 2 );margin-right: calc(-4% \/ 2 );\"><div class=\"fusion-layout-column fusion_builder_column fusion-builder-column-2 fusion_builder_column_1_1 1_1 fusion-flex-column fusion-animated\" style=\"--awb-padding-top:45px;--awb-padding-right:55px;--awb-padding-bottom:35px;--awb-padding-left:55px;--awb-padding-top-small:40px;--awb-padding-right-small:30px;--awb-padding-bottom-small:40px;--awb-padding-left-small:30px;--awb-overflow:hidden;--awb-bg-color:var(--awb-color1);--awb-bg-color-hover:var(--awb-color1);--awb-bg-size:cover;--awb-box-shadow:0px 2px 6px 0px hsla(var(--awb-color8-h),var(--awb-color8-s),var(--awb-color8-l),calc( var(--awb-color8-a) - 89% ));;--awb-border-radius:12px 12px 12px 12px;--awb-width-large:100%;--awb-margin-top-large:-250px;--awb-spacing-right-large:1.92%;--awb-margin-bottom-large:20px;--awb-spacing-left-large:1.92%;--awb-width-medium:50%;--awb-order-medium:0;--awb-spacing-right-medium:3.84%;--awb-margin-bottom-medium:40px;--awb-spacing-left-medium:3.84%;--awb-width-small:100%;--awb-order-small:0;--awb-spacing-right-small:1.92%;--awb-spacing-left-small:1.92%;\" data-animationType=\"bounceInUp\" data-animationDuration=\"1.0\" data-animationOffset=\"top-into-view\"><div class=\"fusion-column-wrapper fusion-column-has-shadow fusion-flex-justify-content-flex-start fusion-content-layout-column\"><div class=\"fusion-video fusion-selfhosted-video\" style=\"max-width:100%;\"><div class=\"video-wrapper\"><video playsinline=\"true\" width=\"100%\" style=\"object-fit: cover;\" muted=\"true\" preload=\"auto\" controls=\"1\"><source src=\"https:\/\/econutri-project.eu\/wp-content\/uploads\/2023\/04\/ARI-Cyprus.mp4\" type=\"video\/mp4\">Sorry, your browser doesn&#039;t support embedded videos.<\/video><\/div><\/div><div class=\"fusion-text fusion-text-1\" style=\"--awb-margin-top:40px;\"><p>EL <strong>PAPEL DEL INSTITUTO DE INVESTIGACI\u00d3N AGR\u00cdCOLA EN EL PROYECTO ECONUTRI ES EL SIGUIENTE<\/strong>:<\/p>\n<p><span style=\"color: #30b55f;\"><br \/>\n  <strong>Tarea 2.1<\/strong><br \/>\n<\/span>:<\/p>\n<p>El ARI desplegar\u00e1 procedimientos eficaces de compostaje para optimizar la captura de nutrientes en el compost, especialmente nitr\u00f3geno y f\u00f3sforo, que de otro modo ser\u00edan vulnerables a la p\u00e9rdida.<\/p>\n<p>Reducir la vulnerabilidad a la p\u00e9rdida de nutrientes contenidos en la soluci\u00f3n de residuos hidrop\u00f3nicos o en el digestato de las plantas de producci\u00f3n de biog\u00e1s mediante su inmovilizaci\u00f3n en la biomasa microbiana que se desarrolla en las pilas de compostaje.<\/p>\n<p><span style=\"color: #30b55f;\"><br \/>\n  <strong>Tarea 2.3<\/strong><br \/>\n<\/span>:<\/p>\n<p>El ARI validar\u00e1 tecnolog\u00edas de recuperaci\u00f3n de nutrientes para reducir las emisiones de nutrientes de los biorresiduos org\u00e1nicos.<\/p>\n<p><span style=\"color: #30b55f;\"><br \/>\n  <strong>Tarea 3.1<\/strong><br \/>\n<\/span>:<\/p>\n<p>El ARI desplegar\u00e1 un equipo de detecci\u00f3n agroambiental (estaciones telem\u00e9tricas, sensores de suelo) en un campo experimental de patatas en Chipre para controlar la fertilizaci\u00f3n, el riego y las aplicaciones de pesticidas con el fin de optimizar la eficiencia en el uso de los recursos y minimizar las p\u00e9rdidas de nutrientes en los cultivos de patatas.<\/p>\n<p><span style=\"color: #30b55f;\"><br \/>\n  <strong>Tarea 3.3<\/strong><br \/>\n<\/span>:<\/p>\n<p>Reducci\u00f3n de la aportaci\u00f3n de nutrientes mediante la mejora de la eficiencia de su uso. En esta tarea, la reducci\u00f3n del aporte de N en el cultivo sin suelo de tomate y lechuga se llevar\u00e1 a cabo mediante la sustituci\u00f3n de hasta 1\/3 del suministro est\u00e1ndar de NO3 por Cl, y despu\u00e9s del cultivo, utilizar la soluci\u00f3n nutriente residual y los residuos del cultivo para el compostaje (interrelaci\u00f3n WP2.1).<\/p>\n<p><span style=\"color: #30b55f;\"><br \/>\n  <strong>Tarea 4.1<\/strong><br \/>\n<\/span>:<\/p>\n<p>ARI probar\u00e1 el efecto del biocarb\u00f3n en las emisiones de CO2, CH4, N2O y NH3 en un establo de ganado y durante el proceso de compostaje de purines de ganado en condiciones de campo.<\/p>\n<p><span style=\"color: #30b55f;\"><br \/>\n  <strong>Tarea 4.2<\/strong><br \/>\n<\/span>:<\/p>\n<p>Reducci\u00f3n y control de las emisiones de los establos. Reducci\u00f3n de las emisiones procedentes de los almacenamientos de residuos org\u00e1nicos y de los campos<\/p>\n<\/div><\/div><\/div><div class=\"fusion-layout-column fusion_builder_column fusion-builder-column-3 fusion_builder_column_1_2 1_2 fusion-flex-column fusion-animated\" style=\"--awb-padding-top:20px;--awb-padding-right:20px;--awb-padding-bottom:20px;--awb-padding-left:20px;--awb-padding-top-small:20px;--awb-padding-right-small:20px;--awb-padding-bottom-small:20px;--awb-padding-left-small:20px;--awb-overflow:hidden;--awb-bg-color:var(--awb-color1);--awb-bg-color-hover:var(--awb-color1);--awb-bg-size:cover;--awb-box-shadow:0px 2px 6px 0px hsla(var(--awb-color8-h),var(--awb-color8-s),var(--awb-color8-l),calc( var(--awb-color8-a) - 89% ));;--awb-border-radius:12px 12px 12px 12px;--awb-width-large:50%;--awb-margin-top-large:0px;--awb-spacing-right-large:10px;--awb-margin-bottom-large:20px;--awb-spacing-left-large:3.84%;--awb-width-medium:50%;--awb-order-medium:0;--awb-spacing-right-medium:10px;--awb-margin-bottom-medium:40px;--awb-spacing-left-medium:3.84%;--awb-width-small:100%;--awb-order-small:0;--awb-spacing-right-small:1.92%;--awb-spacing-left-small:1.92%;\" data-animationType=\"bounceInUp\" data-animationDuration=\"1.0\" data-animationOffset=\"top-into-view\"><div class=\"fusion-column-wrapper fusion-column-has-shadow fusion-flex-justify-content-flex-start fusion-content-layout-column\"><div class=\"fusion-image-element \" style=\"text-align:center;--awb-caption-title-font-family:var(--h2_typography-font-family);--awb-caption-title-font-weight:var(--h2_typography-font-weight);--awb-caption-title-font-style:var(--h2_typography-font-style);--awb-caption-title-size:var(--h2_typography-font-size);--awb-caption-title-transform:var(--h2_typography-text-transform);--awb-caption-title-line-height:var(--h2_typography-line-height);--awb-caption-title-letter-spacing:var(--h2_typography-letter-spacing);\"><span class=\" fusion-imageframe imageframe-none imageframe-1 hover-type-none\"><a href=\"https:\/\/econutri-project.eu\/wp-content\/uploads\/2023\/04\/ARI-Cyprus.jpg\" class=\"fusion-lightbox\" data-rel=\"iLightbox[11bd826f187ecd84da3]\" data-title=\"ARI-Cyprus\" title=\"ARI-Cyprus\"><img decoding=\"async\" width=\"1920\" height=\"1080\" src=\"https:\/\/econutri-project.eu\/wp-content\/uploads\/2023\/04\/ARI-Cyprus.jpg\" alt class=\"img-responsive wp-image-4194 disable-lazyload\" srcset=\"https:\/\/econutri-project.eu\/wp-content\/uploads\/2023\/04\/ARI-Cyprus-200x113.jpg 200w, https:\/\/econutri-project.eu\/wp-content\/uploads\/2023\/04\/ARI-Cyprus-400x225.jpg 400w, https:\/\/econutri-project.eu\/wp-content\/uploads\/2023\/04\/ARI-Cyprus-600x338.jpg 600w, https:\/\/econutri-project.eu\/wp-content\/uploads\/2023\/04\/ARI-Cyprus-800x450.jpg 800w, https:\/\/econutri-project.eu\/wp-content\/uploads\/2023\/04\/ARI-Cyprus-1200x675.jpg 1200w, https:\/\/econutri-project.eu\/wp-content\/uploads\/2023\/04\/ARI-Cyprus.jpg 1920w\" sizes=\"(max-width: 640px) 100vw, 600px\" \/><\/a><\/span><\/div><\/div><\/div><div class=\"fusion-layout-column fusion_builder_column fusion-builder-column-4 fusion_builder_column_1_2 1_2 fusion-flex-column fusion-animated\" style=\"--awb-padding-top:20px;--awb-padding-right:20px;--awb-padding-bottom:20px;--awb-padding-left:20px;--awb-padding-top-small:20px;--awb-padding-right-small:20px;--awb-padding-bottom-small:20px;--awb-padding-left-small:20px;--awb-overflow:hidden;--awb-bg-color:var(--awb-color1);--awb-bg-color-hover:var(--awb-color1);--awb-bg-size:cover;--awb-box-shadow:0px 2px 6px 0px hsla(var(--awb-color8-h),var(--awb-color8-s),var(--awb-color8-l),calc( var(--awb-color8-a) - 89% ));;--awb-border-radius:12px 12px 12px 12px;--awb-width-large:50%;--awb-margin-top-large:0px;--awb-spacing-right-large:3.84%;--awb-margin-bottom-large:20px;--awb-spacing-left-large:10px;--awb-width-medium:50%;--awb-order-medium:0;--awb-spacing-right-medium:3.84%;--awb-margin-bottom-medium:40px;--awb-spacing-left-medium:10px;--awb-width-small:100%;--awb-order-small:0;--awb-spacing-right-small:1.92%;--awb-margin-bottom-small:0px;--awb-spacing-left-small:1.92%;\" data-animationType=\"bounceInUp\" data-animationDuration=\"1.0\" data-animationOffset=\"top-into-view\"><div class=\"fusion-column-wrapper fusion-column-has-shadow fusion-flex-justify-content-flex-start fusion-content-layout-column\"><div class=\"fusion-image-element \" style=\"text-align:center;--awb-caption-title-font-family:var(--h2_typography-font-family);--awb-caption-title-font-weight:var(--h2_typography-font-weight);--awb-caption-title-font-style:var(--h2_typography-font-style);--awb-caption-title-size:var(--h2_typography-font-size);--awb-caption-title-transform:var(--h2_typography-text-transform);--awb-caption-title-line-height:var(--h2_typography-line-height);--awb-caption-title-letter-spacing:var(--h2_typography-letter-spacing);\"><span class=\" fusion-imageframe imageframe-none imageframe-2 hover-type-none\"><a href=\"https:\/\/econutri-project.eu\/wp-content\/uploads\/2023\/04\/ARI-Cyprus-2.jpg\" class=\"fusion-lightbox\" data-rel=\"iLightbox[e338e7d295fcc572342]\" data-title=\"ARI-Cyprus-2\" title=\"ARI-Cyprus-2\"><img decoding=\"async\" width=\"1920\" height=\"1080\" src=\"https:\/\/econutri-project.eu\/wp-content\/uploads\/2023\/04\/ARI-Cyprus-2.jpg\" alt class=\"img-responsive wp-image-4204 disable-lazyload\" srcset=\"https:\/\/econutri-project.eu\/wp-content\/uploads\/2023\/04\/ARI-Cyprus-2-200x113.jpg 200w, https:\/\/econutri-project.eu\/wp-content\/uploads\/2023\/04\/ARI-Cyprus-2-400x225.jpg 400w, https:\/\/econutri-project.eu\/wp-content\/uploads\/2023\/04\/ARI-Cyprus-2-600x338.jpg 600w, https:\/\/econutri-project.eu\/wp-content\/uploads\/2023\/04\/ARI-Cyprus-2-800x450.jpg 800w, https:\/\/econutri-project.eu\/wp-content\/uploads\/2023\/04\/ARI-Cyprus-2-1200x675.jpg 1200w, https:\/\/econutri-project.eu\/wp-content\/uploads\/2023\/04\/ARI-Cyprus-2.jpg 1920w\" sizes=\"(max-width: 640px) 100vw, 600px\" \/><\/a><\/span><\/div><\/div><\/div><\/div><\/div><\/p>\n","protected":false},"excerpt":{"rendered":"","protected":false},"author":1,"featured_media":0,"parent":0,"menu_order":0,"comment_status":"closed","ping_status":"closed","template":"100-width.php","meta":{"footnotes":""},"class_list":["post-6833","page","type-page","status-publish","hentry"],"_links":{"self":[{"href":"https:\/\/econutri-project.eu\/es\/wp-json\/wp\/v2\/pages\/6833"}],"collection":[{"href":"https:\/\/econutri-project.eu\/es\/wp-json\/wp\/v2\/pages"}],"about":[{"href":"https:\/\/econutri-project.eu\/es\/wp-json\/wp\/v2\/types\/page"}],"author":[{"embeddable":true,"href":"https:\/\/econutri-project.eu\/es\/wp-json\/wp\/v2\/users\/1"}],"replies":[{"embeddable":true,"href":"https:\/\/econutri-project.eu\/es\/wp-json\/wp\/v2\/comments?post=6833"}],"version-history":[{"count":10,"href":"https:\/\/econutri-project.eu\/es\/wp-json\/wp\/v2\/pages\/6833\/revisions"}],"predecessor-version":[{"id":7078,"href":"https:\/\/econutri-project.eu\/es\/wp-json\/wp\/v2\/pages\/6833\/revisions\/7078"}],"wp:attachment":[{"href":"https:\/\/econutri-project.eu\/es\/wp-json\/wp\/v2\/media?parent=6833"}],"curies":[{"name":"wp","href":"https:\/\/api.w.org\/{rel}","templated":true}]}}