{"id":19173,"date":"2025-02-28T18:34:19","date_gmt":"2025-02-28T16:34:19","guid":{"rendered":"https:\/\/econutri-project.eu\/?page_id=19173"},"modified":"2025-02-28T18:41:02","modified_gmt":"2025-02-28T16:41:02","slug":"6-brandenburgo-alemania-atb-p16-2","status":"publish","type":"page","link":"https:\/\/econutri-project.eu\/es\/6-brandenburgo-alemania-atb-p16-2\/","title":{"rendered":"Brandenburgo, Alemania &#8211; ATB &#8211; P16"},"content":{"rendered":"<p><div class=\"fusion-fullwidth fullwidth-box fusion-builder-row-1 fusion-flex-container has-pattern-background has-mask-background nonhundred-percent-fullwidth non-hundred-percent-height-scrolling\" style=\"--awb-border-radius-top-left:0px;--awb-border-radius-top-right:0px;--awb-border-radius-bottom-right:0px;--awb-border-radius-bottom-left:0px;--awb-margin-bottom:120px;--awb-margin-bottom-medium:160px;--awb-margin-bottom-small:145px;--awb-flex-wrap:wrap;\" ><div class=\"fusion-builder-row fusion-row fusion-flex-align-items-flex-start fusion-flex-justify-content-center fusion-flex-content-wrap\" style=\"max-width:1310.4px;margin-left: calc(-4% \/ 2 );margin-right: calc(-4% \/ 2 );\"><div class=\"fusion-layout-column fusion_builder_column fusion-builder-column-0 fusion_builder_column_2_3 2_3 fusion-flex-column fusion-animated\" style=\"--awb-bg-size:cover;--awb-width-large:66.666666666667%;--awb-margin-top-large:0px;--awb-spacing-right-large:2.88%;--awb-margin-bottom-large:0px;--awb-spacing-left-large:2.88%;--awb-width-medium:75%;--awb-order-medium:0;--awb-spacing-right-medium:2.56%;--awb-spacing-left-medium:2.56%;--awb-width-small:100%;--awb-order-small:0;--awb-spacing-right-small:1.92%;--awb-spacing-left-small:1.92%;\" data-animationType=\"fadeInDown\" data-animationDuration=\"1.3\" data-animationOffset=\"top-into-view\"><div class=\"fusion-column-wrapper fusion-column-has-shadow fusion-flex-justify-content-center fusion-content-layout-column\"><div class=\"fusion-title title fusion-title-1 fusion-sep-none fusion-title-center fusion-title-text fusion-title-size-two\" style=\"--awb-margin-bottom:35px;\"><h2 class=\"fusion-title-heading title-heading-center\" style=\"margin:0;\">6. Brandenburgo, Alemania &#8211; ATB &#8211; P16<\/h2><\/div><\/div><\/div><\/div><\/div><div class=\"fusion-fullwidth fullwidth-box fusion-builder-row-2 fusion-flex-container has-pattern-background has-mask-background nonhundred-percent-fullwidth non-hundred-percent-height-scrolling\" style=\"--awb-border-radius-top-left:0px;--awb-border-radius-top-right:0px;--awb-border-radius-bottom-right:0px;--awb-border-radius-bottom-left:0px;--awb-padding-bottom:1px;--awb-flex-wrap:wrap;\" ><div class=\"fusion-builder-row fusion-row fusion-flex-align-items-flex-start fusion-flex-content-wrap\" style=\"max-width:1310.4px;margin-left: calc(-4% \/ 2 );margin-right: calc(-4% \/ 2 );\"><div class=\"fusion-layout-column fusion_builder_column fusion-builder-column-1 fusion_builder_column_1_1 1_1 fusion-flex-column\" style=\"--awb-bg-size:cover;--awb-width-large:100%;--awb-margin-top-large:0px;--awb-spacing-right-large:1.92%;--awb-margin-bottom-large:0px;--awb-spacing-left-large:1.92%;--awb-width-medium:100%;--awb-order-medium:0;--awb-spacing-right-medium:1.92%;--awb-spacing-left-medium:1.92%;--awb-width-small:100%;--awb-order-small:0;--awb-spacing-right-small:1.92%;--awb-spacing-left-small:1.92%;\"><div class=\"fusion-column-wrapper fusion-column-has-shadow fusion-flex-justify-content-flex-start fusion-content-layout-column\"><div class=\"fusion-section-separator section-separator big-half-circle fusion-section-separator-1\" style=\"--awb-spacer-height:150px;--awb-svg-margin-left:1.92%;--awb-svg-margin-right:1.92%;--awb-svg-margin-left-medium:1.92%;--awb-svg-margin-right-medium:1.92%;--awb-svg-margin-left-small:1.92%;--awb-svg-margin-right-small:1.92%;--awb-divider-height:150px;--awb-spacer-padding-top:inherit;--awb-sep-padding:0;--awb-svg-padding:0;\"><div class=\"fusion-section-separator-svg\"><svg class=\"fusion-big-half-circle-candy\" xmlns=\"http:\/\/www.w3.org\/2000\/svg\" version=\"1.1\" width=\"100%\" height=\"100\" viewBox=\"0 0 100 100\" preserveAspectRatio=\"none\" fill=\"rgba(48,181,95,0.05)\"><path d=\"M0 100 C40 0 60 0 100 100 Z\"><\/path><\/svg><\/div><div class=\"fusion-section-separator-spacer\"><div class=\"fusion-section-separator-spacer-height\"><\/div><\/div><\/div><\/div><\/div><\/div><\/div><div id=\"8-Shandong-Centro-Este-China-SVG-P25\" class=\"fusion-container-anchor\"><div class=\"fusion-fullwidth fullwidth-box fusion-builder-row-3 fusion-flex-container has-pattern-background has-mask-background nonhundred-percent-fullwidth non-hundred-percent-height-scrolling\" style=\"--awb-border-radius-top-left:0px;--awb-border-radius-top-right:0px;--awb-border-radius-bottom-right:0px;--awb-border-radius-bottom-left:0px;--awb-padding-bottom:0px;--awb-padding-bottom-small:0px;--awb-margin-bottom-small:0px;--awb-background-color:hsla(var(--awb-color5-h),var(--awb-color5-s),var(--awb-color5-l),calc(var(--awb-color5-a) - 95%));--awb-flex-wrap:wrap;\" ><div class=\"fusion-builder-row fusion-row fusion-flex-align-items-stretch fusion-flex-justify-content-center fusion-flex-content-wrap\" style=\"max-width:1310.4px;margin-left: calc(-4% \/ 2 );margin-right: calc(-4% \/ 2 );\"><div class=\"fusion-layout-column fusion_builder_column fusion-builder-column-2 fusion_builder_column_1_1 1_1 fusion-flex-column fusion-animated\" style=\"--awb-padding-top:45px;--awb-padding-right:55px;--awb-padding-bottom:35px;--awb-padding-left:55px;--awb-padding-top-small:40px;--awb-padding-right-small:30px;--awb-padding-bottom-small:40px;--awb-padding-left-small:30px;--awb-overflow:hidden;--awb-bg-color:var(--awb-color1);--awb-bg-color-hover:var(--awb-color1);--awb-bg-size:cover;--awb-box-shadow:0px 2px 6px 0px hsla(var(--awb-color8-h),var(--awb-color8-s),var(--awb-color8-l),calc( var(--awb-color8-a) - 89% ));;--awb-border-radius:12px 12px 12px 12px;--awb-width-large:100%;--awb-margin-top-large:-250px;--awb-spacing-right-large:1.92%;--awb-margin-bottom-large:20px;--awb-spacing-left-large:1.92%;--awb-width-medium:50%;--awb-order-medium:0;--awb-spacing-right-medium:3.84%;--awb-margin-bottom-medium:40px;--awb-spacing-left-medium:3.84%;--awb-width-small:100%;--awb-order-small:0;--awb-spacing-right-small:1.92%;--awb-spacing-left-small:1.92%;\" data-animationType=\"bounceInUp\" data-animationDuration=\"1.0\" data-animationOffset=\"top-into-view\"><div class=\"fusion-column-wrapper fusion-column-has-shadow fusion-flex-justify-content-flex-start fusion-content-layout-column\"><div class=\"fusion-title title fusion-title-2 fusion-sep-none fusion-title-center fusion-title-text fusion-title-size-three\"><h3 class=\"fusion-title-heading title-heading-center\" style=\"margin:0;\"><strong>Leibniz InnoFarm en Gro\u00df Kreutz, LVAT<\/strong><\/h3><\/div><div class=\"fusion-text fusion-text-1\"><p>El \u00abgranero del bienestar\u00bb, con ventilaci\u00f3n natural, forma parte de la Granja de Innovaci\u00f3n Leibniz. Alberga 50 vacas lecheras, tiene un patio de ejercicio y est\u00e1 equipada con un AMS. El suelo es plano, el esti\u00e9rcol se retira en un callej\u00f3n con una rasqueta autom\u00e1tica y en el otro callej\u00f3n con un robot de limpieza.<\/p>\n<p>El establo dispone de la opci\u00f3n de ventilaci\u00f3n dirigida de la zona ocupada por los animales. El aire de ventilaci\u00f3n puede refrigerarse si es necesario.<\/p>\n<p>En 2023, medimos<\/p>\n<ul>\n<li>En tiempo real, la distribuci\u00f3n temporal y espacial de los par\u00e1metros de calidad del aire interior;<\/li>\n<li>niveles de emisi\u00f3n de contaminantes atmosf\u00e9ricos basados en la red de vigilancia (OTICE);<\/li>\n<li>estr\u00e9s animal y par\u00e1metros sanitarios<\/li>\n<\/ul>\n<p>En 2023<\/p>\n<ul>\n<li>prepar\u00f3 el lugar con una amplia instrumentaci\u00f3n para medir las concentraciones de gas de fondo<\/li>\n<li>ha realizado pruebas preliminares exhaustivas para garantizar la calidad de las mediciones de las emisiones del sistema de referencia para el OTICE<\/li>\n<li>estaban negociando con el fabricante del inhibidor de la ureasa y otras partes interesadas la aplicaci\u00f3n de la UI<\/li>\n<li>elabor\u00f3 un plan experimental de experimentos de mitigaci\u00f3n de emisiones con la UI<\/li>\n<\/ul>\n<p>El granero se seguir\u00e1 equipando con instrumentos adicionales, de modo que a finales del primer trimestre de 2024 se podr\u00e1n realizar mediciones de forma continua:<\/p>\n<ul>\n<li>20 ultrasonidos<\/li>\n<li>2 Espectroscopios CRDS<\/li>\n<li>2 FTIR<\/li>\n<li>&gt;Registrador de 20 TH<\/li>\n<li>M\u00e1stil de viento con anem\u00f3metro ultras\u00f3nico @10m, T, HR, p, Radiaci\u00f3n<\/li>\n<\/ul>\n<p>En 2024, los experimentos sobre<\/p>\n<p>Inhibidor de la ureasa y la frecuencia de eliminaci\u00f3n de esti\u00e9rcol se llevar\u00e1 a cabo.<\/p>\n<\/div><\/div><\/div><div class=\"fusion-layout-column fusion_builder_column fusion-builder-column-3 fusion_builder_column_1_1 1_1 fusion-flex-column fusion-animated\" style=\"--awb-padding-top:45px;--awb-padding-right:55px;--awb-padding-bottom:35px;--awb-padding-left:55px;--awb-padding-top-small:40px;--awb-padding-right-small:30px;--awb-padding-bottom-small:40px;--awb-padding-left-small:30px;--awb-overflow:hidden;--awb-bg-color:var(--awb-color1);--awb-bg-color-hover:var(--awb-color1);--awb-bg-size:cover;--awb-box-shadow:0px 2px 6px 0px hsla(var(--awb-color8-h),var(--awb-color8-s),var(--awb-color8-l),calc( var(--awb-color8-a) - 89% ));;--awb-border-radius:12px 12px 12px 12px;--awb-width-large:100%;--awb-margin-top-large:0px;--awb-spacing-right-large:1.92%;--awb-margin-bottom-large:20px;--awb-spacing-left-large:1.92%;--awb-width-medium:50%;--awb-order-medium:0;--awb-spacing-right-medium:3.84%;--awb-margin-bottom-medium:40px;--awb-spacing-left-medium:3.84%;--awb-width-small:100%;--awb-order-small:0;--awb-spacing-right-small:1.92%;--awb-spacing-left-small:1.92%;\" data-animationType=\"bounceInUp\" data-animationDuration=\"1.0\" data-animationOffset=\"top-into-view\"><div class=\"fusion-column-wrapper fusion-column-has-shadow fusion-flex-justify-content-flex-start fusion-content-layout-column\"><div class=\"fusion-title title fusion-title-3 fusion-sep-none fusion-title-center fusion-title-text fusion-title-size-three\"><h3 class=\"fusion-title-heading title-heading-center\" style=\"margin:0;\"><strong>Plano y sistema de eliminaci\u00f3n del esti\u00e9rcol<\/strong><\/h3><\/div><div class=\"fusion-text fusion-text-2\"><p>Las figuras 1 y 3 muestran sendos planos esbozados del granero con patio de ejercicios. Se adjunta tambi\u00e9n el plano medido del granero experimental (sin el patio de ejercicios\/zona exterior).<\/p>\n<p>En el pasillo superior, un rascador de esti\u00e9rcol Prinzing retira el esti\u00e9rcol, que corre a lo largo de todo el recorrido granero-patio. La pasarela inferior se limpia con un Lely Collector (puede a\u00f1adir agua, estaci\u00f3n de agua disponible). Seguimos negociando la posibilidad de equipar el granero con dos robots de limpieza que apliquen autom\u00e1ticamente la interfaz de usuario.<\/p>\n<\/div><\/div><\/div><\/div><\/div><\/div><div id=\"8-Shandong-Centro-Este-China-SVG-P25\" class=\"fusion-container-anchor\"><div class=\"fusion-fullwidth fullwidth-box fusion-builder-row-4 fusion-flex-container has-pattern-background has-mask-background nonhundred-percent-fullwidth non-hundred-percent-height-scrolling\" style=\"--awb-border-radius-top-left:0px;--awb-border-radius-top-right:0px;--awb-border-radius-bottom-right:0px;--awb-border-radius-bottom-left:0px;--awb-padding-bottom:0px;--awb-padding-bottom-small:0px;--awb-margin-bottom-small:0px;--awb-background-image:linear-gradient(180deg, hsla(var(--awb-color5-h),var(--awb-color5-s),var(--awb-color5-l),calc( var(--awb-color5-a) - 95% )) 54%,var(--awb-color1) 100%);--awb-flex-wrap:wrap;\" ><div class=\"fusion-builder-row fusion-row fusion-flex-align-items-stretch fusion-flex-justify-content-center fusion-flex-content-wrap\" style=\"max-width:1310.4px;margin-left: calc(-4% \/ 2 );margin-right: calc(-4% \/ 2 );\"><div class=\"fusion-layout-column fusion_builder_column fusion-builder-column-4 fusion_builder_column_1_1 1_1 fusion-flex-column fusion-animated\" style=\"--awb-padding-top:45px;--awb-padding-right:55px;--awb-padding-bottom:35px;--awb-padding-left:55px;--awb-padding-top-small:40px;--awb-padding-right-small:30px;--awb-padding-bottom-small:40px;--awb-padding-left-small:30px;--awb-overflow:hidden;--awb-bg-color:var(--awb-color1);--awb-bg-color-hover:var(--awb-color1);--awb-bg-size:cover;--awb-box-shadow:0px 2px 6px 0px hsla(var(--awb-color8-h),var(--awb-color8-s),var(--awb-color8-l),calc( var(--awb-color8-a) - 89% ));;--awb-border-radius:12px 12px 12px 12px;--awb-width-large:100%;--awb-margin-top-large:0px;--awb-spacing-right-large:1.92%;--awb-margin-bottom-large:20px;--awb-spacing-left-large:1.92%;--awb-width-medium:50%;--awb-order-medium:0;--awb-spacing-right-medium:3.84%;--awb-margin-bottom-medium:40px;--awb-spacing-left-medium:3.84%;--awb-width-small:100%;--awb-order-small:0;--awb-spacing-right-small:1.92%;--awb-spacing-left-small:1.92%;\" data-animationType=\"bounceInUp\" data-animationDuration=\"1.0\" data-animationOffset=\"top-into-view\"><div class=\"fusion-column-wrapper fusion-column-has-shadow fusion-flex-justify-content-flex-start fusion-content-layout-column\"><div class=\"fusion-image-element awb-imageframe-style awb-imageframe-style-below awb-imageframe-style-1\" style=\"--awb-caption-text-size:14px;--awb-caption-margin-top:10px;--awb-caption-title-font-family:var(--h2_typography-font-family);--awb-caption-title-font-weight:var(--h2_typography-font-weight);--awb-caption-title-font-style:var(--h2_typography-font-style);--awb-caption-title-size:0px;--awb-caption-title-transform:var(--h2_typography-text-transform);--awb-caption-title-line-height:var(--h2_typography-line-height);--awb-caption-title-letter-spacing:var(--h2_typography-letter-spacing);\"><span class=\" fusion-imageframe imageframe-none imageframe-1 hover-type-none\"><img decoding=\"async\" width=\"1323\" height=\"566\" title=\"Demonstration_Site_ATB-1\" src=\"https:\/\/econutri-project.eu\/wp-content\/uploads\/2023\/11\/Demonstration_Site_ATB-1.jpg\" data-orig-src=\"https:\/\/econutri-project.eu\/wp-content\/uploads\/2023\/11\/Demonstration_Site_ATB-1.jpg\" alt class=\"lazyload img-responsive wp-image-5454\" srcset=\"data:image\/svg+xml,%3Csvg%20xmlns%3D%27http%3A%2F%2Fwww.w3.org%2F2000%2Fsvg%27%20width%3D%271323%27%20height%3D%27566%27%20viewBox%3D%270%200%201323%20566%27%3E%3Crect%20width%3D%271323%27%20height%3D%27566%27%20fill-opacity%3D%220%22%2F%3E%3C%2Fsvg%3E\" data-srcset=\"https:\/\/econutri-project.eu\/wp-content\/uploads\/2023\/11\/Demonstration_Site_ATB-1-200x86.jpg 200w, https:\/\/econutri-project.eu\/wp-content\/uploads\/2023\/11\/Demonstration_Site_ATB-1-400x171.jpg 400w, https:\/\/econutri-project.eu\/wp-content\/uploads\/2023\/11\/Demonstration_Site_ATB-1-600x257.jpg 600w, https:\/\/econutri-project.eu\/wp-content\/uploads\/2023\/11\/Demonstration_Site_ATB-1-800x342.jpg 800w, https:\/\/econutri-project.eu\/wp-content\/uploads\/2023\/11\/Demonstration_Site_ATB-1-1200x513.jpg 1200w, https:\/\/econutri-project.eu\/wp-content\/uploads\/2023\/11\/Demonstration_Site_ATB-1.jpg 1323w\" data-sizes=\"auto\" data-orig-sizes=\"(max-width: 640px) 100vw, 1200px\" \/><\/span><div class=\"awb-imageframe-caption-container\"><div class=\"awb-imageframe-caption\"><h2 class=\"awb-imageframe-caption-title\">Demonstration_Site_ATB-1<\/h2><p class=\"awb-imageframe-caption-text\">Figura 1: Representaci\u00f3n esquem\u00e1tica del establo lechero: zonas funcionales, sistema de ventilaci\u00f3n (rect\u00e1ngulos grises con aberturas de ventilaci\u00f3n blancas) y conductos de recogida de gases (l\u00edneas amarillas con aberturas capilares rojas).<\/p><\/div><\/div><\/div><\/div><\/div><div class=\"fusion-layout-column fusion_builder_column fusion-builder-column-5 fusion_builder_column_1_1 1_1 fusion-flex-column fusion-animated\" style=\"--awb-padding-top:45px;--awb-padding-right:55px;--awb-padding-bottom:35px;--awb-padding-left:55px;--awb-padding-top-small:40px;--awb-padding-right-small:30px;--awb-padding-bottom-small:40px;--awb-padding-left-small:30px;--awb-overflow:hidden;--awb-bg-color:var(--awb-color1);--awb-bg-color-hover:var(--awb-color1);--awb-bg-size:cover;--awb-box-shadow:0px 2px 6px 0px hsla(var(--awb-color8-h),var(--awb-color8-s),var(--awb-color8-l),calc( var(--awb-color8-a) - 89% ));;--awb-border-radius:12px 12px 12px 12px;--awb-width-large:100%;--awb-margin-top-large:0px;--awb-spacing-right-large:1.92%;--awb-margin-bottom-large:20px;--awb-spacing-left-large:1.92%;--awb-width-medium:50%;--awb-order-medium:0;--awb-spacing-right-medium:3.84%;--awb-margin-bottom-medium:40px;--awb-spacing-left-medium:3.84%;--awb-width-small:100%;--awb-order-small:0;--awb-spacing-right-small:1.92%;--awb-spacing-left-small:1.92%;\" data-animationType=\"bounceInUp\" data-animationDuration=\"1.0\" data-animationOffset=\"top-into-view\"><div class=\"fusion-column-wrapper fusion-column-has-shadow fusion-flex-justify-content-flex-start fusion-content-layout-column\"><div class=\"fusion-image-element awb-imageframe-style awb-imageframe-style-below awb-imageframe-style-2\" style=\"--awb-caption-text-size:14px;--awb-caption-margin-top:10px;--awb-caption-title-font-family:var(--h2_typography-font-family);--awb-caption-title-font-weight:var(--h2_typography-font-weight);--awb-caption-title-font-style:var(--h2_typography-font-style);--awb-caption-title-size:0px;--awb-caption-title-transform:var(--h2_typography-text-transform);--awb-caption-title-line-height:var(--h2_typography-line-height);--awb-caption-title-letter-spacing:var(--h2_typography-letter-spacing);\"><span class=\" fusion-imageframe imageframe-none imageframe-2 hover-type-none\"><img decoding=\"async\" width=\"1134\" height=\"674\" title=\"Demonstration_Site_ATB-5\" src=\"https:\/\/econutri-project.eu\/wp-content\/uploads\/2023\/11\/Demonstration_Site_ATB-5.jpg\" data-orig-src=\"https:\/\/econutri-project.eu\/wp-content\/uploads\/2023\/11\/Demonstration_Site_ATB-5.jpg\" alt class=\"lazyload img-responsive wp-image-5464\" srcset=\"data:image\/svg+xml,%3Csvg%20xmlns%3D%27http%3A%2F%2Fwww.w3.org%2F2000%2Fsvg%27%20width%3D%271134%27%20height%3D%27674%27%20viewBox%3D%270%200%201134%20674%27%3E%3Crect%20width%3D%271134%27%20height%3D%27674%27%20fill-opacity%3D%220%22%2F%3E%3C%2Fsvg%3E\" data-srcset=\"https:\/\/econutri-project.eu\/wp-content\/uploads\/2023\/11\/Demonstration_Site_ATB-5-200x119.jpg 200w, https:\/\/econutri-project.eu\/wp-content\/uploads\/2023\/11\/Demonstration_Site_ATB-5-400x238.jpg 400w, https:\/\/econutri-project.eu\/wp-content\/uploads\/2023\/11\/Demonstration_Site_ATB-5-600x357.jpg 600w, https:\/\/econutri-project.eu\/wp-content\/uploads\/2023\/11\/Demonstration_Site_ATB-5-800x475.jpg 800w, https:\/\/econutri-project.eu\/wp-content\/uploads\/2023\/11\/Demonstration_Site_ATB-5.jpg 1134w\" data-sizes=\"auto\" data-orig-sizes=\"(max-width: 640px) 100vw, 1134px\" \/><\/span><div class=\"awb-imageframe-caption-container\" style=\"text-align:center;\"><div class=\"awb-imageframe-caption\"><h2 class=\"awb-imageframe-caption-title\">Demonstration_Site_ATB-5<\/h2><p class=\"awb-imageframe-caption-text\">Figura 2: Vista exterior e interior del establo lechero.<\/p><\/div><\/div><\/div><\/div><\/div><\/div><\/div><\/div><\/p>\n","protected":false},"excerpt":{"rendered":"","protected":false},"author":1,"featured_media":0,"parent":0,"menu_order":0,"comment_status":"closed","ping_status":"closed","template":"100-width.php","meta":{"footnotes":""},"class_list":["post-19173","page","type-page","status-publish","hentry"],"_links":{"self":[{"href":"https:\/\/econutri-project.eu\/es\/wp-json\/wp\/v2\/pages\/19173"}],"collection":[{"href":"https:\/\/econutri-project.eu\/es\/wp-json\/wp\/v2\/pages"}],"about":[{"href":"https:\/\/econutri-project.eu\/es\/wp-json\/wp\/v2\/types\/page"}],"author":[{"embeddable":true,"href":"https:\/\/econutri-project.eu\/es\/wp-json\/wp\/v2\/users\/1"}],"replies":[{"embeddable":true,"href":"https:\/\/econutri-project.eu\/es\/wp-json\/wp\/v2\/comments?post=19173"}],"version-history":[{"count":5,"href":"https:\/\/econutri-project.eu\/es\/wp-json\/wp\/v2\/pages\/19173\/revisions"}],"predecessor-version":[{"id":19227,"href":"https:\/\/econutri-project.eu\/es\/wp-json\/wp\/v2\/pages\/19173\/revisions\/19227"}],"wp:attachment":[{"href":"https:\/\/econutri-project.eu\/es\/wp-json\/wp\/v2\/media?parent=19173"}],"curies":[{"name":"wp","href":"https:\/\/api.w.org\/{rel}","templated":true}]}}