{"id":10608,"date":"2024-01-25T16:09:43","date_gmt":"2024-01-25T14:09:43","guid":{"rendered":"https:\/\/econutri-project.eu\/?page_id=10608"},"modified":"2024-02-07T12:55:57","modified_gmt":"2024-02-07T10:55:57","slug":"universidad-agricola-de-atenas-2","status":"publish","type":"page","link":"https:\/\/econutri-project.eu\/es\/universidad-agricola-de-atenas-2\/","title":{"rendered":"SPI"},"content":{"rendered":"<p><div class=\"fusion-fullwidth fullwidth-box fusion-builder-row-1 fusion-flex-container has-pattern-background has-mask-background nonhundred-percent-fullwidth non-hundred-percent-height-scrolling\" style=\"--awb-border-radius-top-left:0px;--awb-border-radius-top-right:0px;--awb-border-radius-bottom-right:0px;--awb-border-radius-bottom-left:0px;--awb-margin-bottom:120px;--awb-margin-bottom-medium:160px;--awb-margin-bottom-small:145px;--awb-flex-wrap:wrap;\" ><div class=\"fusion-builder-row fusion-row fusion-flex-align-items-flex-start fusion-flex-justify-content-center fusion-flex-content-wrap\" style=\"max-width:1310.4px;margin-left: calc(-4% \/ 2 );margin-right: calc(-4% \/ 2 );\"><div class=\"fusion-layout-column fusion_builder_column fusion-builder-column-0 fusion_builder_column_2_3 2_3 fusion-flex-column fusion-animated\" style=\"--awb-bg-size:cover;--awb-width-large:66.666666666667%;--awb-margin-top-large:0px;--awb-spacing-right-large:2.88%;--awb-margin-bottom-large:0px;--awb-spacing-left-large:2.88%;--awb-width-medium:75%;--awb-order-medium:0;--awb-spacing-right-medium:2.56%;--awb-spacing-left-medium:2.56%;--awb-width-small:100%;--awb-order-small:0;--awb-spacing-right-small:1.92%;--awb-spacing-left-small:1.92%;\" data-animationType=\"fadeInDown\" data-animationDuration=\"1.3\" data-animationOffset=\"top-into-view\"><div class=\"fusion-column-wrapper fusion-column-has-shadow fusion-flex-justify-content-center fusion-content-layout-column\"><div class=\"fusion-title title fusion-title-1 fusion-sep-none fusion-title-center fusion-title-text fusion-title-size-two\" style=\"--awb-margin-bottom:35px;\"><h2 class=\"fusion-title-heading title-heading-center\" style=\"margin:0;\">SPI<\/h2><\/div><\/div><\/div><\/div><\/div><div class=\"fusion-fullwidth fullwidth-box fusion-builder-row-2 fusion-flex-container nonhundred-percent-fullwidth non-hundred-percent-height-scrolling\" style=\"--awb-border-radius-top-left:0px;--awb-border-radius-top-right:0px;--awb-border-radius-bottom-right:0px;--awb-border-radius-bottom-left:0px;--awb-flex-wrap:wrap;\" ><div class=\"fusion-builder-row fusion-row fusion-flex-align-items-flex-start fusion-flex-content-wrap\" style=\"max-width:1310.4px;margin-left: calc(-4% \/ 2 );margin-right: calc(-4% \/ 2 );\"><div class=\"fusion-layout-column fusion_builder_column fusion-builder-column-1 fusion_builder_column_1_1 1_1 fusion-flex-column\" style=\"--awb-bg-size:cover;--awb-width-large:100%;--awb-margin-top-large:0px;--awb-spacing-right-large:1.92%;--awb-margin-bottom-large:0px;--awb-spacing-left-large:1.92%;--awb-width-medium:100%;--awb-order-medium:0;--awb-spacing-right-medium:1.92%;--awb-spacing-left-medium:1.92%;--awb-width-small:100%;--awb-order-small:0;--awb-spacing-right-small:1.92%;--awb-spacing-left-small:1.92%;\"><div class=\"fusion-column-wrapper fusion-column-has-shadow fusion-flex-justify-content-flex-start fusion-content-layout-column\"><div class=\"fusion-section-separator section-separator big-half-circle fusion-section-separator-1\" style=\"--awb-spacer-height:150px;--awb-svg-margin-left:1.92%;--awb-svg-margin-right:1.92%;--awb-svg-margin-left-medium:1.92%;--awb-svg-margin-right-medium:1.92%;--awb-svg-margin-left-small:1.92%;--awb-svg-margin-right-small:1.92%;--awb-divider-height:150px;--awb-spacer-padding-top:inherit;--awb-sep-padding:0;--awb-svg-padding:0;\"><div class=\"fusion-section-separator-svg\"><svg class=\"fusion-big-half-circle-candy\" xmlns=\"http:\/\/www.w3.org\/2000\/svg\" version=\"1.1\" width=\"100%\" height=\"100\" viewBox=\"0 0 100 100\" preserveAspectRatio=\"none\" fill=\"rgba(48,181,95,0.05)\"><path d=\"M0 100 C40 0 60 0 100 100 Z\"><\/path><\/svg><\/div><div class=\"fusion-section-separator-spacer\"><div class=\"fusion-section-separator-spacer-height\"><\/div><\/div><\/div><\/div><\/div><\/div><\/div><div class=\"fusion-fullwidth fullwidth-box fusion-builder-row-3 fusion-flex-container has-pattern-background has-mask-background nonhundred-percent-fullwidth non-hundred-percent-height-scrolling\" style=\"--awb-border-radius-top-left:0px;--awb-border-radius-top-right:0px;--awb-border-radius-bottom-right:0px;--awb-border-radius-bottom-left:0px;--awb-padding-bottom:0px;--awb-padding-bottom-small:0px;--awb-margin-bottom-small:0px;--awb-background-image:linear-gradient(180deg, hsla(var(--awb-color5-h),var(--awb-color5-s),var(--awb-color5-l),calc( var(--awb-color5-a) - 95% )) 54%,var(--awb-color1) 100%);--awb-flex-wrap:wrap;\" ><div class=\"fusion-builder-row fusion-row fusion-flex-align-items-stretch fusion-flex-justify-content-center fusion-flex-content-wrap\" style=\"max-width:1310.4px;margin-left: calc(-4% \/ 2 );margin-right: calc(-4% \/ 2 );\"><div class=\"fusion-layout-column fusion_builder_column fusion-builder-column-2 fusion_builder_column_1_1 1_1 fusion-flex-column fusion-animated\" style=\"--awb-padding-top:45px;--awb-padding-right:55px;--awb-padding-bottom:35px;--awb-padding-left:55px;--awb-padding-top-small:40px;--awb-padding-right-small:30px;--awb-padding-bottom-small:40px;--awb-padding-left-small:30px;--awb-overflow:hidden;--awb-bg-color:var(--awb-color1);--awb-bg-color-hover:var(--awb-color1);--awb-bg-size:cover;--awb-box-shadow:0px 2px 6px 0px hsla(var(--awb-color8-h),var(--awb-color8-s),var(--awb-color8-l),calc( var(--awb-color8-a) - 89% ));;--awb-border-radius:12px 12px 12px 12px;--awb-width-large:100%;--awb-margin-top-large:-250px;--awb-spacing-right-large:1.92%;--awb-margin-bottom-large:20px;--awb-spacing-left-large:1.92%;--awb-width-medium:50%;--awb-order-medium:0;--awb-spacing-right-medium:3.84%;--awb-margin-bottom-medium:40px;--awb-spacing-left-medium:3.84%;--awb-width-small:100%;--awb-order-small:0;--awb-spacing-right-small:1.92%;--awb-spacing-left-small:1.92%;\" data-animationType=\"bounceInUp\" data-animationDuration=\"1.0\" data-animationOffset=\"top-into-view\"><div class=\"fusion-column-wrapper fusion-column-has-shadow fusion-flex-justify-content-flex-start fusion-content-layout-column\"><div class=\"fusion-title title fusion-title-2 fusion-sep-none fusion-title-text fusion-title-size-three\"><h3 class=\"fusion-title-heading title-heading-left\" style=\"margin:0;\">SPI contribuye al proyecto ECONUTRI en los WP1 y WP6<\/h3><\/div><div class=\"fusion-text fusion-text-1\" style=\"--awb-margin-top:40px;\"><p>En la tarea 1.4: Actividades de agrupaci\u00f3n y cooperaci\u00f3n UE-China, SPI dirigir\u00e1 el proyecto ECONUTRI. Esto implica la agrupaci\u00f3n con otros proyectos financiados en el marco de HORIZON-CL6-2022-ZEROPOLLUTION-01-03, as\u00ed como proyectos H2020\/HEU pertinentes. El objetivo es establecer una comunidad din\u00e1mica para el intercambio, la transferencia y la formaci\u00f3n de conocimientos y mejores pr\u00e1cticas en este campo. Este esfuerzo de colaboraci\u00f3n tambi\u00e9n contribuye a la formulaci\u00f3n de recomendaciones pol\u00edticas espec\u00edficas.<\/p>\n<p>Para potenciar la colaboraci\u00f3n, SPI participar\u00e1 en la iniciativa \u00abENRICH in China\u00bb. El plan incluye la organizaci\u00f3n de un seminario web conjunto en el que participen empresas agr\u00edcolas chinas de la red \u00abENRICH in China\u00bb, junto con socios europeos. Este seminario web servir\u00e1 de plataforma para compartir conocimientos sobre las mejores pr\u00e1cticas en la gesti\u00f3n de nutrientes.<\/p>\n<p>Adem\u00e1s, se crear\u00e1 un Grupo de Partes Interesadas (SHG), integrado por representantes del mundo acad\u00e9mico, la industria y la agricultura. Este grupo colaborar\u00e1 activamente con los socios del proyecto a lo largo de las fases de planificaci\u00f3n y ejecuci\u00f3n, optimizando los resultados, la aceptaci\u00f3n y el impacto. Se invitar\u00e1 al grupo de autoayuda a asistir a dos conferencias organizadas durante las reuniones del proyecto y se le animar\u00e1 a contribuir activamente a la difusi\u00f3n y explotaci\u00f3n de los resultados del proyecto.<\/p>\n<p>El equipo de SPI mantiene una comunicaci\u00f3n activa con los socios chinos del proyecto, facilitando el intercambio de informaci\u00f3n relacionada con los avances, logros, actividades y noticias del proyecto. Adem\u00e1s, el equipo ayuda a sus hom\u00f3logos chinos a publicar noticias relacionadas con el proyecto en el sitio web y en las redes sociales, tendiendo as\u00ed un puente entre Europa y China.<\/p>\n<\/div><\/div><\/div><div class=\"fusion-layout-column fusion_builder_column fusion-builder-column-3 fusion_builder_column_1_1 1_1 fusion-flex-column fusion-animated\" style=\"--awb-padding-top:45px;--awb-padding-right:55px;--awb-padding-bottom:35px;--awb-padding-left:55px;--awb-padding-top-small:40px;--awb-padding-right-small:30px;--awb-padding-bottom-small:40px;--awb-padding-left-small:30px;--awb-overflow:hidden;--awb-bg-color:var(--awb-color1);--awb-bg-color-hover:var(--awb-color1);--awb-bg-size:cover;--awb-box-shadow:0px 2px 6px 0px hsla(var(--awb-color8-h),var(--awb-color8-s),var(--awb-color8-l),calc( var(--awb-color8-a) - 89% ));;--awb-border-radius:12px 12px 12px 12px;--awb-width-large:100%;--awb-margin-top-large:0px;--awb-spacing-right-large:1.92%;--awb-margin-bottom-large:20px;--awb-spacing-left-large:1.92%;--awb-width-medium:50%;--awb-order-medium:0;--awb-spacing-right-medium:3.84%;--awb-margin-bottom-medium:40px;--awb-spacing-left-medium:3.84%;--awb-width-small:100%;--awb-order-small:0;--awb-spacing-right-small:1.92%;--awb-spacing-left-small:1.92%;\" data-animationType=\"bounceInUp\" data-animationDuration=\"1.0\" data-animationOffset=\"top-into-view\"><div class=\"fusion-column-wrapper fusion-column-has-shadow fusion-flex-justify-content-flex-start fusion-content-layout-column\"><div class=\"fusion-title title fusion-title-3 fusion-sep-none fusion-title-text fusion-title-size-three\"><h3 class=\"fusion-title-heading title-heading-left\" style=\"margin:0;\">WP6 Gesti\u00f3n de datos y an\u00e1lisis del sistema<br \/>\nTarea 6.3. Elaboraci\u00f3n de pol\u00edticas, codise\u00f1o y recomendaciones<\/h3><\/div><div class=\"fusion-text fusion-text-2\"><p>En esta tarea espec\u00edfica, nuestro equipo de SPI ha asumido la responsabilidad de preparar y desarrollar un mapeo pol\u00edtico destinado a obtener informaci\u00f3n sobre las Soluciones Basadas en la Naturaleza (SBN) y las pol\u00edticas innovadoras relacionadas con la agricultura tanto en territorio europeo como chino. Para poner en marcha esta iniciativa, nos hemos asociado con NIBIO para la creaci\u00f3n de una encuesta exhaustiva dise\u00f1ada para apoyar la revisi\u00f3n sistem\u00e1tica de las v\u00edas de implementaci\u00f3n e integraci\u00f3n de las NBS (WP6.2). Adem\u00e1s, esta encuesta sirve de base para el desarrollo de opciones de gobernanza e incentivos pol\u00edticos (WP6.3) destinados a promover las NBS en la agricultura.<\/p>\n<p>La encuesta se ha distribuido a todos los socios del proyecto con el objetivo principal de facilitar una revisi\u00f3n exhaustiva de la literatura espec\u00edfica de cada pa\u00eds sobre las ENB en la agricultura para el WP6. Nuestro objetivo es fomentar la colaboraci\u00f3n y el intercambio de conocimientos, lo que nos permitir\u00e1 comprobar, validar y mejorar la informaci\u00f3n recopilada. La encuesta abarca diversos aspectos de las NBS, con especial atenci\u00f3n a las pr\u00e1cticas relacionadas con la agricultura. En concreto, estamos estudiando medidas destinadas a reducir las p\u00e9rdidas de nitr\u00f3geno, f\u00f3sforo y sedimentos, as\u00ed como las emisiones de gases de efecto invernadero a escala de paisaje y de cuenca hidrogr\u00e1fica. Esta investigaci\u00f3n abarca un amplio espectro que incluye, entre otros, la producci\u00f3n agr\u00edcola, agron\u00f3mica, lechera, av\u00edcola y ganadera.<\/p>\n<p>Estamos ampliando la misma encuesta a nuestros socios chinos, en busca de sus valiosas opiniones y perspectivas sobre las NBS en la agricultura de su regi\u00f3n. El esfuerzo de colaboraci\u00f3n en esta encuesta sentar\u00e1 las bases para el posterior an\u00e1lisis eDelphi y la formulaci\u00f3n de futuras recomendaciones pol\u00edticas.<\/p>\n<\/div><\/div><\/div><\/div><\/div><\/p>\n","protected":false},"excerpt":{"rendered":"","protected":false},"author":1,"featured_media":0,"parent":0,"menu_order":0,"comment_status":"closed","ping_status":"closed","template":"100-width.php","meta":{"footnotes":""},"class_list":["post-10608","page","type-page","status-publish","hentry"],"_links":{"self":[{"href":"https:\/\/econutri-project.eu\/es\/wp-json\/wp\/v2\/pages\/10608"}],"collection":[{"href":"https:\/\/econutri-project.eu\/es\/wp-json\/wp\/v2\/pages"}],"about":[{"href":"https:\/\/econutri-project.eu\/es\/wp-json\/wp\/v2\/types\/page"}],"author":[{"embeddable":true,"href":"https:\/\/econutri-project.eu\/es\/wp-json\/wp\/v2\/users\/1"}],"replies":[{"embeddable":true,"href":"https:\/\/econutri-project.eu\/es\/wp-json\/wp\/v2\/comments?post=10608"}],"version-history":[{"count":5,"href":"https:\/\/econutri-project.eu\/es\/wp-json\/wp\/v2\/pages\/10608\/revisions"}],"predecessor-version":[{"id":10966,"href":"https:\/\/econutri-project.eu\/es\/wp-json\/wp\/v2\/pages\/10608\/revisions\/10966"}],"wp:attachment":[{"href":"https:\/\/econutri-project.eu\/es\/wp-json\/wp\/v2\/media?parent=10608"}],"curies":[{"name":"wp","href":"https:\/\/api.w.org\/{rel}","templated":true}]}}