{"id":8513,"date":"2023-05-15T12:18:45","date_gmt":"2023-05-15T09:18:45","guid":{"rendered":"https:\/\/econutri-project.eu\/coexphal\/"},"modified":"2024-01-17T12:57:40","modified_gmt":"2024-01-17T10:57:40","slug":"coexphal","status":"publish","type":"page","link":"https:\/\/econutri-project.eu\/de\/coexphal\/","title":{"rendered":"COEXPHAL"},"content":{"rendered":"<p><div class=\"fusion-fullwidth fullwidth-box fusion-builder-row-1 fusion-flex-container has-pattern-background has-mask-background nonhundred-percent-fullwidth non-hundred-percent-height-scrolling\" style=\"--awb-border-radius-top-left:0px;--awb-border-radius-top-right:0px;--awb-border-radius-bottom-right:0px;--awb-border-radius-bottom-left:0px;--awb-margin-bottom:120px;--awb-margin-bottom-medium:160px;--awb-margin-bottom-small:145px;--awb-flex-wrap:wrap;\" ><div class=\"fusion-builder-row fusion-row fusion-flex-align-items-flex-start fusion-flex-justify-content-center fusion-flex-content-wrap\" style=\"max-width:1310.4px;margin-left: calc(-4% \/ 2 );margin-right: calc(-4% \/ 2 );\"><div class=\"fusion-layout-column fusion_builder_column fusion-builder-column-0 fusion_builder_column_2_3 2_3 fusion-flex-column fusion-animated\" style=\"--awb-bg-size:cover;--awb-width-large:66.666666666667%;--awb-margin-top-large:0px;--awb-spacing-right-large:2.88%;--awb-margin-bottom-large:0px;--awb-spacing-left-large:2.88%;--awb-width-medium:75%;--awb-order-medium:0;--awb-spacing-right-medium:2.56%;--awb-spacing-left-medium:2.56%;--awb-width-small:100%;--awb-order-small:0;--awb-spacing-right-small:1.92%;--awb-spacing-left-small:1.92%;\" data-animationType=\"fadeInDown\" data-animationDuration=\"1.3\" data-animationOffset=\"top-into-view\"><div class=\"fusion-column-wrapper fusion-column-has-shadow fusion-flex-justify-content-center fusion-content-layout-column\"><div class=\"fusion-title title fusion-title-1 fusion-sep-none fusion-title-center fusion-title-text fusion-title-size-two\" style=\"--awb-margin-bottom:35px;\"><h2 class=\"fusion-title-heading title-heading-center\" style=\"margin:0;\">COEXPHAL<\/h2><\/div><\/div><\/div><\/div><\/div><div class=\"fusion-fullwidth fullwidth-box fusion-builder-row-2 fusion-flex-container nonhundred-percent-fullwidth non-hundred-percent-height-scrolling\" style=\"--awb-border-radius-top-left:0px;--awb-border-radius-top-right:0px;--awb-border-radius-bottom-right:0px;--awb-border-radius-bottom-left:0px;--awb-flex-wrap:wrap;\" ><div class=\"fusion-builder-row fusion-row fusion-flex-align-items-flex-start fusion-flex-content-wrap\" style=\"max-width:1310.4px;margin-left: calc(-4% \/ 2 );margin-right: calc(-4% \/ 2 );\"><div class=\"fusion-layout-column fusion_builder_column fusion-builder-column-1 fusion_builder_column_1_1 1_1 fusion-flex-column\" style=\"--awb-bg-size:cover;--awb-width-large:100%;--awb-margin-top-large:0px;--awb-spacing-right-large:1.92%;--awb-margin-bottom-large:0px;--awb-spacing-left-large:1.92%;--awb-width-medium:100%;--awb-order-medium:0;--awb-spacing-right-medium:1.92%;--awb-spacing-left-medium:1.92%;--awb-width-small:100%;--awb-order-small:0;--awb-spacing-right-small:1.92%;--awb-spacing-left-small:1.92%;\"><div class=\"fusion-column-wrapper fusion-column-has-shadow fusion-flex-justify-content-flex-start fusion-content-layout-column\"><div class=\"fusion-section-separator section-separator big-half-circle fusion-section-separator-1\" style=\"--awb-spacer-height:150px;--awb-svg-margin-left:1.92%;--awb-svg-margin-right:1.92%;--awb-svg-margin-left-medium:1.92%;--awb-svg-margin-right-medium:1.92%;--awb-svg-margin-left-small:1.92%;--awb-svg-margin-right-small:1.92%;--awb-divider-height:150px;--awb-spacer-padding-top:inherit;--awb-sep-padding:0;--awb-svg-padding:0;\"><div class=\"fusion-section-separator-svg\"><svg class=\"fusion-big-half-circle-candy\" xmlns=\"http:\/\/www.w3.org\/2000\/svg\" version=\"1.1\" width=\"100%\" height=\"100\" viewBox=\"0 0 100 100\" preserveAspectRatio=\"none\" fill=\"rgba(48,181,95,0.05)\"><path d=\"M0 100 C40 0 60 0 100 100 Z\"><\/path><\/svg><\/div><div class=\"fusion-section-separator-spacer\"><div class=\"fusion-section-separator-spacer-height\"><\/div><\/div><\/div><\/div><\/div><\/div><\/div><div class=\"fusion-fullwidth fullwidth-box fusion-builder-row-3 fusion-flex-container has-pattern-background has-mask-background nonhundred-percent-fullwidth non-hundred-percent-height-scrolling\" style=\"--awb-border-radius-top-left:0px;--awb-border-radius-top-right:0px;--awb-border-radius-bottom-right:0px;--awb-border-radius-bottom-left:0px;--awb-padding-bottom:0px;--awb-padding-bottom-small:0px;--awb-margin-bottom-small:0px;--awb-background-image:linear-gradient(180deg, hsla(var(--awb-color5-h),var(--awb-color5-s),var(--awb-color5-l),calc( var(--awb-color5-a) - 95% )) 54%,var(--awb-color1) 100%);--awb-flex-wrap:wrap;\" ><div class=\"fusion-builder-row fusion-row fusion-flex-align-items-stretch fusion-flex-justify-content-center fusion-flex-content-wrap\" style=\"max-width:1310.4px;margin-left: calc(-4% \/ 2 );margin-right: calc(-4% \/ 2 );\"><div class=\"fusion-layout-column fusion_builder_column fusion-builder-column-2 fusion_builder_column_1_1 1_1 fusion-flex-column fusion-animated\" style=\"--awb-padding-top:45px;--awb-padding-right:55px;--awb-padding-bottom:35px;--awb-padding-left:55px;--awb-padding-top-small:40px;--awb-padding-right-small:30px;--awb-padding-bottom-small:40px;--awb-padding-left-small:30px;--awb-overflow:hidden;--awb-bg-color:var(--awb-color1);--awb-bg-color-hover:var(--awb-color1);--awb-bg-size:cover;--awb-box-shadow:0px 2px 6px 0px hsla(var(--awb-color8-h),var(--awb-color8-s),var(--awb-color8-l),calc( var(--awb-color8-a) - 89% ));;--awb-border-radius:12px 12px 12px 12px;--awb-width-large:100%;--awb-margin-top-large:-250px;--awb-spacing-right-large:1.92%;--awb-margin-bottom-large:20px;--awb-spacing-left-large:1.92%;--awb-width-medium:50%;--awb-order-medium:0;--awb-spacing-right-medium:3.84%;--awb-margin-bottom-medium:40px;--awb-spacing-left-medium:3.84%;--awb-width-small:100%;--awb-order-small:0;--awb-spacing-right-small:1.92%;--awb-spacing-left-small:1.92%;\" data-animationType=\"bounceInUp\" data-animationDuration=\"1.0\" data-animationOffset=\"top-into-view\"><div class=\"fusion-column-wrapper fusion-column-has-shadow fusion-flex-justify-content-flex-start fusion-content-layout-column\"><div class=\"fusion-text fusion-text-1\"><p>Als Verband von und Dienstleistungsorganisation f\u00fcr Gartenbauunternehmen, die produzieren und vermarkten, ist COEXPHAL stark in alle Initiativen zur Nachhaltigkeit des Gew\u00e4chshaussystems eingebunden. In der trockensten Region Europas ist die Optimierung des Wasser- und D\u00fcngemitteleinsatzes ein Schl\u00fcsselfaktor f\u00fcr diese Nachhaltigkeit.<\/p>\n<p>In enger Zusammenarbeit mit der Universit\u00e4t von Almer\u00eda (UAL) wird COEXPHAL Pilotprojekte durchf\u00fchren, um die Wirksamkeit neuer Techniken, den Einsatz neuer Ger\u00e4te und die Anwendung eines D\u00fcngemodells zu demonstrieren, das von der UAL in fr\u00fcheren Projekten entwickelt wurde.<\/p>\n<p>W\u00e4hrend sich die UAL haupts\u00e4chlich auf konventionelle Kulturen konzentriert, wird COEXPAL einen gro\u00dfen Teil seiner Bem\u00fchungen auf den \u00f6kologischen Landbau richten. Derzeit werden etwa 15 % der gesamten Gew\u00e4chshausfl\u00e4che nach den Regeln des \u00f6kologischen Landbaus bewirtschaftet. Obwohl alle Gew\u00e4chshausproduzenten bald verpflichtet sein werden, Umweltparameter wie den Wasser- und Stickstoff-Fu\u00dfabdruck zu quantifizieren, ist dies f\u00fcr \u00f6kologische Erzeuger noch dringlicher.<\/p>\n<p>COEXPHAL wird das gewonnene Wissen \u00fcber die Optimierung der D\u00fcngung in den technischen Abteilungen der angeschlossenen Unternehmen verbreiten.<\/p>\n<p>Das Labor von COEXPHAL kann seine Dienstleistungen im Bereich der Boden- und Pflanzenanalyse mit den in diesem Projekt gewonnenen Erkenntnissen erweitern.<\/p>\n<\/div><\/div><\/div><div class=\"fusion-layout-column fusion_builder_column fusion-builder-column-3 fusion_builder_column_1_2 1_2 fusion-flex-column fusion-animated\" style=\"--awb-padding-top:20px;--awb-padding-right:20px;--awb-padding-bottom:20px;--awb-padding-left:20px;--awb-padding-top-small:20px;--awb-padding-right-small:20px;--awb-padding-bottom-small:20px;--awb-padding-left-small:20px;--awb-overflow:hidden;--awb-bg-color:var(--awb-color1);--awb-bg-color-hover:var(--awb-color1);--awb-bg-size:cover;--awb-box-shadow:0px 2px 6px 0px hsla(var(--awb-color8-h),var(--awb-color8-s),var(--awb-color8-l),calc( var(--awb-color8-a) - 89% ));;--awb-border-radius:12px 12px 12px 12px;--awb-width-large:50%;--awb-margin-top-large:0px;--awb-spacing-right-large:10px;--awb-margin-bottom-large:20px;--awb-spacing-left-large:3.84%;--awb-width-medium:50%;--awb-order-medium:0;--awb-spacing-right-medium:10px;--awb-margin-bottom-medium:40px;--awb-spacing-left-medium:3.84%;--awb-width-small:100%;--awb-order-small:0;--awb-spacing-right-small:1.92%;--awb-spacing-left-small:1.92%;\" data-animationType=\"bounceInUp\" data-animationDuration=\"1.0\" data-animationOffset=\"top-into-view\"><div class=\"fusion-column-wrapper fusion-column-has-shadow fusion-flex-justify-content-flex-start fusion-content-layout-column\"><div class=\"fusion-image-element \" style=\"text-align:center;--awb-caption-title-font-family:var(--h2_typography-font-family);--awb-caption-title-font-weight:var(--h2_typography-font-weight);--awb-caption-title-font-style:var(--h2_typography-font-style);--awb-caption-title-size:var(--h2_typography-font-size);--awb-caption-title-transform:var(--h2_typography-text-transform);--awb-caption-title-line-height:var(--h2_typography-line-height);--awb-caption-title-letter-spacing:var(--h2_typography-letter-spacing);\"><span class=\" fusion-imageframe imageframe-none imageframe-1 hover-type-none\"><a href=\"https:\/\/econutri-project.eu\/wp-content\/uploads\/2023\/05\/IMG_8233-.jpg\" class=\"fusion-lightbox\" data-rel=\"iLightbox[816bd2c9d472ed81038]\" data-title=\"IMG_8233-\" title=\"IMG_8233-\"><img decoding=\"async\" width=\"1773\" height=\"1182\" src=\"https:\/\/econutri-project.eu\/wp-content\/uploads\/2023\/05\/IMG_8233-.jpg\" alt class=\"img-responsive wp-image-4537 disable-lazyload\" srcset=\"https:\/\/econutri-project.eu\/wp-content\/uploads\/2023\/05\/IMG_8233--200x133.jpg 200w, https:\/\/econutri-project.eu\/wp-content\/uploads\/2023\/05\/IMG_8233--400x267.jpg 400w, https:\/\/econutri-project.eu\/wp-content\/uploads\/2023\/05\/IMG_8233--600x400.jpg 600w, https:\/\/econutri-project.eu\/wp-content\/uploads\/2023\/05\/IMG_8233--800x533.jpg 800w, https:\/\/econutri-project.eu\/wp-content\/uploads\/2023\/05\/IMG_8233--1200x800.jpg 1200w, https:\/\/econutri-project.eu\/wp-content\/uploads\/2023\/05\/IMG_8233-.jpg 1773w\" sizes=\"(max-width: 640px) 100vw, 600px\" \/><\/a><\/span><\/div><\/div><\/div><div class=\"fusion-layout-column fusion_builder_column fusion-builder-column-4 fusion_builder_column_1_2 1_2 fusion-flex-column fusion-animated\" style=\"--awb-padding-top:20px;--awb-padding-right:20px;--awb-padding-bottom:20px;--awb-padding-left:20px;--awb-padding-top-small:20px;--awb-padding-right-small:20px;--awb-padding-bottom-small:20px;--awb-padding-left-small:20px;--awb-overflow:hidden;--awb-bg-color:var(--awb-color1);--awb-bg-color-hover:var(--awb-color1);--awb-bg-size:cover;--awb-box-shadow:0px 2px 6px 0px hsla(var(--awb-color8-h),var(--awb-color8-s),var(--awb-color8-l),calc( var(--awb-color8-a) - 89% ));;--awb-border-radius:12px 12px 12px 12px;--awb-width-large:50%;--awb-margin-top-large:0px;--awb-spacing-right-large:3.84%;--awb-margin-bottom-large:20px;--awb-spacing-left-large:10px;--awb-width-medium:50%;--awb-order-medium:0;--awb-spacing-right-medium:3.84%;--awb-margin-bottom-medium:40px;--awb-spacing-left-medium:10px;--awb-width-small:100%;--awb-order-small:0;--awb-spacing-right-small:1.92%;--awb-margin-bottom-small:0px;--awb-spacing-left-small:1.92%;\" data-animationType=\"bounceInUp\" data-animationDuration=\"1.0\" data-animationOffset=\"top-into-view\"><div class=\"fusion-column-wrapper fusion-column-has-shadow fusion-flex-justify-content-flex-start fusion-content-layout-column\"><div class=\"fusion-image-element \" style=\"text-align:center;--awb-caption-title-font-family:var(--h2_typography-font-family);--awb-caption-title-font-weight:var(--h2_typography-font-weight);--awb-caption-title-font-style:var(--h2_typography-font-style);--awb-caption-title-size:var(--h2_typography-font-size);--awb-caption-title-transform:var(--h2_typography-text-transform);--awb-caption-title-line-height:var(--h2_typography-line-height);--awb-caption-title-letter-spacing:var(--h2_typography-letter-spacing);\"><span class=\" fusion-imageframe imageframe-none imageframe-2 hover-type-none\"><a href=\"https:\/\/econutri-project.eu\/wp-content\/uploads\/2023\/05\/IMG_8223-.jpg\" class=\"fusion-lightbox\" data-rel=\"iLightbox[715f9475bb1a7ab0c79]\" data-title=\"IMG_8223-\" title=\"IMG_8223-\"><img decoding=\"async\" width=\"1773\" height=\"1182\" src=\"https:\/\/econutri-project.eu\/wp-content\/uploads\/2023\/05\/IMG_8223-.jpg\" alt class=\"img-responsive wp-image-4547 disable-lazyload\" srcset=\"https:\/\/econutri-project.eu\/wp-content\/uploads\/2023\/05\/IMG_8223--200x133.jpg 200w, https:\/\/econutri-project.eu\/wp-content\/uploads\/2023\/05\/IMG_8223--400x267.jpg 400w, https:\/\/econutri-project.eu\/wp-content\/uploads\/2023\/05\/IMG_8223--600x400.jpg 600w, https:\/\/econutri-project.eu\/wp-content\/uploads\/2023\/05\/IMG_8223--800x533.jpg 800w, https:\/\/econutri-project.eu\/wp-content\/uploads\/2023\/05\/IMG_8223--1200x800.jpg 1200w, https:\/\/econutri-project.eu\/wp-content\/uploads\/2023\/05\/IMG_8223-.jpg 1773w\" sizes=\"(max-width: 640px) 100vw, 600px\" \/><\/a><\/span><\/div><\/div><\/div><div class=\"fusion-layout-column fusion_builder_column fusion-builder-column-5 fusion_builder_column_1_2 1_2 fusion-flex-column fusion-animated\" style=\"--awb-padding-top:20px;--awb-padding-right:20px;--awb-padding-bottom:20px;--awb-padding-left:20px;--awb-padding-top-small:20px;--awb-padding-right-small:20px;--awb-padding-bottom-small:20px;--awb-padding-left-small:20px;--awb-overflow:hidden;--awb-bg-color:var(--awb-color1);--awb-bg-color-hover:var(--awb-color1);--awb-bg-size:cover;--awb-box-shadow:0px 2px 6px 0px hsla(var(--awb-color8-h),var(--awb-color8-s),var(--awb-color8-l),calc( var(--awb-color8-a) - 89% ));;--awb-border-radius:12px 12px 12px 12px;--awb-width-large:50%;--awb-margin-top-large:0px;--awb-spacing-right-large:3.84%;--awb-margin-bottom-large:20px;--awb-spacing-left-large:10px;--awb-width-medium:50%;--awb-order-medium:0;--awb-spacing-right-medium:3.84%;--awb-margin-bottom-medium:40px;--awb-spacing-left-medium:10px;--awb-width-small:100%;--awb-order-small:0;--awb-spacing-right-small:1.92%;--awb-margin-bottom-small:0px;--awb-spacing-left-small:1.92%;\" data-animationType=\"bounceInUp\" data-animationDuration=\"1.0\" data-animationOffset=\"top-into-view\"><div class=\"fusion-column-wrapper fusion-column-has-shadow fusion-flex-justify-content-flex-start fusion-content-layout-column\"><div class=\"fusion-image-element \" style=\"text-align:center;--awb-caption-title-font-family:var(--h2_typography-font-family);--awb-caption-title-font-weight:var(--h2_typography-font-weight);--awb-caption-title-font-style:var(--h2_typography-font-style);--awb-caption-title-size:var(--h2_typography-font-size);--awb-caption-title-transform:var(--h2_typography-text-transform);--awb-caption-title-line-height:var(--h2_typography-line-height);--awb-caption-title-letter-spacing:var(--h2_typography-letter-spacing);\"><span class=\" fusion-imageframe imageframe-none imageframe-3 hover-type-none\"><a href=\"https:\/\/econutri-project.eu\/wp-content\/uploads\/2023\/05\/IMG_8230-.jpg\" class=\"fusion-lightbox\" data-rel=\"iLightbox[7f21c3f81da0c69812e]\" data-title=\"IMG_8230-\" title=\"IMG_8230-\"><img decoding=\"async\" width=\"1773\" height=\"1182\" src=\"https:\/\/econutri-project.eu\/wp-content\/uploads\/2023\/05\/IMG_8230-.jpg\" alt class=\"img-responsive wp-image-4557 disable-lazyload\" srcset=\"https:\/\/econutri-project.eu\/wp-content\/uploads\/2023\/05\/IMG_8230--200x133.jpg 200w, https:\/\/econutri-project.eu\/wp-content\/uploads\/2023\/05\/IMG_8230--400x267.jpg 400w, https:\/\/econutri-project.eu\/wp-content\/uploads\/2023\/05\/IMG_8230--600x400.jpg 600w, https:\/\/econutri-project.eu\/wp-content\/uploads\/2023\/05\/IMG_8230--800x533.jpg 800w, https:\/\/econutri-project.eu\/wp-content\/uploads\/2023\/05\/IMG_8230--1200x800.jpg 1200w, https:\/\/econutri-project.eu\/wp-content\/uploads\/2023\/05\/IMG_8230-.jpg 1773w\" sizes=\"(max-width: 640px) 100vw, 600px\" \/><\/a><\/span><\/div><\/div><\/div><\/div><\/div><\/p>\n","protected":false},"excerpt":{"rendered":"","protected":false},"author":1,"featured_media":0,"parent":0,"menu_order":0,"comment_status":"closed","ping_status":"closed","template":"100-width.php","meta":{"footnotes":""},"class_list":["post-8513","page","type-page","status-publish","hentry"],"_links":{"self":[{"href":"https:\/\/econutri-project.eu\/de\/wp-json\/wp\/v2\/pages\/8513"}],"collection":[{"href":"https:\/\/econutri-project.eu\/de\/wp-json\/wp\/v2\/pages"}],"about":[{"href":"https:\/\/econutri-project.eu\/de\/wp-json\/wp\/v2\/types\/page"}],"author":[{"embeddable":true,"href":"https:\/\/econutri-project.eu\/de\/wp-json\/wp\/v2\/users\/1"}],"replies":[{"embeddable":true,"href":"https:\/\/econutri-project.eu\/de\/wp-json\/wp\/v2\/comments?post=8513"}],"version-history":[{"count":1,"href":"https:\/\/econutri-project.eu\/de\/wp-json\/wp\/v2\/pages\/8513\/revisions"}],"predecessor-version":[{"id":8528,"href":"https:\/\/econutri-project.eu\/de\/wp-json\/wp\/v2\/pages\/8513\/revisions\/8528"}],"wp:attachment":[{"href":"https:\/\/econutri-project.eu\/de\/wp-json\/wp\/v2\/media?parent=8513"}],"curies":[{"name":"wp","href":"https:\/\/api.w.org\/{rel}","templated":true}]}}