{"id":8371,"date":"2023-10-10T14:22:47","date_gmt":"2023-10-10T11:22:47","guid":{"rendered":"https:\/\/econutri-project.eu\/leibniz-institut-fuer-pflanzenbau-und-zierpflanzen-igz-e-v\/"},"modified":"2024-01-17T12:57:31","modified_gmt":"2024-01-17T10:57:31","slug":"leibniz-institut-fuer-pflanzenbau-und-zierpflanzen-igz-e-v","status":"publish","type":"page","link":"https:\/\/econutri-project.eu\/de\/leibniz-institut-fuer-pflanzenbau-und-zierpflanzen-igz-e-v\/","title":{"rendered":"LEIBNIZ-INSTITUT F\u00dcR PFLANZENBAU UND ZIERPFLANZEN (IGZ) E.V."},"content":{"rendered":"<p><div class=\"fusion-fullwidth fullwidth-box fusion-builder-row-1 fusion-flex-container has-pattern-background has-mask-background nonhundred-percent-fullwidth non-hundred-percent-height-scrolling\" style=\"--awb-border-radius-top-left:0px;--awb-border-radius-top-right:0px;--awb-border-radius-bottom-right:0px;--awb-border-radius-bottom-left:0px;--awb-margin-bottom:120px;--awb-margin-bottom-medium:160px;--awb-margin-bottom-small:145px;--awb-flex-wrap:wrap;\" ><div class=\"fusion-builder-row fusion-row fusion-flex-align-items-flex-start fusion-flex-justify-content-center fusion-flex-content-wrap\" style=\"max-width:1310.4px;margin-left: calc(-4% \/ 2 );margin-right: calc(-4% \/ 2 );\"><div class=\"fusion-layout-column fusion_builder_column fusion-builder-column-0 fusion_builder_column_2_3 2_3 fusion-flex-column fusion-animated\" style=\"--awb-bg-size:cover;--awb-width-large:66.666666666667%;--awb-margin-top-large:0px;--awb-spacing-right-large:2.88%;--awb-margin-bottom-large:0px;--awb-spacing-left-large:2.88%;--awb-width-medium:75%;--awb-order-medium:0;--awb-spacing-right-medium:2.56%;--awb-spacing-left-medium:2.56%;--awb-width-small:100%;--awb-order-small:0;--awb-spacing-right-small:1.92%;--awb-spacing-left-small:1.92%;\" data-animationType=\"fadeInDown\" data-animationDuration=\"1.3\" data-animationOffset=\"top-into-view\"><div class=\"fusion-column-wrapper fusion-column-has-shadow fusion-flex-justify-content-center fusion-content-layout-column\"><div class=\"fusion-title title fusion-title-1 fusion-sep-none fusion-title-center fusion-title-text fusion-title-size-two\" style=\"--awb-margin-bottom:35px;\"><h2 class=\"fusion-title-heading title-heading-center\" style=\"margin:0;\">LEIBNIZ-INSTITUT F\u00dcR PFLANZENBAU UND ZIERPFLANZEN (IGZ) E.V.<\/h2><\/div><\/div><\/div><\/div><\/div><div class=\"fusion-fullwidth fullwidth-box fusion-builder-row-2 fusion-flex-container nonhundred-percent-fullwidth non-hundred-percent-height-scrolling\" style=\"--awb-border-radius-top-left:0px;--awb-border-radius-top-right:0px;--awb-border-radius-bottom-right:0px;--awb-border-radius-bottom-left:0px;--awb-flex-wrap:wrap;\" ><div class=\"fusion-builder-row fusion-row fusion-flex-align-items-flex-start fusion-flex-content-wrap\" style=\"max-width:1310.4px;margin-left: calc(-4% \/ 2 );margin-right: calc(-4% \/ 2 );\"><div class=\"fusion-layout-column fusion_builder_column fusion-builder-column-1 fusion_builder_column_1_1 1_1 fusion-flex-column\" style=\"--awb-bg-size:cover;--awb-width-large:100%;--awb-margin-top-large:0px;--awb-spacing-right-large:1.92%;--awb-margin-bottom-large:0px;--awb-spacing-left-large:1.92%;--awb-width-medium:100%;--awb-order-medium:0;--awb-spacing-right-medium:1.92%;--awb-spacing-left-medium:1.92%;--awb-width-small:100%;--awb-order-small:0;--awb-spacing-right-small:1.92%;--awb-spacing-left-small:1.92%;\"><div class=\"fusion-column-wrapper fusion-column-has-shadow fusion-flex-justify-content-flex-start fusion-content-layout-column\"><div class=\"fusion-section-separator section-separator big-half-circle fusion-section-separator-1\" style=\"--awb-spacer-height:150px;--awb-svg-margin-left:1.92%;--awb-svg-margin-right:1.92%;--awb-svg-margin-left-medium:1.92%;--awb-svg-margin-right-medium:1.92%;--awb-svg-margin-left-small:1.92%;--awb-svg-margin-right-small:1.92%;--awb-divider-height:150px;--awb-spacer-padding-top:inherit;--awb-sep-padding:0;--awb-svg-padding:0;\"><div class=\"fusion-section-separator-svg\"><svg class=\"fusion-big-half-circle-candy\" xmlns=\"http:\/\/www.w3.org\/2000\/svg\" version=\"1.1\" width=\"100%\" height=\"100\" viewBox=\"0 0 100 100\" preserveAspectRatio=\"none\" fill=\"rgba(48,181,95,0.05)\"><path d=\"M0 100 C40 0 60 0 100 100 Z\"><\/path><\/svg><\/div><div class=\"fusion-section-separator-spacer\"><div class=\"fusion-section-separator-spacer-height\"><\/div><\/div><\/div><\/div><\/div><\/div><\/div><div class=\"fusion-fullwidth fullwidth-box fusion-builder-row-3 fusion-flex-container has-pattern-background has-mask-background nonhundred-percent-fullwidth non-hundred-percent-height-scrolling\" style=\"--awb-border-radius-top-left:0px;--awb-border-radius-top-right:0px;--awb-border-radius-bottom-right:0px;--awb-border-radius-bottom-left:0px;--awb-padding-bottom:0px;--awb-padding-bottom-small:0px;--awb-margin-bottom-small:0px;--awb-background-image:linear-gradient(180deg, hsla(var(--awb-color5-h),var(--awb-color5-s),var(--awb-color5-l),calc( var(--awb-color5-a) - 95% )) 54%,var(--awb-color1) 100%);--awb-flex-wrap:wrap;\" ><div class=\"fusion-builder-row fusion-row fusion-flex-align-items-stretch fusion-flex-justify-content-center fusion-flex-content-wrap\" style=\"max-width:1310.4px;margin-left: calc(-4% \/ 2 );margin-right: calc(-4% \/ 2 );\"><div class=\"fusion-layout-column fusion_builder_column fusion-builder-column-2 fusion_builder_column_1_1 1_1 fusion-flex-column fusion-animated\" style=\"--awb-padding-top:45px;--awb-padding-right:55px;--awb-padding-bottom:35px;--awb-padding-left:55px;--awb-padding-top-small:40px;--awb-padding-right-small:30px;--awb-padding-bottom-small:40px;--awb-padding-left-small:30px;--awb-overflow:hidden;--awb-bg-color:var(--awb-color1);--awb-bg-color-hover:var(--awb-color1);--awb-bg-size:cover;--awb-box-shadow:0px 2px 6px 0px hsla(var(--awb-color8-h),var(--awb-color8-s),var(--awb-color8-l),calc( var(--awb-color8-a) - 89% ));;--awb-border-radius:12px 12px 12px 12px;--awb-width-large:100%;--awb-margin-top-large:-250px;--awb-spacing-right-large:1.92%;--awb-margin-bottom-large:20px;--awb-spacing-left-large:1.92%;--awb-width-medium:50%;--awb-order-medium:0;--awb-spacing-right-medium:3.84%;--awb-margin-bottom-medium:40px;--awb-spacing-left-medium:3.84%;--awb-width-small:100%;--awb-order-small:0;--awb-spacing-right-small:1.92%;--awb-spacing-left-small:1.92%;\" data-animationType=\"bounceInUp\" data-animationDuration=\"1.0\" data-animationOffset=\"top-into-view\"><div class=\"fusion-column-wrapper fusion-column-has-shadow fusion-flex-justify-content-flex-start fusion-content-layout-column\"><div class=\"fusion-image-element \" style=\"text-align:center;--awb-caption-title-font-family:var(--h2_typography-font-family);--awb-caption-title-font-weight:var(--h2_typography-font-weight);--awb-caption-title-font-style:var(--h2_typography-font-style);--awb-caption-title-size:var(--h2_typography-font-size);--awb-caption-title-transform:var(--h2_typography-text-transform);--awb-caption-title-line-height:var(--h2_typography-line-height);--awb-caption-title-letter-spacing:var(--h2_typography-letter-spacing);\"><span class=\" fusion-imageframe imageframe-none imageframe-1 hover-type-none\"><img decoding=\"async\" width=\"1562\" height=\"587\" title=\"LEIBNIZ INSTITUTE FOR VEGETABLE AND ORNAMENTAL CROPS (IGZ)\" src=\"https:\/\/econutri-project.eu\/wp-content\/uploads\/2023\/10\/LEIBNIZ-INSTITUTE-FOR-VEGETABLE-AND-ORNAMENTAL-CROPS-IGZ.jpg\" data-orig-src=\"https:\/\/econutri-project.eu\/wp-content\/uploads\/2023\/10\/LEIBNIZ-INSTITUTE-FOR-VEGETABLE-AND-ORNAMENTAL-CROPS-IGZ.jpg\" alt class=\"lazyload img-responsive wp-image-4677\" srcset=\"data:image\/svg+xml,%3Csvg%20xmlns%3D%27http%3A%2F%2Fwww.w3.org%2F2000%2Fsvg%27%20width%3D%271562%27%20height%3D%27587%27%20viewBox%3D%270%200%201562%20587%27%3E%3Crect%20width%3D%271562%27%20height%3D%27587%27%20fill-opacity%3D%220%22%2F%3E%3C%2Fsvg%3E\" data-srcset=\"https:\/\/econutri-project.eu\/wp-content\/uploads\/2023\/10\/LEIBNIZ-INSTITUTE-FOR-VEGETABLE-AND-ORNAMENTAL-CROPS-IGZ-200x75.jpg 200w, https:\/\/econutri-project.eu\/wp-content\/uploads\/2023\/10\/LEIBNIZ-INSTITUTE-FOR-VEGETABLE-AND-ORNAMENTAL-CROPS-IGZ-400x150.jpg 400w, https:\/\/econutri-project.eu\/wp-content\/uploads\/2023\/10\/LEIBNIZ-INSTITUTE-FOR-VEGETABLE-AND-ORNAMENTAL-CROPS-IGZ-600x225.jpg 600w, https:\/\/econutri-project.eu\/wp-content\/uploads\/2023\/10\/LEIBNIZ-INSTITUTE-FOR-VEGETABLE-AND-ORNAMENTAL-CROPS-IGZ-800x301.jpg 800w, https:\/\/econutri-project.eu\/wp-content\/uploads\/2023\/10\/LEIBNIZ-INSTITUTE-FOR-VEGETABLE-AND-ORNAMENTAL-CROPS-IGZ-1200x451.jpg 1200w, https:\/\/econutri-project.eu\/wp-content\/uploads\/2023\/10\/LEIBNIZ-INSTITUTE-FOR-VEGETABLE-AND-ORNAMENTAL-CROPS-IGZ.jpg 1562w\" data-sizes=\"auto\" data-orig-sizes=\"(max-width: 640px) 100vw, 1200px\" \/><\/span><\/div><div class=\"fusion-text fusion-text-1\" style=\"--awb-margin-top:40px;\"><p>In der Abteilung &#8222;Controlled Environment Horticultural Systems&#8220; (HORTSYS-IGZ) schaffen wir mit Hilfe von Systemmodellierung und Sensorik ein modellbasiertes Monitoring, das auf eine ressourcenschonende Produktion abzielt. Wir nutzen unsere Forschung f\u00fcr die Umweltkontrolle und Ressourcenschonung in Gew\u00e4chsh\u00e4usern und kontrollierten Umgebungen.<\/p>\n<p>HORTSYS-IGZ beteiligt sich am ECONUTRI-Projekt in:<\/p>\n<ul>\n<li><strong>WP5 Umweltauswirkungen, Lebenszyklusanalyse und sozio\u00f6konomische Aspekte<\/strong> als WP-Leiter<\/li>\n<li><strong>WP5.1 Systemmodellierung und Umweltbewertung<\/strong> als Verantwortlicher f\u00fcr Subtask<\/li>\n<li><strong>WP2, WP3 und WP4<\/strong> als Kooperationspartner f\u00fcr die Modellierung ausgew\u00e4hlter Innovationen<\/li>\n<\/ul>\n<p>Die Hauptaufgabe des IGZ ist die Entwicklung von Massenbilanzen und mechanistischen Modellen zur Vorhersage des Verhaltens der N\u00e4hrstoffverlustreduzierung unter verschiedenen Szenarien von vier verschiedenen technischen Innovationen im Agrarsektor. Au\u00dferdem arbeitet das IGZ mit der Landwirtschaftlichen Universit\u00e4t Athen<a href=\"https:\/\/www2.aua.gr\/en\">(AUA<\/a>) und der Environmental Social Science Research Group (<a href=\"https:\/\/www.essrg.hu\/en\/\">ESSRG<\/a>) in Ungarn zusammen, um Lebenszyklus- und sozio\u00f6konomische Bewertungen durchzuf\u00fchren.<\/p>\n<\/div><\/div><\/div><div class=\"fusion-layout-column fusion_builder_column fusion-builder-column-3 fusion_builder_column_1_1 1_1 fusion-flex-column fusion-animated\" style=\"--awb-padding-top:45px;--awb-padding-right:55px;--awb-padding-bottom:35px;--awb-padding-left:55px;--awb-padding-top-small:40px;--awb-padding-right-small:30px;--awb-padding-bottom-small:40px;--awb-padding-left-small:30px;--awb-overflow:hidden;--awb-bg-color:var(--awb-color1);--awb-bg-color-hover:var(--awb-color1);--awb-bg-size:cover;--awb-box-shadow:0px 2px 6px 0px hsla(var(--awb-color8-h),var(--awb-color8-s),var(--awb-color8-l),calc( var(--awb-color8-a) - 89% ));;--awb-border-radius:12px 12px 12px 12px;--awb-width-large:100%;--awb-margin-top-large:0px;--awb-spacing-right-large:1.92%;--awb-margin-bottom-large:20px;--awb-spacing-left-large:1.92%;--awb-width-medium:50%;--awb-order-medium:0;--awb-spacing-right-medium:3.84%;--awb-margin-bottom-medium:40px;--awb-spacing-left-medium:3.84%;--awb-width-small:100%;--awb-order-small:0;--awb-spacing-right-small:1.92%;--awb-spacing-left-small:1.92%;\" data-animationType=\"bounceInUp\" data-animationDuration=\"1.0\" data-animationOffset=\"top-into-view\"><div class=\"fusion-column-wrapper fusion-column-has-shadow fusion-flex-justify-content-flex-start fusion-content-layout-column\"><div class=\"fusion-image-element \" style=\"text-align:center;--awb-caption-title-font-family:var(--h2_typography-font-family);--awb-caption-title-font-weight:var(--h2_typography-font-weight);--awb-caption-title-font-style:var(--h2_typography-font-style);--awb-caption-title-size:var(--h2_typography-font-size);--awb-caption-title-transform:var(--h2_typography-text-transform);--awb-caption-title-line-height:var(--h2_typography-line-height);--awb-caption-title-letter-spacing:var(--h2_typography-letter-spacing);\"><span class=\" fusion-imageframe imageframe-none imageframe-2 hover-type-none\"><img decoding=\"async\" width=\"1000\" height=\"751\" title=\"LEIBNIZ-INSTITUTE-FOR-VEGETABLE-AND-ORNAMENTAL-CROPS-(IGZ)-1\" src=\"https:\/\/econutri-project.eu\/wp-content\/uploads\/2023\/10\/LEIBNIZ-INSTITUTE-FOR-VEGETABLE-AND-ORNAMENTAL-CROPS-IGZ-1.jpg\" data-orig-src=\"https:\/\/econutri-project.eu\/wp-content\/uploads\/2023\/10\/LEIBNIZ-INSTITUTE-FOR-VEGETABLE-AND-ORNAMENTAL-CROPS-IGZ-1.jpg\" alt class=\"lazyload img-responsive wp-image-4707\" srcset=\"data:image\/svg+xml,%3Csvg%20xmlns%3D%27http%3A%2F%2Fwww.w3.org%2F2000%2Fsvg%27%20width%3D%271000%27%20height%3D%27751%27%20viewBox%3D%270%200%201000%20751%27%3E%3Crect%20width%3D%271000%27%20height%3D%27751%27%20fill-opacity%3D%220%22%2F%3E%3C%2Fsvg%3E\" data-srcset=\"https:\/\/econutri-project.eu\/wp-content\/uploads\/2023\/10\/LEIBNIZ-INSTITUTE-FOR-VEGETABLE-AND-ORNAMENTAL-CROPS-IGZ-1-200x150.jpg 200w, https:\/\/econutri-project.eu\/wp-content\/uploads\/2023\/10\/LEIBNIZ-INSTITUTE-FOR-VEGETABLE-AND-ORNAMENTAL-CROPS-IGZ-1-400x300.jpg 400w, https:\/\/econutri-project.eu\/wp-content\/uploads\/2023\/10\/LEIBNIZ-INSTITUTE-FOR-VEGETABLE-AND-ORNAMENTAL-CROPS-IGZ-1-600x451.jpg 600w, https:\/\/econutri-project.eu\/wp-content\/uploads\/2023\/10\/LEIBNIZ-INSTITUTE-FOR-VEGETABLE-AND-ORNAMENTAL-CROPS-IGZ-1-800x601.jpg 800w, https:\/\/econutri-project.eu\/wp-content\/uploads\/2023\/10\/LEIBNIZ-INSTITUTE-FOR-VEGETABLE-AND-ORNAMENTAL-CROPS-IGZ-1.jpg 1000w\" data-sizes=\"auto\" data-orig-sizes=\"(max-width: 640px) 100vw, 1000px\" \/><\/span><\/div><\/div><\/div><div class=\"fusion-layout-column fusion_builder_column fusion-builder-column-4 fusion_builder_column_1_1 1_1 fusion-flex-column fusion-animated\" style=\"--awb-padding-top:45px;--awb-padding-right:55px;--awb-padding-bottom:35px;--awb-padding-left:55px;--awb-padding-top-small:40px;--awb-padding-right-small:30px;--awb-padding-bottom-small:40px;--awb-padding-left-small:30px;--awb-overflow:hidden;--awb-bg-color:var(--awb-color1);--awb-bg-color-hover:var(--awb-color1);--awb-bg-size:cover;--awb-box-shadow:0px 2px 6px 0px hsla(var(--awb-color8-h),var(--awb-color8-s),var(--awb-color8-l),calc( var(--awb-color8-a) - 89% ));;--awb-border-radius:12px 12px 12px 12px;--awb-width-large:100%;--awb-margin-top-large:0px;--awb-spacing-right-large:1.92%;--awb-margin-bottom-large:20px;--awb-spacing-left-large:1.92%;--awb-width-medium:50%;--awb-order-medium:0;--awb-spacing-right-medium:3.84%;--awb-margin-bottom-medium:40px;--awb-spacing-left-medium:3.84%;--awb-width-small:100%;--awb-order-small:0;--awb-spacing-right-small:1.92%;--awb-spacing-left-small:1.92%;\" data-animationType=\"bounceInUp\" data-animationDuration=\"1.0\" data-animationOffset=\"top-into-view\"><div class=\"fusion-column-wrapper fusion-column-has-shadow fusion-flex-justify-content-flex-start fusion-content-layout-column\"><div class=\"fusion-text fusion-text-2\" style=\"--awb-margin-top:40px;\"><p>Diese Innovationen sind:<\/p>\n<ul>\n<li>Technologien zur N\u00e4hrstoffr\u00fcckgewinnung aus organischen Abf\u00e4llen durch die italienischen Partner Universit\u00e0 degli Studi di Torino<a href=\"https:\/\/en.disafa.unito.it\/do\/home.pl\/View?doc=\/research\/research_lines\/research_lines.html\">(UNITO<\/a>) und die Biogasanlage Wipptal <a href=\"https:\/\/www.biwi.it\/en\/\">BiWi<\/a><\/li>\n<li>Echtzeitmessung mit ionenselektiven Elektroden (ISEs) zur Maximierung des N\u00e4hrstoffrecyclings im bodenlosen Anbau durch die beiden griechischen Partnerinstitutionen, die Landwirtschaftliche Universit\u00e4t Athen<a href=\"https:\/\/www2.aua.gr\/en\">(AUA<\/a>) und <a href=\"https:\/\/nutrisense.online\/?avia_forced_reroute=1\">Nutrisense<\/a>, Entwickler der Software f\u00fcr das Entscheidungshilfesystem<\/li>\n<li>Kaskaden-Hydroponik, ein erdloses Kultivierungssystem f\u00fcr die Wiederverwendung von Drainagewasser, von der Universit\u00e4t Thessalien<a href=\"http:\/\/agr.uth.gr\/en\/?page_id=68\">(UTH<\/a>)<\/li>\n<li>Innovative Behandlung von Bakterienst\u00e4mmen mit Eigenschaften zum Abbau organischer Stoffe f\u00fcr eine bessere Kompostierung und R\u00fcckgewinnung von Phosphor, Eisen und anderen N\u00e4hrstoffen, durch die Universidade de Tras-os-Montes e Alto Douro<a href=\"https:\/\/www.utad.pt\/en\/university\/\">(UTAD)<\/a> in Portugal und das Instytut ogrodnictwa &#8211; Panstwowy Instytut Badawczy<a href=\"https:\/\/www.inhort.pl\/\">(InHort<\/a>) in Polen.<\/li>\n<\/ul>\n<p>Im Laufe des Projekts werden die ausgew\u00e4hlten EcoNutri-Innovationen im Hinblick auf folgende Kriterien bewertet<\/p>\n<ul>\n<li>Verringerung der N\u00e4hrstoffverluste aus G\u00fclle und Pflanzenresten<\/li>\n<li>Verringerung der Wasserverschmutzung durch Nitrat- und Phosphorauswaschung und Abfluss von N\u00e4hrstoffverlusten aus bewirtschafteten B\u00f6den<\/li>\n<li>Verbesserung der Effizienz der N\u00e4hrstoffnutzung in erdlosen Systemen<\/li>\n<li>Verringerung der Treibhausgas- und Ammoniakemissionen aus organischer Biomasse bei Lagerung, Kompostierung und Ausbringung<\/li>\n<li>Umweltleistung<\/li>\n<li>Bereitschaft der Verbraucher, innovative landwirtschaftliche Erzeugnisse zu akzeptieren<\/li>\n<\/ul>\n<\/div><\/div><\/div><div class=\"fusion-layout-column fusion_builder_column fusion-builder-column-5 fusion_builder_column_1_1 1_1 fusion-flex-column fusion-animated\" style=\"--awb-padding-top:45px;--awb-padding-right:55px;--awb-padding-bottom:35px;--awb-padding-left:55px;--awb-padding-top-small:40px;--awb-padding-right-small:30px;--awb-padding-bottom-small:40px;--awb-padding-left-small:30px;--awb-overflow:hidden;--awb-bg-color:var(--awb-color1);--awb-bg-color-hover:var(--awb-color1);--awb-bg-size:cover;--awb-box-shadow:0px 2px 6px 0px hsla(var(--awb-color8-h),var(--awb-color8-s),var(--awb-color8-l),calc( var(--awb-color8-a) - 89% ));;--awb-border-radius:12px 12px 12px 12px;--awb-width-large:100%;--awb-margin-top-large:0px;--awb-spacing-right-large:1.92%;--awb-margin-bottom-large:20px;--awb-spacing-left-large:1.92%;--awb-width-medium:50%;--awb-order-medium:0;--awb-spacing-right-medium:3.84%;--awb-margin-bottom-medium:40px;--awb-spacing-left-medium:3.84%;--awb-width-small:100%;--awb-order-small:0;--awb-spacing-right-small:1.92%;--awb-spacing-left-small:1.92%;\" data-animationType=\"bounceInUp\" data-animationDuration=\"1.0\" data-animationOffset=\"top-into-view\"><div class=\"fusion-column-wrapper fusion-column-has-shadow fusion-flex-justify-content-flex-start fusion-content-layout-column\"><div class=\"fusion-image-element \" style=\"text-align:center;--awb-caption-title-font-family:var(--h2_typography-font-family);--awb-caption-title-font-weight:var(--h2_typography-font-weight);--awb-caption-title-font-style:var(--h2_typography-font-style);--awb-caption-title-size:var(--h2_typography-font-size);--awb-caption-title-transform:var(--h2_typography-text-transform);--awb-caption-title-line-height:var(--h2_typography-line-height);--awb-caption-title-letter-spacing:var(--h2_typography-letter-spacing);\"><span class=\" fusion-imageframe imageframe-none imageframe-3 hover-type-none\"><img decoding=\"async\" width=\"1920\" height=\"479\" title=\"LEIBNIZ-INSTITUTE-FOR-VEGETABLE-AND-ORNAMENTAL-CROPS-(IGZ)-2\" src=\"https:\/\/econutri-project.eu\/wp-content\/uploads\/2023\/10\/LEIBNIZ-INSTITUTE-FOR-VEGETABLE-AND-ORNAMENTAL-CROPS-IGZ-2.jpg\" data-orig-src=\"https:\/\/econutri-project.eu\/wp-content\/uploads\/2023\/10\/LEIBNIZ-INSTITUTE-FOR-VEGETABLE-AND-ORNAMENTAL-CROPS-IGZ-2.jpg\" alt class=\"lazyload img-responsive wp-image-4697\" srcset=\"data:image\/svg+xml,%3Csvg%20xmlns%3D%27http%3A%2F%2Fwww.w3.org%2F2000%2Fsvg%27%20width%3D%271920%27%20height%3D%27479%27%20viewBox%3D%270%200%201920%20479%27%3E%3Crect%20width%3D%271920%27%20height%3D%27479%27%20fill-opacity%3D%220%22%2F%3E%3C%2Fsvg%3E\" data-srcset=\"https:\/\/econutri-project.eu\/wp-content\/uploads\/2023\/10\/LEIBNIZ-INSTITUTE-FOR-VEGETABLE-AND-ORNAMENTAL-CROPS-IGZ-2-200x50.jpg 200w, https:\/\/econutri-project.eu\/wp-content\/uploads\/2023\/10\/LEIBNIZ-INSTITUTE-FOR-VEGETABLE-AND-ORNAMENTAL-CROPS-IGZ-2-400x100.jpg 400w, https:\/\/econutri-project.eu\/wp-content\/uploads\/2023\/10\/LEIBNIZ-INSTITUTE-FOR-VEGETABLE-AND-ORNAMENTAL-CROPS-IGZ-2-600x150.jpg 600w, https:\/\/econutri-project.eu\/wp-content\/uploads\/2023\/10\/LEIBNIZ-INSTITUTE-FOR-VEGETABLE-AND-ORNAMENTAL-CROPS-IGZ-2-800x200.jpg 800w, https:\/\/econutri-project.eu\/wp-content\/uploads\/2023\/10\/LEIBNIZ-INSTITUTE-FOR-VEGETABLE-AND-ORNAMENTAL-CROPS-IGZ-2-1200x299.jpg 1200w, https:\/\/econutri-project.eu\/wp-content\/uploads\/2023\/10\/LEIBNIZ-INSTITUTE-FOR-VEGETABLE-AND-ORNAMENTAL-CROPS-IGZ-2.jpg 1920w\" data-sizes=\"auto\" data-orig-sizes=\"(max-width: 640px) 100vw, 1200px\" \/><\/span><\/div><\/div><\/div><div class=\"fusion-layout-column fusion_builder_column fusion-builder-column-6 fusion_builder_column_1_1 1_1 fusion-flex-column fusion-animated\" style=\"--awb-padding-top:45px;--awb-padding-right:55px;--awb-padding-bottom:35px;--awb-padding-left:55px;--awb-padding-top-small:40px;--awb-padding-right-small:30px;--awb-padding-bottom-small:40px;--awb-padding-left-small:30px;--awb-overflow:hidden;--awb-bg-color:var(--awb-color1);--awb-bg-color-hover:var(--awb-color1);--awb-bg-size:cover;--awb-box-shadow:0px 2px 6px 0px hsla(var(--awb-color8-h),var(--awb-color8-s),var(--awb-color8-l),calc( var(--awb-color8-a) - 89% ));;--awb-border-radius:12px 12px 12px 12px;--awb-width-large:100%;--awb-margin-top-large:0px;--awb-spacing-right-large:1.92%;--awb-margin-bottom-large:20px;--awb-spacing-left-large:1.92%;--awb-width-medium:50%;--awb-order-medium:0;--awb-spacing-right-medium:3.84%;--awb-margin-bottom-medium:40px;--awb-spacing-left-medium:3.84%;--awb-width-small:100%;--awb-order-small:0;--awb-spacing-right-small:1.92%;--awb-spacing-left-small:1.92%;\" data-animationType=\"bounceInUp\" data-animationDuration=\"1.0\" data-animationOffset=\"top-into-view\"><div class=\"fusion-column-wrapper fusion-column-has-shadow fusion-flex-justify-content-flex-start fusion-content-layout-column\"><div class=\"fusion-image-element \" style=\"text-align:center;--awb-caption-title-font-family:var(--h2_typography-font-family);--awb-caption-title-font-weight:var(--h2_typography-font-weight);--awb-caption-title-font-style:var(--h2_typography-font-style);--awb-caption-title-size:var(--h2_typography-font-size);--awb-caption-title-transform:var(--h2_typography-text-transform);--awb-caption-title-line-height:var(--h2_typography-line-height);--awb-caption-title-letter-spacing:var(--h2_typography-letter-spacing);\"><span class=\" fusion-imageframe imageframe-none imageframe-4 hover-type-none\"><img decoding=\"async\" width=\"1861\" height=\"405\" title=\"LEIBNIZ-INSTITUTE-FOR-VEGETABLE-AND-ORNAMENTAL-CROPS-(IGZ)-3\" src=\"https:\/\/econutri-project.eu\/wp-content\/uploads\/2023\/10\/LEIBNIZ-INSTITUTE-FOR-VEGETABLE-AND-ORNAMENTAL-CROPS-IGZ-3.jpg\" data-orig-src=\"https:\/\/econutri-project.eu\/wp-content\/uploads\/2023\/10\/LEIBNIZ-INSTITUTE-FOR-VEGETABLE-AND-ORNAMENTAL-CROPS-IGZ-3.jpg\" alt class=\"lazyload img-responsive wp-image-4687\" srcset=\"data:image\/svg+xml,%3Csvg%20xmlns%3D%27http%3A%2F%2Fwww.w3.org%2F2000%2Fsvg%27%20width%3D%271861%27%20height%3D%27405%27%20viewBox%3D%270%200%201861%20405%27%3E%3Crect%20width%3D%271861%27%20height%3D%27405%27%20fill-opacity%3D%220%22%2F%3E%3C%2Fsvg%3E\" data-srcset=\"https:\/\/econutri-project.eu\/wp-content\/uploads\/2023\/10\/LEIBNIZ-INSTITUTE-FOR-VEGETABLE-AND-ORNAMENTAL-CROPS-IGZ-3-200x44.jpg 200w, https:\/\/econutri-project.eu\/wp-content\/uploads\/2023\/10\/LEIBNIZ-INSTITUTE-FOR-VEGETABLE-AND-ORNAMENTAL-CROPS-IGZ-3-400x87.jpg 400w, https:\/\/econutri-project.eu\/wp-content\/uploads\/2023\/10\/LEIBNIZ-INSTITUTE-FOR-VEGETABLE-AND-ORNAMENTAL-CROPS-IGZ-3-600x131.jpg 600w, https:\/\/econutri-project.eu\/wp-content\/uploads\/2023\/10\/LEIBNIZ-INSTITUTE-FOR-VEGETABLE-AND-ORNAMENTAL-CROPS-IGZ-3-800x174.jpg 800w, https:\/\/econutri-project.eu\/wp-content\/uploads\/2023\/10\/LEIBNIZ-INSTITUTE-FOR-VEGETABLE-AND-ORNAMENTAL-CROPS-IGZ-3-1200x261.jpg 1200w, https:\/\/econutri-project.eu\/wp-content\/uploads\/2023\/10\/LEIBNIZ-INSTITUTE-FOR-VEGETABLE-AND-ORNAMENTAL-CROPS-IGZ-3.jpg 1861w\" data-sizes=\"auto\" data-orig-sizes=\"(max-width: 640px) 100vw, 1200px\" \/><\/span><\/div><\/div><\/div><\/div><\/div><\/p>\n","protected":false},"excerpt":{"rendered":"","protected":false},"author":1,"featured_media":0,"parent":0,"menu_order":0,"comment_status":"closed","ping_status":"closed","template":"100-width.php","meta":{"footnotes":""},"class_list":["post-8371","page","type-page","status-publish","hentry"],"_links":{"self":[{"href":"https:\/\/econutri-project.eu\/de\/wp-json\/wp\/v2\/pages\/8371"}],"collection":[{"href":"https:\/\/econutri-project.eu\/de\/wp-json\/wp\/v2\/pages"}],"about":[{"href":"https:\/\/econutri-project.eu\/de\/wp-json\/wp\/v2\/types\/page"}],"author":[{"embeddable":true,"href":"https:\/\/econutri-project.eu\/de\/wp-json\/wp\/v2\/users\/1"}],"replies":[{"embeddable":true,"href":"https:\/\/econutri-project.eu\/de\/wp-json\/wp\/v2\/comments?post=8371"}],"version-history":[{"count":1,"href":"https:\/\/econutri-project.eu\/de\/wp-json\/wp\/v2\/pages\/8371\/revisions"}],"predecessor-version":[{"id":8395,"href":"https:\/\/econutri-project.eu\/de\/wp-json\/wp\/v2\/pages\/8371\/revisions\/8395"}],"wp:attachment":[{"href":"https:\/\/econutri-project.eu\/de\/wp-json\/wp\/v2\/media?parent=8371"}],"curies":[{"name":"wp","href":"https:\/\/api.w.org\/{rel}","templated":true}]}}