{"id":18983,"date":"2025-02-28T17:33:08","date_gmt":"2025-02-28T15:33:08","guid":{"rendered":"https:\/\/econutri-project.eu\/?page_id=18983"},"modified":"2025-02-28T17:38:19","modified_gmt":"2025-02-28T15:38:19","slug":"4-felder-verteilt-uber-deutschland-niederlande-belgien-italien-vervaet-p15","status":"publish","type":"page","link":"https:\/\/econutri-project.eu\/de\/4-felder-verteilt-uber-deutschland-niederlande-belgien-italien-vervaet-p15\/","title":{"rendered":"Felder verteilt \u00fcber Deutschland, Niederlande, Belgien, Italien &#8211; VERVAET &#8211; P15"},"content":{"rendered":"<p><div class=\"fusion-fullwidth fullwidth-box fusion-builder-row-1 fusion-flex-container has-pattern-background has-mask-background nonhundred-percent-fullwidth non-hundred-percent-height-scrolling\" style=\"--awb-border-radius-top-left:0px;--awb-border-radius-top-right:0px;--awb-border-radius-bottom-right:0px;--awb-border-radius-bottom-left:0px;--awb-margin-bottom:120px;--awb-margin-bottom-medium:160px;--awb-margin-bottom-small:145px;--awb-flex-wrap:wrap;\" ><div class=\"fusion-builder-row fusion-row fusion-flex-align-items-flex-start fusion-flex-justify-content-center fusion-flex-content-wrap\" style=\"max-width:1310.4px;margin-left: calc(-4% \/ 2 );margin-right: calc(-4% \/ 2 );\"><div class=\"fusion-layout-column fusion_builder_column fusion-builder-column-0 fusion_builder_column_2_3 2_3 fusion-flex-column fusion-animated\" style=\"--awb-bg-size:cover;--awb-width-large:66.666666666667%;--awb-margin-top-large:0px;--awb-spacing-right-large:2.88%;--awb-margin-bottom-large:0px;--awb-spacing-left-large:2.88%;--awb-width-medium:75%;--awb-order-medium:0;--awb-spacing-right-medium:2.56%;--awb-spacing-left-medium:2.56%;--awb-width-small:100%;--awb-order-small:0;--awb-spacing-right-small:1.92%;--awb-spacing-left-small:1.92%;\" data-animationType=\"fadeInDown\" data-animationDuration=\"1.3\" data-animationOffset=\"top-into-view\"><div class=\"fusion-column-wrapper fusion-column-has-shadow fusion-flex-justify-content-center fusion-content-layout-column\"><div class=\"fusion-title title fusion-title-1 fusion-sep-none fusion-title-center fusion-title-text fusion-title-size-two\" style=\"--awb-margin-bottom:35px;\"><h2 class=\"fusion-title-heading title-heading-center\" style=\"margin:0;\">4. Felder verteilt \u00fcber Deutschland, Niederlande, Belgien, Italien &#8211; VERVAET &#8211; P15<\/h2><\/div><\/div><\/div><\/div><\/div><div class=\"fusion-fullwidth fullwidth-box fusion-builder-row-2 fusion-flex-container has-pattern-background has-mask-background nonhundred-percent-fullwidth non-hundred-percent-height-scrolling\" style=\"--awb-border-radius-top-left:0px;--awb-border-radius-top-right:0px;--awb-border-radius-bottom-right:0px;--awb-border-radius-bottom-left:0px;--awb-padding-bottom:1px;--awb-flex-wrap:wrap;\" ><div class=\"fusion-builder-row fusion-row fusion-flex-align-items-flex-start fusion-flex-content-wrap\" style=\"max-width:1310.4px;margin-left: calc(-4% \/ 2 );margin-right: calc(-4% \/ 2 );\"><div class=\"fusion-layout-column fusion_builder_column fusion-builder-column-1 fusion_builder_column_1_1 1_1 fusion-flex-column\" style=\"--awb-bg-size:cover;--awb-width-large:100%;--awb-margin-top-large:0px;--awb-spacing-right-large:1.92%;--awb-margin-bottom-large:0px;--awb-spacing-left-large:1.92%;--awb-width-medium:100%;--awb-order-medium:0;--awb-spacing-right-medium:1.92%;--awb-spacing-left-medium:1.92%;--awb-width-small:100%;--awb-order-small:0;--awb-spacing-right-small:1.92%;--awb-spacing-left-small:1.92%;\"><div class=\"fusion-column-wrapper fusion-column-has-shadow fusion-flex-justify-content-flex-start fusion-content-layout-column\"><div class=\"fusion-section-separator section-separator big-half-circle fusion-section-separator-1\" style=\"--awb-spacer-height:150px;--awb-svg-margin-left:1.92%;--awb-svg-margin-right:1.92%;--awb-svg-margin-left-medium:1.92%;--awb-svg-margin-right-medium:1.92%;--awb-svg-margin-left-small:1.92%;--awb-svg-margin-right-small:1.92%;--awb-divider-height:150px;--awb-spacer-padding-top:inherit;--awb-sep-padding:0;--awb-svg-padding:0;\"><div class=\"fusion-section-separator-svg\"><svg class=\"fusion-big-half-circle-candy\" xmlns=\"http:\/\/www.w3.org\/2000\/svg\" version=\"1.1\" width=\"100%\" height=\"100\" viewBox=\"0 0 100 100\" preserveAspectRatio=\"none\" fill=\"rgba(48,181,95,0.05)\"><path d=\"M0 100 C40 0 60 0 100 100 Z\"><\/path><\/svg><\/div><div class=\"fusion-section-separator-spacer\"><div class=\"fusion-section-separator-spacer-height\"><\/div><\/div><\/div><\/div><\/div><\/div><\/div><div id=\"1-UK-Edinburgh-JHI-P30\" class=\"fusion-container-anchor\"><div class=\"fusion-fullwidth fullwidth-box fusion-builder-row-3 fusion-flex-container has-pattern-background has-mask-background nonhundred-percent-fullwidth non-hundred-percent-height-scrolling\" style=\"--awb-border-radius-top-left:0px;--awb-border-radius-top-right:0px;--awb-border-radius-bottom-right:0px;--awb-border-radius-bottom-left:0px;--awb-padding-bottom:0px;--awb-padding-bottom-small:0px;--awb-margin-bottom-small:0px;--awb-background-image:linear-gradient(180deg, hsla(var(--awb-color5-h),var(--awb-color5-s),var(--awb-color5-l),calc(var(--awb-color5-a) - 95%)) 54%,var(--awb-color1) 100%);--awb-flex-wrap:wrap;\" ><div class=\"fusion-builder-row fusion-row fusion-flex-align-items-stretch fusion-flex-justify-content-center fusion-flex-content-wrap\" style=\"max-width:1310.4px;margin-left: calc(-4% \/ 2 );margin-right: calc(-4% \/ 2 );\"><div class=\"fusion-layout-column fusion_builder_column fusion-builder-column-2 fusion_builder_column_1_1 1_1 fusion-flex-column fusion-animated\" style=\"--awb-padding-top:45px;--awb-padding-right:55px;--awb-padding-bottom:35px;--awb-padding-left:55px;--awb-padding-top-small:40px;--awb-padding-right-small:30px;--awb-padding-bottom-small:40px;--awb-padding-left-small:30px;--awb-overflow:hidden;--awb-bg-color:var(--awb-color1);--awb-bg-color-hover:var(--awb-color1);--awb-bg-size:cover;--awb-box-shadow:0px 2px 6px 0px hsla(var(--awb-color8-h),var(--awb-color8-s),var(--awb-color8-l),calc( var(--awb-color8-a) - 89% ));;--awb-border-radius:12px 12px 12px 12px;--awb-width-large:100%;--awb-margin-top-large:-250px;--awb-spacing-right-large:1.92%;--awb-margin-bottom-large:20px;--awb-spacing-left-large:1.92%;--awb-width-medium:50%;--awb-order-medium:0;--awb-spacing-right-medium:3.84%;--awb-margin-bottom-medium:40px;--awb-spacing-left-medium:3.84%;--awb-width-small:100%;--awb-order-small:0;--awb-spacing-right-small:1.92%;--awb-spacing-left-small:1.92%;\" data-animationType=\"bounceInUp\" data-animationDuration=\"1.0\" data-animationOffset=\"top-into-view\"><div class=\"fusion-column-wrapper fusion-column-has-shadow fusion-flex-justify-content-flex-start fusion-content-layout-column\"><div class=\"fusion-image-element \" style=\"text-align:center;--awb-caption-title-font-family:var(--h2_typography-font-family);--awb-caption-title-font-weight:var(--h2_typography-font-weight);--awb-caption-title-font-style:var(--h2_typography-font-style);--awb-caption-title-size:var(--h2_typography-font-size);--awb-caption-title-transform:var(--h2_typography-text-transform);--awb-caption-title-line-height:var(--h2_typography-line-height);--awb-caption-title-letter-spacing:var(--h2_typography-letter-spacing);\"><span class=\" fusion-imageframe imageframe-none imageframe-1 hover-type-none\"><img decoding=\"async\" width=\"1023\" height=\"709\" title=\"Demonstration-Site-Vervaet-1\" src=\"https:\/\/econutri-project.eu\/wp-content\/uploads\/2023\/11\/Demonstration-Site-Vervaet-1.jpg\" data-orig-src=\"https:\/\/econutri-project.eu\/wp-content\/uploads\/2023\/11\/Demonstration-Site-Vervaet-1.jpg\" alt class=\"lazyload img-responsive wp-image-5347\" srcset=\"data:image\/svg+xml,%3Csvg%20xmlns%3D%27http%3A%2F%2Fwww.w3.org%2F2000%2Fsvg%27%20width%3D%271023%27%20height%3D%27709%27%20viewBox%3D%270%200%201023%20709%27%3E%3Crect%20width%3D%271023%27%20height%3D%27709%27%20fill-opacity%3D%220%22%2F%3E%3C%2Fsvg%3E\" data-srcset=\"https:\/\/econutri-project.eu\/wp-content\/uploads\/2023\/11\/Demonstration-Site-Vervaet-1-200x139.jpg 200w, https:\/\/econutri-project.eu\/wp-content\/uploads\/2023\/11\/Demonstration-Site-Vervaet-1-400x277.jpg 400w, https:\/\/econutri-project.eu\/wp-content\/uploads\/2023\/11\/Demonstration-Site-Vervaet-1-600x416.jpg 600w, https:\/\/econutri-project.eu\/wp-content\/uploads\/2023\/11\/Demonstration-Site-Vervaet-1-800x554.jpg 800w, https:\/\/econutri-project.eu\/wp-content\/uploads\/2023\/11\/Demonstration-Site-Vervaet-1.jpg 1023w\" data-sizes=\"auto\" data-orig-sizes=\"(max-width: 640px) 100vw, 1023px\" \/><\/span><\/div><div class=\"fusion-text fusion-text-1\"><ul>\n<li><strong>Demonstrationsstandort BE<\/strong>\n<ul>\n<li>Gute Lage in der N\u00e4he der Fabrik von Vervaet Frans (siehe Tag der offenen T\u00fcr sp\u00e4ter)<\/li>\n<\/ul>\n<\/li>\n<li>Kann verwendet werden, um die verschiedenen Aufgaben von <strong>Vervaet<\/strong> im Rahmen des ECONUTRI-Projekts zu testen<\/li>\n<li>Offen f\u00fcr andere Partner, um einige der Verbesserungen im Laufe des Projekts zu bewerten<\/li>\n<li>Offizielle Organisation von zwei Besuchen von Demonstrationsobjekten\n<ul>\n<li>Anmeldung<\/li>\n<li>Informationssitzung<\/li>\n<li>Demonstration<\/li>\n<\/ul>\n<\/li>\n<li>Gute Gelegenheiten, um die Produkte und Technologien von ECONUTRI und ihren Partnern vorzustellen<\/li>\n<\/ul>\n<p>Demonstration von:<\/p>\n<ul>\n<li>G\u00fclleausbringungsmaschine &#8211; Stand der Technik<\/li>\n<li>Anwendung variabler Zinss\u00e4tze &#8211; End-to-End-Demo\n<ul>\n<li>Basierend auf der Steuerung der Pumpendrehzahl<\/li>\n<\/ul>\n<\/li>\n<li>NPK-gesteuerte Ausbringung mit variabler Rate\n<ul>\n<li>Basierend auf NPK-Sensoren verschiedener Anbieter\n<ul>\n<li>John Deere<\/li>\n<li>Dynamica generali<\/li>\n<\/ul>\n<\/li>\n<li>Aufgabenkarte auf der Grundlage der in farmmaps verf\u00fcgbaren Daten<\/li>\n<\/ul>\n<\/li>\n<\/ul>\n<\/div><\/div><\/div><div class=\"fusion-layout-column fusion_builder_column fusion-builder-column-3 fusion_builder_column_1_2 1_2 fusion-flex-column fusion-animated\" style=\"--awb-padding-top:35px;--awb-padding-right:45px;--awb-padding-bottom:35px;--awb-padding-left:45px;--awb-padding-top-small:40px;--awb-padding-right-small:30px;--awb-padding-bottom-small:40px;--awb-padding-left-small:30px;--awb-overflow:hidden;--awb-bg-color:var(--awb-color1);--awb-bg-color-hover:var(--awb-color1);--awb-bg-size:cover;--awb-box-shadow:0px 2px 6px 0px hsla(var(--awb-color8-h),var(--awb-color8-s),var(--awb-color8-l),calc( var(--awb-color8-a) - 89% ));;--awb-border-radius:12px 12px 12px 12px;--awb-width-large:50%;--awb-margin-top-large:0px;--awb-spacing-right-large:3.84%;--awb-margin-bottom-large:20px;--awb-spacing-left-large:3.84%;--awb-width-medium:50%;--awb-order-medium:0;--awb-spacing-right-medium:3.84%;--awb-margin-bottom-medium:40px;--awb-spacing-left-medium:3.84%;--awb-width-small:100%;--awb-order-small:0;--awb-spacing-right-small:1.92%;--awb-spacing-left-small:1.92%;\" data-animationType=\"bounceInUp\" data-animationDuration=\"1.0\" data-animationOffset=\"top-into-view\"><div class=\"fusion-column-wrapper fusion-column-has-shadow fusion-flex-justify-content-flex-start fusion-content-layout-column\"><div class=\"fusion-image-element \" style=\"--awb-caption-title-font-family:var(--h2_typography-font-family);--awb-caption-title-font-weight:var(--h2_typography-font-weight);--awb-caption-title-font-style:var(--h2_typography-font-style);--awb-caption-title-size:var(--h2_typography-font-size);--awb-caption-title-transform:var(--h2_typography-text-transform);--awb-caption-title-line-height:var(--h2_typography-line-height);--awb-caption-title-letter-spacing:var(--h2_typography-letter-spacing);\"><span class=\" fusion-imageframe imageframe-none imageframe-2 hover-type-none\"><img decoding=\"async\" width=\"850\" height=\"506\" title=\"Demonstration-Site-Vervaet-2\" src=\"https:\/\/econutri-project.eu\/wp-content\/uploads\/2023\/11\/Demonstration-Site-Vervaet-2.jpg\" data-orig-src=\"https:\/\/econutri-project.eu\/wp-content\/uploads\/2023\/11\/Demonstration-Site-Vervaet-2.jpg\" alt class=\"lazyload img-responsive wp-image-5367\" srcset=\"data:image\/svg+xml,%3Csvg%20xmlns%3D%27http%3A%2F%2Fwww.w3.org%2F2000%2Fsvg%27%20width%3D%27850%27%20height%3D%27506%27%20viewBox%3D%270%200%20850%20506%27%3E%3Crect%20width%3D%27850%27%20height%3D%27506%27%20fill-opacity%3D%220%22%2F%3E%3C%2Fsvg%3E\" data-srcset=\"https:\/\/econutri-project.eu\/wp-content\/uploads\/2023\/11\/Demonstration-Site-Vervaet-2-200x119.jpg 200w, https:\/\/econutri-project.eu\/wp-content\/uploads\/2023\/11\/Demonstration-Site-Vervaet-2-400x238.jpg 400w, https:\/\/econutri-project.eu\/wp-content\/uploads\/2023\/11\/Demonstration-Site-Vervaet-2-600x357.jpg 600w, https:\/\/econutri-project.eu\/wp-content\/uploads\/2023\/11\/Demonstration-Site-Vervaet-2-800x476.jpg 800w, https:\/\/econutri-project.eu\/wp-content\/uploads\/2023\/11\/Demonstration-Site-Vervaet-2.jpg 850w\" data-sizes=\"auto\" data-orig-sizes=\"(max-width: 640px) 100vw, 600px\" \/><\/span><\/div><\/div><\/div><div class=\"fusion-layout-column fusion_builder_column fusion-builder-column-4 fusion_builder_column_1_2 1_2 fusion-flex-column fusion-animated\" style=\"--awb-padding-top:35px;--awb-padding-right:45px;--awb-padding-bottom:35px;--awb-padding-left:45px;--awb-padding-top-small:40px;--awb-padding-right-small:30px;--awb-padding-bottom-small:40px;--awb-padding-left-small:30px;--awb-overflow:hidden;--awb-bg-color:var(--awb-color1);--awb-bg-color-hover:var(--awb-color1);--awb-bg-size:cover;--awb-box-shadow:0px 2px 6px 0px hsla(var(--awb-color8-h),var(--awb-color8-s),var(--awb-color8-l),calc( var(--awb-color8-a) - 89% ));;--awb-border-radius:12px 12px 12px 12px;--awb-width-large:50%;--awb-margin-top-large:0px;--awb-spacing-right-large:3.84%;--awb-margin-bottom-large:20px;--awb-spacing-left-large:3.84%;--awb-width-medium:50%;--awb-order-medium:0;--awb-spacing-right-medium:3.84%;--awb-margin-bottom-medium:40px;--awb-spacing-left-medium:3.84%;--awb-width-small:100%;--awb-order-small:0;--awb-spacing-right-small:1.92%;--awb-spacing-left-small:1.92%;\" data-animationType=\"bounceInUp\" data-animationDuration=\"1.0\" data-animationOffset=\"top-into-view\"><div class=\"fusion-column-wrapper fusion-column-has-shadow fusion-flex-justify-content-flex-start fusion-content-layout-column\"><div class=\"fusion-image-element \" style=\"--awb-caption-title-font-family:var(--h2_typography-font-family);--awb-caption-title-font-weight:var(--h2_typography-font-weight);--awb-caption-title-font-style:var(--h2_typography-font-style);--awb-caption-title-size:var(--h2_typography-font-size);--awb-caption-title-transform:var(--h2_typography-text-transform);--awb-caption-title-line-height:var(--h2_typography-line-height);--awb-caption-title-letter-spacing:var(--h2_typography-letter-spacing);\"><span class=\" fusion-imageframe imageframe-none imageframe-3 hover-type-none\"><img decoding=\"async\" width=\"850\" height=\"506\" title=\"Demonstration-Site-Vervaet-3\" src=\"https:\/\/econutri-project.eu\/wp-content\/uploads\/2023\/11\/Demonstration-Site-Vervaet-3.jpg\" data-orig-src=\"https:\/\/econutri-project.eu\/wp-content\/uploads\/2023\/11\/Demonstration-Site-Vervaet-3.jpg\" alt class=\"lazyload img-responsive wp-image-5357\" srcset=\"data:image\/svg+xml,%3Csvg%20xmlns%3D%27http%3A%2F%2Fwww.w3.org%2F2000%2Fsvg%27%20width%3D%27850%27%20height%3D%27506%27%20viewBox%3D%270%200%20850%20506%27%3E%3Crect%20width%3D%27850%27%20height%3D%27506%27%20fill-opacity%3D%220%22%2F%3E%3C%2Fsvg%3E\" data-srcset=\"https:\/\/econutri-project.eu\/wp-content\/uploads\/2023\/11\/Demonstration-Site-Vervaet-3-200x119.jpg 200w, https:\/\/econutri-project.eu\/wp-content\/uploads\/2023\/11\/Demonstration-Site-Vervaet-3-400x238.jpg 400w, https:\/\/econutri-project.eu\/wp-content\/uploads\/2023\/11\/Demonstration-Site-Vervaet-3-600x357.jpg 600w, https:\/\/econutri-project.eu\/wp-content\/uploads\/2023\/11\/Demonstration-Site-Vervaet-3-800x476.jpg 800w, https:\/\/econutri-project.eu\/wp-content\/uploads\/2023\/11\/Demonstration-Site-Vervaet-3.jpg 850w\" data-sizes=\"auto\" data-orig-sizes=\"(max-width: 640px) 100vw, 600px\" \/><\/span><\/div><\/div><\/div><\/div><\/div><\/div><\/p>\n","protected":false},"excerpt":{"rendered":"","protected":false},"author":1,"featured_media":0,"parent":0,"menu_order":0,"comment_status":"closed","ping_status":"closed","template":"100-width.php","meta":{"footnotes":""},"class_list":["post-18983","page","type-page","status-publish","hentry"],"_links":{"self":[{"href":"https:\/\/econutri-project.eu\/de\/wp-json\/wp\/v2\/pages\/18983"}],"collection":[{"href":"https:\/\/econutri-project.eu\/de\/wp-json\/wp\/v2\/pages"}],"about":[{"href":"https:\/\/econutri-project.eu\/de\/wp-json\/wp\/v2\/types\/page"}],"author":[{"embeddable":true,"href":"https:\/\/econutri-project.eu\/de\/wp-json\/wp\/v2\/users\/1"}],"replies":[{"embeddable":true,"href":"https:\/\/econutri-project.eu\/de\/wp-json\/wp\/v2\/comments?post=18983"}],"version-history":[{"count":9,"href":"https:\/\/econutri-project.eu\/de\/wp-json\/wp\/v2\/pages\/18983\/revisions"}],"predecessor-version":[{"id":19043,"href":"https:\/\/econutri-project.eu\/de\/wp-json\/wp\/v2\/pages\/18983\/revisions\/19043"}],"wp:attachment":[{"href":"https:\/\/econutri-project.eu\/de\/wp-json\/wp\/v2\/media?parent=18983"}],"curies":[{"name":"wp","href":"https:\/\/api.w.org\/{rel}","templated":true}]}}